{"id":10294,"date":"2018-06-27T09:48:01","date_gmt":"2018-06-27T07:48:01","guid":{"rendered":"http:\/\/www.groupepayant.fr\/webshop\/?post_type=product&#038;p=10294"},"modified":"2026-04-28T08:13:45","modified_gmt":"2026-04-28T06:13:45","slug":"huile-haute-performance-total-20l-rubia-works1000-15w40","status":"publish","type":"product","link":"https:\/\/www.groupepayant.fr\/webshop\/produit\/huile-haute-performance-total-20l-rubia-works1000-15w40\/","title":{"rendered":"Huile Haute Performance Total, 20L, Rubia Works 1000 15W40"},"content":{"rendered":"<p><strong>AVANTAGES\u00a0<\/strong><\/p>\n<p><strong>S\u00e9curit\u00e9 totale<\/strong> : Excellente stabilit\u00e9 thermique permettant d&rsquo;assurer une tr\u00e8s bonne lubrification des parties chaudes du moteur surtout lors de travaux p\u00e9nibles et continus.<\/p>\n<p><strong>Grands espacements de vidange<\/strong> :\u00a0 Pouvoirs renforc\u00e9s en dispersion, en d\u00e9tergence et en anti-usure permettant de r\u00e9sister\u00a0 \u00e0 toutes les attaques que subit l&rsquo;huile moteur pendant un long espacement de vidange\u00a0 : poussi\u00e8res, suies, eau, gazole, acide de combustion&#8230;<\/p>\n<p><strong>Simplification de la lubrification des moteurs<\/strong> : Permet de lubrifier tous types de moteurs d&rsquo;ancienne g\u00e9n\u00e9ration ou de g\u00e9n\u00e9ration r\u00e9cente, de marque et type sans distinction.<\/p>\n<!--themify_builder_content-->\n<div id=\"themify_builder_content-10294\" data-postid=\"10294\" class=\"themify_builder_content themify_builder_content-10294 themify_builder tf_clear\">\n                    <div  data-css_id=\"glqm573\" data-lazy=\"1\" class=\"module_row themify_builder_row fullwidth tb_glqm573 tb_first tf_w\">\n                        <div class=\"row_inner col_align_top tb_col_count_1 tf_box tf_rel\">\n                        <div  data-lazy=\"1\" class=\"module_column tb-column col-full tb_qz4g574 first\">\n                    <!-- module text -->\n<div  class=\"module module-text tb_pqfn574   \" data-lazy=\"1\">\n        <div  class=\"tb_text_wrap\">\n        <h2 style=\"margin-bottom: 0px; text-align: left;\">BESOIN D&rsquo;AUTRES PI\u00c8CES&nbsp;?<\/h2>\n    <\/div>\n<\/div>\n<!-- \/module text -->        <div  data-lazy=\"1\" class=\"module_subrow themify_builder_sub_row tf_w col_align_top tb_col_count_1 tb_9uar574\">\n                <div  data-lazy=\"1\" class=\"module_column sub_column col-full tb_usz1574 first\">\n                    <!-- module text -->\n<div  class=\"module module-text tb_156g574   \" data-lazy=\"1\">\n        <div  class=\"tb_text_wrap\">\n        <p style=\"margin-bottom: 10px; text-align: center;\"><strong>Vous n&rsquo;avez pas trouv\u00e9 la pi\u00e8ce qu&rsquo;il vous faut sur notre webshop&nbsp;? Nous avons de nombreuses r\u00e9f\u00e9rences en stock, n&rsquo;h\u00e9sitez pas \u00e0 nous contacter&nbsp;!<\/strong><\/p>\n    <\/div>\n<\/div>\n<!-- \/module text --><!-- module buttons -->\n<div  class=\"module module-buttons tb_qdtn574 buttons-horizontal solid  large squared\" data-lazy=\"1\">\n        <div class=\"module-buttons-item tf_in_flx\">\n                        <a href=\"https:\/\/www.groupepayant.fr\/service-magasins-pieces\/\" class=\"ui builder_button tf_in_flx purple\" >\n                                                Contacter un magasin                                        <em><svg  class=\"tf_fa tf-fas-arrow-right\" aria-hidden=\"true\"><use href=\"#tf-fas-arrow-right\"><\/use><\/svg><\/em>                            <\/a>\n                <\/div>\n            <\/div>\n<!-- \/module buttons -->\n<!-- module image -->\n<div  class=\"module module-image tb_o9mf574 image-center   tf_mw\" data-lazy=\"1\">\n        <div class=\"image-wrap tf_rel tf_mw\">\n            <a href=\"https:\/\/www.groupepayant.fr\/service-magasins-pieces\/\">\n                   <img loading=\"lazy\" decoding=\"async\" width=\"1920\" height=\"600\" src=\"https:\/\/www.groupepayant.fr\/webshop\/wp-content\/uploads\/2026\/01\/service-magasin-groupe-payant.webp\" class=\"wp-post-image wp-image-26080\" title=\"Service magasins\/pi\u00e8ces - Groupe PAYANT\" alt=\"Service magasins\/pi\u00e8ces - Groupe PAYANT\" srcset=\"https:\/\/www.groupepayant.fr\/webshop\/wp-content\/uploads\/2026\/01\/service-magasin-groupe-payant.webp 1920w, https:\/\/www.groupepayant.fr\/webshop\/wp-content\/uploads\/2026\/01\/service-magasin-groupe-payant-300x94.webp 300w, https:\/\/www.groupepayant.fr\/webshop\/wp-content\/uploads\/2026\/01\/service-magasin-groupe-payant-1024x320.webp 1024w, https:\/\/www.groupepayant.fr\/webshop\/wp-content\/uploads\/2026\/01\/service-magasin-groupe-payant-768x240.webp 768w, https:\/\/www.groupepayant.fr\/webshop\/wp-content\/uploads\/2026\/01\/service-magasin-groupe-payant-1536x480.webp 1536w\" sizes=\"auto, (max-width: 1920px) 100vw, 1920px\" \/>        <\/a>\n    \n        <\/div>\n    <!-- \/image-wrap -->\n    \n        <\/div>\n<!-- \/module image -->        <\/div>\n                    <\/div>\n                <\/div>\n                        <\/div>\n        <\/div>\n        <\/div>\n<!--\/themify_builder_content-->","protected":false},"excerpt":{"rendered":"<p>Lubrifiant multigrade sp\u00e9cifique de tr\u00e8s haute performance destin\u00e9 aux moteurs atmosph\u00e9riques et turbocompress\u00e9s des engins de chantier de toutes origines.<br \/>\nParticuli\u00e8rement adapt\u00e9 \u00e0 la lubrification, en toute saison, des moteurs des engins de chantier, de travaux publics, de carri\u00e8res ou d&rsquo;exploitation mini\u00e8res. Plus g\u00e9n\u00e9ralement, est d\u00e9di\u00e9 \u00e0 tous moteurs ayant \u00e0 fonctionner pendant de longues\u00a0 p\u00e9riodes de pleine charge ou en phases d&rsquo;acc\u00e9l\u00e9ration et de ralenti r\u00e9p\u00e9t\u00e9es, dans des ambiances poussi\u00e9reuses et chaudes.<br \/>\nD\u00e9velopp\u00e9 sp\u00e9cifiquement pour les moteurs d&rsquo;origine Japonaise mais \u00e9galement Am\u00e9ricaine et Europ\u00e9enne.<\/p>\n<p><strong>Voir les caract\u00e9ristiques : <a href=\"https:\/\/www.groupepayant.fr\/pdfs\/total\/Caracteristiques-huile-RUBIA-WORKS-1000-15W-40.pdf\">Cliquer ici <\/a><\/strong><\/p>\n","protected":false},"featured_media":13204,"comment_status":"closed","ping_status":"closed","template":"","meta":{"_monsterinsights_skip_tracking":false,"_monsterinsights_sitenote_active":false,"_monsterinsights_sitenote_note":"","_monsterinsights_sitenote_category":0},"product_brand":[1729],"product_cat":[1142,360],"product_tag":[524,508,519,518,522,513,523],"class_list":{"0":"post-10294","1":"product","2":"type-product","3":"status-publish","4":"has-post-thumbnail","6":"product_brand-total","7":"product_cat-huiles","8":"product_cat-lubrifiants","9":"product_tag-15w40","10":"product_tag-20l","11":"product_tag-haute-performance","12":"product_tag-huile","13":"product_tag-rubia","14":"product_tag-total","15":"product_tag-works1000","17":"first","18":"instock","19":"taxable","20":"shipping-taxable","21":"purchasable","22":"product-type-simple"},"yoast_head":"<!-- This site is optimized with the Yoast SEO plugin v27.1.1 - https:\/\/yoast.com\/product\/yoast-seo-wordpress\/ -->\n<title>Huile Haute Performance Total, 20L, Rubia Works 1000 15W40 - WEBSHOP Groupe PAYANT<\/title>\n<meta name=\"robots\" content=\"index, follow, max-snippet:-1, max-image-preview:large, max-video-preview:-1\" \/>\n<link rel=\"canonical\" href=\"https:\/\/www.groupepayant.fr\/webshop\/produit\/huile-haute-performance-total-20l-rubia-works1000-15w40\/\" \/>\n<meta property=\"og:locale\" content=\"fr_FR\" \/>\n<meta property=\"og:type\" content=\"article\" \/>\n<meta property=\"og:title\" content=\"Huile Haute Performance Total, 20L, Rubia Works 1000 15W40 - WEBSHOP Groupe PAYANT\" \/>\n<meta property=\"og:description\" content=\"Lubrifiant multigrade sp\u00e9cifique de tr\u00e8s haute performance destin\u00e9 aux moteurs atmosph\u00e9riques et turbocompress\u00e9s des engins de chantier de toutes origines. Particuli\u00e8rement adapt\u00e9 \u00e0 la lubrification, en toute saison, des moteurs des engins de chantier, de travaux publics, de carri\u00e8res ou d&#039;exploitation mini\u00e8res. Plus g\u00e9n\u00e9ralement, est d\u00e9di\u00e9 \u00e0 tous moteurs ayant \u00e0 fonctionner pendant de longues\u00a0 p\u00e9riodes de pleine charge ou en phases d&#039;acc\u00e9l\u00e9ration et de ralenti r\u00e9p\u00e9t\u00e9es, dans des ambiances poussi\u00e9reuses et chaudes. D\u00e9velopp\u00e9 sp\u00e9cifiquement pour les moteurs d&#039;origine Japonaise mais \u00e9galement Am\u00e9ricaine et Europ\u00e9enne.  Voir les caract\u00e9ristiques : Cliquer ici\" \/>\n<meta property=\"og:url\" content=\"https:\/\/www.groupepayant.fr\/webshop\/produit\/huile-haute-performance-total-20l-rubia-works1000-15w40\/\" \/>\n<meta property=\"og:site_name\" content=\"WEBSHOP Groupe PAYANT\" \/>\n<meta property=\"article:publisher\" content=\"https:\/\/www.facebook.com\/GroupePayant\/\" \/>\n<meta property=\"article:modified_time\" content=\"2026-04-28T06:13:45+00:00\" \/>\n<meta property=\"og:image\" content=\"https:\/\/www.groupepayant.fr\/webshop\/wp-content\/uploads\/2018\/06\/Huile-Total-RUBIA-Works-1000-15w40-Bidon-20-litres.jpg\" \/>\n\t<meta property=\"og:image:width\" content=\"600\" \/>\n\t<meta property=\"og:image:height\" content=\"600\" \/>\n\t<meta property=\"og:image:type\" content=\"image\/jpeg\" \/>\n<meta name=\"twitter:card\" content=\"summary_large_image\" \/>\n<meta name=\"twitter:label1\" content=\"Dur\u00e9e de lecture estim\u00e9e\" \/>\n\t<meta name=\"twitter:data1\" content=\"1 minute\" \/>\n<script type=\"application\/ld+json\" class=\"yoast-schema-graph\">{\"@context\":\"https:\/\/schema.org\",\"@graph\":[{\"@type\":\"WebPage\",\"@id\":\"https:\/\/www.groupepayant.fr\/webshop\/produit\/huile-haute-performance-total-20l-rubia-works1000-15w40\/\",\"url\":\"https:\/\/www.groupepayant.fr\/webshop\/produit\/huile-haute-performance-total-20l-rubia-works1000-15w40\/\",\"name\":\"Huile Haute Performance Total, 20L, Rubia Works 1000 15W40 - WEBSHOP Groupe PAYANT\",\"isPartOf\":{\"@id\":\"https:\/\/www.groupepayant.fr\/webshop\/#website\"},\"primaryImageOfPage\":{\"@id\":\"https:\/\/www.groupepayant.fr\/webshop\/produit\/huile-haute-performance-total-20l-rubia-works1000-15w40\/#primaryimage\"},\"image\":{\"@id\":\"https:\/\/www.groupepayant.fr\/webshop\/produit\/huile-haute-performance-total-20l-rubia-works1000-15w40\/#primaryimage\"},\"thumbnailUrl\":\"https:\/\/www.groupepayant.fr\/webshop\/wp-content\/uploads\/2018\/06\/Huile-Total-RUBIA-Works-1000-15w40-Bidon-20-litres.jpg\",\"datePublished\":\"2018-06-27T07:48:01+00:00\",\"dateModified\":\"2026-04-28T06:13:45+00:00\",\"breadcrumb\":{\"@id\":\"https:\/\/www.groupepayant.fr\/webshop\/produit\/huile-haute-performance-total-20l-rubia-works1000-15w40\/#breadcrumb\"},\"inLanguage\":\"fr-FR\",\"potentialAction\":[{\"@type\":\"ReadAction\",\"target\":[\"https:\/\/www.groupepayant.fr\/webshop\/produit\/huile-haute-performance-total-20l-rubia-works1000-15w40\/\"]}]},{\"@type\":\"ImageObject\",\"inLanguage\":\"fr-FR\",\"@id\":\"https:\/\/www.groupepayant.fr\/webshop\/produit\/huile-haute-performance-total-20l-rubia-works1000-15w40\/#primaryimage\",\"url\":\"https:\/\/www.groupepayant.fr\/webshop\/wp-content\/uploads\/2018\/06\/Huile-Total-RUBIA-Works-1000-15w40-Bidon-20-litres.jpg\",\"contentUrl\":\"https:\/\/www.groupepayant.fr\/webshop\/wp-content\/uploads\/2018\/06\/Huile-Total-RUBIA-Works-1000-15w40-Bidon-20-litres.jpg\",\"width\":600,\"height\":600,\"caption\":\"Huile Total RUBIA Works 1000 15w40 - Bidon 20 litres\"},{\"@type\":\"BreadcrumbList\",\"@id\":\"https:\/\/www.groupepayant.fr\/webshop\/produit\/huile-haute-performance-total-20l-rubia-works1000-15w40\/#breadcrumb\",\"itemListElement\":[{\"@type\":\"ListItem\",\"position\":1,\"name\":\"Accueil\",\"item\":\"https:\/\/www.groupepayant.fr\/webshop\/\"},{\"@type\":\"ListItem\",\"position\":2,\"name\":\"Webshop\",\"item\":\"https:\/\/www.groupepayant.fr\/webshop\/shop\/\"},{\"@type\":\"ListItem\",\"position\":3,\"name\":\"Huile Haute Performance Total, 20L, Rubia Works 1000 15W40\"}]},{\"@type\":\"WebSite\",\"@id\":\"https:\/\/www.groupepayant.fr\/webshop\/#website\",\"url\":\"https:\/\/www.groupepayant.fr\/webshop\/\",\"name\":\"WEBSHOP Groupe PAYANT\",\"description\":\"\",\"publisher\":{\"@id\":\"https:\/\/www.groupepayant.fr\/webshop\/#organization\"},\"potentialAction\":[{\"@type\":\"SearchAction\",\"target\":{\"@type\":\"EntryPoint\",\"urlTemplate\":\"https:\/\/www.groupepayant.fr\/webshop\/?s={search_term_string}\"},\"query-input\":{\"@type\":\"PropertyValueSpecification\",\"valueRequired\":true,\"valueName\":\"search_term_string\"}}],\"inLanguage\":\"fr-FR\"},{\"@type\":\"Organization\",\"@id\":\"https:\/\/www.groupepayant.fr\/webshop\/#organization\",\"name\":\"Webshop Groupe PAYANT\",\"url\":\"https:\/\/www.groupepayant.fr\/webshop\/\",\"logo\":{\"@type\":\"ImageObject\",\"inLanguage\":\"fr-FR\",\"@id\":\"https:\/\/www.groupepayant.fr\/webshop\/#\/schema\/logo\/image\/\",\"url\":\"\",\"contentUrl\":\"\",\"caption\":\"Webshop Groupe PAYANT\"},\"image\":{\"@id\":\"https:\/\/www.groupepayant.fr\/webshop\/#\/schema\/logo\/image\/\"},\"sameAs\":[\"https:\/\/www.facebook.com\/GroupePayant\/\",\"https:\/\/www.linkedin.com\/company\/groupe-payant\/\",\"https:\/\/www.youtube.com\/c\/GroupePAYANT\",\"https:\/\/www.instagram.com\/groupepayant\/\"]}]}<\/script>\n<!-- \/ Yoast SEO plugin. -->","yoast_head_json":{"title":"Huile Haute Performance Total, 20L, Rubia Works 1000 15W40 - WEBSHOP Groupe PAYANT","robots":{"index":"index","follow":"follow","max-snippet":"max-snippet:-1","max-image-preview":"max-image-preview:large","max-video-preview":"max-video-preview:-1"},"canonical":"https:\/\/www.groupepayant.fr\/webshop\/produit\/huile-haute-performance-total-20l-rubia-works1000-15w40\/","og_locale":"fr_FR","og_type":"article","og_title":"Huile Haute Performance Total, 20L, Rubia Works 1000 15W40 - WEBSHOP Groupe PAYANT","og_description":"Lubrifiant multigrade sp\u00e9cifique de tr\u00e8s haute performance destin\u00e9 aux moteurs atmosph\u00e9riques et turbocompress\u00e9s des engins de chantier de toutes origines. Particuli\u00e8rement adapt\u00e9 \u00e0 la lubrification, en toute saison, des moteurs des engins de chantier, de travaux publics, de carri\u00e8res ou d'exploitation mini\u00e8res. Plus g\u00e9n\u00e9ralement, est d\u00e9di\u00e9 \u00e0 tous moteurs ayant \u00e0 fonctionner pendant de longues\u00a0 p\u00e9riodes de pleine charge ou en phases d'acc\u00e9l\u00e9ration et de ralenti r\u00e9p\u00e9t\u00e9es, dans des ambiances poussi\u00e9reuses et chaudes. D\u00e9velopp\u00e9 sp\u00e9cifiquement pour les moteurs d'origine Japonaise mais \u00e9galement Am\u00e9ricaine et Europ\u00e9enne.  Voir les caract\u00e9ristiques : Cliquer ici","og_url":"https:\/\/www.groupepayant.fr\/webshop\/produit\/huile-haute-performance-total-20l-rubia-works1000-15w40\/","og_site_name":"WEBSHOP Groupe PAYANT","article_publisher":"https:\/\/www.facebook.com\/GroupePayant\/","article_modified_time":"2026-04-28T06:13:45+00:00","og_image":[{"width":600,"height":600,"url":"https:\/\/www.groupepayant.fr\/webshop\/wp-content\/uploads\/2018\/06\/Huile-Total-RUBIA-Works-1000-15w40-Bidon-20-litres.jpg","type":"image\/jpeg"}],"twitter_card":"summary_large_image","twitter_misc":{"Dur\u00e9e de lecture estim\u00e9e":"1 minute"},"schema":{"@context":"https:\/\/schema.org","@graph":[{"@type":"WebPage","@id":"https:\/\/www.groupepayant.fr\/webshop\/produit\/huile-haute-performance-total-20l-rubia-works1000-15w40\/","url":"https:\/\/www.groupepayant.fr\/webshop\/produit\/huile-haute-performance-total-20l-rubia-works1000-15w40\/","name":"Huile Haute Performance Total, 20L, Rubia Works 1000 15W40 - WEBSHOP Groupe PAYANT","isPartOf":{"@id":"https:\/\/www.groupepayant.fr\/webshop\/#website"},"primaryImageOfPage":{"@id":"https:\/\/www.groupepayant.fr\/webshop\/produit\/huile-haute-performance-total-20l-rubia-works1000-15w40\/#primaryimage"},"image":{"@id":"https:\/\/www.groupepayant.fr\/webshop\/produit\/huile-haute-performance-total-20l-rubia-works1000-15w40\/#primaryimage"},"thumbnailUrl":"https:\/\/www.groupepayant.fr\/webshop\/wp-content\/uploads\/2018\/06\/Huile-Total-RUBIA-Works-1000-15w40-Bidon-20-litres.jpg","datePublished":"2018-06-27T07:48:01+00:00","dateModified":"2026-04-28T06:13:45+00:00","breadcrumb":{"@id":"https:\/\/www.groupepayant.fr\/webshop\/produit\/huile-haute-performance-total-20l-rubia-works1000-15w40\/#breadcrumb"},"inLanguage":"fr-FR","potentialAction":[{"@type":"ReadAction","target":["https:\/\/www.groupepayant.fr\/webshop\/produit\/huile-haute-performance-total-20l-rubia-works1000-15w40\/"]}]},{"@type":"ImageObject","inLanguage":"fr-FR","@id":"https:\/\/www.groupepayant.fr\/webshop\/produit\/huile-haute-performance-total-20l-rubia-works1000-15w40\/#primaryimage","url":"https:\/\/www.groupepayant.fr\/webshop\/wp-content\/uploads\/2018\/06\/Huile-Total-RUBIA-Works-1000-15w40-Bidon-20-litres.jpg","contentUrl":"https:\/\/www.groupepayant.fr\/webshop\/wp-content\/uploads\/2018\/06\/Huile-Total-RUBIA-Works-1000-15w40-Bidon-20-litres.jpg","width":600,"height":600,"caption":"Huile Total RUBIA Works 1000 15w40 - Bidon 20 litres"},{"@type":"BreadcrumbList","@id":"https:\/\/www.groupepayant.fr\/webshop\/produit\/huile-haute-performance-total-20l-rubia-works1000-15w40\/#breadcrumb","itemListElement":[{"@type":"ListItem","position":1,"name":"Accueil","item":"https:\/\/www.groupepayant.fr\/webshop\/"},{"@type":"ListItem","position":2,"name":"Webshop","item":"https:\/\/www.groupepayant.fr\/webshop\/shop\/"},{"@type":"ListItem","position":3,"name":"Huile Haute Performance Total, 20L, Rubia Works 1000 15W40"}]},{"@type":"WebSite","@id":"https:\/\/www.groupepayant.fr\/webshop\/#website","url":"https:\/\/www.groupepayant.fr\/webshop\/","name":"WEBSHOP Groupe PAYANT","description":"","publisher":{"@id":"https:\/\/www.groupepayant.fr\/webshop\/#organization"},"potentialAction":[{"@type":"SearchAction","target":{"@type":"EntryPoint","urlTemplate":"https:\/\/www.groupepayant.fr\/webshop\/?s={search_term_string}"},"query-input":{"@type":"PropertyValueSpecification","valueRequired":true,"valueName":"search_term_string"}}],"inLanguage":"fr-FR"},{"@type":"Organization","@id":"https:\/\/www.groupepayant.fr\/webshop\/#organization","name":"Webshop Groupe PAYANT","url":"https:\/\/www.groupepayant.fr\/webshop\/","logo":{"@type":"ImageObject","inLanguage":"fr-FR","@id":"https:\/\/www.groupepayant.fr\/webshop\/#\/schema\/logo\/image\/","url":"","contentUrl":"","caption":"Webshop Groupe PAYANT"},"image":{"@id":"https:\/\/www.groupepayant.fr\/webshop\/#\/schema\/logo\/image\/"},"sameAs":["https:\/\/www.facebook.com\/GroupePayant\/","https:\/\/www.linkedin.com\/company\/groupe-payant\/","https:\/\/www.youtube.com\/c\/GroupePAYANT","https:\/\/www.instagram.com\/groupepayant\/"]}]}},"builder_content":"<h2 style=\"margin-bottom: 0px; text-align: left;\">BESOIN D'AUTRES PI\u00c8CES&nbsp;?<\/h2>\n<p style=\"margin-bottom: 10px; text-align: center;\"><strong>Vous n'avez pas trouv\u00e9 la pi\u00e8ce qu'il vous faut sur notre webshop&nbsp;? Nous avons de nombreuses r\u00e9f\u00e9rences en stock, n'h\u00e9sitez pas \u00e0 nous contacter&nbsp;!<\/strong><\/p>\n<a href=\"https:\/\/www.groupepayant.fr\/service-magasins-pieces\/\" > Contacter un magasin <em><svg aria-hidden=\"true\"><use href=\"#tf-fas-arrow-right\"><\/use><\/svg><\/em> <\/a>\n<a href=\"https:\/\/www.groupepayant.fr\/service-magasins-pieces\/\"> <img src=\"https:\/\/www.groupepayant.fr\/webshop\/wp-content\/uploads\/2026\/01\/service-magasin-groupe-payant.webp\" title=\"Service magasins\/pi\u00e8ces - Groupe PAYANT\" alt=\"Service magasins\/pi\u00e8ces - Groupe PAYANT\" srcset=\"https:\/\/www.groupepayant.fr\/webshop\/wp-content\/uploads\/2026\/01\/service-magasin-groupe-payant.webp 1920w, https:\/\/www.groupepayant.fr\/webshop\/wp-content\/uploads\/2026\/01\/service-magasin-groupe-payant-300x94.webp 300w, https:\/\/www.groupepayant.fr\/webshop\/wp-content\/uploads\/2026\/01\/service-magasin-groupe-payant-1024x320.webp 1024w, https:\/\/www.groupepayant.fr\/webshop\/wp-content\/uploads\/2026\/01\/service-magasin-groupe-payant-768x240.webp 768w, https:\/\/www.groupepayant.fr\/webshop\/wp-content\/uploads\/2026\/01\/service-magasin-groupe-payant-1536x480.webp 1536w\" sizes=\"(max-width: 1920px) 100vw, 1920px\" \/> <\/a>","_links":{"self":[{"href":"https:\/\/www.groupepayant.fr\/webshop\/wp-json\/wp\/v2\/product\/10294","targetHints":{"allow":["GET"]}}],"collection":[{"href":"https:\/\/www.groupepayant.fr\/webshop\/wp-json\/wp\/v2\/product"}],"about":[{"href":"https:\/\/www.groupepayant.fr\/webshop\/wp-json\/wp\/v2\/types\/product"}],"replies":[{"embeddable":true,"href":"https:\/\/www.groupepayant.fr\/webshop\/wp-json\/wp\/v2\/comments?post=10294"}],"wp:featuredmedia":[{"embeddable":true,"href":"https:\/\/www.groupepayant.fr\/webshop\/wp-json\/wp\/v2\/media\/13204"}],"wp:attachment":[{"href":"https:\/\/www.groupepayant.fr\/webshop\/wp-json\/wp\/v2\/media?parent=10294"}],"wp:term":[{"taxonomy":"product_brand","embeddable":true,"href":"https:\/\/www.groupepayant.fr\/webshop\/wp-json\/wp\/v2\/product_brand?post=10294"},{"taxonomy":"product_cat","embeddable":true,"href":"https:\/\/www.groupepayant.fr\/webshop\/wp-json\/wp\/v2\/product_cat?post=10294"},{"taxonomy":"product_tag","embeddable":true,"href":"https:\/\/www.groupepayant.fr\/webshop\/wp-json\/wp\/v2\/product_tag?post=10294"}],"curies":[{"name":"wp","href":"https:\/\/api.w.org\/{rel}","templated":true}]}}