{"id":10302,"date":"2018-06-27T10:21:09","date_gmt":"2018-06-27T08:21:09","guid":{"rendered":"http:\/\/www.groupepayant.fr\/webshop\/?post_type=product&#038;p=10302"},"modified":"2026-01-15T14:43:05","modified_gmt":"2026-01-15T13:43:05","slug":"chargeur-ctek-mxs-3-8-12v","status":"publish","type":"product","link":"https:\/\/www.groupepayant.fr\/webshop\/produit\/chargeur-ctek-mxs-3-8-12v\/","title":{"rendered":"Chargeur Ctek MXS 3.8 12V"},"content":{"rendered":"<!--themify_builder_content-->\n<div id=\"themify_builder_content-10302\" data-postid=\"10302\" class=\"themify_builder_content themify_builder_content-10302 themify_builder tf_clear\">\n                    <div  data-css_id=\"t4ap117\" data-lazy=\"1\" class=\"module_row themify_builder_row fullwidth tb_t4ap117 tb_first tf_w\">\n                        <div class=\"row_inner col_align_top tb_col_count_1 tf_box tf_rel\">\n                        <div  data-lazy=\"1\" class=\"module_column tb-column col-full tb_rj1f117 first\">\n                    <!-- module text -->\n<div  class=\"module module-text tb_n5zg117   \" data-lazy=\"1\">\n        <div  class=\"tb_text_wrap\">\n        <h2 style=\"margin-bottom: 0px; text-align: left;\">BESOIN D&rsquo;AUTRES PI\u00c8CES&nbsp;?<\/h2>\n    <\/div>\n<\/div>\n<!-- \/module text -->        <div  data-lazy=\"1\" class=\"module_subrow themify_builder_sub_row tf_w col_align_top tb_col_count_1 tb_vcnr117\">\n                <div  data-lazy=\"1\" class=\"module_column sub_column col-full tb_5doa117 first\">\n                    <!-- module text -->\n<div  class=\"module module-text tb_4ab5117   \" data-lazy=\"1\">\n        <div  class=\"tb_text_wrap\">\n        <p style=\"margin-bottom: 10px; text-align: center;\"><strong>Vous n&rsquo;avez pas trouv\u00e9 la pi\u00e8ce qu&rsquo;il vous faut sur notre webshop&nbsp;? Nous avons de nombreuses r\u00e9f\u00e9rences en stock, n&rsquo;h\u00e9sitez pas \u00e0 nous contacter&nbsp;!<\/strong><\/p>\n    <\/div>\n<\/div>\n<!-- \/module text --><!-- module buttons -->\n<div  class=\"module module-buttons tb_t54y117 buttons-horizontal solid  large squared\" data-lazy=\"1\">\n        <div class=\"module-buttons-item tf_in_flx\">\n                        <a href=\"https:\/\/www.groupepayant.fr\/service-magasins-pieces\/\" class=\"ui builder_button tf_in_flx purple\" >\n                                                Contacter un magasin                                        <em><svg  class=\"tf_fa tf-fas-arrow-right\" aria-hidden=\"true\"><use href=\"#tf-fas-arrow-right\"><\/use><\/svg><\/em>                            <\/a>\n                <\/div>\n            <\/div>\n<!-- \/module buttons -->\n<!-- module image -->\n<div  class=\"module module-image tb_1h20117 image-center   tf_mw\" data-lazy=\"1\">\n        <div class=\"image-wrap tf_rel tf_mw\">\n            <a href=\"https:\/\/www.groupepayant.fr\/service-magasins-pieces\/\">\n                   <img loading=\"lazy\" decoding=\"async\" width=\"1920\" height=\"600\" src=\"https:\/\/www.groupepayant.fr\/webshop\/wp-content\/uploads\/2026\/01\/service-magasin-groupe-payant.webp\" class=\"wp-post-image wp-image-26080\" title=\"Service magasins\/pi\u00e8ces - Groupe PAYANT\" alt=\"Service magasins\/pi\u00e8ces - Groupe PAYANT\" srcset=\"https:\/\/www.groupepayant.fr\/webshop\/wp-content\/uploads\/2026\/01\/service-magasin-groupe-payant.webp 1920w, https:\/\/www.groupepayant.fr\/webshop\/wp-content\/uploads\/2026\/01\/service-magasin-groupe-payant-300x94.webp 300w, https:\/\/www.groupepayant.fr\/webshop\/wp-content\/uploads\/2026\/01\/service-magasin-groupe-payant-1024x320.webp 1024w, https:\/\/www.groupepayant.fr\/webshop\/wp-content\/uploads\/2026\/01\/service-magasin-groupe-payant-768x240.webp 768w, https:\/\/www.groupepayant.fr\/webshop\/wp-content\/uploads\/2026\/01\/service-magasin-groupe-payant-1536x480.webp 1536w\" sizes=\"auto, (max-width: 1920px) 100vw, 1920px\" \/>        <\/a>\n    \n        <\/div>\n    <!-- \/image-wrap -->\n    \n        <\/div>\n<!-- \/module image -->        <\/div>\n                    <\/div>\n                <\/div>\n                        <\/div>\n        <\/div>\n        <\/div>\n<!--\/themify_builder_content-->","protected":false},"excerpt":{"rendered":"<p>Le chargeur id\u00e9al au quotidien avec un chargement rapide par tous les temps.<\/p>\n<p>Le MXS 3.8 est un chargeur de batteries avanc\u00e9 assurant \u00e9galement l&rsquo;entretien de la charge. Il dispose de programmes s\u00e9lectionnables selon la taille de la batterie, ainsi que de programmes de d\u00e9sulfatation et de chargement par temps froid.<\/p>\n<p>Le chargeur de batteries MXS 3.8 \u00e0 7 \u00e9tapes command\u00e9 par microprocesseur convient aux batteries de 1,2 Ah \u00e0 85 Ah. Il int\u00e8gre un programme de diagnostic qui d\u00e9termine si la batterie peut recevoir et conserver la charge, un programme de d\u00e9sulfatation brevet\u00e9 ainsi qu&rsquo;un programme \u00ab Flocon de neige \u00bb pour les chargements par temps froid. Il dispose \u00e9galement de programmes s\u00e9lectionnables pour le chargement de batteries normales et de petite taille. Le MXS 3.8 utilise le syst\u00e8me CTEK \u00e0 charge constante\/impulsions brevet\u00e9, le mode d&rsquo;entretien le plus efficace lorsqu&rsquo;une batterie est branch\u00e9e pendant une longue p\u00e9riode. Le MXS 3.8 est facile \u00e0 utiliser, et vous pouvez suivre le d\u00e9roulement du processus de chargement sur l&rsquo;\u00e9cran clair et lisible.<\/p>\n<p>\u2022 Chargement enti\u00e8rement automatique \u00e0 7 \u00e9tapes<br \/>\n\u2022 Programmes petites batteries, normal et temps froid<br \/>\n\u2022 Charges les batteries jusqu&rsquo;\u00e0 85 A<br \/>\n\u2022 Prot\u00e9g\u00e9 contre les inversions de polarit\u00e9<\/p>\n","protected":false},"featured_media":13193,"comment_status":"closed","ping_status":"closed","template":"","meta":{"_monsterinsights_skip_tracking":false,"_monsterinsights_sitenote_active":false,"_monsterinsights_sitenote_note":"","_monsterinsights_sitenote_category":0},"product_brand":[],"product_cat":[496,498],"product_tag":[534,531,532,533],"class_list":{"0":"post-10302","1":"product","2":"type-product","3":"status-publish","4":"has-post-thumbnail","6":"product_cat-accessoires","7":"product_cat-accessoires-electriques","8":"product_tag-3-8-12v","9":"product_tag-chargeur","10":"product_tag-ctek","11":"product_tag-mxs","13":"first","14":"outofstock","15":"taxable","16":"shipping-taxable","17":"purchasable","18":"product-type-simple"},"yoast_head":"<!-- This site is optimized with the Yoast SEO plugin v27.1.1 - https:\/\/yoast.com\/product\/yoast-seo-wordpress\/ -->\n<title>Chargeur Ctek MXS 3.8 12V - WEBSHOP Groupe PAYANT<\/title>\n<meta name=\"robots\" content=\"index, follow, max-snippet:-1, max-image-preview:large, max-video-preview:-1\" \/>\n<link rel=\"canonical\" href=\"https:\/\/www.groupepayant.fr\/webshop\/produit\/chargeur-ctek-mxs-3-8-12v\/\" \/>\n<meta property=\"og:locale\" content=\"fr_FR\" \/>\n<meta property=\"og:type\" content=\"article\" \/>\n<meta property=\"og:title\" content=\"Chargeur Ctek MXS 3.8 12V - WEBSHOP Groupe PAYANT\" \/>\n<meta property=\"og:description\" content=\"Le chargeur id\u00e9al au quotidien avec un chargement rapide par tous les temps.  Le MXS 3.8 est un chargeur de batteries avanc\u00e9 assurant \u00e9galement l&#039;entretien de la charge. Il dispose de programmes s\u00e9lectionnables selon la taille de la batterie, ainsi que de programmes de d\u00e9sulfatation et de chargement par temps froid.  Le chargeur de batteries MXS 3.8 \u00e0 7 \u00e9tapes command\u00e9 par microprocesseur convient aux batteries de 1,2 Ah \u00e0 85 Ah. Il int\u00e8gre un programme de diagnostic qui d\u00e9termine si la batterie peut recevoir et conserver la charge, un programme de d\u00e9sulfatation brevet\u00e9 ainsi qu&#039;un programme \u00ab Flocon de neige \u00bb pour les chargements par temps froid. Il dispose \u00e9galement de programmes s\u00e9lectionnables pour le chargement de batteries normales et de petite taille. Le MXS 3.8 utilise le syst\u00e8me CTEK \u00e0 charge constante\/impulsions brevet\u00e9, le mode d&#039;entretien le plus efficace lorsqu&#039;une batterie est branch\u00e9e pendant une longue p\u00e9riode. Le MXS 3.8 est facile \u00e0 utiliser, et vous pouvez suivre le d\u00e9roulement du processus de chargement sur l&#039;\u00e9cran clair et lisible.  \u2022 Chargement enti\u00e8rement automatique \u00e0 7 \u00e9tapes \u2022 Programmes petites batteries, normal et temps froid \u2022 Charges les batteries jusqu&#039;\u00e0 85 A \u2022 Prot\u00e9g\u00e9 contre les inversions de polarit\u00e9\" \/>\n<meta property=\"og:url\" content=\"https:\/\/www.groupepayant.fr\/webshop\/produit\/chargeur-ctek-mxs-3-8-12v\/\" \/>\n<meta property=\"og:site_name\" content=\"WEBSHOP Groupe PAYANT\" \/>\n<meta property=\"article:publisher\" content=\"https:\/\/www.facebook.com\/GroupePayant\/\" \/>\n<meta property=\"article:modified_time\" content=\"2026-01-15T13:43:05+00:00\" \/>\n<meta property=\"og:image\" content=\"https:\/\/www.groupepayant.fr\/webshop\/wp-content\/uploads\/2018\/06\/Chargeur-Ctek-MXS-3.8-12V.jpg\" \/>\n\t<meta property=\"og:image:width\" content=\"600\" \/>\n\t<meta property=\"og:image:height\" content=\"600\" \/>\n\t<meta property=\"og:image:type\" content=\"image\/jpeg\" \/>\n<meta name=\"twitter:card\" content=\"summary_large_image\" \/>\n<meta name=\"twitter:label1\" content=\"Dur\u00e9e de lecture estim\u00e9e\" \/>\n\t<meta name=\"twitter:data1\" content=\"1 minute\" \/>\n<script type=\"application\/ld+json\" class=\"yoast-schema-graph\">{\"@context\":\"https:\/\/schema.org\",\"@graph\":[{\"@type\":\"WebPage\",\"@id\":\"https:\/\/www.groupepayant.fr\/webshop\/produit\/chargeur-ctek-mxs-3-8-12v\/\",\"url\":\"https:\/\/www.groupepayant.fr\/webshop\/produit\/chargeur-ctek-mxs-3-8-12v\/\",\"name\":\"Chargeur Ctek MXS 3.8 12V - WEBSHOP Groupe PAYANT\",\"isPartOf\":{\"@id\":\"https:\/\/www.groupepayant.fr\/webshop\/#website\"},\"primaryImageOfPage\":{\"@id\":\"https:\/\/www.groupepayant.fr\/webshop\/produit\/chargeur-ctek-mxs-3-8-12v\/#primaryimage\"},\"image\":{\"@id\":\"https:\/\/www.groupepayant.fr\/webshop\/produit\/chargeur-ctek-mxs-3-8-12v\/#primaryimage\"},\"thumbnailUrl\":\"https:\/\/www.groupepayant.fr\/webshop\/wp-content\/uploads\/2018\/06\/Chargeur-Ctek-MXS-3.8-12V.jpg\",\"datePublished\":\"2018-06-27T08:21:09+00:00\",\"dateModified\":\"2026-01-15T13:43:05+00:00\",\"breadcrumb\":{\"@id\":\"https:\/\/www.groupepayant.fr\/webshop\/produit\/chargeur-ctek-mxs-3-8-12v\/#breadcrumb\"},\"inLanguage\":\"fr-FR\",\"potentialAction\":[{\"@type\":\"ReadAction\",\"target\":[\"https:\/\/www.groupepayant.fr\/webshop\/produit\/chargeur-ctek-mxs-3-8-12v\/\"]}]},{\"@type\":\"ImageObject\",\"inLanguage\":\"fr-FR\",\"@id\":\"https:\/\/www.groupepayant.fr\/webshop\/produit\/chargeur-ctek-mxs-3-8-12v\/#primaryimage\",\"url\":\"https:\/\/www.groupepayant.fr\/webshop\/wp-content\/uploads\/2018\/06\/Chargeur-Ctek-MXS-3.8-12V.jpg\",\"contentUrl\":\"https:\/\/www.groupepayant.fr\/webshop\/wp-content\/uploads\/2018\/06\/Chargeur-Ctek-MXS-3.8-12V.jpg\",\"width\":600,\"height\":600,\"caption\":\"Chargeur Ctek MXS 3.8 12V\"},{\"@type\":\"BreadcrumbList\",\"@id\":\"https:\/\/www.groupepayant.fr\/webshop\/produit\/chargeur-ctek-mxs-3-8-12v\/#breadcrumb\",\"itemListElement\":[{\"@type\":\"ListItem\",\"position\":1,\"name\":\"Accueil\",\"item\":\"https:\/\/www.groupepayant.fr\/webshop\/\"},{\"@type\":\"ListItem\",\"position\":2,\"name\":\"Webshop\",\"item\":\"https:\/\/www.groupepayant.fr\/webshop\/shop\/\"},{\"@type\":\"ListItem\",\"position\":3,\"name\":\"Chargeur Ctek MXS 3.8 12V\"}]},{\"@type\":\"WebSite\",\"@id\":\"https:\/\/www.groupepayant.fr\/webshop\/#website\",\"url\":\"https:\/\/www.groupepayant.fr\/webshop\/\",\"name\":\"WEBSHOP Groupe PAYANT\",\"description\":\"\",\"publisher\":{\"@id\":\"https:\/\/www.groupepayant.fr\/webshop\/#organization\"},\"potentialAction\":[{\"@type\":\"SearchAction\",\"target\":{\"@type\":\"EntryPoint\",\"urlTemplate\":\"https:\/\/www.groupepayant.fr\/webshop\/?s={search_term_string}\"},\"query-input\":{\"@type\":\"PropertyValueSpecification\",\"valueRequired\":true,\"valueName\":\"search_term_string\"}}],\"inLanguage\":\"fr-FR\"},{\"@type\":\"Organization\",\"@id\":\"https:\/\/www.groupepayant.fr\/webshop\/#organization\",\"name\":\"Webshop Groupe PAYANT\",\"url\":\"https:\/\/www.groupepayant.fr\/webshop\/\",\"logo\":{\"@type\":\"ImageObject\",\"inLanguage\":\"fr-FR\",\"@id\":\"https:\/\/www.groupepayant.fr\/webshop\/#\/schema\/logo\/image\/\",\"url\":\"\",\"contentUrl\":\"\",\"caption\":\"Webshop Groupe PAYANT\"},\"image\":{\"@id\":\"https:\/\/www.groupepayant.fr\/webshop\/#\/schema\/logo\/image\/\"},\"sameAs\":[\"https:\/\/www.facebook.com\/GroupePayant\/\",\"https:\/\/www.linkedin.com\/company\/groupe-payant\/\",\"https:\/\/www.youtube.com\/c\/GroupePAYANT\",\"https:\/\/www.instagram.com\/groupepayant\/\"]}]}<\/script>\n<!-- \/ Yoast SEO plugin. -->","yoast_head_json":{"title":"Chargeur Ctek MXS 3.8 12V - WEBSHOP Groupe PAYANT","robots":{"index":"index","follow":"follow","max-snippet":"max-snippet:-1","max-image-preview":"max-image-preview:large","max-video-preview":"max-video-preview:-1"},"canonical":"https:\/\/www.groupepayant.fr\/webshop\/produit\/chargeur-ctek-mxs-3-8-12v\/","og_locale":"fr_FR","og_type":"article","og_title":"Chargeur Ctek MXS 3.8 12V - WEBSHOP Groupe PAYANT","og_description":"Le chargeur id\u00e9al au quotidien avec un chargement rapide par tous les temps.  Le MXS 3.8 est un chargeur de batteries avanc\u00e9 assurant \u00e9galement l'entretien de la charge. Il dispose de programmes s\u00e9lectionnables selon la taille de la batterie, ainsi que de programmes de d\u00e9sulfatation et de chargement par temps froid.  Le chargeur de batteries MXS 3.8 \u00e0 7 \u00e9tapes command\u00e9 par microprocesseur convient aux batteries de 1,2 Ah \u00e0 85 Ah. Il int\u00e8gre un programme de diagnostic qui d\u00e9termine si la batterie peut recevoir et conserver la charge, un programme de d\u00e9sulfatation brevet\u00e9 ainsi qu'un programme \u00ab Flocon de neige \u00bb pour les chargements par temps froid. Il dispose \u00e9galement de programmes s\u00e9lectionnables pour le chargement de batteries normales et de petite taille. Le MXS 3.8 utilise le syst\u00e8me CTEK \u00e0 charge constante\/impulsions brevet\u00e9, le mode d'entretien le plus efficace lorsqu'une batterie est branch\u00e9e pendant une longue p\u00e9riode. Le MXS 3.8 est facile \u00e0 utiliser, et vous pouvez suivre le d\u00e9roulement du processus de chargement sur l'\u00e9cran clair et lisible.  \u2022 Chargement enti\u00e8rement automatique \u00e0 7 \u00e9tapes \u2022 Programmes petites batteries, normal et temps froid \u2022 Charges les batteries jusqu'\u00e0 85 A \u2022 Prot\u00e9g\u00e9 contre les inversions de polarit\u00e9","og_url":"https:\/\/www.groupepayant.fr\/webshop\/produit\/chargeur-ctek-mxs-3-8-12v\/","og_site_name":"WEBSHOP Groupe PAYANT","article_publisher":"https:\/\/www.facebook.com\/GroupePayant\/","article_modified_time":"2026-01-15T13:43:05+00:00","og_image":[{"width":600,"height":600,"url":"https:\/\/www.groupepayant.fr\/webshop\/wp-content\/uploads\/2018\/06\/Chargeur-Ctek-MXS-3.8-12V.jpg","type":"image\/jpeg"}],"twitter_card":"summary_large_image","twitter_misc":{"Dur\u00e9e de lecture estim\u00e9e":"1 minute"},"schema":{"@context":"https:\/\/schema.org","@graph":[{"@type":"WebPage","@id":"https:\/\/www.groupepayant.fr\/webshop\/produit\/chargeur-ctek-mxs-3-8-12v\/","url":"https:\/\/www.groupepayant.fr\/webshop\/produit\/chargeur-ctek-mxs-3-8-12v\/","name":"Chargeur Ctek MXS 3.8 12V - WEBSHOP Groupe PAYANT","isPartOf":{"@id":"https:\/\/www.groupepayant.fr\/webshop\/#website"},"primaryImageOfPage":{"@id":"https:\/\/www.groupepayant.fr\/webshop\/produit\/chargeur-ctek-mxs-3-8-12v\/#primaryimage"},"image":{"@id":"https:\/\/www.groupepayant.fr\/webshop\/produit\/chargeur-ctek-mxs-3-8-12v\/#primaryimage"},"thumbnailUrl":"https:\/\/www.groupepayant.fr\/webshop\/wp-content\/uploads\/2018\/06\/Chargeur-Ctek-MXS-3.8-12V.jpg","datePublished":"2018-06-27T08:21:09+00:00","dateModified":"2026-01-15T13:43:05+00:00","breadcrumb":{"@id":"https:\/\/www.groupepayant.fr\/webshop\/produit\/chargeur-ctek-mxs-3-8-12v\/#breadcrumb"},"inLanguage":"fr-FR","potentialAction":[{"@type":"ReadAction","target":["https:\/\/www.groupepayant.fr\/webshop\/produit\/chargeur-ctek-mxs-3-8-12v\/"]}]},{"@type":"ImageObject","inLanguage":"fr-FR","@id":"https:\/\/www.groupepayant.fr\/webshop\/produit\/chargeur-ctek-mxs-3-8-12v\/#primaryimage","url":"https:\/\/www.groupepayant.fr\/webshop\/wp-content\/uploads\/2018\/06\/Chargeur-Ctek-MXS-3.8-12V.jpg","contentUrl":"https:\/\/www.groupepayant.fr\/webshop\/wp-content\/uploads\/2018\/06\/Chargeur-Ctek-MXS-3.8-12V.jpg","width":600,"height":600,"caption":"Chargeur Ctek MXS 3.8 12V"},{"@type":"BreadcrumbList","@id":"https:\/\/www.groupepayant.fr\/webshop\/produit\/chargeur-ctek-mxs-3-8-12v\/#breadcrumb","itemListElement":[{"@type":"ListItem","position":1,"name":"Accueil","item":"https:\/\/www.groupepayant.fr\/webshop\/"},{"@type":"ListItem","position":2,"name":"Webshop","item":"https:\/\/www.groupepayant.fr\/webshop\/shop\/"},{"@type":"ListItem","position":3,"name":"Chargeur Ctek MXS 3.8 12V"}]},{"@type":"WebSite","@id":"https:\/\/www.groupepayant.fr\/webshop\/#website","url":"https:\/\/www.groupepayant.fr\/webshop\/","name":"WEBSHOP Groupe PAYANT","description":"","publisher":{"@id":"https:\/\/www.groupepayant.fr\/webshop\/#organization"},"potentialAction":[{"@type":"SearchAction","target":{"@type":"EntryPoint","urlTemplate":"https:\/\/www.groupepayant.fr\/webshop\/?s={search_term_string}"},"query-input":{"@type":"PropertyValueSpecification","valueRequired":true,"valueName":"search_term_string"}}],"inLanguage":"fr-FR"},{"@type":"Organization","@id":"https:\/\/www.groupepayant.fr\/webshop\/#organization","name":"Webshop Groupe PAYANT","url":"https:\/\/www.groupepayant.fr\/webshop\/","logo":{"@type":"ImageObject","inLanguage":"fr-FR","@id":"https:\/\/www.groupepayant.fr\/webshop\/#\/schema\/logo\/image\/","url":"","contentUrl":"","caption":"Webshop Groupe PAYANT"},"image":{"@id":"https:\/\/www.groupepayant.fr\/webshop\/#\/schema\/logo\/image\/"},"sameAs":["https:\/\/www.facebook.com\/GroupePayant\/","https:\/\/www.linkedin.com\/company\/groupe-payant\/","https:\/\/www.youtube.com\/c\/GroupePAYANT","https:\/\/www.instagram.com\/groupepayant\/"]}]}},"builder_content":"<h2 style=\"margin-bottom: 0px; text-align: left;\">BESOIN D'AUTRES PI\u00c8CES&nbsp;?<\/h2>\n<p style=\"margin-bottom: 10px; text-align: center;\"><strong>Vous n'avez pas trouv\u00e9 la pi\u00e8ce qu'il vous faut sur notre webshop&nbsp;? Nous avons de nombreuses r\u00e9f\u00e9rences en stock, n'h\u00e9sitez pas \u00e0 nous contacter&nbsp;!<\/strong><\/p>\n<a href=\"https:\/\/www.groupepayant.fr\/service-magasins-pieces\/\" > Contacter un magasin <em><svg aria-hidden=\"true\"><use href=\"#tf-fas-arrow-right\"><\/use><\/svg><\/em> <\/a>\n<a href=\"https:\/\/www.groupepayant.fr\/service-magasins-pieces\/\"> <img src=\"https:\/\/www.groupepayant.fr\/webshop\/wp-content\/uploads\/2026\/01\/service-magasin-groupe-payant.webp\" title=\"Service magasins\/pi\u00e8ces - Groupe PAYANT\" alt=\"Service magasins\/pi\u00e8ces - Groupe PAYANT\" srcset=\"https:\/\/www.groupepayant.fr\/webshop\/wp-content\/uploads\/2026\/01\/service-magasin-groupe-payant.webp 1920w, https:\/\/www.groupepayant.fr\/webshop\/wp-content\/uploads\/2026\/01\/service-magasin-groupe-payant-300x94.webp 300w, https:\/\/www.groupepayant.fr\/webshop\/wp-content\/uploads\/2026\/01\/service-magasin-groupe-payant-1024x320.webp 1024w, https:\/\/www.groupepayant.fr\/webshop\/wp-content\/uploads\/2026\/01\/service-magasin-groupe-payant-768x240.webp 768w, https:\/\/www.groupepayant.fr\/webshop\/wp-content\/uploads\/2026\/01\/service-magasin-groupe-payant-1536x480.webp 1536w\" sizes=\"(max-width: 1920px) 100vw, 1920px\" \/> <\/a>","_links":{"self":[{"href":"https:\/\/www.groupepayant.fr\/webshop\/wp-json\/wp\/v2\/product\/10302","targetHints":{"allow":["GET"]}}],"collection":[{"href":"https:\/\/www.groupepayant.fr\/webshop\/wp-json\/wp\/v2\/product"}],"about":[{"href":"https:\/\/www.groupepayant.fr\/webshop\/wp-json\/wp\/v2\/types\/product"}],"replies":[{"embeddable":true,"href":"https:\/\/www.groupepayant.fr\/webshop\/wp-json\/wp\/v2\/comments?post=10302"}],"wp:featuredmedia":[{"embeddable":true,"href":"https:\/\/www.groupepayant.fr\/webshop\/wp-json\/wp\/v2\/media\/13193"}],"wp:attachment":[{"href":"https:\/\/www.groupepayant.fr\/webshop\/wp-json\/wp\/v2\/media?parent=10302"}],"wp:term":[{"taxonomy":"product_brand","embeddable":true,"href":"https:\/\/www.groupepayant.fr\/webshop\/wp-json\/wp\/v2\/product_brand?post=10302"},{"taxonomy":"product_cat","embeddable":true,"href":"https:\/\/www.groupepayant.fr\/webshop\/wp-json\/wp\/v2\/product_cat?post=10302"},{"taxonomy":"product_tag","embeddable":true,"href":"https:\/\/www.groupepayant.fr\/webshop\/wp-json\/wp\/v2\/product_tag?post=10302"}],"curies":[{"name":"wp","href":"https:\/\/api.w.org\/{rel}","templated":true}]}}