{"id":10364,"date":"2018-06-29T10:34:20","date_gmt":"2018-06-29T08:34:20","guid":{"rendered":"http:\/\/www.groupepayant.fr\/webshop\/?post_type=product&#038;p=10364"},"modified":"2026-01-15T14:11:43","modified_gmt":"2026-01-15T13:11:43","slug":"adaptateur-affleurant-la15fc30-volvo","status":"publish","type":"product","link":"https:\/\/www.groupepayant.fr\/webshop\/produit\/adaptateur-affleurant-la15fc30-volvo\/","title":{"rendered":"Adaptateur affleurant LA15FC30 Volvo"},"content":{"rendered":"<!--themify_builder_content-->\n<div id=\"themify_builder_content-10364\" data-postid=\"10364\" class=\"themify_builder_content themify_builder_content-10364 themify_builder tf_clear\">\n                    <div  data-css_id=\"hxko265\" data-lazy=\"1\" class=\"module_row themify_builder_row fullwidth tb_hxko265 tb_first tf_w\">\n                        <div class=\"row_inner col_align_top tb_col_count_1 tf_box tf_rel\">\n                        <div  data-lazy=\"1\" class=\"module_column tb-column col-full tb_9z3h265 first\">\n                    <!-- module text -->\n<div  class=\"module module-text tb_okuq265   \" data-lazy=\"1\">\n        <div  class=\"tb_text_wrap\">\n        <h2 style=\"margin-bottom: 0px; text-align: left;\">BESOIN D&rsquo;AUTRES PI\u00c8CES&nbsp;?<\/h2>\n    <\/div>\n<\/div>\n<!-- \/module text -->        <div  data-lazy=\"1\" class=\"module_subrow themify_builder_sub_row tf_w col_align_top tb_col_count_1 tb_lipm265\">\n                <div  data-lazy=\"1\" class=\"module_column sub_column col-full tb_5okl265 first\">\n                    <!-- module text -->\n<div  class=\"module module-text tb_tzkt265   \" data-lazy=\"1\">\n        <div  class=\"tb_text_wrap\">\n        <p style=\"margin-bottom: 10px; text-align: center;\"><strong>Vous n&rsquo;avez pas trouv\u00e9 la pi\u00e8ce qu&rsquo;il vous faut sur notre webshop&nbsp;? Nous avons de nombreuses r\u00e9f\u00e9rences en stock, n&rsquo;h\u00e9sitez pas \u00e0 nous contacter&nbsp;!<\/strong><\/p>\n    <\/div>\n<\/div>\n<!-- \/module text --><!-- module buttons -->\n<div  class=\"module module-buttons tb_sjgx265 buttons-horizontal solid  large squared\" data-lazy=\"1\">\n        <div class=\"module-buttons-item tf_in_flx\">\n                        <a href=\"https:\/\/www.groupepayant.fr\/service-magasins-pieces\/\" class=\"ui builder_button tf_in_flx purple\" >\n                                                Contacter un magasin                                        <em><svg  class=\"tf_fa tf-fas-arrow-right\" aria-hidden=\"true\"><use href=\"#tf-fas-arrow-right\"><\/use><\/svg><\/em>                            <\/a>\n                <\/div>\n            <\/div>\n<!-- \/module buttons -->\n<!-- module image -->\n<div  class=\"module module-image tb_0gac265 image-center   tf_mw\" data-lazy=\"1\">\n        <div class=\"image-wrap tf_rel tf_mw\">\n            <a href=\"https:\/\/www.groupepayant.fr\/service-magasins-pieces\/\">\n                   <img loading=\"lazy\" decoding=\"async\" width=\"1920\" height=\"600\" src=\"https:\/\/www.groupepayant.fr\/webshop\/wp-content\/uploads\/2026\/01\/service-magasin-groupe-payant.webp\" class=\"wp-post-image wp-image-26080\" title=\"Service magasins\/pi\u00e8ces - Groupe PAYANT\" alt=\"Service magasins\/pi\u00e8ces - Groupe PAYANT\" srcset=\"https:\/\/www.groupepayant.fr\/webshop\/wp-content\/uploads\/2026\/01\/service-magasin-groupe-payant.webp 1920w, https:\/\/www.groupepayant.fr\/webshop\/wp-content\/uploads\/2026\/01\/service-magasin-groupe-payant-300x94.webp 300w, https:\/\/www.groupepayant.fr\/webshop\/wp-content\/uploads\/2026\/01\/service-magasin-groupe-payant-1024x320.webp 1024w, https:\/\/www.groupepayant.fr\/webshop\/wp-content\/uploads\/2026\/01\/service-magasin-groupe-payant-768x240.webp 768w, https:\/\/www.groupepayant.fr\/webshop\/wp-content\/uploads\/2026\/01\/service-magasin-groupe-payant-1536x480.webp 1536w\" sizes=\"auto, (max-width: 1920px) 100vw, 1920px\" \/>        <\/a>\n    \n        <\/div>\n    <!-- \/image-wrap -->\n    \n        <\/div>\n<!-- \/module image -->        <\/div>\n                    <\/div>\n                <\/div>\n                        <\/div>\n        <\/div>\n        <\/div>\n<!--\/themify_builder_content-->","protected":false},"excerpt":{"rendered":"<p>Porte-dents mont\u00e9s \u00e0 fleur FC pour chargeuses Volvo<br \/>\n\u2022 Dents \u00e0 usage g\u00e9n\u00e9ral<\/p>\n<div style=\"font-size: 11px;\">\u2022 <strong>SOLUTION LONGUE\u00a0DUR\u00c9E<\/strong><br \/>\nLe syst\u00e8me de dents Volvo prolonge les intervalles de remplacement et vous garantit une productivit\u00e9 et un rendement \u00e9lev\u00e9s.Volvo propose des dents et porte-dents brevet\u00e9s, sp\u00e9cialis\u00e9s pour tous types d&rsquo;applications. Ces pi\u00e8ces de haute qualit\u00e9 r\u00e9duisent votre co\u00fbt total de possession et maximisent les performances de votre machine.<br \/>\n\u2022 <strong>Facile \u00e0 installer<\/strong><br \/>\nLe dispositif de verrouillage vertical brevet\u00e9\u00a0facilite le d\u00e9montage et montage\u00a0des dents. Il fait partie int\u00e9grante\u00a0du porte-dents pour am\u00e9liorer sa protection et allonger sa dur\u00e9e de vie.<br \/>\n\u2022 <strong>R\u00e9sistance face\u00a0aux contraintes extr\u00eames<\/strong><br \/>\nL&rsquo;ajustage parfait entre la dent et le porte-dents, combin\u00e9 \u00e0 de grandes surfaces d&rsquo;appui, cr\u00e9ent\u00a0un ensemble extr\u00eamement robuste, capable de r\u00e9sister \u00e0 des forces\u00a0et des contraintes extr\u00eames.<br \/>\n\u2022 <strong>Auto-aff\u00fbtant<\/strong><br \/>\nLe concept d&rsquo;auto-aff\u00fbtage et la r\u00e9partition des mat\u00e9riaux d&rsquo;usure augmentent la dur\u00e9e de vie, tout en assurant des performances continues.<br \/>\n\u2022 <strong>R\u00e9sistant<\/strong><br \/>\nLe bord des porte-dents et des dents forment un angle aigu, ce qui produit une r\u00e9sistance parfaite aux efforts frontaux et r\u00e9duit le risque d&rsquo;ouverture du logement de dent.<\/div>\n","protected":false},"featured_media":19616,"comment_status":"closed","ping_status":"closed","template":"","meta":{"_monsterinsights_skip_tracking":false,"_monsterinsights_sitenote_active":false,"_monsterinsights_sitenote_note":"","_monsterinsights_sitenote_category":0},"product_brand":[1708],"product_cat":[387,386,588],"product_tag":[558,1205,573,571,1206,572,574,223],"class_list":{"0":"post-10364","1":"product","2":"type-product","3":"status-publish","4":"has-post-thumbnail","6":"product_brand-volvo","7":"product_cat-dents-de-godet","8":"product_cat-pieces-dusure","9":"product_cat-produits-volvo","10":"product_tag-adaptateur","11":"product_tag-adaptateur-volvo","12":"product_tag-l120g","13":"product_tag-porte-dent","14":"product_tag-porte-dents-volvo","15":"product_tag-std","16":"product_tag-type-la15fc30","17":"product_tag-volvo","19":"first","20":"instock","21":"sale","22":"taxable","23":"shipping-taxable","24":"purchasable","25":"product-type-simple"},"yoast_head":"<!-- This site is optimized with the Yoast SEO plugin v27.1.1 - https:\/\/yoast.com\/product\/yoast-seo-wordpress\/ -->\n<title>Adaptateur affleurant LA15FC30 Volvo - WEBSHOP Groupe PAYANT<\/title>\n<meta name=\"robots\" content=\"index, follow, max-snippet:-1, max-image-preview:large, max-video-preview:-1\" \/>\n<link rel=\"canonical\" href=\"https:\/\/www.groupepayant.fr\/webshop\/produit\/adaptateur-affleurant-la15fc30-volvo\/\" \/>\n<meta property=\"og:locale\" content=\"fr_FR\" \/>\n<meta property=\"og:type\" content=\"article\" \/>\n<meta property=\"og:title\" content=\"Adaptateur affleurant LA15FC30 Volvo - WEBSHOP Groupe PAYANT\" \/>\n<meta property=\"og:description\" content=\"Porte-dents mont\u00e9s \u00e0 fleur FC pour chargeuses Volvo \u2022 Dents \u00e0 usage g\u00e9n\u00e9ral \u2022 SOLUTION LONGUE\u00a0DUR\u00c9E Le syst\u00e8me de dents Volvo prolonge les intervalles de remplacement et vous garantit une productivit\u00e9 et un rendement \u00e9lev\u00e9s.Volvo propose des dents et porte-dents brevet\u00e9s, sp\u00e9cialis\u00e9s pour tous types d&#039;applications. Ces pi\u00e8ces de haute qualit\u00e9 r\u00e9duisent votre co\u00fbt total de possession et maximisent les performances de votre machine. \u2022 Facile \u00e0 installer Le dispositif de verrouillage vertical brevet\u00e9\u00a0facilite le d\u00e9montage et montage\u00a0des dents. Il fait partie int\u00e9grante\u00a0du porte-dents pour am\u00e9liorer sa protection et allonger sa dur\u00e9e de vie. \u2022 R\u00e9sistance face\u00a0aux contraintes extr\u00eames L&#039;ajustage parfait entre la dent et le porte-dents, combin\u00e9 \u00e0 de grandes surfaces d&#039;appui, cr\u00e9ent\u00a0un ensemble extr\u00eamement robuste, capable de r\u00e9sister \u00e0 des forces\u00a0et des contraintes extr\u00eames. \u2022 Auto-aff\u00fbtant Le concept d&#039;auto-aff\u00fbtage et la r\u00e9partition des mat\u00e9riaux d&#039;usure augmentent la dur\u00e9e de vie, tout en assurant des performances continues. \u2022 R\u00e9sistant Le bord des porte-dents et des dents forment un angle aigu, ce qui produit une r\u00e9sistance parfaite aux efforts frontaux et r\u00e9duit le risque d&#039;ouverture du logement de dent.\" \/>\n<meta property=\"og:url\" content=\"https:\/\/www.groupepayant.fr\/webshop\/produit\/adaptateur-affleurant-la15fc30-volvo\/\" \/>\n<meta property=\"og:site_name\" content=\"WEBSHOP Groupe PAYANT\" \/>\n<meta property=\"article:publisher\" content=\"https:\/\/www.facebook.com\/GroupePayant\/\" \/>\n<meta property=\"article:modified_time\" content=\"2026-01-15T13:11:43+00:00\" \/>\n<meta property=\"og:image\" content=\"https:\/\/www.groupepayant.fr\/webshop\/wp-content\/uploads\/2018\/06\/adaptateur-LA15FC30-montes-a-fleur-FC-volvo.jpg\" \/>\n\t<meta property=\"og:image:width\" content=\"600\" \/>\n\t<meta property=\"og:image:height\" content=\"600\" \/>\n\t<meta property=\"og:image:type\" content=\"image\/jpeg\" \/>\n<meta name=\"twitter:card\" content=\"summary_large_image\" \/>\n<meta name=\"twitter:label1\" content=\"Dur\u00e9e de lecture estim\u00e9e\" \/>\n\t<meta name=\"twitter:data1\" content=\"1 minute\" \/>\n<script type=\"application\/ld+json\" class=\"yoast-schema-graph\">{\"@context\":\"https:\/\/schema.org\",\"@graph\":[{\"@type\":\"WebPage\",\"@id\":\"https:\/\/www.groupepayant.fr\/webshop\/produit\/adaptateur-affleurant-la15fc30-volvo\/\",\"url\":\"https:\/\/www.groupepayant.fr\/webshop\/produit\/adaptateur-affleurant-la15fc30-volvo\/\",\"name\":\"Adaptateur affleurant LA15FC30 Volvo - WEBSHOP Groupe PAYANT\",\"isPartOf\":{\"@id\":\"https:\/\/www.groupepayant.fr\/webshop\/#website\"},\"primaryImageOfPage\":{\"@id\":\"https:\/\/www.groupepayant.fr\/webshop\/produit\/adaptateur-affleurant-la15fc30-volvo\/#primaryimage\"},\"image\":{\"@id\":\"https:\/\/www.groupepayant.fr\/webshop\/produit\/adaptateur-affleurant-la15fc30-volvo\/#primaryimage\"},\"thumbnailUrl\":\"https:\/\/www.groupepayant.fr\/webshop\/wp-content\/uploads\/2018\/06\/adaptateur-LA15FC30-montes-a-fleur-FC-volvo.jpg\",\"datePublished\":\"2018-06-29T08:34:20+00:00\",\"dateModified\":\"2026-01-15T13:11:43+00:00\",\"breadcrumb\":{\"@id\":\"https:\/\/www.groupepayant.fr\/webshop\/produit\/adaptateur-affleurant-la15fc30-volvo\/#breadcrumb\"},\"inLanguage\":\"fr-FR\",\"potentialAction\":[{\"@type\":\"ReadAction\",\"target\":[\"https:\/\/www.groupepayant.fr\/webshop\/produit\/adaptateur-affleurant-la15fc30-volvo\/\"]}]},{\"@type\":\"ImageObject\",\"inLanguage\":\"fr-FR\",\"@id\":\"https:\/\/www.groupepayant.fr\/webshop\/produit\/adaptateur-affleurant-la15fc30-volvo\/#primaryimage\",\"url\":\"https:\/\/www.groupepayant.fr\/webshop\/wp-content\/uploads\/2018\/06\/adaptateur-LA15FC30-montes-a-fleur-FC-volvo.jpg\",\"contentUrl\":\"https:\/\/www.groupepayant.fr\/webshop\/wp-content\/uploads\/2018\/06\/adaptateur-LA15FC30-montes-a-fleur-FC-volvo.jpg\",\"width\":600,\"height\":600,\"caption\":\"Adaptateur affleurant LA15FC30 Volvo\"},{\"@type\":\"BreadcrumbList\",\"@id\":\"https:\/\/www.groupepayant.fr\/webshop\/produit\/adaptateur-affleurant-la15fc30-volvo\/#breadcrumb\",\"itemListElement\":[{\"@type\":\"ListItem\",\"position\":1,\"name\":\"Accueil\",\"item\":\"https:\/\/www.groupepayant.fr\/webshop\/\"},{\"@type\":\"ListItem\",\"position\":2,\"name\":\"Webshop\",\"item\":\"https:\/\/www.groupepayant.fr\/webshop\/shop\/\"},{\"@type\":\"ListItem\",\"position\":3,\"name\":\"Adaptateur affleurant LA15FC30 Volvo\"}]},{\"@type\":\"WebSite\",\"@id\":\"https:\/\/www.groupepayant.fr\/webshop\/#website\",\"url\":\"https:\/\/www.groupepayant.fr\/webshop\/\",\"name\":\"WEBSHOP Groupe PAYANT\",\"description\":\"\",\"publisher\":{\"@id\":\"https:\/\/www.groupepayant.fr\/webshop\/#organization\"},\"potentialAction\":[{\"@type\":\"SearchAction\",\"target\":{\"@type\":\"EntryPoint\",\"urlTemplate\":\"https:\/\/www.groupepayant.fr\/webshop\/?s={search_term_string}\"},\"query-input\":{\"@type\":\"PropertyValueSpecification\",\"valueRequired\":true,\"valueName\":\"search_term_string\"}}],\"inLanguage\":\"fr-FR\"},{\"@type\":\"Organization\",\"@id\":\"https:\/\/www.groupepayant.fr\/webshop\/#organization\",\"name\":\"Webshop Groupe PAYANT\",\"url\":\"https:\/\/www.groupepayant.fr\/webshop\/\",\"logo\":{\"@type\":\"ImageObject\",\"inLanguage\":\"fr-FR\",\"@id\":\"https:\/\/www.groupepayant.fr\/webshop\/#\/schema\/logo\/image\/\",\"url\":\"\",\"contentUrl\":\"\",\"caption\":\"Webshop Groupe PAYANT\"},\"image\":{\"@id\":\"https:\/\/www.groupepayant.fr\/webshop\/#\/schema\/logo\/image\/\"},\"sameAs\":[\"https:\/\/www.facebook.com\/GroupePayant\/\",\"https:\/\/www.linkedin.com\/company\/groupe-payant\/\",\"https:\/\/www.youtube.com\/c\/GroupePAYANT\",\"https:\/\/www.instagram.com\/groupepayant\/\"]}]}<\/script>\n<!-- \/ Yoast SEO plugin. -->","yoast_head_json":{"title":"Adaptateur affleurant LA15FC30 Volvo - WEBSHOP Groupe PAYANT","robots":{"index":"index","follow":"follow","max-snippet":"max-snippet:-1","max-image-preview":"max-image-preview:large","max-video-preview":"max-video-preview:-1"},"canonical":"https:\/\/www.groupepayant.fr\/webshop\/produit\/adaptateur-affleurant-la15fc30-volvo\/","og_locale":"fr_FR","og_type":"article","og_title":"Adaptateur affleurant LA15FC30 Volvo - WEBSHOP Groupe PAYANT","og_description":"Porte-dents mont\u00e9s \u00e0 fleur FC pour chargeuses Volvo \u2022 Dents \u00e0 usage g\u00e9n\u00e9ral \u2022 SOLUTION LONGUE\u00a0DUR\u00c9E Le syst\u00e8me de dents Volvo prolonge les intervalles de remplacement et vous garantit une productivit\u00e9 et un rendement \u00e9lev\u00e9s.Volvo propose des dents et porte-dents brevet\u00e9s, sp\u00e9cialis\u00e9s pour tous types d'applications. Ces pi\u00e8ces de haute qualit\u00e9 r\u00e9duisent votre co\u00fbt total de possession et maximisent les performances de votre machine. \u2022 Facile \u00e0 installer Le dispositif de verrouillage vertical brevet\u00e9\u00a0facilite le d\u00e9montage et montage\u00a0des dents. Il fait partie int\u00e9grante\u00a0du porte-dents pour am\u00e9liorer sa protection et allonger sa dur\u00e9e de vie. \u2022 R\u00e9sistance face\u00a0aux contraintes extr\u00eames L'ajustage parfait entre la dent et le porte-dents, combin\u00e9 \u00e0 de grandes surfaces d'appui, cr\u00e9ent\u00a0un ensemble extr\u00eamement robuste, capable de r\u00e9sister \u00e0 des forces\u00a0et des contraintes extr\u00eames. \u2022 Auto-aff\u00fbtant Le concept d'auto-aff\u00fbtage et la r\u00e9partition des mat\u00e9riaux d'usure augmentent la dur\u00e9e de vie, tout en assurant des performances continues. \u2022 R\u00e9sistant Le bord des porte-dents et des dents forment un angle aigu, ce qui produit une r\u00e9sistance parfaite aux efforts frontaux et r\u00e9duit le risque d'ouverture du logement de dent.","og_url":"https:\/\/www.groupepayant.fr\/webshop\/produit\/adaptateur-affleurant-la15fc30-volvo\/","og_site_name":"WEBSHOP Groupe PAYANT","article_publisher":"https:\/\/www.facebook.com\/GroupePayant\/","article_modified_time":"2026-01-15T13:11:43+00:00","og_image":[{"width":600,"height":600,"url":"https:\/\/www.groupepayant.fr\/webshop\/wp-content\/uploads\/2018\/06\/adaptateur-LA15FC30-montes-a-fleur-FC-volvo.jpg","type":"image\/jpeg"}],"twitter_card":"summary_large_image","twitter_misc":{"Dur\u00e9e de lecture estim\u00e9e":"1 minute"},"schema":{"@context":"https:\/\/schema.org","@graph":[{"@type":"WebPage","@id":"https:\/\/www.groupepayant.fr\/webshop\/produit\/adaptateur-affleurant-la15fc30-volvo\/","url":"https:\/\/www.groupepayant.fr\/webshop\/produit\/adaptateur-affleurant-la15fc30-volvo\/","name":"Adaptateur affleurant LA15FC30 Volvo - WEBSHOP Groupe PAYANT","isPartOf":{"@id":"https:\/\/www.groupepayant.fr\/webshop\/#website"},"primaryImageOfPage":{"@id":"https:\/\/www.groupepayant.fr\/webshop\/produit\/adaptateur-affleurant-la15fc30-volvo\/#primaryimage"},"image":{"@id":"https:\/\/www.groupepayant.fr\/webshop\/produit\/adaptateur-affleurant-la15fc30-volvo\/#primaryimage"},"thumbnailUrl":"https:\/\/www.groupepayant.fr\/webshop\/wp-content\/uploads\/2018\/06\/adaptateur-LA15FC30-montes-a-fleur-FC-volvo.jpg","datePublished":"2018-06-29T08:34:20+00:00","dateModified":"2026-01-15T13:11:43+00:00","breadcrumb":{"@id":"https:\/\/www.groupepayant.fr\/webshop\/produit\/adaptateur-affleurant-la15fc30-volvo\/#breadcrumb"},"inLanguage":"fr-FR","potentialAction":[{"@type":"ReadAction","target":["https:\/\/www.groupepayant.fr\/webshop\/produit\/adaptateur-affleurant-la15fc30-volvo\/"]}]},{"@type":"ImageObject","inLanguage":"fr-FR","@id":"https:\/\/www.groupepayant.fr\/webshop\/produit\/adaptateur-affleurant-la15fc30-volvo\/#primaryimage","url":"https:\/\/www.groupepayant.fr\/webshop\/wp-content\/uploads\/2018\/06\/adaptateur-LA15FC30-montes-a-fleur-FC-volvo.jpg","contentUrl":"https:\/\/www.groupepayant.fr\/webshop\/wp-content\/uploads\/2018\/06\/adaptateur-LA15FC30-montes-a-fleur-FC-volvo.jpg","width":600,"height":600,"caption":"Adaptateur affleurant LA15FC30 Volvo"},{"@type":"BreadcrumbList","@id":"https:\/\/www.groupepayant.fr\/webshop\/produit\/adaptateur-affleurant-la15fc30-volvo\/#breadcrumb","itemListElement":[{"@type":"ListItem","position":1,"name":"Accueil","item":"https:\/\/www.groupepayant.fr\/webshop\/"},{"@type":"ListItem","position":2,"name":"Webshop","item":"https:\/\/www.groupepayant.fr\/webshop\/shop\/"},{"@type":"ListItem","position":3,"name":"Adaptateur affleurant LA15FC30 Volvo"}]},{"@type":"WebSite","@id":"https:\/\/www.groupepayant.fr\/webshop\/#website","url":"https:\/\/www.groupepayant.fr\/webshop\/","name":"WEBSHOP Groupe PAYANT","description":"","publisher":{"@id":"https:\/\/www.groupepayant.fr\/webshop\/#organization"},"potentialAction":[{"@type":"SearchAction","target":{"@type":"EntryPoint","urlTemplate":"https:\/\/www.groupepayant.fr\/webshop\/?s={search_term_string}"},"query-input":{"@type":"PropertyValueSpecification","valueRequired":true,"valueName":"search_term_string"}}],"inLanguage":"fr-FR"},{"@type":"Organization","@id":"https:\/\/www.groupepayant.fr\/webshop\/#organization","name":"Webshop Groupe PAYANT","url":"https:\/\/www.groupepayant.fr\/webshop\/","logo":{"@type":"ImageObject","inLanguage":"fr-FR","@id":"https:\/\/www.groupepayant.fr\/webshop\/#\/schema\/logo\/image\/","url":"","contentUrl":"","caption":"Webshop Groupe PAYANT"},"image":{"@id":"https:\/\/www.groupepayant.fr\/webshop\/#\/schema\/logo\/image\/"},"sameAs":["https:\/\/www.facebook.com\/GroupePayant\/","https:\/\/www.linkedin.com\/company\/groupe-payant\/","https:\/\/www.youtube.com\/c\/GroupePAYANT","https:\/\/www.instagram.com\/groupepayant\/"]}]}},"builder_content":"<h2 style=\"margin-bottom: 0px; text-align: left;\">BESOIN D'AUTRES PI\u00c8CES&nbsp;?<\/h2>\n<p style=\"margin-bottom: 10px; text-align: center;\"><strong>Vous n'avez pas trouv\u00e9 la pi\u00e8ce qu'il vous faut sur notre webshop&nbsp;? Nous avons de nombreuses r\u00e9f\u00e9rences en stock, n'h\u00e9sitez pas \u00e0 nous contacter&nbsp;!<\/strong><\/p>\n<a href=\"https:\/\/www.groupepayant.fr\/service-magasins-pieces\/\" > Contacter un magasin <em><svg aria-hidden=\"true\"><use href=\"#tf-fas-arrow-right\"><\/use><\/svg><\/em> <\/a>\n<a href=\"https:\/\/www.groupepayant.fr\/service-magasins-pieces\/\"> <img src=\"https:\/\/www.groupepayant.fr\/webshop\/wp-content\/uploads\/2026\/01\/service-magasin-groupe-payant.webp\" title=\"Service magasins\/pi\u00e8ces - Groupe PAYANT\" alt=\"Service magasins\/pi\u00e8ces - Groupe PAYANT\" srcset=\"https:\/\/www.groupepayant.fr\/webshop\/wp-content\/uploads\/2026\/01\/service-magasin-groupe-payant.webp 1920w, https:\/\/www.groupepayant.fr\/webshop\/wp-content\/uploads\/2026\/01\/service-magasin-groupe-payant-300x94.webp 300w, https:\/\/www.groupepayant.fr\/webshop\/wp-content\/uploads\/2026\/01\/service-magasin-groupe-payant-1024x320.webp 1024w, https:\/\/www.groupepayant.fr\/webshop\/wp-content\/uploads\/2026\/01\/service-magasin-groupe-payant-768x240.webp 768w, https:\/\/www.groupepayant.fr\/webshop\/wp-content\/uploads\/2026\/01\/service-magasin-groupe-payant-1536x480.webp 1536w\" sizes=\"(max-width: 1920px) 100vw, 1920px\" \/> <\/a>","_links":{"self":[{"href":"https:\/\/www.groupepayant.fr\/webshop\/wp-json\/wp\/v2\/product\/10364","targetHints":{"allow":["GET"]}}],"collection":[{"href":"https:\/\/www.groupepayant.fr\/webshop\/wp-json\/wp\/v2\/product"}],"about":[{"href":"https:\/\/www.groupepayant.fr\/webshop\/wp-json\/wp\/v2\/types\/product"}],"replies":[{"embeddable":true,"href":"https:\/\/www.groupepayant.fr\/webshop\/wp-json\/wp\/v2\/comments?post=10364"}],"wp:featuredmedia":[{"embeddable":true,"href":"https:\/\/www.groupepayant.fr\/webshop\/wp-json\/wp\/v2\/media\/19616"}],"wp:attachment":[{"href":"https:\/\/www.groupepayant.fr\/webshop\/wp-json\/wp\/v2\/media?parent=10364"}],"wp:term":[{"taxonomy":"product_brand","embeddable":true,"href":"https:\/\/www.groupepayant.fr\/webshop\/wp-json\/wp\/v2\/product_brand?post=10364"},{"taxonomy":"product_cat","embeddable":true,"href":"https:\/\/www.groupepayant.fr\/webshop\/wp-json\/wp\/v2\/product_cat?post=10364"},{"taxonomy":"product_tag","embeddable":true,"href":"https:\/\/www.groupepayant.fr\/webshop\/wp-json\/wp\/v2\/product_tag?post=10364"}],"curies":[{"name":"wp","href":"https:\/\/api.w.org\/{rel}","templated":true}]}}