{"id":14194,"date":"2020-03-04T16:07:45","date_gmt":"2020-03-04T15:07:45","guid":{"rendered":"https:\/\/www.groupepayant.fr\/webshop\/?post_type=product&#038;p=14194"},"modified":"2026-02-13T10:36:45","modified_gmt":"2026-02-13T09:36:45","slug":"veste-technique-hiver-pro-metso","status":"publish","type":"product","link":"https:\/\/www.groupepayant.fr\/webshop\/produit\/veste-technique-hiver-pro-metso\/","title":{"rendered":"Veste Technique Hiver PRO Metso"},"content":{"rendered":"","protected":false},"excerpt":{"rendered":"<p>Veste softshell 3 couches fonctionnelles coupe-vent et d\u00e9perlante. Doublure matelass\u00e9e. Deux poches poitrine, avec poche int\u00e9rieure gauche  pour t\u00e9l\u00e9phone. Porte-carte d&rsquo;identit\u00e9. Deux poches int\u00e9rieures avec fermeture \u00e9clair, une plus grande pour les documents, etc. Deux poches lat\u00e9rales. Poche manche sur le bras gauche. Poche int\u00e9rieure sur le c\u00f4t\u00e9 gauche avec ouverture mains libres. Fermetures \u00e9clair de ventilation sous les aisselles. Taille avec cordon de serrage. Poignets r\u00e9glables. Panneau arri\u00e8re allong\u00e9 pour un meilleur confort. Trait r\u00e9fl\u00e9chissant sur les manches et le dos. Capuche amovible et r\u00e9glable. Col doubl\u00e9 en polaire et poches lat\u00e9rales pour un meilleur confort.<\/p>\n<p>Logo Metso imprim\u00e9 sur la poitrine gauche.<\/p>\n","protected":false},"featured_media":26137,"comment_status":"closed","ping_status":"closed","template":"","meta":{"_monsterinsights_skip_tracking":false,"_monsterinsights_sitenote_active":false,"_monsterinsights_sitenote_note":"","_monsterinsights_sitenote_category":0},"product_brand":[1710],"product_cat":[266,269,691],"product_tag":[199,903,902,901,900],"class_list":{"0":"post-14194","1":"product","2":"type-product","3":"status-publish","4":"has-post-thumbnail","6":"product_brand-metso","7":"product_cat-merchandising","8":"product_cat-textiles","9":"product_cat-textiles-metso","10":"product_tag-veste","11":"product_tag-veste-technique","12":"product_tag-veste-technique-hiver","13":"product_tag-veste-technique-hiver-professionnelle","14":"product_tag-veste-technique-hiver-professionnelle-metso","16":"first","17":"instock","18":"taxable","19":"shipping-taxable","20":"purchasable","21":"product-type-variable"},"yoast_head":"<!-- This site is optimized with the Yoast SEO plugin v27.1.1 - https:\/\/yoast.com\/product\/yoast-seo-wordpress\/ -->\n<title>Veste Technique Hiver PRO Metso - WEBSHOP Groupe PAYANT<\/title>\n<meta name=\"robots\" content=\"index, follow, max-snippet:-1, max-image-preview:large, max-video-preview:-1\" \/>\n<link rel=\"canonical\" href=\"https:\/\/www.groupepayant.fr\/webshop\/produit\/veste-technique-hiver-pro-metso\/\" \/>\n<meta property=\"og:locale\" content=\"fr_FR\" \/>\n<meta property=\"og:type\" content=\"article\" \/>\n<meta property=\"og:title\" content=\"Veste Technique Hiver PRO Metso - WEBSHOP Groupe PAYANT\" \/>\n<meta property=\"og:description\" content=\"Veste softshell 3 couches fonctionnelles coupe-vent et d\u00e9perlante. Doublure matelass\u00e9e. Deux poches poitrine, avec poche int\u00e9rieure gauche pour t\u00e9l\u00e9phone. Porte-carte d&#039;identit\u00e9. Deux poches int\u00e9rieures avec fermeture \u00e9clair, une plus grande pour les documents, etc. Deux poches lat\u00e9rales. Poche manche sur le bras gauche. Poche int\u00e9rieure sur le c\u00f4t\u00e9 gauche avec ouverture mains libres. Fermetures \u00e9clair de ventilation sous les aisselles. Taille avec cordon de serrage. Poignets r\u00e9glables. Panneau arri\u00e8re allong\u00e9 pour un meilleur confort. Trait r\u00e9fl\u00e9chissant sur les manches et le dos. Capuche amovible et r\u00e9glable. Col doubl\u00e9 en polaire et poches lat\u00e9rales pour un meilleur confort.   Logo Metso imprim\u00e9 sur la poitrine gauche.\" \/>\n<meta property=\"og:url\" content=\"https:\/\/www.groupepayant.fr\/webshop\/produit\/veste-technique-hiver-pro-metso\/\" \/>\n<meta property=\"og:site_name\" content=\"WEBSHOP Groupe PAYANT\" \/>\n<meta property=\"article:publisher\" content=\"https:\/\/www.facebook.com\/GroupePayant\/\" \/>\n<meta property=\"article:modified_time\" content=\"2026-02-13T09:36:45+00:00\" \/>\n<meta property=\"og:image\" content=\"https:\/\/www.groupepayant.fr\/webshop\/wp-content\/uploads\/2020\/03\/IF-4183-veste-technique-hiver-professionnelle-metso-1.jpg\" \/>\n\t<meta property=\"og:image:width\" content=\"600\" \/>\n\t<meta property=\"og:image:height\" content=\"600\" \/>\n\t<meta property=\"og:image:type\" content=\"image\/jpeg\" \/>\n<meta name=\"twitter:card\" content=\"summary_large_image\" \/>\n<meta name=\"twitter:label1\" content=\"Dur\u00e9e de lecture estim\u00e9e\" \/>\n\t<meta name=\"twitter:data1\" content=\"1 minute\" \/>\n<script type=\"application\/ld+json\" class=\"yoast-schema-graph\">{\"@context\":\"https:\/\/schema.org\",\"@graph\":[{\"@type\":\"WebPage\",\"@id\":\"https:\/\/www.groupepayant.fr\/webshop\/produit\/veste-technique-hiver-pro-metso\/\",\"url\":\"https:\/\/www.groupepayant.fr\/webshop\/produit\/veste-technique-hiver-pro-metso\/\",\"name\":\"Veste Technique Hiver PRO Metso - WEBSHOP Groupe PAYANT\",\"isPartOf\":{\"@id\":\"https:\/\/www.groupepayant.fr\/webshop\/#website\"},\"primaryImageOfPage\":{\"@id\":\"https:\/\/www.groupepayant.fr\/webshop\/produit\/veste-technique-hiver-pro-metso\/#primaryimage\"},\"image\":{\"@id\":\"https:\/\/www.groupepayant.fr\/webshop\/produit\/veste-technique-hiver-pro-metso\/#primaryimage\"},\"thumbnailUrl\":\"https:\/\/www.groupepayant.fr\/webshop\/wp-content\/uploads\/2020\/03\/IF-4183-veste-technique-hiver-professionnelle-metso-1.jpg\",\"datePublished\":\"2020-03-04T15:07:45+00:00\",\"dateModified\":\"2026-02-13T09:36:45+00:00\",\"breadcrumb\":{\"@id\":\"https:\/\/www.groupepayant.fr\/webshop\/produit\/veste-technique-hiver-pro-metso\/#breadcrumb\"},\"inLanguage\":\"fr-FR\",\"potentialAction\":[{\"@type\":\"ReadAction\",\"target\":[\"https:\/\/www.groupepayant.fr\/webshop\/produit\/veste-technique-hiver-pro-metso\/\"]}]},{\"@type\":\"ImageObject\",\"inLanguage\":\"fr-FR\",\"@id\":\"https:\/\/www.groupepayant.fr\/webshop\/produit\/veste-technique-hiver-pro-metso\/#primaryimage\",\"url\":\"https:\/\/www.groupepayant.fr\/webshop\/wp-content\/uploads\/2020\/03\/IF-4183-veste-technique-hiver-professionnelle-metso-1.jpg\",\"contentUrl\":\"https:\/\/www.groupepayant.fr\/webshop\/wp-content\/uploads\/2020\/03\/IF-4183-veste-technique-hiver-professionnelle-metso-1.jpg\",\"width\":600,\"height\":600,\"caption\":\"Veste technique hiver professionnelle METSO\"},{\"@type\":\"BreadcrumbList\",\"@id\":\"https:\/\/www.groupepayant.fr\/webshop\/produit\/veste-technique-hiver-pro-metso\/#breadcrumb\",\"itemListElement\":[{\"@type\":\"ListItem\",\"position\":1,\"name\":\"Accueil\",\"item\":\"https:\/\/www.groupepayant.fr\/webshop\/\"},{\"@type\":\"ListItem\",\"position\":2,\"name\":\"Webshop\",\"item\":\"https:\/\/www.groupepayant.fr\/webshop\/shop\/\"},{\"@type\":\"ListItem\",\"position\":3,\"name\":\"Veste Technique Hiver PRO Metso\"}]},{\"@type\":\"WebSite\",\"@id\":\"https:\/\/www.groupepayant.fr\/webshop\/#website\",\"url\":\"https:\/\/www.groupepayant.fr\/webshop\/\",\"name\":\"WEBSHOP Groupe PAYANT\",\"description\":\"\",\"publisher\":{\"@id\":\"https:\/\/www.groupepayant.fr\/webshop\/#organization\"},\"potentialAction\":[{\"@type\":\"SearchAction\",\"target\":{\"@type\":\"EntryPoint\",\"urlTemplate\":\"https:\/\/www.groupepayant.fr\/webshop\/?s={search_term_string}\"},\"query-input\":{\"@type\":\"PropertyValueSpecification\",\"valueRequired\":true,\"valueName\":\"search_term_string\"}}],\"inLanguage\":\"fr-FR\"},{\"@type\":\"Organization\",\"@id\":\"https:\/\/www.groupepayant.fr\/webshop\/#organization\",\"name\":\"Webshop Groupe PAYANT\",\"url\":\"https:\/\/www.groupepayant.fr\/webshop\/\",\"logo\":{\"@type\":\"ImageObject\",\"inLanguage\":\"fr-FR\",\"@id\":\"https:\/\/www.groupepayant.fr\/webshop\/#\/schema\/logo\/image\/\",\"url\":\"\",\"contentUrl\":\"\",\"caption\":\"Webshop Groupe PAYANT\"},\"image\":{\"@id\":\"https:\/\/www.groupepayant.fr\/webshop\/#\/schema\/logo\/image\/\"},\"sameAs\":[\"https:\/\/www.facebook.com\/GroupePayant\/\",\"https:\/\/www.linkedin.com\/company\/groupe-payant\/\",\"https:\/\/www.youtube.com\/c\/GroupePAYANT\",\"https:\/\/www.instagram.com\/groupepayant\/\"]}]}<\/script>\n<!-- \/ Yoast SEO plugin. -->","yoast_head_json":{"title":"Veste Technique Hiver PRO Metso - WEBSHOP Groupe PAYANT","robots":{"index":"index","follow":"follow","max-snippet":"max-snippet:-1","max-image-preview":"max-image-preview:large","max-video-preview":"max-video-preview:-1"},"canonical":"https:\/\/www.groupepayant.fr\/webshop\/produit\/veste-technique-hiver-pro-metso\/","og_locale":"fr_FR","og_type":"article","og_title":"Veste Technique Hiver PRO Metso - WEBSHOP Groupe PAYANT","og_description":"Veste softshell 3 couches fonctionnelles coupe-vent et d\u00e9perlante. Doublure matelass\u00e9e. Deux poches poitrine, avec poche int\u00e9rieure gauche pour t\u00e9l\u00e9phone. Porte-carte d'identit\u00e9. Deux poches int\u00e9rieures avec fermeture \u00e9clair, une plus grande pour les documents, etc. Deux poches lat\u00e9rales. Poche manche sur le bras gauche. Poche int\u00e9rieure sur le c\u00f4t\u00e9 gauche avec ouverture mains libres. Fermetures \u00e9clair de ventilation sous les aisselles. Taille avec cordon de serrage. Poignets r\u00e9glables. Panneau arri\u00e8re allong\u00e9 pour un meilleur confort. Trait r\u00e9fl\u00e9chissant sur les manches et le dos. Capuche amovible et r\u00e9glable. Col doubl\u00e9 en polaire et poches lat\u00e9rales pour un meilleur confort.   Logo Metso imprim\u00e9 sur la poitrine gauche.","og_url":"https:\/\/www.groupepayant.fr\/webshop\/produit\/veste-technique-hiver-pro-metso\/","og_site_name":"WEBSHOP Groupe PAYANT","article_publisher":"https:\/\/www.facebook.com\/GroupePayant\/","article_modified_time":"2026-02-13T09:36:45+00:00","og_image":[{"width":600,"height":600,"url":"https:\/\/www.groupepayant.fr\/webshop\/wp-content\/uploads\/2020\/03\/IF-4183-veste-technique-hiver-professionnelle-metso-1.jpg","type":"image\/jpeg"}],"twitter_card":"summary_large_image","twitter_misc":{"Dur\u00e9e de lecture estim\u00e9e":"1 minute"},"schema":{"@context":"https:\/\/schema.org","@graph":[{"@type":"WebPage","@id":"https:\/\/www.groupepayant.fr\/webshop\/produit\/veste-technique-hiver-pro-metso\/","url":"https:\/\/www.groupepayant.fr\/webshop\/produit\/veste-technique-hiver-pro-metso\/","name":"Veste Technique Hiver PRO Metso - WEBSHOP Groupe PAYANT","isPartOf":{"@id":"https:\/\/www.groupepayant.fr\/webshop\/#website"},"primaryImageOfPage":{"@id":"https:\/\/www.groupepayant.fr\/webshop\/produit\/veste-technique-hiver-pro-metso\/#primaryimage"},"image":{"@id":"https:\/\/www.groupepayant.fr\/webshop\/produit\/veste-technique-hiver-pro-metso\/#primaryimage"},"thumbnailUrl":"https:\/\/www.groupepayant.fr\/webshop\/wp-content\/uploads\/2020\/03\/IF-4183-veste-technique-hiver-professionnelle-metso-1.jpg","datePublished":"2020-03-04T15:07:45+00:00","dateModified":"2026-02-13T09:36:45+00:00","breadcrumb":{"@id":"https:\/\/www.groupepayant.fr\/webshop\/produit\/veste-technique-hiver-pro-metso\/#breadcrumb"},"inLanguage":"fr-FR","potentialAction":[{"@type":"ReadAction","target":["https:\/\/www.groupepayant.fr\/webshop\/produit\/veste-technique-hiver-pro-metso\/"]}]},{"@type":"ImageObject","inLanguage":"fr-FR","@id":"https:\/\/www.groupepayant.fr\/webshop\/produit\/veste-technique-hiver-pro-metso\/#primaryimage","url":"https:\/\/www.groupepayant.fr\/webshop\/wp-content\/uploads\/2020\/03\/IF-4183-veste-technique-hiver-professionnelle-metso-1.jpg","contentUrl":"https:\/\/www.groupepayant.fr\/webshop\/wp-content\/uploads\/2020\/03\/IF-4183-veste-technique-hiver-professionnelle-metso-1.jpg","width":600,"height":600,"caption":"Veste technique hiver professionnelle METSO"},{"@type":"BreadcrumbList","@id":"https:\/\/www.groupepayant.fr\/webshop\/produit\/veste-technique-hiver-pro-metso\/#breadcrumb","itemListElement":[{"@type":"ListItem","position":1,"name":"Accueil","item":"https:\/\/www.groupepayant.fr\/webshop\/"},{"@type":"ListItem","position":2,"name":"Webshop","item":"https:\/\/www.groupepayant.fr\/webshop\/shop\/"},{"@type":"ListItem","position":3,"name":"Veste Technique Hiver PRO Metso"}]},{"@type":"WebSite","@id":"https:\/\/www.groupepayant.fr\/webshop\/#website","url":"https:\/\/www.groupepayant.fr\/webshop\/","name":"WEBSHOP Groupe PAYANT","description":"","publisher":{"@id":"https:\/\/www.groupepayant.fr\/webshop\/#organization"},"potentialAction":[{"@type":"SearchAction","target":{"@type":"EntryPoint","urlTemplate":"https:\/\/www.groupepayant.fr\/webshop\/?s={search_term_string}"},"query-input":{"@type":"PropertyValueSpecification","valueRequired":true,"valueName":"search_term_string"}}],"inLanguage":"fr-FR"},{"@type":"Organization","@id":"https:\/\/www.groupepayant.fr\/webshop\/#organization","name":"Webshop Groupe PAYANT","url":"https:\/\/www.groupepayant.fr\/webshop\/","logo":{"@type":"ImageObject","inLanguage":"fr-FR","@id":"https:\/\/www.groupepayant.fr\/webshop\/#\/schema\/logo\/image\/","url":"","contentUrl":"","caption":"Webshop Groupe PAYANT"},"image":{"@id":"https:\/\/www.groupepayant.fr\/webshop\/#\/schema\/logo\/image\/"},"sameAs":["https:\/\/www.facebook.com\/GroupePayant\/","https:\/\/www.linkedin.com\/company\/groupe-payant\/","https:\/\/www.youtube.com\/c\/GroupePAYANT","https:\/\/www.instagram.com\/groupepayant\/"]}]}},"builder_content":"","_links":{"self":[{"href":"https:\/\/www.groupepayant.fr\/webshop\/wp-json\/wp\/v2\/product\/14194","targetHints":{"allow":["GET"]}}],"collection":[{"href":"https:\/\/www.groupepayant.fr\/webshop\/wp-json\/wp\/v2\/product"}],"about":[{"href":"https:\/\/www.groupepayant.fr\/webshop\/wp-json\/wp\/v2\/types\/product"}],"replies":[{"embeddable":true,"href":"https:\/\/www.groupepayant.fr\/webshop\/wp-json\/wp\/v2\/comments?post=14194"}],"wp:featuredmedia":[{"embeddable":true,"href":"https:\/\/www.groupepayant.fr\/webshop\/wp-json\/wp\/v2\/media\/26137"}],"wp:attachment":[{"href":"https:\/\/www.groupepayant.fr\/webshop\/wp-json\/wp\/v2\/media?parent=14194"}],"wp:term":[{"taxonomy":"product_brand","embeddable":true,"href":"https:\/\/www.groupepayant.fr\/webshop\/wp-json\/wp\/v2\/product_brand?post=14194"},{"taxonomy":"product_cat","embeddable":true,"href":"https:\/\/www.groupepayant.fr\/webshop\/wp-json\/wp\/v2\/product_cat?post=14194"},{"taxonomy":"product_tag","embeddable":true,"href":"https:\/\/www.groupepayant.fr\/webshop\/wp-json\/wp\/v2\/product_tag?post=14194"}],"curies":[{"name":"wp","href":"https:\/\/api.w.org\/{rel}","templated":true}]}}