{"id":14534,"date":"2020-08-26T17:49:05","date_gmt":"2020-08-26T15:49:05","guid":{"rendered":"https:\/\/www.groupepayant.fr\/webshop\/?post_type=product&#038;p=14534"},"modified":"2026-01-15T14:42:03","modified_gmt":"2026-01-15T13:42:03","slug":"liquide-de-refroidissement-total-coolelf-supra-perm-37","status":"publish","type":"product","link":"https:\/\/www.groupepayant.fr\/webshop\/produit\/liquide-de-refroidissement-total-coolelf-supra-perm-37\/","title":{"rendered":"Liquide de refroidissement TOTAL Coolelf supra perm -37"},"content":{"rendered":"<!--themify_builder_content-->\n<div id=\"themify_builder_content-14534\" data-postid=\"14534\" class=\"themify_builder_content themify_builder_content-14534 themify_builder tf_clear\">\n                    <div  data-css_id=\"tflg153\" data-lazy=\"1\" class=\"module_row themify_builder_row fullwidth tb_tflg153 tb_first tf_w\">\n                        <div class=\"row_inner col_align_top tb_col_count_1 tf_box tf_rel\">\n                        <div  data-lazy=\"1\" class=\"module_column tb-column col-full tb_k6bz153 first\">\n                    <!-- module text -->\n<div  class=\"module module-text tb_sdf4153   \" data-lazy=\"1\">\n        <div  class=\"tb_text_wrap\">\n        <h2 style=\"margin-bottom: 0px; text-align: left;\">BESOIN D&rsquo;AUTRES PI\u00c8CES&nbsp;?<\/h2>\n    <\/div>\n<\/div>\n<!-- \/module text -->        <div  data-lazy=\"1\" class=\"module_subrow themify_builder_sub_row tf_w col_align_top tb_col_count_1 tb_id47153\">\n                <div  data-lazy=\"1\" class=\"module_column sub_column col-full tb_htj6153 first\">\n                    <!-- module text -->\n<div  class=\"module module-text tb_gd0q153   \" data-lazy=\"1\">\n        <div  class=\"tb_text_wrap\">\n        <p style=\"margin-bottom: 10px; text-align: center;\"><strong>Vous n&rsquo;avez pas trouv\u00e9 la pi\u00e8ce qu&rsquo;il vous faut sur notre webshop&nbsp;? Nous avons de nombreuses r\u00e9f\u00e9rences en stock, n&rsquo;h\u00e9sitez pas \u00e0 nous contacter&nbsp;!<\/strong><\/p>\n    <\/div>\n<\/div>\n<!-- \/module text --><!-- module buttons -->\n<div  class=\"module module-buttons tb_25s9153 buttons-horizontal solid  large squared\" data-lazy=\"1\">\n        <div class=\"module-buttons-item tf_in_flx\">\n                        <a href=\"https:\/\/www.groupepayant.fr\/service-magasins-pieces\/\" class=\"ui builder_button tf_in_flx purple\" >\n                                                Contacter un magasin                                        <em><svg  class=\"tf_fa tf-fas-arrow-right\" aria-hidden=\"true\"><use href=\"#tf-fas-arrow-right\"><\/use><\/svg><\/em>                            <\/a>\n                <\/div>\n            <\/div>\n<!-- \/module buttons -->\n<!-- module image -->\n<div  class=\"module module-image tb_ztyy153 image-center   tf_mw\" data-lazy=\"1\">\n        <div class=\"image-wrap tf_rel tf_mw\">\n            <a href=\"https:\/\/www.groupepayant.fr\/service-magasins-pieces\/\">\n                   <img loading=\"lazy\" decoding=\"async\" width=\"1920\" height=\"600\" src=\"https:\/\/www.groupepayant.fr\/webshop\/wp-content\/uploads\/2026\/01\/service-magasin-groupe-payant.webp\" class=\"wp-post-image wp-image-26080\" title=\"Service magasins\/pi\u00e8ces - Groupe PAYANT\" alt=\"Service magasins\/pi\u00e8ces - Groupe PAYANT\" srcset=\"https:\/\/www.groupepayant.fr\/webshop\/wp-content\/uploads\/2026\/01\/service-magasin-groupe-payant.webp 1920w, https:\/\/www.groupepayant.fr\/webshop\/wp-content\/uploads\/2026\/01\/service-magasin-groupe-payant-300x94.webp 300w, https:\/\/www.groupepayant.fr\/webshop\/wp-content\/uploads\/2026\/01\/service-magasin-groupe-payant-1024x320.webp 1024w, https:\/\/www.groupepayant.fr\/webshop\/wp-content\/uploads\/2026\/01\/service-magasin-groupe-payant-768x240.webp 768w, https:\/\/www.groupepayant.fr\/webshop\/wp-content\/uploads\/2026\/01\/service-magasin-groupe-payant-1536x480.webp 1536w\" sizes=\"auto, (max-width: 1920px) 100vw, 1920px\" \/>        <\/a>\n    \n        <\/div>\n    <!-- \/image-wrap -->\n    \n        <\/div>\n<!-- \/module image -->        <\/div>\n                    <\/div>\n                <\/div>\n                        <\/div>\n        <\/div>\n        <\/div>\n<!--\/themify_builder_content-->","protected":false},"excerpt":{"rendered":"<h3>Sp\u00e9cial ENGINS DE TP &#8211; Bidon de 20L<\/h3>\n<p>COOLELF AUTO SUPRA PERM-37\u00b0C est un liquide de refroidissement \u00e0 tr\u00e8s longue dur\u00e9e \u00e0 base de mono \u00e9thyl\u00e8ne glycol et d&rsquo;inhibiteurs de corrosion organiques.<\/p>\n<ul>\n<li>Le liquide de refroidissement\u00a0 COOLELF SUPRA PERM-37\u00b0C est pr\u00e9conis\u00e9 pour <strong>tous les moteurs thermiques des engins de travaux publics et poids lourds.<\/strong><\/li>\n<li>COOLELF SUPRA PERM-37\u00b0C est le produit haut de gamme organique des liquides de refroidissement TOTAL<\/li>\n<\/ul>\n<p>Le Groupe PAYANT a fait le choix de travailler avec des produits de qualit\u00e9 r\u00e9pondant aux normes les plus exigeantes.<br \/>\nVous garantissez, gr\u00e2ce \u00e0 ces produits, le meilleur entretien possible pour vos mat\u00e9riels.<\/p>\n<p><strong>Voir les caract\u00e9ristiques : <a href=\"https:\/\/www.groupepayant.fr\/pdfs\/total\/Caracteristiques-COOLELF-AUTO-SUPRA-37.pdf\">Cliquer ici <\/a><\/strong><\/p>\n","protected":false},"featured_media":14576,"comment_status":"closed","ping_status":"closed","template":"","meta":{"_monsterinsights_skip_tracking":false,"_monsterinsights_sitenote_active":false,"_monsterinsights_sitenote_note":"","_monsterinsights_sitenote_category":0},"product_brand":[1729],"product_cat":[496,1139],"product_tag":[993,995,994,996],"class_list":{"0":"post-14534","1":"product","2":"type-product","3":"status-publish","4":"has-post-thumbnail","6":"product_brand-total","7":"product_cat-accessoires","8":"product_cat-liquides-et-additifs","9":"product_tag-liquide","10":"product_tag-liquide-de-refroidissement","11":"product_tag-refroidissement","12":"product_tag-total-coolelf-supra-perm-37","14":"first","15":"instock","16":"taxable","17":"shipping-taxable","18":"purchasable","19":"product-type-simple"},"yoast_head":"<!-- This site is optimized with the Yoast SEO plugin v26.9 - https:\/\/yoast.com\/product\/yoast-seo-wordpress\/ -->\n<title>Liquide de refroidissement TOTAL Coolelf supra perm -37 - WEBSHOP Groupe PAYANT<\/title>\n<meta name=\"robots\" content=\"index, follow, max-snippet:-1, max-image-preview:large, max-video-preview:-1\" \/>\n<link rel=\"canonical\" href=\"https:\/\/www.groupepayant.fr\/webshop\/produit\/liquide-de-refroidissement-total-coolelf-supra-perm-37\/\" \/>\n<meta property=\"og:locale\" content=\"fr_FR\" \/>\n<meta property=\"og:type\" content=\"article\" \/>\n<meta property=\"og:title\" content=\"Liquide de refroidissement TOTAL Coolelf supra perm -37 - WEBSHOP Groupe PAYANT\" \/>\n<meta property=\"og:description\" content=\"Sp\u00e9cial ENGINS DE TP - Bidon de 20L COOLELF AUTO SUPRA PERM-37\u00b0C est un liquide de refroidissement \u00e0 tr\u00e8s longue dur\u00e9e \u00e0 base de mono \u00e9thyl\u00e8ne glycol et d&#039;inhibiteurs de corrosion organiques.   Le liquide de refroidissement\u00a0 COOLELF SUPRA PERM-37\u00b0C est pr\u00e9conis\u00e9 pour tous les moteurs thermiques des engins de travaux publics et poids lourds.  COOLELF SUPRA PERM-37\u00b0C est le produit haut de gamme organique des liquides de refroidissement TOTAL  Le Groupe PAYANT a fait le choix de travailler avec des produits de qualit\u00e9 r\u00e9pondant aux normes les plus exigeantes. Vous garantissez, gr\u00e2ce \u00e0 ces produits, le meilleur entretien possible pour vos mat\u00e9riels.  Voir les caract\u00e9ristiques : Cliquer ici\" \/>\n<meta property=\"og:url\" content=\"https:\/\/www.groupepayant.fr\/webshop\/produit\/liquide-de-refroidissement-total-coolelf-supra-perm-37\/\" \/>\n<meta property=\"og:site_name\" content=\"WEBSHOP Groupe PAYANT\" \/>\n<meta property=\"article:publisher\" content=\"https:\/\/www.facebook.com\/GroupePayant\/\" \/>\n<meta property=\"article:modified_time\" content=\"2026-01-15T13:42:03+00:00\" \/>\n<meta property=\"og:image\" content=\"https:\/\/www.groupepayant.fr\/webshop\/wp-content\/uploads\/2020\/08\/Liquide-de-refroidissement-Total-Coolelf-Supra-perm-37.jpg\" \/>\n\t<meta property=\"og:image:width\" content=\"600\" \/>\n\t<meta property=\"og:image:height\" content=\"600\" \/>\n\t<meta property=\"og:image:type\" content=\"image\/jpeg\" \/>\n<meta name=\"twitter:card\" content=\"summary_large_image\" \/>\n<meta name=\"twitter:label1\" content=\"Dur\u00e9e de lecture estim\u00e9e\" \/>\n\t<meta name=\"twitter:data1\" content=\"1 minute\" \/>\n<script type=\"application\/ld+json\" class=\"yoast-schema-graph\">{\"@context\":\"https:\/\/schema.org\",\"@graph\":[{\"@type\":\"WebPage\",\"@id\":\"https:\/\/www.groupepayant.fr\/webshop\/produit\/liquide-de-refroidissement-total-coolelf-supra-perm-37\/\",\"url\":\"https:\/\/www.groupepayant.fr\/webshop\/produit\/liquide-de-refroidissement-total-coolelf-supra-perm-37\/\",\"name\":\"Liquide de refroidissement TOTAL Coolelf supra perm -37 - WEBSHOP Groupe PAYANT\",\"isPartOf\":{\"@id\":\"https:\/\/www.groupepayant.fr\/webshop\/#website\"},\"primaryImageOfPage\":{\"@id\":\"https:\/\/www.groupepayant.fr\/webshop\/produit\/liquide-de-refroidissement-total-coolelf-supra-perm-37\/#primaryimage\"},\"image\":{\"@id\":\"https:\/\/www.groupepayant.fr\/webshop\/produit\/liquide-de-refroidissement-total-coolelf-supra-perm-37\/#primaryimage\"},\"thumbnailUrl\":\"https:\/\/www.groupepayant.fr\/webshop\/wp-content\/uploads\/2020\/08\/Liquide-de-refroidissement-Total-Coolelf-Supra-perm-37.jpg\",\"datePublished\":\"2020-08-26T15:49:05+00:00\",\"dateModified\":\"2026-01-15T13:42:03+00:00\",\"breadcrumb\":{\"@id\":\"https:\/\/www.groupepayant.fr\/webshop\/produit\/liquide-de-refroidissement-total-coolelf-supra-perm-37\/#breadcrumb\"},\"inLanguage\":\"fr-FR\",\"potentialAction\":[{\"@type\":\"ReadAction\",\"target\":[\"https:\/\/www.groupepayant.fr\/webshop\/produit\/liquide-de-refroidissement-total-coolelf-supra-perm-37\/\"]}]},{\"@type\":\"ImageObject\",\"inLanguage\":\"fr-FR\",\"@id\":\"https:\/\/www.groupepayant.fr\/webshop\/produit\/liquide-de-refroidissement-total-coolelf-supra-perm-37\/#primaryimage\",\"url\":\"https:\/\/www.groupepayant.fr\/webshop\/wp-content\/uploads\/2020\/08\/Liquide-de-refroidissement-Total-Coolelf-Supra-perm-37.jpg\",\"contentUrl\":\"https:\/\/www.groupepayant.fr\/webshop\/wp-content\/uploads\/2020\/08\/Liquide-de-refroidissement-Total-Coolelf-Supra-perm-37.jpg\",\"width\":600,\"height\":600,\"caption\":\"Liquide de refroidissement Total Coolelf Supra perm 37\"},{\"@type\":\"BreadcrumbList\",\"@id\":\"https:\/\/www.groupepayant.fr\/webshop\/produit\/liquide-de-refroidissement-total-coolelf-supra-perm-37\/#breadcrumb\",\"itemListElement\":[{\"@type\":\"ListItem\",\"position\":1,\"name\":\"Accueil\",\"item\":\"https:\/\/www.groupepayant.fr\/webshop\/\"},{\"@type\":\"ListItem\",\"position\":2,\"name\":\"Webshop\",\"item\":\"https:\/\/www.groupepayant.fr\/webshop\/shop\/\"},{\"@type\":\"ListItem\",\"position\":3,\"name\":\"Liquide de refroidissement TOTAL Coolelf supra perm -37\"}]},{\"@type\":\"WebSite\",\"@id\":\"https:\/\/www.groupepayant.fr\/webshop\/#website\",\"url\":\"https:\/\/www.groupepayant.fr\/webshop\/\",\"name\":\"WEBSHOP Groupe PAYANT\",\"description\":\"\",\"publisher\":{\"@id\":\"https:\/\/www.groupepayant.fr\/webshop\/#organization\"},\"potentialAction\":[{\"@type\":\"SearchAction\",\"target\":{\"@type\":\"EntryPoint\",\"urlTemplate\":\"https:\/\/www.groupepayant.fr\/webshop\/?s={search_term_string}\"},\"query-input\":{\"@type\":\"PropertyValueSpecification\",\"valueRequired\":true,\"valueName\":\"search_term_string\"}}],\"inLanguage\":\"fr-FR\"},{\"@type\":\"Organization\",\"@id\":\"https:\/\/www.groupepayant.fr\/webshop\/#organization\",\"name\":\"Webshop Groupe PAYANT\",\"url\":\"https:\/\/www.groupepayant.fr\/webshop\/\",\"logo\":{\"@type\":\"ImageObject\",\"inLanguage\":\"fr-FR\",\"@id\":\"https:\/\/www.groupepayant.fr\/webshop\/#\/schema\/logo\/image\/\",\"url\":\"\",\"contentUrl\":\"\",\"caption\":\"Webshop Groupe PAYANT\"},\"image\":{\"@id\":\"https:\/\/www.groupepayant.fr\/webshop\/#\/schema\/logo\/image\/\"},\"sameAs\":[\"https:\/\/www.facebook.com\/GroupePayant\/\",\"https:\/\/www.linkedin.com\/company\/groupe-payant\/\",\"https:\/\/www.youtube.com\/c\/GroupePAYANT\",\"https:\/\/www.instagram.com\/groupepayant\/\"]}]}<\/script>\n<!-- \/ Yoast SEO plugin. -->","yoast_head_json":{"title":"Liquide de refroidissement TOTAL Coolelf supra perm -37 - WEBSHOP Groupe PAYANT","robots":{"index":"index","follow":"follow","max-snippet":"max-snippet:-1","max-image-preview":"max-image-preview:large","max-video-preview":"max-video-preview:-1"},"canonical":"https:\/\/www.groupepayant.fr\/webshop\/produit\/liquide-de-refroidissement-total-coolelf-supra-perm-37\/","og_locale":"fr_FR","og_type":"article","og_title":"Liquide de refroidissement TOTAL Coolelf supra perm -37 - WEBSHOP Groupe PAYANT","og_description":"Sp\u00e9cial ENGINS DE TP - Bidon de 20L COOLELF AUTO SUPRA PERM-37\u00b0C est un liquide de refroidissement \u00e0 tr\u00e8s longue dur\u00e9e \u00e0 base de mono \u00e9thyl\u00e8ne glycol et d'inhibiteurs de corrosion organiques.   Le liquide de refroidissement\u00a0 COOLELF SUPRA PERM-37\u00b0C est pr\u00e9conis\u00e9 pour tous les moteurs thermiques des engins de travaux publics et poids lourds.  COOLELF SUPRA PERM-37\u00b0C est le produit haut de gamme organique des liquides de refroidissement TOTAL  Le Groupe PAYANT a fait le choix de travailler avec des produits de qualit\u00e9 r\u00e9pondant aux normes les plus exigeantes. Vous garantissez, gr\u00e2ce \u00e0 ces produits, le meilleur entretien possible pour vos mat\u00e9riels.  Voir les caract\u00e9ristiques : Cliquer ici","og_url":"https:\/\/www.groupepayant.fr\/webshop\/produit\/liquide-de-refroidissement-total-coolelf-supra-perm-37\/","og_site_name":"WEBSHOP Groupe PAYANT","article_publisher":"https:\/\/www.facebook.com\/GroupePayant\/","article_modified_time":"2026-01-15T13:42:03+00:00","og_image":[{"width":600,"height":600,"url":"https:\/\/www.groupepayant.fr\/webshop\/wp-content\/uploads\/2020\/08\/Liquide-de-refroidissement-Total-Coolelf-Supra-perm-37.jpg","type":"image\/jpeg"}],"twitter_card":"summary_large_image","twitter_misc":{"Dur\u00e9e de lecture estim\u00e9e":"1 minute"},"schema":{"@context":"https:\/\/schema.org","@graph":[{"@type":"WebPage","@id":"https:\/\/www.groupepayant.fr\/webshop\/produit\/liquide-de-refroidissement-total-coolelf-supra-perm-37\/","url":"https:\/\/www.groupepayant.fr\/webshop\/produit\/liquide-de-refroidissement-total-coolelf-supra-perm-37\/","name":"Liquide de refroidissement TOTAL Coolelf supra perm -37 - WEBSHOP Groupe PAYANT","isPartOf":{"@id":"https:\/\/www.groupepayant.fr\/webshop\/#website"},"primaryImageOfPage":{"@id":"https:\/\/www.groupepayant.fr\/webshop\/produit\/liquide-de-refroidissement-total-coolelf-supra-perm-37\/#primaryimage"},"image":{"@id":"https:\/\/www.groupepayant.fr\/webshop\/produit\/liquide-de-refroidissement-total-coolelf-supra-perm-37\/#primaryimage"},"thumbnailUrl":"https:\/\/www.groupepayant.fr\/webshop\/wp-content\/uploads\/2020\/08\/Liquide-de-refroidissement-Total-Coolelf-Supra-perm-37.jpg","datePublished":"2020-08-26T15:49:05+00:00","dateModified":"2026-01-15T13:42:03+00:00","breadcrumb":{"@id":"https:\/\/www.groupepayant.fr\/webshop\/produit\/liquide-de-refroidissement-total-coolelf-supra-perm-37\/#breadcrumb"},"inLanguage":"fr-FR","potentialAction":[{"@type":"ReadAction","target":["https:\/\/www.groupepayant.fr\/webshop\/produit\/liquide-de-refroidissement-total-coolelf-supra-perm-37\/"]}]},{"@type":"ImageObject","inLanguage":"fr-FR","@id":"https:\/\/www.groupepayant.fr\/webshop\/produit\/liquide-de-refroidissement-total-coolelf-supra-perm-37\/#primaryimage","url":"https:\/\/www.groupepayant.fr\/webshop\/wp-content\/uploads\/2020\/08\/Liquide-de-refroidissement-Total-Coolelf-Supra-perm-37.jpg","contentUrl":"https:\/\/www.groupepayant.fr\/webshop\/wp-content\/uploads\/2020\/08\/Liquide-de-refroidissement-Total-Coolelf-Supra-perm-37.jpg","width":600,"height":600,"caption":"Liquide de refroidissement Total Coolelf Supra perm 37"},{"@type":"BreadcrumbList","@id":"https:\/\/www.groupepayant.fr\/webshop\/produit\/liquide-de-refroidissement-total-coolelf-supra-perm-37\/#breadcrumb","itemListElement":[{"@type":"ListItem","position":1,"name":"Accueil","item":"https:\/\/www.groupepayant.fr\/webshop\/"},{"@type":"ListItem","position":2,"name":"Webshop","item":"https:\/\/www.groupepayant.fr\/webshop\/shop\/"},{"@type":"ListItem","position":3,"name":"Liquide de refroidissement TOTAL Coolelf supra perm -37"}]},{"@type":"WebSite","@id":"https:\/\/www.groupepayant.fr\/webshop\/#website","url":"https:\/\/www.groupepayant.fr\/webshop\/","name":"WEBSHOP Groupe PAYANT","description":"","publisher":{"@id":"https:\/\/www.groupepayant.fr\/webshop\/#organization"},"potentialAction":[{"@type":"SearchAction","target":{"@type":"EntryPoint","urlTemplate":"https:\/\/www.groupepayant.fr\/webshop\/?s={search_term_string}"},"query-input":{"@type":"PropertyValueSpecification","valueRequired":true,"valueName":"search_term_string"}}],"inLanguage":"fr-FR"},{"@type":"Organization","@id":"https:\/\/www.groupepayant.fr\/webshop\/#organization","name":"Webshop Groupe PAYANT","url":"https:\/\/www.groupepayant.fr\/webshop\/","logo":{"@type":"ImageObject","inLanguage":"fr-FR","@id":"https:\/\/www.groupepayant.fr\/webshop\/#\/schema\/logo\/image\/","url":"","contentUrl":"","caption":"Webshop Groupe PAYANT"},"image":{"@id":"https:\/\/www.groupepayant.fr\/webshop\/#\/schema\/logo\/image\/"},"sameAs":["https:\/\/www.facebook.com\/GroupePayant\/","https:\/\/www.linkedin.com\/company\/groupe-payant\/","https:\/\/www.youtube.com\/c\/GroupePAYANT","https:\/\/www.instagram.com\/groupepayant\/"]}]}},"builder_content":"<h2 style=\"margin-bottom: 0px; text-align: left;\">BESOIN D'AUTRES PI\u00c8CES&nbsp;?<\/h2>\n<p style=\"margin-bottom: 10px; text-align: center;\"><strong>Vous n'avez pas trouv\u00e9 la pi\u00e8ce qu'il vous faut sur notre webshop&nbsp;? Nous avons de nombreuses r\u00e9f\u00e9rences en stock, n'h\u00e9sitez pas \u00e0 nous contacter&nbsp;!<\/strong><\/p>\n<a href=\"https:\/\/www.groupepayant.fr\/service-magasins-pieces\/\" > Contacter un magasin <em><svg aria-hidden=\"true\"><use href=\"#tf-fas-arrow-right\"><\/use><\/svg><\/em> <\/a>\n<a href=\"https:\/\/www.groupepayant.fr\/service-magasins-pieces\/\"> <img src=\"https:\/\/www.groupepayant.fr\/webshop\/wp-content\/uploads\/2026\/01\/service-magasin-groupe-payant.webp\" title=\"Service magasins\/pi\u00e8ces - Groupe PAYANT\" alt=\"Service magasins\/pi\u00e8ces - Groupe PAYANT\" srcset=\"https:\/\/www.groupepayant.fr\/webshop\/wp-content\/uploads\/2026\/01\/service-magasin-groupe-payant.webp 1920w, https:\/\/www.groupepayant.fr\/webshop\/wp-content\/uploads\/2026\/01\/service-magasin-groupe-payant-300x94.webp 300w, https:\/\/www.groupepayant.fr\/webshop\/wp-content\/uploads\/2026\/01\/service-magasin-groupe-payant-1024x320.webp 1024w, https:\/\/www.groupepayant.fr\/webshop\/wp-content\/uploads\/2026\/01\/service-magasin-groupe-payant-768x240.webp 768w, https:\/\/www.groupepayant.fr\/webshop\/wp-content\/uploads\/2026\/01\/service-magasin-groupe-payant-1536x480.webp 1536w\" sizes=\"(max-width: 1920px) 100vw, 1920px\" \/> <\/a>","_links":{"self":[{"href":"https:\/\/www.groupepayant.fr\/webshop\/wp-json\/wp\/v2\/product\/14534","targetHints":{"allow":["GET"]}}],"collection":[{"href":"https:\/\/www.groupepayant.fr\/webshop\/wp-json\/wp\/v2\/product"}],"about":[{"href":"https:\/\/www.groupepayant.fr\/webshop\/wp-json\/wp\/v2\/types\/product"}],"replies":[{"embeddable":true,"href":"https:\/\/www.groupepayant.fr\/webshop\/wp-json\/wp\/v2\/comments?post=14534"}],"wp:featuredmedia":[{"embeddable":true,"href":"https:\/\/www.groupepayant.fr\/webshop\/wp-json\/wp\/v2\/media\/14576"}],"wp:attachment":[{"href":"https:\/\/www.groupepayant.fr\/webshop\/wp-json\/wp\/v2\/media?parent=14534"}],"wp:term":[{"taxonomy":"product_brand","embeddable":true,"href":"https:\/\/www.groupepayant.fr\/webshop\/wp-json\/wp\/v2\/product_brand?post=14534"},{"taxonomy":"product_cat","embeddable":true,"href":"https:\/\/www.groupepayant.fr\/webshop\/wp-json\/wp\/v2\/product_cat?post=14534"},{"taxonomy":"product_tag","embeddable":true,"href":"https:\/\/www.groupepayant.fr\/webshop\/wp-json\/wp\/v2\/product_tag?post=14534"}],"curies":[{"name":"wp","href":"https:\/\/api.w.org\/{rel}","templated":true}]}}