{"id":14956,"date":"2020-10-15T17:18:22","date_gmt":"2020-10-15T15:18:22","guid":{"rendered":"https:\/\/www.groupepayant.fr\/webshop\/?post_type=product&#038;p=14956"},"modified":"2026-01-15T14:35:02","modified_gmt":"2026-01-15T13:35:02","slug":"crampons-pour-tuiles-track-claw-c-hettec-pelles-compactes","status":"publish","type":"product","link":"https:\/\/www.groupepayant.fr\/webshop\/produit\/crampons-pour-tuiles-track-claw-c-hettec-pelles-compactes\/","title":{"rendered":"Crampons pour tuiles Track Claw C Hettec &#8211; Pelles compactes"},"content":{"rendered":"<p>\u2022 Hauteur de bande 35 mm<br \/>\n\u2022 Plusieurs largeurs de tuiles (par exemple 450*, 500, 600, 700* mm)<br \/>\n\u2022 Pour pelles compactes d&rsquo;un poids op\u00e9rationnel jusqu&rsquo;\u00e0 14 tonnes et chauss\u00e9es de tuiles en acier<br \/>\n\u2022 Enti\u00e8rement en plaques d&rsquo;usure HARDOX<br \/>\n\u2022 Vis de fixation haute r\u00e9sistance<\/p>\n<p style=\"font-size: 11px; color: #58595b;\">*Nous contacter<\/p>\n<!--themify_builder_content-->\n<div id=\"themify_builder_content-14956\" data-postid=\"14956\" class=\"themify_builder_content themify_builder_content-14956 themify_builder tf_clear\">\n                    <div  data-css_id=\"hqrc395\" data-lazy=\"1\" class=\"module_row themify_builder_row fullwidth tb_hqrc395 tb_first tf_w\">\n                        <div class=\"row_inner col_align_top tb_col_count_1 tf_box tf_rel\">\n                        <div  data-lazy=\"1\" class=\"module_column tb-column col-full tb_uvpe395 first\">\n                    <!-- module text -->\n<div  class=\"module module-text tb_9uq9395   \" data-lazy=\"1\">\n        <div  class=\"tb_text_wrap\">\n        <h2 style=\"margin-bottom: 0px; text-align: left;\">BESOIN D&rsquo;AUTRES PI\u00c8CES&nbsp;?<\/h2>\n    <\/div>\n<\/div>\n<!-- \/module text -->        <div  data-lazy=\"1\" class=\"module_subrow themify_builder_sub_row tf_w col_align_top tb_col_count_1 tb_n08p395\">\n                <div  data-lazy=\"1\" class=\"module_column sub_column col-full tb_q8h9395 first\">\n                    <!-- module text -->\n<div  class=\"module module-text tb_o27x395   \" data-lazy=\"1\">\n        <div  class=\"tb_text_wrap\">\n        <p style=\"margin-bottom: 10px; text-align: center;\"><strong>Vous n&rsquo;avez pas trouv\u00e9 la pi\u00e8ce qu&rsquo;il vous faut sur notre webshop&nbsp;? Nous avons de nombreuses r\u00e9f\u00e9rences en stock, n&rsquo;h\u00e9sitez pas \u00e0 nous contacter&nbsp;!<\/strong><\/p>\n    <\/div>\n<\/div>\n<!-- \/module text --><!-- module buttons -->\n<div  class=\"module module-buttons tb_w2ag395 buttons-horizontal solid  large squared\" data-lazy=\"1\">\n        <div class=\"module-buttons-item tf_in_flx\">\n                        <a href=\"https:\/\/www.groupepayant.fr\/service-magasins-pieces\/\" class=\"ui builder_button tf_in_flx purple\" >\n                                                Contacter un magasin                                        <em><svg  class=\"tf_fa tf-fas-arrow-right\" aria-hidden=\"true\"><use href=\"#tf-fas-arrow-right\"><\/use><\/svg><\/em>                            <\/a>\n                <\/div>\n            <\/div>\n<!-- \/module buttons -->\n<!-- module image -->\n<div  class=\"module module-image tb_mrsi395 image-center   tf_mw\" data-lazy=\"1\">\n        <div class=\"image-wrap tf_rel tf_mw\">\n            <a href=\"https:\/\/www.groupepayant.fr\/service-magasins-pieces\/\">\n                   <img loading=\"lazy\" decoding=\"async\" width=\"1920\" height=\"600\" src=\"https:\/\/www.groupepayant.fr\/webshop\/wp-content\/uploads\/2026\/01\/service-magasin-groupe-payant.webp\" class=\"wp-post-image wp-image-26080\" title=\"Service magasins\/pi\u00e8ces - Groupe PAYANT\" alt=\"Service magasins\/pi\u00e8ces - Groupe PAYANT\" srcset=\"https:\/\/www.groupepayant.fr\/webshop\/wp-content\/uploads\/2026\/01\/service-magasin-groupe-payant.webp 1920w, https:\/\/www.groupepayant.fr\/webshop\/wp-content\/uploads\/2026\/01\/service-magasin-groupe-payant-300x94.webp 300w, https:\/\/www.groupepayant.fr\/webshop\/wp-content\/uploads\/2026\/01\/service-magasin-groupe-payant-1024x320.webp 1024w, https:\/\/www.groupepayant.fr\/webshop\/wp-content\/uploads\/2026\/01\/service-magasin-groupe-payant-768x240.webp 768w, https:\/\/www.groupepayant.fr\/webshop\/wp-content\/uploads\/2026\/01\/service-magasin-groupe-payant-1536x480.webp 1536w\" sizes=\"auto, (max-width: 1920px) 100vw, 1920px\" \/>        <\/a>\n    \n        <\/div>\n    <!-- \/image-wrap -->\n    \n        <\/div>\n<!-- \/module image -->        <\/div>\n                    <\/div>\n                <\/div>\n                        <\/div>\n        <\/div>\n        <\/div>\n<!--\/themify_builder_content-->","protected":false},"excerpt":{"rendered":"<p>Les crampons universels HETTEC r\u00e9pondent parfaitement aux exigences des chantiers et travaux \u00e0 r\u00e9aliser, sur des zones difficiles d&rsquo;acc\u00e8s, boueuses, enneig\u00e9es voire m\u00eame gel\u00e9es&#8230;!<br \/>\nIls sont faciles \u00e0 manipuler, pour un assemblage rapide, et ils permettent de man\u0153uvrer en toute s\u00e9curit\u00e9, et ce, en toutes circonstances&#8230;<\/p>\n<div style=\"font-size: 12px;\">&gt;&gt;&gt; Les avantages :<br \/>\n\u2022 Offrent une meilleure stabilit\u00e9 et une meilleure adh\u00e9rence, donc plus de s\u00e9curit\u00e9, sur tous types de terrains : accident\u00e9s, escarp\u00e9s, enneig\u00e9s, boueux, en for\u00eat, sur sol mou ou sur de la glace&#8230;<br \/>\n\u2022 Aucune d\u00e9coupe, aucune soudure ni aucun per\u00e7age n&rsquo;est n\u00e9cessaire pour le montage et le d\u00e9montage, qui se fait en quelques tours de molette : la tuile reste intacte<br \/>\n\u2022 Les crampons ont une r\u00e9sistance maximale, gr\u00e2ce \u00e0 une conception en acier HARDOX, pour une usure minimale<br \/>\n\u2022 Nombre moyen de pi\u00e8ces pr\u00e9conis\u00e9es pour 2 chenilles : 20 \u00e0 24<\/div>\n<p>&nbsp;<\/p>\n<p style=\"font-size: 12px;\">&gt; Voir la Vid\u00e9o du montage d&rsquo;un crampon : <a style=\"color: #9d92fd;\" href=\"https:\/\/www.youtube.com\/watch?v=Xg-NhCMr9ag\"> VID\u00c9O<\/a><\/p>\n","protected":false},"featured_media":14959,"comment_status":"closed","ping_status":"closed","template":"","meta":{"_monsterinsights_skip_tracking":false,"_monsterinsights_sitenote_active":false,"_monsterinsights_sitenote_note":"","_monsterinsights_sitenote_category":0},"product_brand":[1739],"product_cat":[496,1140,1141,386],"product_tag":[552],"class_list":{"0":"post-14956","1":"product","2":"type-product","3":"status-publish","4":"has-post-thumbnail","6":"product_brand-hettec","7":"product_cat-accessoires","8":"product_cat-crampons-pour-tuiles","9":"product_cat-crampons-pour-tuiles-pieces-dusure","10":"product_cat-pieces-dusure","11":"product_tag-crampons-pour-tuiles","13":"first","14":"onbackorder","15":"taxable","16":"shipping-taxable","17":"purchasable","18":"product-type-variable"},"yoast_head":"<!-- This site is optimized with the Yoast SEO plugin v27.1.1 - https:\/\/yoast.com\/product\/yoast-seo-wordpress\/ -->\n<title>Crampons pour tuiles Track Claw C Hettec - Pelles compactes - WEBSHOP Groupe PAYANT<\/title>\n<meta name=\"robots\" content=\"index, follow, max-snippet:-1, max-image-preview:large, max-video-preview:-1\" \/>\n<link rel=\"canonical\" href=\"https:\/\/www.groupepayant.fr\/webshop\/produit\/crampons-pour-tuiles-track-claw-c-hettec-pelles-compactes\/\" \/>\n<meta property=\"og:locale\" content=\"fr_FR\" \/>\n<meta property=\"og:type\" content=\"article\" \/>\n<meta property=\"og:title\" content=\"Crampons pour tuiles Track Claw C Hettec - Pelles compactes - WEBSHOP Groupe PAYANT\" \/>\n<meta property=\"og:description\" content=\"Les crampons universels HETTEC r\u00e9pondent parfaitement aux exigences des chantiers et travaux \u00e0 r\u00e9aliser, sur des zones difficiles d&#039;acc\u00e8s, boueuses, enneig\u00e9es voire m\u00eame gel\u00e9es...! Ils sont faciles \u00e0 manipuler, pour un assemblage rapide, et ils permettent de man\u0153uvrer en toute s\u00e9curit\u00e9, et ce, en toutes circonstances... &gt;&gt;&gt; Les avantages : \u2022 Offrent une meilleure stabilit\u00e9 et une meilleure adh\u00e9rence, donc plus de s\u00e9curit\u00e9, sur tous types de terrains : accident\u00e9s, escarp\u00e9s, enneig\u00e9s, boueux, en for\u00eat, sur sol mou ou sur de la glace... \u2022 Aucune d\u00e9coupe, aucune soudure ni aucun per\u00e7age n&#039;est n\u00e9cessaire pour le montage et le d\u00e9montage, qui se fait en quelques tours de molette : la tuile reste intacte \u2022 Les crampons ont une r\u00e9sistance maximale, gr\u00e2ce \u00e0 une conception en acier HARDOX, pour une usure minimale \u2022 Nombre moyen de pi\u00e8ces pr\u00e9conis\u00e9es pour 2 chenilles : 20 \u00e0 24 &nbsp; &gt; Voir la Vid\u00e9o du montage d&#039;un crampon : VID\u00c9O\" \/>\n<meta property=\"og:url\" content=\"https:\/\/www.groupepayant.fr\/webshop\/produit\/crampons-pour-tuiles-track-claw-c-hettec-pelles-compactes\/\" \/>\n<meta property=\"og:site_name\" content=\"WEBSHOP Groupe PAYANT\" \/>\n<meta property=\"article:publisher\" content=\"https:\/\/www.facebook.com\/GroupePayant\/\" \/>\n<meta property=\"article:modified_time\" content=\"2026-01-15T13:35:02+00:00\" \/>\n<meta property=\"og:image\" content=\"https:\/\/www.groupepayant.fr\/webshop\/wp-content\/uploads\/2020\/10\/crampons-track-claw-c-hettec.jpg\" \/>\n\t<meta property=\"og:image:width\" content=\"600\" \/>\n\t<meta property=\"og:image:height\" content=\"600\" \/>\n\t<meta property=\"og:image:type\" content=\"image\/jpeg\" \/>\n<meta name=\"twitter:card\" content=\"summary_large_image\" \/>\n<meta name=\"twitter:label1\" content=\"Dur\u00e9e de lecture estim\u00e9e\" \/>\n\t<meta name=\"twitter:data1\" content=\"1 minute\" \/>\n<script type=\"application\/ld+json\" class=\"yoast-schema-graph\">{\"@context\":\"https:\/\/schema.org\",\"@graph\":[{\"@type\":\"WebPage\",\"@id\":\"https:\/\/www.groupepayant.fr\/webshop\/produit\/crampons-pour-tuiles-track-claw-c-hettec-pelles-compactes\/\",\"url\":\"https:\/\/www.groupepayant.fr\/webshop\/produit\/crampons-pour-tuiles-track-claw-c-hettec-pelles-compactes\/\",\"name\":\"Crampons pour tuiles Track Claw C Hettec - Pelles compactes - WEBSHOP Groupe PAYANT\",\"isPartOf\":{\"@id\":\"https:\/\/www.groupepayant.fr\/webshop\/#website\"},\"primaryImageOfPage\":{\"@id\":\"https:\/\/www.groupepayant.fr\/webshop\/produit\/crampons-pour-tuiles-track-claw-c-hettec-pelles-compactes\/#primaryimage\"},\"image\":{\"@id\":\"https:\/\/www.groupepayant.fr\/webshop\/produit\/crampons-pour-tuiles-track-claw-c-hettec-pelles-compactes\/#primaryimage\"},\"thumbnailUrl\":\"https:\/\/www.groupepayant.fr\/webshop\/wp-content\/uploads\/2020\/10\/crampons-track-claw-c-hettec.jpg\",\"datePublished\":\"2020-10-15T15:18:22+00:00\",\"dateModified\":\"2026-01-15T13:35:02+00:00\",\"breadcrumb\":{\"@id\":\"https:\/\/www.groupepayant.fr\/webshop\/produit\/crampons-pour-tuiles-track-claw-c-hettec-pelles-compactes\/#breadcrumb\"},\"inLanguage\":\"fr-FR\",\"potentialAction\":[{\"@type\":\"ReadAction\",\"target\":[\"https:\/\/www.groupepayant.fr\/webshop\/produit\/crampons-pour-tuiles-track-claw-c-hettec-pelles-compactes\/\"]}]},{\"@type\":\"ImageObject\",\"inLanguage\":\"fr-FR\",\"@id\":\"https:\/\/www.groupepayant.fr\/webshop\/produit\/crampons-pour-tuiles-track-claw-c-hettec-pelles-compactes\/#primaryimage\",\"url\":\"https:\/\/www.groupepayant.fr\/webshop\/wp-content\/uploads\/2020\/10\/crampons-track-claw-c-hettec.jpg\",\"contentUrl\":\"https:\/\/www.groupepayant.fr\/webshop\/wp-content\/uploads\/2020\/10\/crampons-track-claw-c-hettec.jpg\",\"width\":600,\"height\":600,\"caption\":\"Crampons pour tuiles Track Claw C Hettec\"},{\"@type\":\"BreadcrumbList\",\"@id\":\"https:\/\/www.groupepayant.fr\/webshop\/produit\/crampons-pour-tuiles-track-claw-c-hettec-pelles-compactes\/#breadcrumb\",\"itemListElement\":[{\"@type\":\"ListItem\",\"position\":1,\"name\":\"Accueil\",\"item\":\"https:\/\/www.groupepayant.fr\/webshop\/\"},{\"@type\":\"ListItem\",\"position\":2,\"name\":\"Webshop\",\"item\":\"https:\/\/www.groupepayant.fr\/webshop\/shop\/\"},{\"@type\":\"ListItem\",\"position\":3,\"name\":\"Crampons pour tuiles Track Claw C Hettec &#8211; Pelles compactes\"}]},{\"@type\":\"WebSite\",\"@id\":\"https:\/\/www.groupepayant.fr\/webshop\/#website\",\"url\":\"https:\/\/www.groupepayant.fr\/webshop\/\",\"name\":\"WEBSHOP Groupe PAYANT\",\"description\":\"\",\"publisher\":{\"@id\":\"https:\/\/www.groupepayant.fr\/webshop\/#organization\"},\"potentialAction\":[{\"@type\":\"SearchAction\",\"target\":{\"@type\":\"EntryPoint\",\"urlTemplate\":\"https:\/\/www.groupepayant.fr\/webshop\/?s={search_term_string}\"},\"query-input\":{\"@type\":\"PropertyValueSpecification\",\"valueRequired\":true,\"valueName\":\"search_term_string\"}}],\"inLanguage\":\"fr-FR\"},{\"@type\":\"Organization\",\"@id\":\"https:\/\/www.groupepayant.fr\/webshop\/#organization\",\"name\":\"Webshop Groupe PAYANT\",\"url\":\"https:\/\/www.groupepayant.fr\/webshop\/\",\"logo\":{\"@type\":\"ImageObject\",\"inLanguage\":\"fr-FR\",\"@id\":\"https:\/\/www.groupepayant.fr\/webshop\/#\/schema\/logo\/image\/\",\"url\":\"\",\"contentUrl\":\"\",\"caption\":\"Webshop Groupe PAYANT\"},\"image\":{\"@id\":\"https:\/\/www.groupepayant.fr\/webshop\/#\/schema\/logo\/image\/\"},\"sameAs\":[\"https:\/\/www.facebook.com\/GroupePayant\/\",\"https:\/\/www.linkedin.com\/company\/groupe-payant\/\",\"https:\/\/www.youtube.com\/c\/GroupePAYANT\",\"https:\/\/www.instagram.com\/groupepayant\/\"]}]}<\/script>\n<!-- \/ Yoast SEO plugin. -->","yoast_head_json":{"title":"Crampons pour tuiles Track Claw C Hettec - Pelles compactes - WEBSHOP Groupe PAYANT","robots":{"index":"index","follow":"follow","max-snippet":"max-snippet:-1","max-image-preview":"max-image-preview:large","max-video-preview":"max-video-preview:-1"},"canonical":"https:\/\/www.groupepayant.fr\/webshop\/produit\/crampons-pour-tuiles-track-claw-c-hettec-pelles-compactes\/","og_locale":"fr_FR","og_type":"article","og_title":"Crampons pour tuiles Track Claw C Hettec - Pelles compactes - WEBSHOP Groupe PAYANT","og_description":"Les crampons universels HETTEC r\u00e9pondent parfaitement aux exigences des chantiers et travaux \u00e0 r\u00e9aliser, sur des zones difficiles d'acc\u00e8s, boueuses, enneig\u00e9es voire m\u00eame gel\u00e9es...! Ils sont faciles \u00e0 manipuler, pour un assemblage rapide, et ils permettent de man\u0153uvrer en toute s\u00e9curit\u00e9, et ce, en toutes circonstances... &gt;&gt;&gt; Les avantages : \u2022 Offrent une meilleure stabilit\u00e9 et une meilleure adh\u00e9rence, donc plus de s\u00e9curit\u00e9, sur tous types de terrains : accident\u00e9s, escarp\u00e9s, enneig\u00e9s, boueux, en for\u00eat, sur sol mou ou sur de la glace... \u2022 Aucune d\u00e9coupe, aucune soudure ni aucun per\u00e7age n'est n\u00e9cessaire pour le montage et le d\u00e9montage, qui se fait en quelques tours de molette : la tuile reste intacte \u2022 Les crampons ont une r\u00e9sistance maximale, gr\u00e2ce \u00e0 une conception en acier HARDOX, pour une usure minimale \u2022 Nombre moyen de pi\u00e8ces pr\u00e9conis\u00e9es pour 2 chenilles : 20 \u00e0 24 &nbsp; &gt; Voir la Vid\u00e9o du montage d'un crampon : VID\u00c9O","og_url":"https:\/\/www.groupepayant.fr\/webshop\/produit\/crampons-pour-tuiles-track-claw-c-hettec-pelles-compactes\/","og_site_name":"WEBSHOP Groupe PAYANT","article_publisher":"https:\/\/www.facebook.com\/GroupePayant\/","article_modified_time":"2026-01-15T13:35:02+00:00","og_image":[{"width":600,"height":600,"url":"https:\/\/www.groupepayant.fr\/webshop\/wp-content\/uploads\/2020\/10\/crampons-track-claw-c-hettec.jpg","type":"image\/jpeg"}],"twitter_card":"summary_large_image","twitter_misc":{"Dur\u00e9e de lecture estim\u00e9e":"1 minute"},"schema":{"@context":"https:\/\/schema.org","@graph":[{"@type":"WebPage","@id":"https:\/\/www.groupepayant.fr\/webshop\/produit\/crampons-pour-tuiles-track-claw-c-hettec-pelles-compactes\/","url":"https:\/\/www.groupepayant.fr\/webshop\/produit\/crampons-pour-tuiles-track-claw-c-hettec-pelles-compactes\/","name":"Crampons pour tuiles Track Claw C Hettec - Pelles compactes - WEBSHOP Groupe PAYANT","isPartOf":{"@id":"https:\/\/www.groupepayant.fr\/webshop\/#website"},"primaryImageOfPage":{"@id":"https:\/\/www.groupepayant.fr\/webshop\/produit\/crampons-pour-tuiles-track-claw-c-hettec-pelles-compactes\/#primaryimage"},"image":{"@id":"https:\/\/www.groupepayant.fr\/webshop\/produit\/crampons-pour-tuiles-track-claw-c-hettec-pelles-compactes\/#primaryimage"},"thumbnailUrl":"https:\/\/www.groupepayant.fr\/webshop\/wp-content\/uploads\/2020\/10\/crampons-track-claw-c-hettec.jpg","datePublished":"2020-10-15T15:18:22+00:00","dateModified":"2026-01-15T13:35:02+00:00","breadcrumb":{"@id":"https:\/\/www.groupepayant.fr\/webshop\/produit\/crampons-pour-tuiles-track-claw-c-hettec-pelles-compactes\/#breadcrumb"},"inLanguage":"fr-FR","potentialAction":[{"@type":"ReadAction","target":["https:\/\/www.groupepayant.fr\/webshop\/produit\/crampons-pour-tuiles-track-claw-c-hettec-pelles-compactes\/"]}]},{"@type":"ImageObject","inLanguage":"fr-FR","@id":"https:\/\/www.groupepayant.fr\/webshop\/produit\/crampons-pour-tuiles-track-claw-c-hettec-pelles-compactes\/#primaryimage","url":"https:\/\/www.groupepayant.fr\/webshop\/wp-content\/uploads\/2020\/10\/crampons-track-claw-c-hettec.jpg","contentUrl":"https:\/\/www.groupepayant.fr\/webshop\/wp-content\/uploads\/2020\/10\/crampons-track-claw-c-hettec.jpg","width":600,"height":600,"caption":"Crampons pour tuiles Track Claw C Hettec"},{"@type":"BreadcrumbList","@id":"https:\/\/www.groupepayant.fr\/webshop\/produit\/crampons-pour-tuiles-track-claw-c-hettec-pelles-compactes\/#breadcrumb","itemListElement":[{"@type":"ListItem","position":1,"name":"Accueil","item":"https:\/\/www.groupepayant.fr\/webshop\/"},{"@type":"ListItem","position":2,"name":"Webshop","item":"https:\/\/www.groupepayant.fr\/webshop\/shop\/"},{"@type":"ListItem","position":3,"name":"Crampons pour tuiles Track Claw C Hettec &#8211; Pelles compactes"}]},{"@type":"WebSite","@id":"https:\/\/www.groupepayant.fr\/webshop\/#website","url":"https:\/\/www.groupepayant.fr\/webshop\/","name":"WEBSHOP Groupe PAYANT","description":"","publisher":{"@id":"https:\/\/www.groupepayant.fr\/webshop\/#organization"},"potentialAction":[{"@type":"SearchAction","target":{"@type":"EntryPoint","urlTemplate":"https:\/\/www.groupepayant.fr\/webshop\/?s={search_term_string}"},"query-input":{"@type":"PropertyValueSpecification","valueRequired":true,"valueName":"search_term_string"}}],"inLanguage":"fr-FR"},{"@type":"Organization","@id":"https:\/\/www.groupepayant.fr\/webshop\/#organization","name":"Webshop Groupe PAYANT","url":"https:\/\/www.groupepayant.fr\/webshop\/","logo":{"@type":"ImageObject","inLanguage":"fr-FR","@id":"https:\/\/www.groupepayant.fr\/webshop\/#\/schema\/logo\/image\/","url":"","contentUrl":"","caption":"Webshop Groupe PAYANT"},"image":{"@id":"https:\/\/www.groupepayant.fr\/webshop\/#\/schema\/logo\/image\/"},"sameAs":["https:\/\/www.facebook.com\/GroupePayant\/","https:\/\/www.linkedin.com\/company\/groupe-payant\/","https:\/\/www.youtube.com\/c\/GroupePAYANT","https:\/\/www.instagram.com\/groupepayant\/"]}]}},"builder_content":"<h2 style=\"margin-bottom: 0px; text-align: left;\">BESOIN D'AUTRES PI\u00c8CES&nbsp;?<\/h2>\n<p style=\"margin-bottom: 10px; text-align: center;\"><strong>Vous n'avez pas trouv\u00e9 la pi\u00e8ce qu'il vous faut sur notre webshop&nbsp;? Nous avons de nombreuses r\u00e9f\u00e9rences en stock, n'h\u00e9sitez pas \u00e0 nous contacter&nbsp;!<\/strong><\/p>\n<a href=\"https:\/\/www.groupepayant.fr\/service-magasins-pieces\/\" > Contacter un magasin <em><svg aria-hidden=\"true\"><use href=\"#tf-fas-arrow-right\"><\/use><\/svg><\/em> <\/a>\n<a href=\"https:\/\/www.groupepayant.fr\/service-magasins-pieces\/\"> <img src=\"https:\/\/www.groupepayant.fr\/webshop\/wp-content\/uploads\/2026\/01\/service-magasin-groupe-payant.webp\" title=\"Service magasins\/pi\u00e8ces - Groupe PAYANT\" alt=\"Service magasins\/pi\u00e8ces - Groupe PAYANT\" srcset=\"https:\/\/www.groupepayant.fr\/webshop\/wp-content\/uploads\/2026\/01\/service-magasin-groupe-payant.webp 1920w, https:\/\/www.groupepayant.fr\/webshop\/wp-content\/uploads\/2026\/01\/service-magasin-groupe-payant-300x94.webp 300w, https:\/\/www.groupepayant.fr\/webshop\/wp-content\/uploads\/2026\/01\/service-magasin-groupe-payant-1024x320.webp 1024w, https:\/\/www.groupepayant.fr\/webshop\/wp-content\/uploads\/2026\/01\/service-magasin-groupe-payant-768x240.webp 768w, https:\/\/www.groupepayant.fr\/webshop\/wp-content\/uploads\/2026\/01\/service-magasin-groupe-payant-1536x480.webp 1536w\" sizes=\"(max-width: 1920px) 100vw, 1920px\" \/> <\/a>","_links":{"self":[{"href":"https:\/\/www.groupepayant.fr\/webshop\/wp-json\/wp\/v2\/product\/14956","targetHints":{"allow":["GET"]}}],"collection":[{"href":"https:\/\/www.groupepayant.fr\/webshop\/wp-json\/wp\/v2\/product"}],"about":[{"href":"https:\/\/www.groupepayant.fr\/webshop\/wp-json\/wp\/v2\/types\/product"}],"replies":[{"embeddable":true,"href":"https:\/\/www.groupepayant.fr\/webshop\/wp-json\/wp\/v2\/comments?post=14956"}],"wp:featuredmedia":[{"embeddable":true,"href":"https:\/\/www.groupepayant.fr\/webshop\/wp-json\/wp\/v2\/media\/14959"}],"wp:attachment":[{"href":"https:\/\/www.groupepayant.fr\/webshop\/wp-json\/wp\/v2\/media?parent=14956"}],"wp:term":[{"taxonomy":"product_brand","embeddable":true,"href":"https:\/\/www.groupepayant.fr\/webshop\/wp-json\/wp\/v2\/product_brand?post=14956"},{"taxonomy":"product_cat","embeddable":true,"href":"https:\/\/www.groupepayant.fr\/webshop\/wp-json\/wp\/v2\/product_cat?post=14956"},{"taxonomy":"product_tag","embeddable":true,"href":"https:\/\/www.groupepayant.fr\/webshop\/wp-json\/wp\/v2\/product_tag?post=14956"}],"curies":[{"name":"wp","href":"https:\/\/api.w.org\/{rel}","templated":true}]}}