{"id":16699,"date":"2021-04-19T09:00:22","date_gmt":"2021-04-19T07:00:22","guid":{"rendered":"https:\/\/www.groupepayant.fr\/webshop\/?post_type=product&#038;p=16699"},"modified":"2026-02-13T10:59:44","modified_gmt":"2026-02-13T09:59:44","slug":"polo-femme-volvo-iron-mark","status":"publish","type":"product","link":"https:\/\/www.groupepayant.fr\/webshop\/produit\/polo-femme-volvo-iron-mark\/","title":{"rendered":"Polo Femme Volvo Iron Mark"},"content":{"rendered":"<p>\u2022 Mod\u00e8le : Femmes<br \/>\n\u2022 Couleurs : disponible en bleu, jaune ou rose<br \/>\n\u2022 Mat\u00e9riel : 60 % coton recycl\u00e9 et 40 % polyester recycl\u00e9<br \/>\n\u2022 Poids du mat\u00e9riau : 230 g \/ m2<br \/>\n\u2022 Emballage : Sac en coton<br \/>\n\u2022 Certification : GRS, salaires d\u00e9cents, mission z\u00e9ro<br \/>\n\u2022 Info suppl\u00e9mentaire : \u00ab\u00a0Save the water concept\u00a0\u00bb = r\u00e9duit la consommation d&rsquo;eau lors de la production<\/p>\n","protected":false},"excerpt":{"rendered":"<p>\u2022 Ce polo pour femme \u00e9pur\u00e9, soign\u00e9 et classique, a une fermeture \u00e0 5 boutons, un col et des poignets c\u00f4tel\u00e9s, et le logo \u00ab\u00a0Volvo Iron Mark\u00a0\u00bb imprim\u00e9 sur la poitrine gauche. <\/p>\n<p>\u2022 Il est certifi\u00e9 selon GRS et Z\u00e9ro Mission, et est fabriqu\u00e9 \u00e0 partir d&rsquo;un m\u00e9lange de coton recycl\u00e9 (60%) et de polyester recycl\u00e9 (40%). La production de ce v\u00eatement minimise consid\u00e9rablement l&rsquo;utilisation de l&rsquo;eau. <\/p>\n<p>\u2022 Disponible en trois couleurs, le seul probl\u00e8me pour vous sera de choisir lequel de ces polos chics vous voulez&#8230;!<\/p>\n<p><img loading=\"lazy\" decoding=\"async\" src=\"https:\/\/www.groupepayant.fr\/webshop\/wp-content\/uploads\/2020\/03\/Label-Global-Recycled-Standard-GRS.png\" alt=\"Label Global Recycled Standard\" width=\"150\" height=\"70\" class=\"aligncenter size-full wp-image-14236\" \/><\/p>\n<p style=\"font-size:11px;\">\nGRS &#8211; Global Recycle Standard. Les produits portant le symbole GRS contiennent au moins 20% de mat\u00e9riaux recycl\u00e9s et r\u00e9pondent \u00e0 des exigences strictes tout au long de la cha\u00eene d&rsquo;approvisionnement. De plus, le producteur de ces produits doit suivre et retracer les mat\u00e9riaux, tenir compte des pratiques sociales et environnementales et restreindre l&rsquo;utilisation de produits chimiques nocifs. Cette norme rend \u00e9galement l&rsquo;\u00e9tiquetage plus pr\u00e9cis et encourage les fa\u00e7ons innovantes d&rsquo;utiliser des mat\u00e9riaux r\u00e9cup\u00e9r\u00e9s.<\/p>\n<p><strong>Guide des tailles : <a style=\"color:#9d92fd;\" href=\"https:\/\/www.groupepayant.fr\/pdfs\/volvo\/GroupePayant-volvo-sizechart.pdf\" target=\"_blank\" rel=\"noopener\">cliquer ici <\/a><\/strong><\/p>\n","protected":false},"featured_media":16702,"comment_status":"closed","ping_status":"closed","template":"","meta":{"_monsterinsights_skip_tracking":false,"_monsterinsights_sitenote_active":false,"_monsterinsights_sitenote_note":"","_monsterinsights_sitenote_category":0},"product_brand":[1708],"product_cat":[266,269,285],"product_tag":[212,1030,1031,410],"class_list":{"0":"post-16699","1":"product","2":"type-product","3":"status-publish","4":"has-post-thumbnail","6":"product_brand-volvo","7":"product_cat-merchandising","8":"product_cat-textiles","9":"product_cat-textiles-volvo","10":"product_tag-polo","11":"product_tag-polo-femme","12":"product_tag-polo-femme-volvo","13":"product_tag-polo-volvo","15":"first","16":"instock","17":"taxable","18":"shipping-taxable","19":"purchasable","20":"product-type-variable"},"yoast_head":"<!-- This site is optimized with the Yoast SEO plugin v27.1.1 - https:\/\/yoast.com\/product\/yoast-seo-wordpress\/ -->\n<title>Polo Femme Volvo Iron Mark - WEBSHOP Groupe PAYANT<\/title>\n<meta name=\"robots\" content=\"index, follow, max-snippet:-1, max-image-preview:large, max-video-preview:-1\" \/>\n<link rel=\"canonical\" href=\"https:\/\/www.groupepayant.fr\/webshop\/produit\/polo-femme-volvo-iron-mark\/\" \/>\n<meta property=\"og:locale\" content=\"fr_FR\" \/>\n<meta property=\"og:type\" content=\"article\" \/>\n<meta property=\"og:title\" content=\"Polo Femme Volvo Iron Mark - WEBSHOP Groupe PAYANT\" \/>\n<meta property=\"og:description\" content=\"\u2022 Ce polo pour femme \u00e9pur\u00e9, soign\u00e9 et classique, a une fermeture \u00e0 5 boutons, un col et des poignets c\u00f4tel\u00e9s, et le logo &quot;Volvo Iron Mark&quot; imprim\u00e9 sur la poitrine gauche.   \u2022 Il est certifi\u00e9 selon GRS et Z\u00e9ro Mission, et est fabriqu\u00e9 \u00e0 partir d&#039;un m\u00e9lange de coton recycl\u00e9 (60%) et de polyester recycl\u00e9 (40%). La production de ce v\u00eatement minimise consid\u00e9rablement l&#039;utilisation de l&#039;eau.   \u2022 Disponible en trois couleurs, le seul probl\u00e8me pour vous sera de choisir lequel de ces polos chics vous voulez...!    GRS - Global Recycle Standard. Les produits portant le symbole GRS contiennent au moins 20% de mat\u00e9riaux recycl\u00e9s et r\u00e9pondent \u00e0 des exigences strictes tout au long de la cha\u00eene d&#039;approvisionnement. De plus, le producteur de ces produits doit suivre et retracer les mat\u00e9riaux, tenir compte des pratiques sociales et environnementales et restreindre l&#039;utilisation de produits chimiques nocifs. Cette norme rend \u00e9galement l&#039;\u00e9tiquetage plus pr\u00e9cis et encourage les fa\u00e7ons innovantes d&#039;utiliser des mat\u00e9riaux r\u00e9cup\u00e9r\u00e9s.  Guide des tailles : cliquer ici\" \/>\n<meta property=\"og:url\" content=\"https:\/\/www.groupepayant.fr\/webshop\/produit\/polo-femme-volvo-iron-mark\/\" \/>\n<meta property=\"og:site_name\" content=\"WEBSHOP Groupe PAYANT\" \/>\n<meta property=\"article:publisher\" content=\"https:\/\/www.facebook.com\/GroupePayant\/\" \/>\n<meta property=\"article:modified_time\" content=\"2026-02-13T09:59:44+00:00\" \/>\n<meta property=\"og:image\" content=\"https:\/\/www.groupepayant.fr\/webshop\/wp-content\/uploads\/2021\/04\/Polo-Femme-Volvo-Iron-Mark-bleu-1.jpg\" \/>\n\t<meta property=\"og:image:width\" content=\"600\" \/>\n\t<meta property=\"og:image:height\" content=\"600\" \/>\n\t<meta property=\"og:image:type\" content=\"image\/jpeg\" \/>\n<meta name=\"twitter:card\" content=\"summary_large_image\" \/>\n<meta name=\"twitter:label1\" content=\"Dur\u00e9e de lecture estim\u00e9e\" \/>\n\t<meta name=\"twitter:data1\" content=\"1 minute\" \/>\n<script type=\"application\/ld+json\" class=\"yoast-schema-graph\">{\"@context\":\"https:\/\/schema.org\",\"@graph\":[{\"@type\":\"WebPage\",\"@id\":\"https:\/\/www.groupepayant.fr\/webshop\/produit\/polo-femme-volvo-iron-mark\/\",\"url\":\"https:\/\/www.groupepayant.fr\/webshop\/produit\/polo-femme-volvo-iron-mark\/\",\"name\":\"Polo Femme Volvo Iron Mark - WEBSHOP Groupe PAYANT\",\"isPartOf\":{\"@id\":\"https:\/\/www.groupepayant.fr\/webshop\/#website\"},\"primaryImageOfPage\":{\"@id\":\"https:\/\/www.groupepayant.fr\/webshop\/produit\/polo-femme-volvo-iron-mark\/#primaryimage\"},\"image\":{\"@id\":\"https:\/\/www.groupepayant.fr\/webshop\/produit\/polo-femme-volvo-iron-mark\/#primaryimage\"},\"thumbnailUrl\":\"https:\/\/www.groupepayant.fr\/webshop\/wp-content\/uploads\/2021\/04\/Polo-Femme-Volvo-Iron-Mark-bleu-1.jpg\",\"datePublished\":\"2021-04-19T07:00:22+00:00\",\"dateModified\":\"2026-02-13T09:59:44+00:00\",\"breadcrumb\":{\"@id\":\"https:\/\/www.groupepayant.fr\/webshop\/produit\/polo-femme-volvo-iron-mark\/#breadcrumb\"},\"inLanguage\":\"fr-FR\",\"potentialAction\":[{\"@type\":\"ReadAction\",\"target\":[\"https:\/\/www.groupepayant.fr\/webshop\/produit\/polo-femme-volvo-iron-mark\/\"]}]},{\"@type\":\"ImageObject\",\"inLanguage\":\"fr-FR\",\"@id\":\"https:\/\/www.groupepayant.fr\/webshop\/produit\/polo-femme-volvo-iron-mark\/#primaryimage\",\"url\":\"https:\/\/www.groupepayant.fr\/webshop\/wp-content\/uploads\/2021\/04\/Polo-Femme-Volvo-Iron-Mark-bleu-1.jpg\",\"contentUrl\":\"https:\/\/www.groupepayant.fr\/webshop\/wp-content\/uploads\/2021\/04\/Polo-Femme-Volvo-Iron-Mark-bleu-1.jpg\",\"width\":600,\"height\":600,\"caption\":\"Polo Femme Volvo Iron Mark bleu\"},{\"@type\":\"BreadcrumbList\",\"@id\":\"https:\/\/www.groupepayant.fr\/webshop\/produit\/polo-femme-volvo-iron-mark\/#breadcrumb\",\"itemListElement\":[{\"@type\":\"ListItem\",\"position\":1,\"name\":\"Accueil\",\"item\":\"https:\/\/www.groupepayant.fr\/webshop\/\"},{\"@type\":\"ListItem\",\"position\":2,\"name\":\"Webshop\",\"item\":\"https:\/\/www.groupepayant.fr\/webshop\/shop\/\"},{\"@type\":\"ListItem\",\"position\":3,\"name\":\"Polo Femme Volvo Iron Mark\"}]},{\"@type\":\"WebSite\",\"@id\":\"https:\/\/www.groupepayant.fr\/webshop\/#website\",\"url\":\"https:\/\/www.groupepayant.fr\/webshop\/\",\"name\":\"WEBSHOP Groupe PAYANT\",\"description\":\"\",\"publisher\":{\"@id\":\"https:\/\/www.groupepayant.fr\/webshop\/#organization\"},\"potentialAction\":[{\"@type\":\"SearchAction\",\"target\":{\"@type\":\"EntryPoint\",\"urlTemplate\":\"https:\/\/www.groupepayant.fr\/webshop\/?s={search_term_string}\"},\"query-input\":{\"@type\":\"PropertyValueSpecification\",\"valueRequired\":true,\"valueName\":\"search_term_string\"}}],\"inLanguage\":\"fr-FR\"},{\"@type\":\"Organization\",\"@id\":\"https:\/\/www.groupepayant.fr\/webshop\/#organization\",\"name\":\"Webshop Groupe PAYANT\",\"url\":\"https:\/\/www.groupepayant.fr\/webshop\/\",\"logo\":{\"@type\":\"ImageObject\",\"inLanguage\":\"fr-FR\",\"@id\":\"https:\/\/www.groupepayant.fr\/webshop\/#\/schema\/logo\/image\/\",\"url\":\"\",\"contentUrl\":\"\",\"caption\":\"Webshop Groupe PAYANT\"},\"image\":{\"@id\":\"https:\/\/www.groupepayant.fr\/webshop\/#\/schema\/logo\/image\/\"},\"sameAs\":[\"https:\/\/www.facebook.com\/GroupePayant\/\",\"https:\/\/www.linkedin.com\/company\/groupe-payant\/\",\"https:\/\/www.youtube.com\/c\/GroupePAYANT\",\"https:\/\/www.instagram.com\/groupepayant\/\"]}]}<\/script>\n<!-- \/ Yoast SEO plugin. -->","yoast_head_json":{"title":"Polo Femme Volvo Iron Mark - WEBSHOP Groupe PAYANT","robots":{"index":"index","follow":"follow","max-snippet":"max-snippet:-1","max-image-preview":"max-image-preview:large","max-video-preview":"max-video-preview:-1"},"canonical":"https:\/\/www.groupepayant.fr\/webshop\/produit\/polo-femme-volvo-iron-mark\/","og_locale":"fr_FR","og_type":"article","og_title":"Polo Femme Volvo Iron Mark - WEBSHOP Groupe PAYANT","og_description":"\u2022 Ce polo pour femme \u00e9pur\u00e9, soign\u00e9 et classique, a une fermeture \u00e0 5 boutons, un col et des poignets c\u00f4tel\u00e9s, et le logo \"Volvo Iron Mark\" imprim\u00e9 sur la poitrine gauche.   \u2022 Il est certifi\u00e9 selon GRS et Z\u00e9ro Mission, et est fabriqu\u00e9 \u00e0 partir d'un m\u00e9lange de coton recycl\u00e9 (60%) et de polyester recycl\u00e9 (40%). La production de ce v\u00eatement minimise consid\u00e9rablement l'utilisation de l'eau.   \u2022 Disponible en trois couleurs, le seul probl\u00e8me pour vous sera de choisir lequel de ces polos chics vous voulez...!    GRS - Global Recycle Standard. Les produits portant le symbole GRS contiennent au moins 20% de mat\u00e9riaux recycl\u00e9s et r\u00e9pondent \u00e0 des exigences strictes tout au long de la cha\u00eene d'approvisionnement. De plus, le producteur de ces produits doit suivre et retracer les mat\u00e9riaux, tenir compte des pratiques sociales et environnementales et restreindre l'utilisation de produits chimiques nocifs. Cette norme rend \u00e9galement l'\u00e9tiquetage plus pr\u00e9cis et encourage les fa\u00e7ons innovantes d'utiliser des mat\u00e9riaux r\u00e9cup\u00e9r\u00e9s.  Guide des tailles : cliquer ici","og_url":"https:\/\/www.groupepayant.fr\/webshop\/produit\/polo-femme-volvo-iron-mark\/","og_site_name":"WEBSHOP Groupe PAYANT","article_publisher":"https:\/\/www.facebook.com\/GroupePayant\/","article_modified_time":"2026-02-13T09:59:44+00:00","og_image":[{"width":600,"height":600,"url":"https:\/\/www.groupepayant.fr\/webshop\/wp-content\/uploads\/2021\/04\/Polo-Femme-Volvo-Iron-Mark-bleu-1.jpg","type":"image\/jpeg"}],"twitter_card":"summary_large_image","twitter_misc":{"Dur\u00e9e de lecture estim\u00e9e":"1 minute"},"schema":{"@context":"https:\/\/schema.org","@graph":[{"@type":"WebPage","@id":"https:\/\/www.groupepayant.fr\/webshop\/produit\/polo-femme-volvo-iron-mark\/","url":"https:\/\/www.groupepayant.fr\/webshop\/produit\/polo-femme-volvo-iron-mark\/","name":"Polo Femme Volvo Iron Mark - WEBSHOP Groupe PAYANT","isPartOf":{"@id":"https:\/\/www.groupepayant.fr\/webshop\/#website"},"primaryImageOfPage":{"@id":"https:\/\/www.groupepayant.fr\/webshop\/produit\/polo-femme-volvo-iron-mark\/#primaryimage"},"image":{"@id":"https:\/\/www.groupepayant.fr\/webshop\/produit\/polo-femme-volvo-iron-mark\/#primaryimage"},"thumbnailUrl":"https:\/\/www.groupepayant.fr\/webshop\/wp-content\/uploads\/2021\/04\/Polo-Femme-Volvo-Iron-Mark-bleu-1.jpg","datePublished":"2021-04-19T07:00:22+00:00","dateModified":"2026-02-13T09:59:44+00:00","breadcrumb":{"@id":"https:\/\/www.groupepayant.fr\/webshop\/produit\/polo-femme-volvo-iron-mark\/#breadcrumb"},"inLanguage":"fr-FR","potentialAction":[{"@type":"ReadAction","target":["https:\/\/www.groupepayant.fr\/webshop\/produit\/polo-femme-volvo-iron-mark\/"]}]},{"@type":"ImageObject","inLanguage":"fr-FR","@id":"https:\/\/www.groupepayant.fr\/webshop\/produit\/polo-femme-volvo-iron-mark\/#primaryimage","url":"https:\/\/www.groupepayant.fr\/webshop\/wp-content\/uploads\/2021\/04\/Polo-Femme-Volvo-Iron-Mark-bleu-1.jpg","contentUrl":"https:\/\/www.groupepayant.fr\/webshop\/wp-content\/uploads\/2021\/04\/Polo-Femme-Volvo-Iron-Mark-bleu-1.jpg","width":600,"height":600,"caption":"Polo Femme Volvo Iron Mark bleu"},{"@type":"BreadcrumbList","@id":"https:\/\/www.groupepayant.fr\/webshop\/produit\/polo-femme-volvo-iron-mark\/#breadcrumb","itemListElement":[{"@type":"ListItem","position":1,"name":"Accueil","item":"https:\/\/www.groupepayant.fr\/webshop\/"},{"@type":"ListItem","position":2,"name":"Webshop","item":"https:\/\/www.groupepayant.fr\/webshop\/shop\/"},{"@type":"ListItem","position":3,"name":"Polo Femme Volvo Iron Mark"}]},{"@type":"WebSite","@id":"https:\/\/www.groupepayant.fr\/webshop\/#website","url":"https:\/\/www.groupepayant.fr\/webshop\/","name":"WEBSHOP Groupe PAYANT","description":"","publisher":{"@id":"https:\/\/www.groupepayant.fr\/webshop\/#organization"},"potentialAction":[{"@type":"SearchAction","target":{"@type":"EntryPoint","urlTemplate":"https:\/\/www.groupepayant.fr\/webshop\/?s={search_term_string}"},"query-input":{"@type":"PropertyValueSpecification","valueRequired":true,"valueName":"search_term_string"}}],"inLanguage":"fr-FR"},{"@type":"Organization","@id":"https:\/\/www.groupepayant.fr\/webshop\/#organization","name":"Webshop Groupe PAYANT","url":"https:\/\/www.groupepayant.fr\/webshop\/","logo":{"@type":"ImageObject","inLanguage":"fr-FR","@id":"https:\/\/www.groupepayant.fr\/webshop\/#\/schema\/logo\/image\/","url":"","contentUrl":"","caption":"Webshop Groupe PAYANT"},"image":{"@id":"https:\/\/www.groupepayant.fr\/webshop\/#\/schema\/logo\/image\/"},"sameAs":["https:\/\/www.facebook.com\/GroupePayant\/","https:\/\/www.linkedin.com\/company\/groupe-payant\/","https:\/\/www.youtube.com\/c\/GroupePAYANT","https:\/\/www.instagram.com\/groupepayant\/"]}]}},"builder_content":"","_links":{"self":[{"href":"https:\/\/www.groupepayant.fr\/webshop\/wp-json\/wp\/v2\/product\/16699","targetHints":{"allow":["GET"]}}],"collection":[{"href":"https:\/\/www.groupepayant.fr\/webshop\/wp-json\/wp\/v2\/product"}],"about":[{"href":"https:\/\/www.groupepayant.fr\/webshop\/wp-json\/wp\/v2\/types\/product"}],"replies":[{"embeddable":true,"href":"https:\/\/www.groupepayant.fr\/webshop\/wp-json\/wp\/v2\/comments?post=16699"}],"wp:featuredmedia":[{"embeddable":true,"href":"https:\/\/www.groupepayant.fr\/webshop\/wp-json\/wp\/v2\/media\/16702"}],"wp:attachment":[{"href":"https:\/\/www.groupepayant.fr\/webshop\/wp-json\/wp\/v2\/media?parent=16699"}],"wp:term":[{"taxonomy":"product_brand","embeddable":true,"href":"https:\/\/www.groupepayant.fr\/webshop\/wp-json\/wp\/v2\/product_brand?post=16699"},{"taxonomy":"product_cat","embeddable":true,"href":"https:\/\/www.groupepayant.fr\/webshop\/wp-json\/wp\/v2\/product_cat?post=16699"},{"taxonomy":"product_tag","embeddable":true,"href":"https:\/\/www.groupepayant.fr\/webshop\/wp-json\/wp\/v2\/product_tag?post=16699"}],"curies":[{"name":"wp","href":"https:\/\/api.w.org\/{rel}","templated":true}]}}