{"id":18601,"date":"2021-12-28T11:50:08","date_gmt":"2021-12-28T10:50:08","guid":{"rendered":"https:\/\/www.groupepayant.fr\/webshop\/?post_type=product&#038;p=18601"},"modified":"2025-01-23T16:18:41","modified_gmt":"2025-01-23T15:18:41","slug":"doudoune-legere-grise-kobelco","status":"publish","type":"product","link":"https:\/\/www.groupepayant.fr\/webshop\/produit\/doudoune-legere-grise-kobelco\/","title":{"rendered":"Doudoune l\u00e9g\u00e8re grise KOBELCO"},"content":{"rendered":"","protected":false},"excerpt":{"rendered":"<p>Optez pour un design moderne et tendance avec la veste matelass\u00e9e gris anthracite dot\u00e9e de nombreuses poches, offrant la meilleure combinaison entre style et confort.<br \/>\n\u2022 Fabriqu\u00e9e en polyester r\u00e9sistant<br \/>\n\u2022 Col montant<br \/>\n\u2022 Cordon de serrage \u00e0 la taille<br \/>\n\u2022 Poche int\u00e9rieure zipp\u00e9e<br \/>\n\u2022 Int\u00e9rieur : couleur contrastante bleu\/vert Kobelco<br \/>\n\u2022 Ext\u00e9rieur : logo Kobelco sur l&rsquo;\u00e9paule gauche<br \/>\n\u2022 Deux poches zipp\u00e9es lat\u00e9rales<br \/>\n\u2022 Deux poches zipp\u00e9es sur la poitrine<\/p>\n","protected":false},"featured_media":18606,"comment_status":"closed","ping_status":"closed","template":"","meta":{"_monsterinsights_skip_tracking":false,"_monsterinsights_sitenote_active":false,"_monsterinsights_sitenote_note":"","_monsterinsights_sitenote_category":0},"product_brand":[1707],"product_cat":[266,269,593],"product_tag":[1172,1170,864,1169,611,1168,1171],"class_list":{"0":"post-18601","1":"product","2":"type-product","3":"status-publish","4":"has-post-thumbnail","6":"product_brand-kobelco","7":"product_cat-merchandising","8":"product_cat-textiles","9":"product_cat-textiles-kobelco","10":"product_tag-doudoune-grise-kobelco","11":"product_tag-doudoune-kobelco","12":"product_tag-doudoune-legere","13":"product_tag-doudoune-legere-kobelco","14":"product_tag-veste-kobelco","15":"product_tag-veste-legere-kobelco","16":"product_tag-veste-matelassee-kobelco","18":"first","19":"instock","20":"taxable","21":"shipping-taxable","22":"purchasable","23":"product-type-variable"},"yoast_head":"<!-- This site is optimized with the Yoast SEO plugin v27.1.1 - https:\/\/yoast.com\/product\/yoast-seo-wordpress\/ -->\n<title>Doudoune l\u00e9g\u00e8re grise KOBELCO - WEBSHOP Groupe PAYANT<\/title>\n<meta name=\"robots\" content=\"index, follow, max-snippet:-1, max-image-preview:large, max-video-preview:-1\" \/>\n<link rel=\"canonical\" href=\"https:\/\/www.groupepayant.fr\/webshop\/produit\/doudoune-legere-grise-kobelco\/\" \/>\n<meta property=\"og:locale\" content=\"fr_FR\" \/>\n<meta property=\"og:type\" content=\"article\" \/>\n<meta property=\"og:title\" content=\"Doudoune l\u00e9g\u00e8re grise KOBELCO - WEBSHOP Groupe PAYANT\" \/>\n<meta property=\"og:description\" content=\"Optez pour un design moderne et tendance avec la veste matelass\u00e9e gris anthracite dot\u00e9e de nombreuses poches, offrant la meilleure combinaison entre style et confort. \u2022 Fabriqu\u00e9e en polyester r\u00e9sistant \u2022 Col montant \u2022 Cordon de serrage \u00e0 la taille \u2022 Poche int\u00e9rieure zipp\u00e9e \u2022 Int\u00e9rieur : couleur contrastante bleu\/vert Kobelco \u2022 Ext\u00e9rieur : logo Kobelco sur l&#039;\u00e9paule gauche \u2022 Deux poches zipp\u00e9es lat\u00e9rales \u2022 Deux poches zipp\u00e9es sur la poitrine\" \/>\n<meta property=\"og:url\" content=\"https:\/\/www.groupepayant.fr\/webshop\/produit\/doudoune-legere-grise-kobelco\/\" \/>\n<meta property=\"og:site_name\" content=\"WEBSHOP Groupe PAYANT\" \/>\n<meta property=\"article:publisher\" content=\"https:\/\/www.facebook.com\/GroupePayant\/\" \/>\n<meta property=\"article:modified_time\" content=\"2025-01-23T15:18:41+00:00\" \/>\n<meta property=\"og:image\" content=\"https:\/\/www.groupepayant.fr\/webshop\/wp-content\/uploads\/2021\/12\/doudoune-legere-grise-Kobelco-1.jpg\" \/>\n\t<meta property=\"og:image:width\" content=\"600\" \/>\n\t<meta property=\"og:image:height\" content=\"600\" \/>\n\t<meta property=\"og:image:type\" content=\"image\/jpeg\" \/>\n<meta name=\"twitter:card\" content=\"summary_large_image\" \/>\n<meta name=\"twitter:label1\" content=\"Dur\u00e9e de lecture estim\u00e9e\" \/>\n\t<meta name=\"twitter:data1\" content=\"1 minute\" \/>\n<script type=\"application\/ld+json\" class=\"yoast-schema-graph\">{\"@context\":\"https:\/\/schema.org\",\"@graph\":[{\"@type\":\"WebPage\",\"@id\":\"https:\/\/www.groupepayant.fr\/webshop\/produit\/doudoune-legere-grise-kobelco\/\",\"url\":\"https:\/\/www.groupepayant.fr\/webshop\/produit\/doudoune-legere-grise-kobelco\/\",\"name\":\"Doudoune l\u00e9g\u00e8re grise KOBELCO - WEBSHOP Groupe PAYANT\",\"isPartOf\":{\"@id\":\"https:\/\/www.groupepayant.fr\/webshop\/#website\"},\"primaryImageOfPage\":{\"@id\":\"https:\/\/www.groupepayant.fr\/webshop\/produit\/doudoune-legere-grise-kobelco\/#primaryimage\"},\"image\":{\"@id\":\"https:\/\/www.groupepayant.fr\/webshop\/produit\/doudoune-legere-grise-kobelco\/#primaryimage\"},\"thumbnailUrl\":\"https:\/\/www.groupepayant.fr\/webshop\/wp-content\/uploads\/2021\/12\/doudoune-legere-grise-Kobelco-1.jpg\",\"datePublished\":\"2021-12-28T10:50:08+00:00\",\"dateModified\":\"2025-01-23T15:18:41+00:00\",\"breadcrumb\":{\"@id\":\"https:\/\/www.groupepayant.fr\/webshop\/produit\/doudoune-legere-grise-kobelco\/#breadcrumb\"},\"inLanguage\":\"fr-FR\",\"potentialAction\":[{\"@type\":\"ReadAction\",\"target\":[\"https:\/\/www.groupepayant.fr\/webshop\/produit\/doudoune-legere-grise-kobelco\/\"]}]},{\"@type\":\"ImageObject\",\"inLanguage\":\"fr-FR\",\"@id\":\"https:\/\/www.groupepayant.fr\/webshop\/produit\/doudoune-legere-grise-kobelco\/#primaryimage\",\"url\":\"https:\/\/www.groupepayant.fr\/webshop\/wp-content\/uploads\/2021\/12\/doudoune-legere-grise-Kobelco-1.jpg\",\"contentUrl\":\"https:\/\/www.groupepayant.fr\/webshop\/wp-content\/uploads\/2021\/12\/doudoune-legere-grise-Kobelco-1.jpg\",\"width\":600,\"height\":600,\"caption\":\"Doudoune l\u00e9g\u00e8re grise KobelcoDoudoune l\u00e9g\u00e8re grise Kobelco\"},{\"@type\":\"BreadcrumbList\",\"@id\":\"https:\/\/www.groupepayant.fr\/webshop\/produit\/doudoune-legere-grise-kobelco\/#breadcrumb\",\"itemListElement\":[{\"@type\":\"ListItem\",\"position\":1,\"name\":\"Accueil\",\"item\":\"https:\/\/www.groupepayant.fr\/webshop\/\"},{\"@type\":\"ListItem\",\"position\":2,\"name\":\"Webshop\",\"item\":\"https:\/\/www.groupepayant.fr\/webshop\/shop\/\"},{\"@type\":\"ListItem\",\"position\":3,\"name\":\"Doudoune l\u00e9g\u00e8re grise KOBELCO\"}]},{\"@type\":\"WebSite\",\"@id\":\"https:\/\/www.groupepayant.fr\/webshop\/#website\",\"url\":\"https:\/\/www.groupepayant.fr\/webshop\/\",\"name\":\"WEBSHOP Groupe PAYANT\",\"description\":\"\",\"publisher\":{\"@id\":\"https:\/\/www.groupepayant.fr\/webshop\/#organization\"},\"potentialAction\":[{\"@type\":\"SearchAction\",\"target\":{\"@type\":\"EntryPoint\",\"urlTemplate\":\"https:\/\/www.groupepayant.fr\/webshop\/?s={search_term_string}\"},\"query-input\":{\"@type\":\"PropertyValueSpecification\",\"valueRequired\":true,\"valueName\":\"search_term_string\"}}],\"inLanguage\":\"fr-FR\"},{\"@type\":\"Organization\",\"@id\":\"https:\/\/www.groupepayant.fr\/webshop\/#organization\",\"name\":\"Webshop Groupe PAYANT\",\"url\":\"https:\/\/www.groupepayant.fr\/webshop\/\",\"logo\":{\"@type\":\"ImageObject\",\"inLanguage\":\"fr-FR\",\"@id\":\"https:\/\/www.groupepayant.fr\/webshop\/#\/schema\/logo\/image\/\",\"url\":\"\",\"contentUrl\":\"\",\"caption\":\"Webshop Groupe PAYANT\"},\"image\":{\"@id\":\"https:\/\/www.groupepayant.fr\/webshop\/#\/schema\/logo\/image\/\"},\"sameAs\":[\"https:\/\/www.facebook.com\/GroupePayant\/\",\"https:\/\/www.linkedin.com\/company\/groupe-payant\/\",\"https:\/\/www.youtube.com\/c\/GroupePAYANT\",\"https:\/\/www.instagram.com\/groupepayant\/\"]}]}<\/script>\n<!-- \/ Yoast SEO plugin. -->","yoast_head_json":{"title":"Doudoune l\u00e9g\u00e8re grise KOBELCO - WEBSHOP Groupe PAYANT","robots":{"index":"index","follow":"follow","max-snippet":"max-snippet:-1","max-image-preview":"max-image-preview:large","max-video-preview":"max-video-preview:-1"},"canonical":"https:\/\/www.groupepayant.fr\/webshop\/produit\/doudoune-legere-grise-kobelco\/","og_locale":"fr_FR","og_type":"article","og_title":"Doudoune l\u00e9g\u00e8re grise KOBELCO - WEBSHOP Groupe PAYANT","og_description":"Optez pour un design moderne et tendance avec la veste matelass\u00e9e gris anthracite dot\u00e9e de nombreuses poches, offrant la meilleure combinaison entre style et confort. \u2022 Fabriqu\u00e9e en polyester r\u00e9sistant \u2022 Col montant \u2022 Cordon de serrage \u00e0 la taille \u2022 Poche int\u00e9rieure zipp\u00e9e \u2022 Int\u00e9rieur : couleur contrastante bleu\/vert Kobelco \u2022 Ext\u00e9rieur : logo Kobelco sur l'\u00e9paule gauche \u2022 Deux poches zipp\u00e9es lat\u00e9rales \u2022 Deux poches zipp\u00e9es sur la poitrine","og_url":"https:\/\/www.groupepayant.fr\/webshop\/produit\/doudoune-legere-grise-kobelco\/","og_site_name":"WEBSHOP Groupe PAYANT","article_publisher":"https:\/\/www.facebook.com\/GroupePayant\/","article_modified_time":"2025-01-23T15:18:41+00:00","og_image":[{"width":600,"height":600,"url":"https:\/\/www.groupepayant.fr\/webshop\/wp-content\/uploads\/2021\/12\/doudoune-legere-grise-Kobelco-1.jpg","type":"image\/jpeg"}],"twitter_card":"summary_large_image","twitter_misc":{"Dur\u00e9e de lecture estim\u00e9e":"1 minute"},"schema":{"@context":"https:\/\/schema.org","@graph":[{"@type":"WebPage","@id":"https:\/\/www.groupepayant.fr\/webshop\/produit\/doudoune-legere-grise-kobelco\/","url":"https:\/\/www.groupepayant.fr\/webshop\/produit\/doudoune-legere-grise-kobelco\/","name":"Doudoune l\u00e9g\u00e8re grise KOBELCO - WEBSHOP Groupe PAYANT","isPartOf":{"@id":"https:\/\/www.groupepayant.fr\/webshop\/#website"},"primaryImageOfPage":{"@id":"https:\/\/www.groupepayant.fr\/webshop\/produit\/doudoune-legere-grise-kobelco\/#primaryimage"},"image":{"@id":"https:\/\/www.groupepayant.fr\/webshop\/produit\/doudoune-legere-grise-kobelco\/#primaryimage"},"thumbnailUrl":"https:\/\/www.groupepayant.fr\/webshop\/wp-content\/uploads\/2021\/12\/doudoune-legere-grise-Kobelco-1.jpg","datePublished":"2021-12-28T10:50:08+00:00","dateModified":"2025-01-23T15:18:41+00:00","breadcrumb":{"@id":"https:\/\/www.groupepayant.fr\/webshop\/produit\/doudoune-legere-grise-kobelco\/#breadcrumb"},"inLanguage":"fr-FR","potentialAction":[{"@type":"ReadAction","target":["https:\/\/www.groupepayant.fr\/webshop\/produit\/doudoune-legere-grise-kobelco\/"]}]},{"@type":"ImageObject","inLanguage":"fr-FR","@id":"https:\/\/www.groupepayant.fr\/webshop\/produit\/doudoune-legere-grise-kobelco\/#primaryimage","url":"https:\/\/www.groupepayant.fr\/webshop\/wp-content\/uploads\/2021\/12\/doudoune-legere-grise-Kobelco-1.jpg","contentUrl":"https:\/\/www.groupepayant.fr\/webshop\/wp-content\/uploads\/2021\/12\/doudoune-legere-grise-Kobelco-1.jpg","width":600,"height":600,"caption":"Doudoune l\u00e9g\u00e8re grise KobelcoDoudoune l\u00e9g\u00e8re grise Kobelco"},{"@type":"BreadcrumbList","@id":"https:\/\/www.groupepayant.fr\/webshop\/produit\/doudoune-legere-grise-kobelco\/#breadcrumb","itemListElement":[{"@type":"ListItem","position":1,"name":"Accueil","item":"https:\/\/www.groupepayant.fr\/webshop\/"},{"@type":"ListItem","position":2,"name":"Webshop","item":"https:\/\/www.groupepayant.fr\/webshop\/shop\/"},{"@type":"ListItem","position":3,"name":"Doudoune l\u00e9g\u00e8re grise KOBELCO"}]},{"@type":"WebSite","@id":"https:\/\/www.groupepayant.fr\/webshop\/#website","url":"https:\/\/www.groupepayant.fr\/webshop\/","name":"WEBSHOP Groupe PAYANT","description":"","publisher":{"@id":"https:\/\/www.groupepayant.fr\/webshop\/#organization"},"potentialAction":[{"@type":"SearchAction","target":{"@type":"EntryPoint","urlTemplate":"https:\/\/www.groupepayant.fr\/webshop\/?s={search_term_string}"},"query-input":{"@type":"PropertyValueSpecification","valueRequired":true,"valueName":"search_term_string"}}],"inLanguage":"fr-FR"},{"@type":"Organization","@id":"https:\/\/www.groupepayant.fr\/webshop\/#organization","name":"Webshop Groupe PAYANT","url":"https:\/\/www.groupepayant.fr\/webshop\/","logo":{"@type":"ImageObject","inLanguage":"fr-FR","@id":"https:\/\/www.groupepayant.fr\/webshop\/#\/schema\/logo\/image\/","url":"","contentUrl":"","caption":"Webshop Groupe PAYANT"},"image":{"@id":"https:\/\/www.groupepayant.fr\/webshop\/#\/schema\/logo\/image\/"},"sameAs":["https:\/\/www.facebook.com\/GroupePayant\/","https:\/\/www.linkedin.com\/company\/groupe-payant\/","https:\/\/www.youtube.com\/c\/GroupePAYANT","https:\/\/www.instagram.com\/groupepayant\/"]}]}},"builder_content":"","_links":{"self":[{"href":"https:\/\/www.groupepayant.fr\/webshop\/wp-json\/wp\/v2\/product\/18601","targetHints":{"allow":["GET"]}}],"collection":[{"href":"https:\/\/www.groupepayant.fr\/webshop\/wp-json\/wp\/v2\/product"}],"about":[{"href":"https:\/\/www.groupepayant.fr\/webshop\/wp-json\/wp\/v2\/types\/product"}],"replies":[{"embeddable":true,"href":"https:\/\/www.groupepayant.fr\/webshop\/wp-json\/wp\/v2\/comments?post=18601"}],"wp:featuredmedia":[{"embeddable":true,"href":"https:\/\/www.groupepayant.fr\/webshop\/wp-json\/wp\/v2\/media\/18606"}],"wp:attachment":[{"href":"https:\/\/www.groupepayant.fr\/webshop\/wp-json\/wp\/v2\/media?parent=18601"}],"wp:term":[{"taxonomy":"product_brand","embeddable":true,"href":"https:\/\/www.groupepayant.fr\/webshop\/wp-json\/wp\/v2\/product_brand?post=18601"},{"taxonomy":"product_cat","embeddable":true,"href":"https:\/\/www.groupepayant.fr\/webshop\/wp-json\/wp\/v2\/product_cat?post=18601"},{"taxonomy":"product_tag","embeddable":true,"href":"https:\/\/www.groupepayant.fr\/webshop\/wp-json\/wp\/v2\/product_tag?post=18601"}],"curies":[{"name":"wp","href":"https:\/\/api.w.org\/{rel}","templated":true}]}}