{"id":19827,"date":"2022-05-19T13:34:23","date_gmt":"2022-05-19T11:34:23","guid":{"rendered":"https:\/\/www.groupepayant.fr\/webshop\/?post_type=product&#038;p=19827"},"modified":"2026-03-10T06:52:48","modified_gmt":"2026-03-10T05:52:48","slug":"veste-softshell-haute-visibilite-volvo","status":"publish","type":"product","link":"https:\/\/www.groupepayant.fr\/webshop\/produit\/veste-softshell-haute-visibilite-volvo\/","title":{"rendered":"Veste Softshell Haute Visibilit\u00e9 Volvo"},"content":{"rendered":"","protected":false},"excerpt":{"rendered":"<p>Veste Softshell haute visibilit\u00e9 avec une grande respirabilit\u00e9 de ProJob. Logo Volvo r\u00e9fl\u00e9chissant imprim\u00e9 sur la poitrine et dans le dos, et la fermeture \u00e9clair \u00e0 l&rsquo;avant poss\u00e8de un rabat coupe-vent interne et un prot\u00e8ge-menton, afin d&rsquo;\u00e9viter les \u00e9raflures de la peau&#8230;<\/p>\n<p>\u2022 Certification : S\u00e9curit\u00e9 EN ISO 20471 Class 2\/3 (Classe 2 couvrant les plus petites tailles, Classe 3 les plus grandes tailles)<br \/>\n\u2022 Poches poitrine et lat\u00e9rales avec fermetures \u00e0 glissi\u00e8re<br \/>\n\u2022 Poches int\u00e9rieures spacieuses<br \/>\n\u2022 Taille ajustable avec cordon de serrage<br \/>\n\u2022 Mat\u00e9riel : 100 % polyester, 280 g\/m2<\/p>\n","protected":false},"featured_media":19832,"comment_status":"closed","ping_status":"closed","template":"","meta":{"_monsterinsights_skip_tracking":false,"_monsterinsights_sitenote_active":false,"_monsterinsights_sitenote_note":"","_monsterinsights_sitenote_category":0},"product_brand":[1708],"product_cat":[266,269,285],"product_tag":[1279,1278,1277],"class_list":{"0":"post-19827","1":"product","2":"type-product","3":"status-publish","4":"has-post-thumbnail","6":"product_brand-volvo","7":"product_cat-merchandising","8":"product_cat-textiles","9":"product_cat-textiles-volvo","10":"product_tag-vest-softshell-haute-visibilite-volvo","11":"product_tag-veste-haute-visibilite-volvo","12":"product_tag-veste-softshell-volvo","14":"first","15":"instock","16":"taxable","17":"shipping-taxable","18":"purchasable","19":"product-type-variable"},"yoast_head":"<!-- This site is optimized with the Yoast SEO plugin v27.1.1 - https:\/\/yoast.com\/product\/yoast-seo-wordpress\/ -->\n<title>Veste Softshell Haute Visibilit\u00e9 Volvo - WEBSHOP Groupe PAYANT<\/title>\n<meta name=\"robots\" content=\"index, follow, max-snippet:-1, max-image-preview:large, max-video-preview:-1\" \/>\n<link rel=\"canonical\" href=\"https:\/\/www.groupepayant.fr\/webshop\/produit\/veste-softshell-haute-visibilite-volvo\/\" \/>\n<meta property=\"og:locale\" content=\"fr_FR\" \/>\n<meta property=\"og:type\" content=\"article\" \/>\n<meta property=\"og:title\" content=\"Veste Softshell Haute Visibilit\u00e9 Volvo - WEBSHOP Groupe PAYANT\" \/>\n<meta property=\"og:description\" content=\"Veste Softshell haute visibilit\u00e9 avec une grande respirabilit\u00e9 de ProJob. Logo Volvo r\u00e9fl\u00e9chissant imprim\u00e9 sur la poitrine et dans le dos, et la fermeture \u00e9clair \u00e0 l&#039;avant poss\u00e8de un rabat coupe-vent interne et un prot\u00e8ge-menton, afin d&#039;\u00e9viter les \u00e9raflures de la peau...  \u2022 Certification : S\u00e9curit\u00e9 EN ISO 20471 Class 2\/3 (Classe 2 couvrant les plus petites tailles, Classe 3 les plus grandes tailles) \u2022 Poches poitrine et lat\u00e9rales avec fermetures \u00e0 glissi\u00e8re \u2022 Poches int\u00e9rieures spacieuses \u2022 Taille ajustable avec cordon de serrage \u2022 Mat\u00e9riel : 100 % polyester, 280 g\/m2\" \/>\n<meta property=\"og:url\" content=\"https:\/\/www.groupepayant.fr\/webshop\/produit\/veste-softshell-haute-visibilite-volvo\/\" \/>\n<meta property=\"og:site_name\" content=\"WEBSHOP Groupe PAYANT\" \/>\n<meta property=\"article:publisher\" content=\"https:\/\/www.facebook.com\/GroupePayant\/\" \/>\n<meta property=\"article:modified_time\" content=\"2026-03-10T05:52:48+00:00\" \/>\n<meta property=\"og:image\" content=\"https:\/\/www.groupepayant.fr\/webshop\/wp-content\/uploads\/2022\/05\/veste-softshell-haute-visibilite-volvo-1.jpg\" \/>\n\t<meta property=\"og:image:width\" content=\"600\" \/>\n\t<meta property=\"og:image:height\" content=\"600\" \/>\n\t<meta property=\"og:image:type\" content=\"image\/jpeg\" \/>\n<meta name=\"twitter:card\" content=\"summary_large_image\" \/>\n<meta name=\"twitter:label1\" content=\"Dur\u00e9e de lecture estim\u00e9e\" \/>\n\t<meta name=\"twitter:data1\" content=\"1 minute\" \/>\n<script type=\"application\/ld+json\" class=\"yoast-schema-graph\">{\"@context\":\"https:\/\/schema.org\",\"@graph\":[{\"@type\":\"WebPage\",\"@id\":\"https:\/\/www.groupepayant.fr\/webshop\/produit\/veste-softshell-haute-visibilite-volvo\/\",\"url\":\"https:\/\/www.groupepayant.fr\/webshop\/produit\/veste-softshell-haute-visibilite-volvo\/\",\"name\":\"Veste Softshell Haute Visibilit\u00e9 Volvo - WEBSHOP Groupe PAYANT\",\"isPartOf\":{\"@id\":\"https:\/\/www.groupepayant.fr\/webshop\/#website\"},\"primaryImageOfPage\":{\"@id\":\"https:\/\/www.groupepayant.fr\/webshop\/produit\/veste-softshell-haute-visibilite-volvo\/#primaryimage\"},\"image\":{\"@id\":\"https:\/\/www.groupepayant.fr\/webshop\/produit\/veste-softshell-haute-visibilite-volvo\/#primaryimage\"},\"thumbnailUrl\":\"https:\/\/www.groupepayant.fr\/webshop\/wp-content\/uploads\/2022\/05\/veste-softshell-haute-visibilite-volvo-1.jpg\",\"datePublished\":\"2022-05-19T11:34:23+00:00\",\"dateModified\":\"2026-03-10T05:52:48+00:00\",\"breadcrumb\":{\"@id\":\"https:\/\/www.groupepayant.fr\/webshop\/produit\/veste-softshell-haute-visibilite-volvo\/#breadcrumb\"},\"inLanguage\":\"fr-FR\",\"potentialAction\":[{\"@type\":\"ReadAction\",\"target\":[\"https:\/\/www.groupepayant.fr\/webshop\/produit\/veste-softshell-haute-visibilite-volvo\/\"]}]},{\"@type\":\"ImageObject\",\"inLanguage\":\"fr-FR\",\"@id\":\"https:\/\/www.groupepayant.fr\/webshop\/produit\/veste-softshell-haute-visibilite-volvo\/#primaryimage\",\"url\":\"https:\/\/www.groupepayant.fr\/webshop\/wp-content\/uploads\/2022\/05\/veste-softshell-haute-visibilite-volvo-1.jpg\",\"contentUrl\":\"https:\/\/www.groupepayant.fr\/webshop\/wp-content\/uploads\/2022\/05\/veste-softshell-haute-visibilite-volvo-1.jpg\",\"width\":600,\"height\":600,\"caption\":\"Veste softshell haute visibilit\u00e9 Volvo\"},{\"@type\":\"BreadcrumbList\",\"@id\":\"https:\/\/www.groupepayant.fr\/webshop\/produit\/veste-softshell-haute-visibilite-volvo\/#breadcrumb\",\"itemListElement\":[{\"@type\":\"ListItem\",\"position\":1,\"name\":\"Accueil\",\"item\":\"https:\/\/www.groupepayant.fr\/webshop\/\"},{\"@type\":\"ListItem\",\"position\":2,\"name\":\"Webshop\",\"item\":\"https:\/\/www.groupepayant.fr\/webshop\/shop\/\"},{\"@type\":\"ListItem\",\"position\":3,\"name\":\"Veste Softshell Haute Visibilit\u00e9 Volvo\"}]},{\"@type\":\"WebSite\",\"@id\":\"https:\/\/www.groupepayant.fr\/webshop\/#website\",\"url\":\"https:\/\/www.groupepayant.fr\/webshop\/\",\"name\":\"WEBSHOP Groupe PAYANT\",\"description\":\"\",\"publisher\":{\"@id\":\"https:\/\/www.groupepayant.fr\/webshop\/#organization\"},\"potentialAction\":[{\"@type\":\"SearchAction\",\"target\":{\"@type\":\"EntryPoint\",\"urlTemplate\":\"https:\/\/www.groupepayant.fr\/webshop\/?s={search_term_string}\"},\"query-input\":{\"@type\":\"PropertyValueSpecification\",\"valueRequired\":true,\"valueName\":\"search_term_string\"}}],\"inLanguage\":\"fr-FR\"},{\"@type\":\"Organization\",\"@id\":\"https:\/\/www.groupepayant.fr\/webshop\/#organization\",\"name\":\"Webshop Groupe PAYANT\",\"url\":\"https:\/\/www.groupepayant.fr\/webshop\/\",\"logo\":{\"@type\":\"ImageObject\",\"inLanguage\":\"fr-FR\",\"@id\":\"https:\/\/www.groupepayant.fr\/webshop\/#\/schema\/logo\/image\/\",\"url\":\"\",\"contentUrl\":\"\",\"caption\":\"Webshop Groupe PAYANT\"},\"image\":{\"@id\":\"https:\/\/www.groupepayant.fr\/webshop\/#\/schema\/logo\/image\/\"},\"sameAs\":[\"https:\/\/www.facebook.com\/GroupePayant\/\",\"https:\/\/www.linkedin.com\/company\/groupe-payant\/\",\"https:\/\/www.youtube.com\/c\/GroupePAYANT\",\"https:\/\/www.instagram.com\/groupepayant\/\"]}]}<\/script>\n<!-- \/ Yoast SEO plugin. -->","yoast_head_json":{"title":"Veste Softshell Haute Visibilit\u00e9 Volvo - WEBSHOP Groupe PAYANT","robots":{"index":"index","follow":"follow","max-snippet":"max-snippet:-1","max-image-preview":"max-image-preview:large","max-video-preview":"max-video-preview:-1"},"canonical":"https:\/\/www.groupepayant.fr\/webshop\/produit\/veste-softshell-haute-visibilite-volvo\/","og_locale":"fr_FR","og_type":"article","og_title":"Veste Softshell Haute Visibilit\u00e9 Volvo - WEBSHOP Groupe PAYANT","og_description":"Veste Softshell haute visibilit\u00e9 avec une grande respirabilit\u00e9 de ProJob. Logo Volvo r\u00e9fl\u00e9chissant imprim\u00e9 sur la poitrine et dans le dos, et la fermeture \u00e9clair \u00e0 l'avant poss\u00e8de un rabat coupe-vent interne et un prot\u00e8ge-menton, afin d'\u00e9viter les \u00e9raflures de la peau...  \u2022 Certification : S\u00e9curit\u00e9 EN ISO 20471 Class 2\/3 (Classe 2 couvrant les plus petites tailles, Classe 3 les plus grandes tailles) \u2022 Poches poitrine et lat\u00e9rales avec fermetures \u00e0 glissi\u00e8re \u2022 Poches int\u00e9rieures spacieuses \u2022 Taille ajustable avec cordon de serrage \u2022 Mat\u00e9riel : 100 % polyester, 280 g\/m2","og_url":"https:\/\/www.groupepayant.fr\/webshop\/produit\/veste-softshell-haute-visibilite-volvo\/","og_site_name":"WEBSHOP Groupe PAYANT","article_publisher":"https:\/\/www.facebook.com\/GroupePayant\/","article_modified_time":"2026-03-10T05:52:48+00:00","og_image":[{"width":600,"height":600,"url":"https:\/\/www.groupepayant.fr\/webshop\/wp-content\/uploads\/2022\/05\/veste-softshell-haute-visibilite-volvo-1.jpg","type":"image\/jpeg"}],"twitter_card":"summary_large_image","twitter_misc":{"Dur\u00e9e de lecture estim\u00e9e":"1 minute"},"schema":{"@context":"https:\/\/schema.org","@graph":[{"@type":"WebPage","@id":"https:\/\/www.groupepayant.fr\/webshop\/produit\/veste-softshell-haute-visibilite-volvo\/","url":"https:\/\/www.groupepayant.fr\/webshop\/produit\/veste-softshell-haute-visibilite-volvo\/","name":"Veste Softshell Haute Visibilit\u00e9 Volvo - WEBSHOP Groupe PAYANT","isPartOf":{"@id":"https:\/\/www.groupepayant.fr\/webshop\/#website"},"primaryImageOfPage":{"@id":"https:\/\/www.groupepayant.fr\/webshop\/produit\/veste-softshell-haute-visibilite-volvo\/#primaryimage"},"image":{"@id":"https:\/\/www.groupepayant.fr\/webshop\/produit\/veste-softshell-haute-visibilite-volvo\/#primaryimage"},"thumbnailUrl":"https:\/\/www.groupepayant.fr\/webshop\/wp-content\/uploads\/2022\/05\/veste-softshell-haute-visibilite-volvo-1.jpg","datePublished":"2022-05-19T11:34:23+00:00","dateModified":"2026-03-10T05:52:48+00:00","breadcrumb":{"@id":"https:\/\/www.groupepayant.fr\/webshop\/produit\/veste-softshell-haute-visibilite-volvo\/#breadcrumb"},"inLanguage":"fr-FR","potentialAction":[{"@type":"ReadAction","target":["https:\/\/www.groupepayant.fr\/webshop\/produit\/veste-softshell-haute-visibilite-volvo\/"]}]},{"@type":"ImageObject","inLanguage":"fr-FR","@id":"https:\/\/www.groupepayant.fr\/webshop\/produit\/veste-softshell-haute-visibilite-volvo\/#primaryimage","url":"https:\/\/www.groupepayant.fr\/webshop\/wp-content\/uploads\/2022\/05\/veste-softshell-haute-visibilite-volvo-1.jpg","contentUrl":"https:\/\/www.groupepayant.fr\/webshop\/wp-content\/uploads\/2022\/05\/veste-softshell-haute-visibilite-volvo-1.jpg","width":600,"height":600,"caption":"Veste softshell haute visibilit\u00e9 Volvo"},{"@type":"BreadcrumbList","@id":"https:\/\/www.groupepayant.fr\/webshop\/produit\/veste-softshell-haute-visibilite-volvo\/#breadcrumb","itemListElement":[{"@type":"ListItem","position":1,"name":"Accueil","item":"https:\/\/www.groupepayant.fr\/webshop\/"},{"@type":"ListItem","position":2,"name":"Webshop","item":"https:\/\/www.groupepayant.fr\/webshop\/shop\/"},{"@type":"ListItem","position":3,"name":"Veste Softshell Haute Visibilit\u00e9 Volvo"}]},{"@type":"WebSite","@id":"https:\/\/www.groupepayant.fr\/webshop\/#website","url":"https:\/\/www.groupepayant.fr\/webshop\/","name":"WEBSHOP Groupe PAYANT","description":"","publisher":{"@id":"https:\/\/www.groupepayant.fr\/webshop\/#organization"},"potentialAction":[{"@type":"SearchAction","target":{"@type":"EntryPoint","urlTemplate":"https:\/\/www.groupepayant.fr\/webshop\/?s={search_term_string}"},"query-input":{"@type":"PropertyValueSpecification","valueRequired":true,"valueName":"search_term_string"}}],"inLanguage":"fr-FR"},{"@type":"Organization","@id":"https:\/\/www.groupepayant.fr\/webshop\/#organization","name":"Webshop Groupe PAYANT","url":"https:\/\/www.groupepayant.fr\/webshop\/","logo":{"@type":"ImageObject","inLanguage":"fr-FR","@id":"https:\/\/www.groupepayant.fr\/webshop\/#\/schema\/logo\/image\/","url":"","contentUrl":"","caption":"Webshop Groupe PAYANT"},"image":{"@id":"https:\/\/www.groupepayant.fr\/webshop\/#\/schema\/logo\/image\/"},"sameAs":["https:\/\/www.facebook.com\/GroupePayant\/","https:\/\/www.linkedin.com\/company\/groupe-payant\/","https:\/\/www.youtube.com\/c\/GroupePAYANT","https:\/\/www.instagram.com\/groupepayant\/"]}]}},"builder_content":"","_links":{"self":[{"href":"https:\/\/www.groupepayant.fr\/webshop\/wp-json\/wp\/v2\/product\/19827","targetHints":{"allow":["GET"]}}],"collection":[{"href":"https:\/\/www.groupepayant.fr\/webshop\/wp-json\/wp\/v2\/product"}],"about":[{"href":"https:\/\/www.groupepayant.fr\/webshop\/wp-json\/wp\/v2\/types\/product"}],"replies":[{"embeddable":true,"href":"https:\/\/www.groupepayant.fr\/webshop\/wp-json\/wp\/v2\/comments?post=19827"}],"wp:featuredmedia":[{"embeddable":true,"href":"https:\/\/www.groupepayant.fr\/webshop\/wp-json\/wp\/v2\/media\/19832"}],"wp:attachment":[{"href":"https:\/\/www.groupepayant.fr\/webshop\/wp-json\/wp\/v2\/media?parent=19827"}],"wp:term":[{"taxonomy":"product_brand","embeddable":true,"href":"https:\/\/www.groupepayant.fr\/webshop\/wp-json\/wp\/v2\/product_brand?post=19827"},{"taxonomy":"product_cat","embeddable":true,"href":"https:\/\/www.groupepayant.fr\/webshop\/wp-json\/wp\/v2\/product_cat?post=19827"},{"taxonomy":"product_tag","embeddable":true,"href":"https:\/\/www.groupepayant.fr\/webshop\/wp-json\/wp\/v2\/product_tag?post=19827"}],"curies":[{"name":"wp","href":"https:\/\/api.w.org\/{rel}","templated":true}]}}