{"id":19840,"date":"2022-05-19T13:40:38","date_gmt":"2022-05-19T11:40:38","guid":{"rendered":"https:\/\/www.groupepayant.fr\/webshop\/?post_type=product&#038;p=19840"},"modified":"2026-03-27T14:43:36","modified_gmt":"2026-03-27T13:43:36","slug":"sac-a-dos-volvo","status":"publish","type":"product","link":"https:\/\/www.groupepayant.fr\/webshop\/produit\/sac-a-dos-volvo\/","title":{"rendered":"Sac \u00e0 dos Volvo"},"content":{"rendered":"","protected":false},"excerpt":{"rendered":"<p>Relevez n&rsquo;importe quel d\u00e9fi avec ce sac \u00e0 dos Volvo fonctionnel dot\u00e9 d&rsquo;un compartiment rembourr\u00e9 pour ordinateur portable et d&rsquo;une housse hydrofuge, parfait pour les cyclistes ! Le sac, fabriqu\u00e9 par Volvo Design, est propre et fonctionnel, avec des caract\u00e9ristiques de conception h\u00e9rit\u00e9es de la Su\u00e8de et le logo Volvo sur le devant.<br \/>\nIl est \u00e9galement fabriqu\u00e9 \u00e0 partir de mat\u00e9riaux recycl\u00e9s selon un processus GRS (Global recycle standard) pour minimiser l&#8217;empreinte de production.<\/p>\n<p>\u2022 Capacit\u00e9 22L<br \/>\n\u2022 Compartiment principal avec compartiment rembourr\u00e9 pour ordinateur portable 15&Prime;<br \/>\n\u2022 Compartiment central avec espace pour les accessoires<br \/>\n\u2022 Petite poche zipp\u00e9e \u00e0 l&rsquo;avant<br \/>\n\u2022 Compartiments lat\u00e9raux en filet pour transporter bouteille d&rsquo;eau, etc.<\/p>\n<p><img loading=\"lazy\" decoding=\"async\" class=\"aligncenter size-full wp-image-14236\" src=\"https:\/\/www.groupepayant.fr\/webshop\/wp-content\/uploads\/2020\/03\/Label-Global-Recycled-Standard-GRS.png\" alt=\"Label Global Recycled Standard\" width=\"150\" height=\"70\" \/><\/p>\n<p style=\"font-size: 11px;\">GRS &#8211; Global Recycle Standard. Les produits portant le symbole GRS contiennent au moins 20% de mat\u00e9riaux recycl\u00e9s et r\u00e9pondent \u00e0 des exigences strictes tout au long de la cha\u00eene d&rsquo;approvisionnement. De plus, le producteur de ces produits doit suivre et retracer les mat\u00e9riaux, tenir compte des pratiques sociales et environnementales et restreindre l&rsquo;utilisation de produits chimiques nocifs. Cette norme rend \u00e9galement l&rsquo;\u00e9tiquetage plus pr\u00e9cis et encourage les fa\u00e7ons innovantes d&rsquo;utiliser des mat\u00e9riaux r\u00e9cup\u00e9r\u00e9s.<\/p>\n","protected":false},"featured_media":19841,"comment_status":"closed","ping_status":"closed","template":"","meta":{"_monsterinsights_skip_tracking":false,"_monsterinsights_sitenote_active":false,"_monsterinsights_sitenote_note":"","_monsterinsights_sitenote_category":0},"product_brand":[1708],"product_cat":[266,267,273],"product_tag":[920,1283,1282,919],"class_list":{"0":"post-19840","1":"product","2":"type-product","3":"status-publish","4":"has-post-thumbnail","6":"product_brand-volvo","7":"product_cat-merchandising","8":"product_cat-produits-speciaux","9":"product_cat-produits-speciaux-volvo","10":"product_tag-sac-a-dos","11":"product_tag-sac-a-dos-bleu","12":"product_tag-sac-a-dos-bleu-volvo","13":"product_tag-sac-a-dos-volvo","15":"first","16":"instock","17":"taxable","18":"shipping-taxable","19":"purchasable","20":"product-type-simple"},"yoast_head":"<!-- This site is optimized with the Yoast SEO plugin v27.1.1 - https:\/\/yoast.com\/product\/yoast-seo-wordpress\/ -->\n<title>Sac \u00e0 dos Volvo - WEBSHOP Groupe PAYANT<\/title>\n<meta name=\"robots\" content=\"index, follow, max-snippet:-1, max-image-preview:large, max-video-preview:-1\" \/>\n<link rel=\"canonical\" href=\"https:\/\/www.groupepayant.fr\/webshop\/produit\/sac-a-dos-volvo\/\" \/>\n<meta property=\"og:locale\" content=\"fr_FR\" \/>\n<meta property=\"og:type\" content=\"article\" \/>\n<meta property=\"og:title\" content=\"Sac \u00e0 dos Volvo - WEBSHOP Groupe PAYANT\" \/>\n<meta property=\"og:description\" content=\"Relevez n&#039;importe quel d\u00e9fi avec ce sac \u00e0 dos Volvo fonctionnel dot\u00e9 d&#039;un compartiment rembourr\u00e9 pour ordinateur portable et d&#039;une housse hydrofuge, parfait pour les cyclistes ! Le sac, fabriqu\u00e9 par Volvo Design, est propre et fonctionnel, avec des caract\u00e9ristiques de conception h\u00e9rit\u00e9es de la Su\u00e8de et le logo Volvo sur le devant. Il est \u00e9galement fabriqu\u00e9 \u00e0 partir de mat\u00e9riaux recycl\u00e9s selon un processus GRS (Global recycle standard) pour minimiser l&#039;empreinte de production.  \u2022 Capacit\u00e9 22L \u2022 Compartiment principal avec compartiment rembourr\u00e9 pour ordinateur portable 15&quot; \u2022 Compartiment central avec espace pour les accessoires \u2022 Petite poche zipp\u00e9e \u00e0 l&#039;avant \u2022 Compartiments lat\u00e9raux en filet pour transporter bouteille d&#039;eau, etc.   GRS - Global Recycle Standard. Les produits portant le symbole GRS contiennent au moins 20% de mat\u00e9riaux recycl\u00e9s et r\u00e9pondent \u00e0 des exigences strictes tout au long de la cha\u00eene d&#039;approvisionnement. De plus, le producteur de ces produits doit suivre et retracer les mat\u00e9riaux, tenir compte des pratiques sociales et environnementales et restreindre l&#039;utilisation de produits chimiques nocifs. Cette norme rend \u00e9galement l&#039;\u00e9tiquetage plus pr\u00e9cis et encourage les fa\u00e7ons innovantes d&#039;utiliser des mat\u00e9riaux r\u00e9cup\u00e9r\u00e9s.\" \/>\n<meta property=\"og:url\" content=\"https:\/\/www.groupepayant.fr\/webshop\/produit\/sac-a-dos-volvo\/\" \/>\n<meta property=\"og:site_name\" content=\"WEBSHOP Groupe PAYANT\" \/>\n<meta property=\"article:publisher\" content=\"https:\/\/www.facebook.com\/GroupePayant\/\" \/>\n<meta property=\"article:modified_time\" content=\"2026-03-27T13:43:36+00:00\" \/>\n<meta property=\"og:image\" content=\"https:\/\/www.groupepayant.fr\/webshop\/wp-content\/uploads\/2022\/05\/sac-a-dos-volvo-1.jpg\" \/>\n\t<meta property=\"og:image:width\" content=\"600\" \/>\n\t<meta property=\"og:image:height\" content=\"600\" \/>\n\t<meta property=\"og:image:type\" content=\"image\/jpeg\" \/>\n<meta name=\"twitter:card\" content=\"summary_large_image\" \/>\n<meta name=\"twitter:label1\" content=\"Dur\u00e9e de lecture estim\u00e9e\" \/>\n\t<meta name=\"twitter:data1\" content=\"1 minute\" \/>\n<script type=\"application\/ld+json\" class=\"yoast-schema-graph\">{\"@context\":\"https:\/\/schema.org\",\"@graph\":[{\"@type\":\"WebPage\",\"@id\":\"https:\/\/www.groupepayant.fr\/webshop\/produit\/sac-a-dos-volvo\/\",\"url\":\"https:\/\/www.groupepayant.fr\/webshop\/produit\/sac-a-dos-volvo\/\",\"name\":\"Sac \u00e0 dos Volvo - WEBSHOP Groupe PAYANT\",\"isPartOf\":{\"@id\":\"https:\/\/www.groupepayant.fr\/webshop\/#website\"},\"primaryImageOfPage\":{\"@id\":\"https:\/\/www.groupepayant.fr\/webshop\/produit\/sac-a-dos-volvo\/#primaryimage\"},\"image\":{\"@id\":\"https:\/\/www.groupepayant.fr\/webshop\/produit\/sac-a-dos-volvo\/#primaryimage\"},\"thumbnailUrl\":\"https:\/\/www.groupepayant.fr\/webshop\/wp-content\/uploads\/2022\/05\/sac-a-dos-volvo-1.jpg\",\"datePublished\":\"2022-05-19T11:40:38+00:00\",\"dateModified\":\"2026-03-27T13:43:36+00:00\",\"breadcrumb\":{\"@id\":\"https:\/\/www.groupepayant.fr\/webshop\/produit\/sac-a-dos-volvo\/#breadcrumb\"},\"inLanguage\":\"fr-FR\",\"potentialAction\":[{\"@type\":\"ReadAction\",\"target\":[\"https:\/\/www.groupepayant.fr\/webshop\/produit\/sac-a-dos-volvo\/\"]}]},{\"@type\":\"ImageObject\",\"inLanguage\":\"fr-FR\",\"@id\":\"https:\/\/www.groupepayant.fr\/webshop\/produit\/sac-a-dos-volvo\/#primaryimage\",\"url\":\"https:\/\/www.groupepayant.fr\/webshop\/wp-content\/uploads\/2022\/05\/sac-a-dos-volvo-1.jpg\",\"contentUrl\":\"https:\/\/www.groupepayant.fr\/webshop\/wp-content\/uploads\/2022\/05\/sac-a-dos-volvo-1.jpg\",\"width\":600,\"height\":600,\"caption\":\"Sac \u00e0 dos Volvo\"},{\"@type\":\"BreadcrumbList\",\"@id\":\"https:\/\/www.groupepayant.fr\/webshop\/produit\/sac-a-dos-volvo\/#breadcrumb\",\"itemListElement\":[{\"@type\":\"ListItem\",\"position\":1,\"name\":\"Accueil\",\"item\":\"https:\/\/www.groupepayant.fr\/webshop\/\"},{\"@type\":\"ListItem\",\"position\":2,\"name\":\"Webshop\",\"item\":\"https:\/\/www.groupepayant.fr\/webshop\/shop\/\"},{\"@type\":\"ListItem\",\"position\":3,\"name\":\"Sac \u00e0 dos Volvo\"}]},{\"@type\":\"WebSite\",\"@id\":\"https:\/\/www.groupepayant.fr\/webshop\/#website\",\"url\":\"https:\/\/www.groupepayant.fr\/webshop\/\",\"name\":\"WEBSHOP Groupe PAYANT\",\"description\":\"\",\"publisher\":{\"@id\":\"https:\/\/www.groupepayant.fr\/webshop\/#organization\"},\"potentialAction\":[{\"@type\":\"SearchAction\",\"target\":{\"@type\":\"EntryPoint\",\"urlTemplate\":\"https:\/\/www.groupepayant.fr\/webshop\/?s={search_term_string}\"},\"query-input\":{\"@type\":\"PropertyValueSpecification\",\"valueRequired\":true,\"valueName\":\"search_term_string\"}}],\"inLanguage\":\"fr-FR\"},{\"@type\":\"Organization\",\"@id\":\"https:\/\/www.groupepayant.fr\/webshop\/#organization\",\"name\":\"Webshop Groupe PAYANT\",\"url\":\"https:\/\/www.groupepayant.fr\/webshop\/\",\"logo\":{\"@type\":\"ImageObject\",\"inLanguage\":\"fr-FR\",\"@id\":\"https:\/\/www.groupepayant.fr\/webshop\/#\/schema\/logo\/image\/\",\"url\":\"\",\"contentUrl\":\"\",\"caption\":\"Webshop Groupe PAYANT\"},\"image\":{\"@id\":\"https:\/\/www.groupepayant.fr\/webshop\/#\/schema\/logo\/image\/\"},\"sameAs\":[\"https:\/\/www.facebook.com\/GroupePayant\/\",\"https:\/\/www.linkedin.com\/company\/groupe-payant\/\",\"https:\/\/www.youtube.com\/c\/GroupePAYANT\",\"https:\/\/www.instagram.com\/groupepayant\/\"]}]}<\/script>\n<!-- \/ Yoast SEO plugin. -->","yoast_head_json":{"title":"Sac \u00e0 dos Volvo - WEBSHOP Groupe PAYANT","robots":{"index":"index","follow":"follow","max-snippet":"max-snippet:-1","max-image-preview":"max-image-preview:large","max-video-preview":"max-video-preview:-1"},"canonical":"https:\/\/www.groupepayant.fr\/webshop\/produit\/sac-a-dos-volvo\/","og_locale":"fr_FR","og_type":"article","og_title":"Sac \u00e0 dos Volvo - WEBSHOP Groupe PAYANT","og_description":"Relevez n'importe quel d\u00e9fi avec ce sac \u00e0 dos Volvo fonctionnel dot\u00e9 d'un compartiment rembourr\u00e9 pour ordinateur portable et d'une housse hydrofuge, parfait pour les cyclistes ! Le sac, fabriqu\u00e9 par Volvo Design, est propre et fonctionnel, avec des caract\u00e9ristiques de conception h\u00e9rit\u00e9es de la Su\u00e8de et le logo Volvo sur le devant. Il est \u00e9galement fabriqu\u00e9 \u00e0 partir de mat\u00e9riaux recycl\u00e9s selon un processus GRS (Global recycle standard) pour minimiser l'empreinte de production.  \u2022 Capacit\u00e9 22L \u2022 Compartiment principal avec compartiment rembourr\u00e9 pour ordinateur portable 15\" \u2022 Compartiment central avec espace pour les accessoires \u2022 Petite poche zipp\u00e9e \u00e0 l'avant \u2022 Compartiments lat\u00e9raux en filet pour transporter bouteille d'eau, etc.   GRS - Global Recycle Standard. Les produits portant le symbole GRS contiennent au moins 20% de mat\u00e9riaux recycl\u00e9s et r\u00e9pondent \u00e0 des exigences strictes tout au long de la cha\u00eene d'approvisionnement. De plus, le producteur de ces produits doit suivre et retracer les mat\u00e9riaux, tenir compte des pratiques sociales et environnementales et restreindre l'utilisation de produits chimiques nocifs. Cette norme rend \u00e9galement l'\u00e9tiquetage plus pr\u00e9cis et encourage les fa\u00e7ons innovantes d'utiliser des mat\u00e9riaux r\u00e9cup\u00e9r\u00e9s.","og_url":"https:\/\/www.groupepayant.fr\/webshop\/produit\/sac-a-dos-volvo\/","og_site_name":"WEBSHOP Groupe PAYANT","article_publisher":"https:\/\/www.facebook.com\/GroupePayant\/","article_modified_time":"2026-03-27T13:43:36+00:00","og_image":[{"width":600,"height":600,"url":"https:\/\/www.groupepayant.fr\/webshop\/wp-content\/uploads\/2022\/05\/sac-a-dos-volvo-1.jpg","type":"image\/jpeg"}],"twitter_card":"summary_large_image","twitter_misc":{"Dur\u00e9e de lecture estim\u00e9e":"1 minute"},"schema":{"@context":"https:\/\/schema.org","@graph":[{"@type":"WebPage","@id":"https:\/\/www.groupepayant.fr\/webshop\/produit\/sac-a-dos-volvo\/","url":"https:\/\/www.groupepayant.fr\/webshop\/produit\/sac-a-dos-volvo\/","name":"Sac \u00e0 dos Volvo - WEBSHOP Groupe PAYANT","isPartOf":{"@id":"https:\/\/www.groupepayant.fr\/webshop\/#website"},"primaryImageOfPage":{"@id":"https:\/\/www.groupepayant.fr\/webshop\/produit\/sac-a-dos-volvo\/#primaryimage"},"image":{"@id":"https:\/\/www.groupepayant.fr\/webshop\/produit\/sac-a-dos-volvo\/#primaryimage"},"thumbnailUrl":"https:\/\/www.groupepayant.fr\/webshop\/wp-content\/uploads\/2022\/05\/sac-a-dos-volvo-1.jpg","datePublished":"2022-05-19T11:40:38+00:00","dateModified":"2026-03-27T13:43:36+00:00","breadcrumb":{"@id":"https:\/\/www.groupepayant.fr\/webshop\/produit\/sac-a-dos-volvo\/#breadcrumb"},"inLanguage":"fr-FR","potentialAction":[{"@type":"ReadAction","target":["https:\/\/www.groupepayant.fr\/webshop\/produit\/sac-a-dos-volvo\/"]}]},{"@type":"ImageObject","inLanguage":"fr-FR","@id":"https:\/\/www.groupepayant.fr\/webshop\/produit\/sac-a-dos-volvo\/#primaryimage","url":"https:\/\/www.groupepayant.fr\/webshop\/wp-content\/uploads\/2022\/05\/sac-a-dos-volvo-1.jpg","contentUrl":"https:\/\/www.groupepayant.fr\/webshop\/wp-content\/uploads\/2022\/05\/sac-a-dos-volvo-1.jpg","width":600,"height":600,"caption":"Sac \u00e0 dos Volvo"},{"@type":"BreadcrumbList","@id":"https:\/\/www.groupepayant.fr\/webshop\/produit\/sac-a-dos-volvo\/#breadcrumb","itemListElement":[{"@type":"ListItem","position":1,"name":"Accueil","item":"https:\/\/www.groupepayant.fr\/webshop\/"},{"@type":"ListItem","position":2,"name":"Webshop","item":"https:\/\/www.groupepayant.fr\/webshop\/shop\/"},{"@type":"ListItem","position":3,"name":"Sac \u00e0 dos Volvo"}]},{"@type":"WebSite","@id":"https:\/\/www.groupepayant.fr\/webshop\/#website","url":"https:\/\/www.groupepayant.fr\/webshop\/","name":"WEBSHOP Groupe PAYANT","description":"","publisher":{"@id":"https:\/\/www.groupepayant.fr\/webshop\/#organization"},"potentialAction":[{"@type":"SearchAction","target":{"@type":"EntryPoint","urlTemplate":"https:\/\/www.groupepayant.fr\/webshop\/?s={search_term_string}"},"query-input":{"@type":"PropertyValueSpecification","valueRequired":true,"valueName":"search_term_string"}}],"inLanguage":"fr-FR"},{"@type":"Organization","@id":"https:\/\/www.groupepayant.fr\/webshop\/#organization","name":"Webshop Groupe PAYANT","url":"https:\/\/www.groupepayant.fr\/webshop\/","logo":{"@type":"ImageObject","inLanguage":"fr-FR","@id":"https:\/\/www.groupepayant.fr\/webshop\/#\/schema\/logo\/image\/","url":"","contentUrl":"","caption":"Webshop Groupe PAYANT"},"image":{"@id":"https:\/\/www.groupepayant.fr\/webshop\/#\/schema\/logo\/image\/"},"sameAs":["https:\/\/www.facebook.com\/GroupePayant\/","https:\/\/www.linkedin.com\/company\/groupe-payant\/","https:\/\/www.youtube.com\/c\/GroupePAYANT","https:\/\/www.instagram.com\/groupepayant\/"]}]}},"builder_content":"","_links":{"self":[{"href":"https:\/\/www.groupepayant.fr\/webshop\/wp-json\/wp\/v2\/product\/19840","targetHints":{"allow":["GET"]}}],"collection":[{"href":"https:\/\/www.groupepayant.fr\/webshop\/wp-json\/wp\/v2\/product"}],"about":[{"href":"https:\/\/www.groupepayant.fr\/webshop\/wp-json\/wp\/v2\/types\/product"}],"replies":[{"embeddable":true,"href":"https:\/\/www.groupepayant.fr\/webshop\/wp-json\/wp\/v2\/comments?post=19840"}],"wp:featuredmedia":[{"embeddable":true,"href":"https:\/\/www.groupepayant.fr\/webshop\/wp-json\/wp\/v2\/media\/19841"}],"wp:attachment":[{"href":"https:\/\/www.groupepayant.fr\/webshop\/wp-json\/wp\/v2\/media?parent=19840"}],"wp:term":[{"taxonomy":"product_brand","embeddable":true,"href":"https:\/\/www.groupepayant.fr\/webshop\/wp-json\/wp\/v2\/product_brand?post=19840"},{"taxonomy":"product_cat","embeddable":true,"href":"https:\/\/www.groupepayant.fr\/webshop\/wp-json\/wp\/v2\/product_cat?post=19840"},{"taxonomy":"product_tag","embeddable":true,"href":"https:\/\/www.groupepayant.fr\/webshop\/wp-json\/wp\/v2\/product_tag?post=19840"}],"curies":[{"name":"wp","href":"https:\/\/api.w.org\/{rel}","templated":true}]}}