{"id":20968,"date":"2022-12-09T13:39:53","date_gmt":"2022-12-09T12:39:53","guid":{"rendered":"https:\/\/www.groupepayant.fr\/webshop\/?post_type=product&#038;p=20968"},"modified":"2026-04-24T15:55:57","modified_gmt":"2026-04-24T13:55:57","slug":"doudoune-legere-sans-manches-volvo","status":"publish","type":"product","link":"https:\/\/www.groupepayant.fr\/webshop\/produit\/doudoune-legere-sans-manches-volvo\/","title":{"rendered":"Doudoune l\u00e9g\u00e8re sans manches Volvo"},"content":{"rendered":"","protected":false},"excerpt":{"rendered":"<p>Ce gilet est l\u00e9ger \u00e0 la fois en poids et en empreinte de production, \u00e9tant fabriqu\u00e9 \u00e0 partir de tous les mat\u00e9riaux recycl\u00e9s (certifi\u00e9 GRS). Le design est \u00e9pur\u00e9 avec le logo Volvo \u00e0 l&rsquo;esprit et un motif de courtepointe unique.<\/p>\n<p>Isolation synth\u00e9tique au toucher duvet, parfaite pour servir de v\u00eatement de couche interm\u00e9diaire.<\/p>\n<p>Le gilet a une coupe droite avec des poches lat\u00e9rales zipp\u00e9es pratiques et une poche poitrine zipp\u00e9e.<\/p>\n<p>Il est livr\u00e9 sans \u00e9tiquettes volantes ni communication externe. Nous le recommandons pour les \u00e9v\u00e9nements et l&rsquo;usage interne.<\/p>\n","protected":false},"featured_media":20974,"comment_status":"closed","ping_status":"closed","template":"","meta":{"_monsterinsights_skip_tracking":false,"_monsterinsights_sitenote_active":false,"_monsterinsights_sitenote_note":"","_monsterinsights_sitenote_category":0},"product_brand":[1708],"product_cat":[266,269,285],"product_tag":[1356,1355,1354,1029],"class_list":{"0":"post-20968","1":"product","2":"type-product","3":"status-publish","4":"has-post-thumbnail","6":"product_brand-volvo","7":"product_cat-merchandising","8":"product_cat-textiles","9":"product_cat-textiles-volvo","10":"product_tag-doudoune-legere-sans-manches-volvo","11":"product_tag-doudoune-legere-volvo","12":"product_tag-doudoune-sans-manches-volvo","13":"product_tag-doudoune-volvo","15":"first","16":"instock","17":"taxable","18":"shipping-taxable","19":"purchasable","20":"product-type-variable"},"yoast_head":"<!-- This site is optimized with the Yoast SEO plugin v27.1.1 - https:\/\/yoast.com\/product\/yoast-seo-wordpress\/ -->\n<title>Doudoune l\u00e9g\u00e8re sans manches Volvo - WEBSHOP Groupe PAYANT<\/title>\n<meta name=\"robots\" content=\"index, follow, max-snippet:-1, max-image-preview:large, max-video-preview:-1\" \/>\n<link rel=\"canonical\" href=\"https:\/\/www.groupepayant.fr\/webshop\/produit\/doudoune-legere-sans-manches-volvo\/\" \/>\n<meta property=\"og:locale\" content=\"fr_FR\" \/>\n<meta property=\"og:type\" content=\"article\" \/>\n<meta property=\"og:title\" content=\"Doudoune l\u00e9g\u00e8re sans manches Volvo - WEBSHOP Groupe PAYANT\" \/>\n<meta property=\"og:description\" content=\"Ce gilet est l\u00e9ger \u00e0 la fois en poids et en empreinte de production, \u00e9tant fabriqu\u00e9 \u00e0 partir de tous les mat\u00e9riaux recycl\u00e9s (certifi\u00e9 GRS). Le design est \u00e9pur\u00e9 avec le logo Volvo \u00e0 l&#039;esprit et un motif de courtepointe unique.  Isolation synth\u00e9tique au toucher duvet, parfaite pour servir de v\u00eatement de couche interm\u00e9diaire.  Le gilet a une coupe droite avec des poches lat\u00e9rales zipp\u00e9es pratiques et une poche poitrine zipp\u00e9e.  Il est livr\u00e9 sans \u00e9tiquettes volantes ni communication externe. Nous le recommandons pour les \u00e9v\u00e9nements et l&#039;usage interne.\" \/>\n<meta property=\"og:url\" content=\"https:\/\/www.groupepayant.fr\/webshop\/produit\/doudoune-legere-sans-manches-volvo\/\" \/>\n<meta property=\"og:site_name\" content=\"WEBSHOP Groupe PAYANT\" \/>\n<meta property=\"article:publisher\" content=\"https:\/\/www.facebook.com\/GroupePayant\/\" \/>\n<meta property=\"article:modified_time\" content=\"2026-04-24T13:55:57+00:00\" \/>\n<meta property=\"og:image\" content=\"https:\/\/www.groupepayant.fr\/webshop\/wp-content\/uploads\/2022\/12\/doudoune-legere-sans-manches-volvo-navy-1.jpg\" \/>\n\t<meta property=\"og:image:width\" content=\"600\" \/>\n\t<meta property=\"og:image:height\" content=\"600\" \/>\n\t<meta property=\"og:image:type\" content=\"image\/jpeg\" \/>\n<meta name=\"twitter:card\" content=\"summary_large_image\" \/>\n<meta name=\"twitter:label1\" content=\"Dur\u00e9e de lecture estim\u00e9e\" \/>\n\t<meta name=\"twitter:data1\" content=\"1 minute\" \/>\n<script type=\"application\/ld+json\" class=\"yoast-schema-graph\">{\"@context\":\"https:\/\/schema.org\",\"@graph\":[{\"@type\":\"WebPage\",\"@id\":\"https:\/\/www.groupepayant.fr\/webshop\/produit\/doudoune-legere-sans-manches-volvo\/\",\"url\":\"https:\/\/www.groupepayant.fr\/webshop\/produit\/doudoune-legere-sans-manches-volvo\/\",\"name\":\"Doudoune l\u00e9g\u00e8re sans manches Volvo - WEBSHOP Groupe PAYANT\",\"isPartOf\":{\"@id\":\"https:\/\/www.groupepayant.fr\/webshop\/#website\"},\"primaryImageOfPage\":{\"@id\":\"https:\/\/www.groupepayant.fr\/webshop\/produit\/doudoune-legere-sans-manches-volvo\/#primaryimage\"},\"image\":{\"@id\":\"https:\/\/www.groupepayant.fr\/webshop\/produit\/doudoune-legere-sans-manches-volvo\/#primaryimage\"},\"thumbnailUrl\":\"https:\/\/www.groupepayant.fr\/webshop\/wp-content\/uploads\/2022\/12\/doudoune-legere-sans-manches-volvo-navy-1.jpg\",\"datePublished\":\"2022-12-09T12:39:53+00:00\",\"dateModified\":\"2026-04-24T13:55:57+00:00\",\"breadcrumb\":{\"@id\":\"https:\/\/www.groupepayant.fr\/webshop\/produit\/doudoune-legere-sans-manches-volvo\/#breadcrumb\"},\"inLanguage\":\"fr-FR\",\"potentialAction\":[{\"@type\":\"ReadAction\",\"target\":[\"https:\/\/www.groupepayant.fr\/webshop\/produit\/doudoune-legere-sans-manches-volvo\/\"]}]},{\"@type\":\"ImageObject\",\"inLanguage\":\"fr-FR\",\"@id\":\"https:\/\/www.groupepayant.fr\/webshop\/produit\/doudoune-legere-sans-manches-volvo\/#primaryimage\",\"url\":\"https:\/\/www.groupepayant.fr\/webshop\/wp-content\/uploads\/2022\/12\/doudoune-legere-sans-manches-volvo-navy-1.jpg\",\"contentUrl\":\"https:\/\/www.groupepayant.fr\/webshop\/wp-content\/uploads\/2022\/12\/doudoune-legere-sans-manches-volvo-navy-1.jpg\",\"width\":600,\"height\":600,\"caption\":\"Doudoune l\u00e9g\u00e8re sans manches Volvo navy\"},{\"@type\":\"BreadcrumbList\",\"@id\":\"https:\/\/www.groupepayant.fr\/webshop\/produit\/doudoune-legere-sans-manches-volvo\/#breadcrumb\",\"itemListElement\":[{\"@type\":\"ListItem\",\"position\":1,\"name\":\"Accueil\",\"item\":\"https:\/\/www.groupepayant.fr\/webshop\/\"},{\"@type\":\"ListItem\",\"position\":2,\"name\":\"Webshop\",\"item\":\"https:\/\/www.groupepayant.fr\/webshop\/shop\/\"},{\"@type\":\"ListItem\",\"position\":3,\"name\":\"Doudoune l\u00e9g\u00e8re sans manches Volvo\"}]},{\"@type\":\"WebSite\",\"@id\":\"https:\/\/www.groupepayant.fr\/webshop\/#website\",\"url\":\"https:\/\/www.groupepayant.fr\/webshop\/\",\"name\":\"WEBSHOP Groupe PAYANT\",\"description\":\"\",\"publisher\":{\"@id\":\"https:\/\/www.groupepayant.fr\/webshop\/#organization\"},\"potentialAction\":[{\"@type\":\"SearchAction\",\"target\":{\"@type\":\"EntryPoint\",\"urlTemplate\":\"https:\/\/www.groupepayant.fr\/webshop\/?s={search_term_string}\"},\"query-input\":{\"@type\":\"PropertyValueSpecification\",\"valueRequired\":true,\"valueName\":\"search_term_string\"}}],\"inLanguage\":\"fr-FR\"},{\"@type\":\"Organization\",\"@id\":\"https:\/\/www.groupepayant.fr\/webshop\/#organization\",\"name\":\"Webshop Groupe PAYANT\",\"url\":\"https:\/\/www.groupepayant.fr\/webshop\/\",\"logo\":{\"@type\":\"ImageObject\",\"inLanguage\":\"fr-FR\",\"@id\":\"https:\/\/www.groupepayant.fr\/webshop\/#\/schema\/logo\/image\/\",\"url\":\"\",\"contentUrl\":\"\",\"caption\":\"Webshop Groupe PAYANT\"},\"image\":{\"@id\":\"https:\/\/www.groupepayant.fr\/webshop\/#\/schema\/logo\/image\/\"},\"sameAs\":[\"https:\/\/www.facebook.com\/GroupePayant\/\",\"https:\/\/www.linkedin.com\/company\/groupe-payant\/\",\"https:\/\/www.youtube.com\/c\/GroupePAYANT\",\"https:\/\/www.instagram.com\/groupepayant\/\"]}]}<\/script>\n<!-- \/ Yoast SEO plugin. -->","yoast_head_json":{"title":"Doudoune l\u00e9g\u00e8re sans manches Volvo - WEBSHOP Groupe PAYANT","robots":{"index":"index","follow":"follow","max-snippet":"max-snippet:-1","max-image-preview":"max-image-preview:large","max-video-preview":"max-video-preview:-1"},"canonical":"https:\/\/www.groupepayant.fr\/webshop\/produit\/doudoune-legere-sans-manches-volvo\/","og_locale":"fr_FR","og_type":"article","og_title":"Doudoune l\u00e9g\u00e8re sans manches Volvo - WEBSHOP Groupe PAYANT","og_description":"Ce gilet est l\u00e9ger \u00e0 la fois en poids et en empreinte de production, \u00e9tant fabriqu\u00e9 \u00e0 partir de tous les mat\u00e9riaux recycl\u00e9s (certifi\u00e9 GRS). Le design est \u00e9pur\u00e9 avec le logo Volvo \u00e0 l'esprit et un motif de courtepointe unique.  Isolation synth\u00e9tique au toucher duvet, parfaite pour servir de v\u00eatement de couche interm\u00e9diaire.  Le gilet a une coupe droite avec des poches lat\u00e9rales zipp\u00e9es pratiques et une poche poitrine zipp\u00e9e.  Il est livr\u00e9 sans \u00e9tiquettes volantes ni communication externe. Nous le recommandons pour les \u00e9v\u00e9nements et l'usage interne.","og_url":"https:\/\/www.groupepayant.fr\/webshop\/produit\/doudoune-legere-sans-manches-volvo\/","og_site_name":"WEBSHOP Groupe PAYANT","article_publisher":"https:\/\/www.facebook.com\/GroupePayant\/","article_modified_time":"2026-04-24T13:55:57+00:00","og_image":[{"width":600,"height":600,"url":"https:\/\/www.groupepayant.fr\/webshop\/wp-content\/uploads\/2022\/12\/doudoune-legere-sans-manches-volvo-navy-1.jpg","type":"image\/jpeg"}],"twitter_card":"summary_large_image","twitter_misc":{"Dur\u00e9e de lecture estim\u00e9e":"1 minute"},"schema":{"@context":"https:\/\/schema.org","@graph":[{"@type":"WebPage","@id":"https:\/\/www.groupepayant.fr\/webshop\/produit\/doudoune-legere-sans-manches-volvo\/","url":"https:\/\/www.groupepayant.fr\/webshop\/produit\/doudoune-legere-sans-manches-volvo\/","name":"Doudoune l\u00e9g\u00e8re sans manches Volvo - WEBSHOP Groupe PAYANT","isPartOf":{"@id":"https:\/\/www.groupepayant.fr\/webshop\/#website"},"primaryImageOfPage":{"@id":"https:\/\/www.groupepayant.fr\/webshop\/produit\/doudoune-legere-sans-manches-volvo\/#primaryimage"},"image":{"@id":"https:\/\/www.groupepayant.fr\/webshop\/produit\/doudoune-legere-sans-manches-volvo\/#primaryimage"},"thumbnailUrl":"https:\/\/www.groupepayant.fr\/webshop\/wp-content\/uploads\/2022\/12\/doudoune-legere-sans-manches-volvo-navy-1.jpg","datePublished":"2022-12-09T12:39:53+00:00","dateModified":"2026-04-24T13:55:57+00:00","breadcrumb":{"@id":"https:\/\/www.groupepayant.fr\/webshop\/produit\/doudoune-legere-sans-manches-volvo\/#breadcrumb"},"inLanguage":"fr-FR","potentialAction":[{"@type":"ReadAction","target":["https:\/\/www.groupepayant.fr\/webshop\/produit\/doudoune-legere-sans-manches-volvo\/"]}]},{"@type":"ImageObject","inLanguage":"fr-FR","@id":"https:\/\/www.groupepayant.fr\/webshop\/produit\/doudoune-legere-sans-manches-volvo\/#primaryimage","url":"https:\/\/www.groupepayant.fr\/webshop\/wp-content\/uploads\/2022\/12\/doudoune-legere-sans-manches-volvo-navy-1.jpg","contentUrl":"https:\/\/www.groupepayant.fr\/webshop\/wp-content\/uploads\/2022\/12\/doudoune-legere-sans-manches-volvo-navy-1.jpg","width":600,"height":600,"caption":"Doudoune l\u00e9g\u00e8re sans manches Volvo navy"},{"@type":"BreadcrumbList","@id":"https:\/\/www.groupepayant.fr\/webshop\/produit\/doudoune-legere-sans-manches-volvo\/#breadcrumb","itemListElement":[{"@type":"ListItem","position":1,"name":"Accueil","item":"https:\/\/www.groupepayant.fr\/webshop\/"},{"@type":"ListItem","position":2,"name":"Webshop","item":"https:\/\/www.groupepayant.fr\/webshop\/shop\/"},{"@type":"ListItem","position":3,"name":"Doudoune l\u00e9g\u00e8re sans manches Volvo"}]},{"@type":"WebSite","@id":"https:\/\/www.groupepayant.fr\/webshop\/#website","url":"https:\/\/www.groupepayant.fr\/webshop\/","name":"WEBSHOP Groupe PAYANT","description":"","publisher":{"@id":"https:\/\/www.groupepayant.fr\/webshop\/#organization"},"potentialAction":[{"@type":"SearchAction","target":{"@type":"EntryPoint","urlTemplate":"https:\/\/www.groupepayant.fr\/webshop\/?s={search_term_string}"},"query-input":{"@type":"PropertyValueSpecification","valueRequired":true,"valueName":"search_term_string"}}],"inLanguage":"fr-FR"},{"@type":"Organization","@id":"https:\/\/www.groupepayant.fr\/webshop\/#organization","name":"Webshop Groupe PAYANT","url":"https:\/\/www.groupepayant.fr\/webshop\/","logo":{"@type":"ImageObject","inLanguage":"fr-FR","@id":"https:\/\/www.groupepayant.fr\/webshop\/#\/schema\/logo\/image\/","url":"","contentUrl":"","caption":"Webshop Groupe PAYANT"},"image":{"@id":"https:\/\/www.groupepayant.fr\/webshop\/#\/schema\/logo\/image\/"},"sameAs":["https:\/\/www.facebook.com\/GroupePayant\/","https:\/\/www.linkedin.com\/company\/groupe-payant\/","https:\/\/www.youtube.com\/c\/GroupePAYANT","https:\/\/www.instagram.com\/groupepayant\/"]}]}},"builder_content":"","_links":{"self":[{"href":"https:\/\/www.groupepayant.fr\/webshop\/wp-json\/wp\/v2\/product\/20968","targetHints":{"allow":["GET"]}}],"collection":[{"href":"https:\/\/www.groupepayant.fr\/webshop\/wp-json\/wp\/v2\/product"}],"about":[{"href":"https:\/\/www.groupepayant.fr\/webshop\/wp-json\/wp\/v2\/types\/product"}],"replies":[{"embeddable":true,"href":"https:\/\/www.groupepayant.fr\/webshop\/wp-json\/wp\/v2\/comments?post=20968"}],"wp:featuredmedia":[{"embeddable":true,"href":"https:\/\/www.groupepayant.fr\/webshop\/wp-json\/wp\/v2\/media\/20974"}],"wp:attachment":[{"href":"https:\/\/www.groupepayant.fr\/webshop\/wp-json\/wp\/v2\/media?parent=20968"}],"wp:term":[{"taxonomy":"product_brand","embeddable":true,"href":"https:\/\/www.groupepayant.fr\/webshop\/wp-json\/wp\/v2\/product_brand?post=20968"},{"taxonomy":"product_cat","embeddable":true,"href":"https:\/\/www.groupepayant.fr\/webshop\/wp-json\/wp\/v2\/product_cat?post=20968"},{"taxonomy":"product_tag","embeddable":true,"href":"https:\/\/www.groupepayant.fr\/webshop\/wp-json\/wp\/v2\/product_tag?post=20968"}],"curies":[{"name":"wp","href":"https:\/\/api.w.org\/{rel}","templated":true}]}}