{"id":20976,"date":"2022-12-09T13:52:21","date_gmt":"2022-12-09T12:52:21","guid":{"rendered":"https:\/\/www.groupepayant.fr\/webshop\/?post_type=product&#038;p=20976"},"modified":"2026-03-23T09:00:18","modified_gmt":"2026-03-23T08:00:18","slug":"veste-technique-volvo-noire","status":"publish","type":"product","link":"https:\/\/www.groupepayant.fr\/webshop\/produit\/veste-technique-volvo-noire\/","title":{"rendered":"Veste technique Volvo noire"},"content":{"rendered":"","protected":false},"excerpt":{"rendered":"<p>Cette veste d&rsquo;hiver courte avec le logo Volvo est con\u00e7ue et d\u00e9velopp\u00e9e pour les plus hauts niveaux de confort, de fonctionnalit\u00e9 et de s\u00e9curit\u00e9. Elle est parfaite pour les conditions climatiques plus froides.<br \/>\nLa veste matelass\u00e9e est fabriqu\u00e9e \u00e0 partir de mat\u00e9riaux 100 % recycl\u00e9s et r\u00e9siste au vent et \u00e0 l&rsquo;eau. Des poches \u00e0 rabat intelligentes pour un acc\u00e8s facile, une taille et des manches c\u00f4tel\u00e9es pour un excellent mouvement et un imprim\u00e9 r\u00e9fl\u00e9chissant pour la visibilit\u00e9 ne sont que quelques-unes des caract\u00e9ristiques de conception de cette veste.<\/p>\n<p>\u2022 <strong>Caract\u00e9ristiques principales<\/strong> :<br \/>\n&#8211; Imperm\u00e9able \u2013 10 000 mm de pluie et \u00e9tanche sous une l\u00e9g\u00e8re pression<br \/>\n&#8211; Coutures \u00e9tanches<br \/>\n&#8211; Respirant \u2013 5000 MVP<br \/>\n&#8211; Capuche amovible avec fermeture \u00e9clair pour une plus grande polyvalence<br \/>\n&#8211; Deux poches lat\u00e9rales avec deux ouvertures lat\u00e9rales ainsi qu&rsquo;une ouverture sup\u00e9rieure avec rabat et fermeture \u00e0 pression dissimul\u00e9e.<br \/>\n&#8211; Poche poitrine int\u00e9rieure avec fermeture \u00e9clair.<br \/>\n&#8211; D\u00e9tails r\u00e9fl\u00e9chissants \u00e0 l&rsquo;avant et \u00e0 l&rsquo;arri\u00e8re<br \/>\n&#8211; Polyester recycl\u00e9 certifi\u00e9 GRS<\/p>\n","protected":false},"featured_media":20981,"comment_status":"closed","ping_status":"closed","template":"","meta":{"_monsterinsights_skip_tracking":false,"_monsterinsights_sitenote_active":false,"_monsterinsights_sitenote_note":"","_monsterinsights_sitenote_category":0},"product_brand":[1708],"product_cat":[266,269,285],"product_tag":[903,1359,1358,1357],"class_list":{"0":"post-20976","1":"product","2":"type-product","3":"status-publish","4":"has-post-thumbnail","6":"product_brand-volvo","7":"product_cat-merchandising","8":"product_cat-textiles","9":"product_cat-textiles-volvo","10":"product_tag-veste-technique","11":"product_tag-veste-technique-noire","12":"product_tag-veste-technique-volvo","13":"product_tag-veste-technique-volvo-noire","15":"first","16":"instock","17":"sale","18":"taxable","19":"shipping-taxable","20":"purchasable","21":"product-type-variable"},"yoast_head":"<!-- This site is optimized with the Yoast SEO plugin v27.1.1 - https:\/\/yoast.com\/product\/yoast-seo-wordpress\/ -->\n<title>Veste technique Volvo noire - WEBSHOP Groupe PAYANT<\/title>\n<meta name=\"robots\" content=\"index, follow, max-snippet:-1, max-image-preview:large, max-video-preview:-1\" \/>\n<link rel=\"canonical\" href=\"https:\/\/www.groupepayant.fr\/webshop\/produit\/veste-technique-volvo-noire\/\" \/>\n<meta property=\"og:locale\" content=\"fr_FR\" \/>\n<meta property=\"og:type\" content=\"article\" \/>\n<meta property=\"og:title\" content=\"Veste technique Volvo noire - WEBSHOP Groupe PAYANT\" \/>\n<meta property=\"og:description\" content=\"Cette veste d&#039;hiver courte avec le logo Volvo est con\u00e7ue et d\u00e9velopp\u00e9e pour les plus hauts niveaux de confort, de fonctionnalit\u00e9 et de s\u00e9curit\u00e9. Elle est parfaite pour les conditions climatiques plus froides. La veste matelass\u00e9e est fabriqu\u00e9e \u00e0 partir de mat\u00e9riaux 100 % recycl\u00e9s et r\u00e9siste au vent et \u00e0 l&#039;eau. Des poches \u00e0 rabat intelligentes pour un acc\u00e8s facile, une taille et des manches c\u00f4tel\u00e9es pour un excellent mouvement et un imprim\u00e9 r\u00e9fl\u00e9chissant pour la visibilit\u00e9 ne sont que quelques-unes des caract\u00e9ristiques de conception de cette veste.  \u2022 Caract\u00e9ristiques principales : - Imperm\u00e9able \u2013 10 000 mm de pluie et \u00e9tanche sous une l\u00e9g\u00e8re pression - Coutures \u00e9tanches - Respirant \u2013 5000 MVP - Capuche amovible avec fermeture \u00e9clair pour une plus grande polyvalence - Deux poches lat\u00e9rales avec deux ouvertures lat\u00e9rales ainsi qu&#039;une ouverture sup\u00e9rieure avec rabat et fermeture \u00e0 pression dissimul\u00e9e. - Poche poitrine int\u00e9rieure avec fermeture \u00e9clair. - D\u00e9tails r\u00e9fl\u00e9chissants \u00e0 l&#039;avant et \u00e0 l&#039;arri\u00e8re - Polyester recycl\u00e9 certifi\u00e9 GRS\" \/>\n<meta property=\"og:url\" content=\"https:\/\/www.groupepayant.fr\/webshop\/produit\/veste-technique-volvo-noire\/\" \/>\n<meta property=\"og:site_name\" content=\"WEBSHOP Groupe PAYANT\" \/>\n<meta property=\"article:publisher\" content=\"https:\/\/www.facebook.com\/GroupePayant\/\" \/>\n<meta property=\"article:modified_time\" content=\"2026-03-23T08:00:18+00:00\" \/>\n<meta property=\"og:image\" content=\"https:\/\/www.groupepayant.fr\/webshop\/wp-content\/uploads\/2022\/12\/veste-technique-volvo-noire-1.jpg\" \/>\n\t<meta property=\"og:image:width\" content=\"600\" \/>\n\t<meta property=\"og:image:height\" content=\"600\" \/>\n\t<meta property=\"og:image:type\" content=\"image\/jpeg\" \/>\n<meta name=\"twitter:card\" content=\"summary_large_image\" \/>\n<meta name=\"twitter:label1\" content=\"Dur\u00e9e de lecture estim\u00e9e\" \/>\n\t<meta name=\"twitter:data1\" content=\"1 minute\" \/>\n<script type=\"application\/ld+json\" class=\"yoast-schema-graph\">{\"@context\":\"https:\/\/schema.org\",\"@graph\":[{\"@type\":\"WebPage\",\"@id\":\"https:\/\/www.groupepayant.fr\/webshop\/produit\/veste-technique-volvo-noire\/\",\"url\":\"https:\/\/www.groupepayant.fr\/webshop\/produit\/veste-technique-volvo-noire\/\",\"name\":\"Veste technique Volvo noire - WEBSHOP Groupe PAYANT\",\"isPartOf\":{\"@id\":\"https:\/\/www.groupepayant.fr\/webshop\/#website\"},\"primaryImageOfPage\":{\"@id\":\"https:\/\/www.groupepayant.fr\/webshop\/produit\/veste-technique-volvo-noire\/#primaryimage\"},\"image\":{\"@id\":\"https:\/\/www.groupepayant.fr\/webshop\/produit\/veste-technique-volvo-noire\/#primaryimage\"},\"thumbnailUrl\":\"https:\/\/www.groupepayant.fr\/webshop\/wp-content\/uploads\/2022\/12\/veste-technique-volvo-noire-1.jpg\",\"datePublished\":\"2022-12-09T12:52:21+00:00\",\"dateModified\":\"2026-03-23T08:00:18+00:00\",\"breadcrumb\":{\"@id\":\"https:\/\/www.groupepayant.fr\/webshop\/produit\/veste-technique-volvo-noire\/#breadcrumb\"},\"inLanguage\":\"fr-FR\",\"potentialAction\":[{\"@type\":\"ReadAction\",\"target\":[\"https:\/\/www.groupepayant.fr\/webshop\/produit\/veste-technique-volvo-noire\/\"]}]},{\"@type\":\"ImageObject\",\"inLanguage\":\"fr-FR\",\"@id\":\"https:\/\/www.groupepayant.fr\/webshop\/produit\/veste-technique-volvo-noire\/#primaryimage\",\"url\":\"https:\/\/www.groupepayant.fr\/webshop\/wp-content\/uploads\/2022\/12\/veste-technique-volvo-noire-1.jpg\",\"contentUrl\":\"https:\/\/www.groupepayant.fr\/webshop\/wp-content\/uploads\/2022\/12\/veste-technique-volvo-noire-1.jpg\",\"width\":600,\"height\":600,\"caption\":\"Veste Technique Volvo noire\"},{\"@type\":\"BreadcrumbList\",\"@id\":\"https:\/\/www.groupepayant.fr\/webshop\/produit\/veste-technique-volvo-noire\/#breadcrumb\",\"itemListElement\":[{\"@type\":\"ListItem\",\"position\":1,\"name\":\"Accueil\",\"item\":\"https:\/\/www.groupepayant.fr\/webshop\/\"},{\"@type\":\"ListItem\",\"position\":2,\"name\":\"Webshop\",\"item\":\"https:\/\/www.groupepayant.fr\/webshop\/shop\/\"},{\"@type\":\"ListItem\",\"position\":3,\"name\":\"Veste technique Volvo noire\"}]},{\"@type\":\"WebSite\",\"@id\":\"https:\/\/www.groupepayant.fr\/webshop\/#website\",\"url\":\"https:\/\/www.groupepayant.fr\/webshop\/\",\"name\":\"WEBSHOP Groupe PAYANT\",\"description\":\"\",\"publisher\":{\"@id\":\"https:\/\/www.groupepayant.fr\/webshop\/#organization\"},\"potentialAction\":[{\"@type\":\"SearchAction\",\"target\":{\"@type\":\"EntryPoint\",\"urlTemplate\":\"https:\/\/www.groupepayant.fr\/webshop\/?s={search_term_string}\"},\"query-input\":{\"@type\":\"PropertyValueSpecification\",\"valueRequired\":true,\"valueName\":\"search_term_string\"}}],\"inLanguage\":\"fr-FR\"},{\"@type\":\"Organization\",\"@id\":\"https:\/\/www.groupepayant.fr\/webshop\/#organization\",\"name\":\"Webshop Groupe PAYANT\",\"url\":\"https:\/\/www.groupepayant.fr\/webshop\/\",\"logo\":{\"@type\":\"ImageObject\",\"inLanguage\":\"fr-FR\",\"@id\":\"https:\/\/www.groupepayant.fr\/webshop\/#\/schema\/logo\/image\/\",\"url\":\"\",\"contentUrl\":\"\",\"caption\":\"Webshop Groupe PAYANT\"},\"image\":{\"@id\":\"https:\/\/www.groupepayant.fr\/webshop\/#\/schema\/logo\/image\/\"},\"sameAs\":[\"https:\/\/www.facebook.com\/GroupePayant\/\",\"https:\/\/www.linkedin.com\/company\/groupe-payant\/\",\"https:\/\/www.youtube.com\/c\/GroupePAYANT\",\"https:\/\/www.instagram.com\/groupepayant\/\"]}]}<\/script>\n<!-- \/ Yoast SEO plugin. -->","yoast_head_json":{"title":"Veste technique Volvo noire - WEBSHOP Groupe PAYANT","robots":{"index":"index","follow":"follow","max-snippet":"max-snippet:-1","max-image-preview":"max-image-preview:large","max-video-preview":"max-video-preview:-1"},"canonical":"https:\/\/www.groupepayant.fr\/webshop\/produit\/veste-technique-volvo-noire\/","og_locale":"fr_FR","og_type":"article","og_title":"Veste technique Volvo noire - WEBSHOP Groupe PAYANT","og_description":"Cette veste d'hiver courte avec le logo Volvo est con\u00e7ue et d\u00e9velopp\u00e9e pour les plus hauts niveaux de confort, de fonctionnalit\u00e9 et de s\u00e9curit\u00e9. Elle est parfaite pour les conditions climatiques plus froides. La veste matelass\u00e9e est fabriqu\u00e9e \u00e0 partir de mat\u00e9riaux 100 % recycl\u00e9s et r\u00e9siste au vent et \u00e0 l'eau. Des poches \u00e0 rabat intelligentes pour un acc\u00e8s facile, une taille et des manches c\u00f4tel\u00e9es pour un excellent mouvement et un imprim\u00e9 r\u00e9fl\u00e9chissant pour la visibilit\u00e9 ne sont que quelques-unes des caract\u00e9ristiques de conception de cette veste.  \u2022 Caract\u00e9ristiques principales : - Imperm\u00e9able \u2013 10 000 mm de pluie et \u00e9tanche sous une l\u00e9g\u00e8re pression - Coutures \u00e9tanches - Respirant \u2013 5000 MVP - Capuche amovible avec fermeture \u00e9clair pour une plus grande polyvalence - Deux poches lat\u00e9rales avec deux ouvertures lat\u00e9rales ainsi qu'une ouverture sup\u00e9rieure avec rabat et fermeture \u00e0 pression dissimul\u00e9e. - Poche poitrine int\u00e9rieure avec fermeture \u00e9clair. - D\u00e9tails r\u00e9fl\u00e9chissants \u00e0 l'avant et \u00e0 l'arri\u00e8re - Polyester recycl\u00e9 certifi\u00e9 GRS","og_url":"https:\/\/www.groupepayant.fr\/webshop\/produit\/veste-technique-volvo-noire\/","og_site_name":"WEBSHOP Groupe PAYANT","article_publisher":"https:\/\/www.facebook.com\/GroupePayant\/","article_modified_time":"2026-03-23T08:00:18+00:00","og_image":[{"width":600,"height":600,"url":"https:\/\/www.groupepayant.fr\/webshop\/wp-content\/uploads\/2022\/12\/veste-technique-volvo-noire-1.jpg","type":"image\/jpeg"}],"twitter_card":"summary_large_image","twitter_misc":{"Dur\u00e9e de lecture estim\u00e9e":"1 minute"},"schema":{"@context":"https:\/\/schema.org","@graph":[{"@type":"WebPage","@id":"https:\/\/www.groupepayant.fr\/webshop\/produit\/veste-technique-volvo-noire\/","url":"https:\/\/www.groupepayant.fr\/webshop\/produit\/veste-technique-volvo-noire\/","name":"Veste technique Volvo noire - WEBSHOP Groupe PAYANT","isPartOf":{"@id":"https:\/\/www.groupepayant.fr\/webshop\/#website"},"primaryImageOfPage":{"@id":"https:\/\/www.groupepayant.fr\/webshop\/produit\/veste-technique-volvo-noire\/#primaryimage"},"image":{"@id":"https:\/\/www.groupepayant.fr\/webshop\/produit\/veste-technique-volvo-noire\/#primaryimage"},"thumbnailUrl":"https:\/\/www.groupepayant.fr\/webshop\/wp-content\/uploads\/2022\/12\/veste-technique-volvo-noire-1.jpg","datePublished":"2022-12-09T12:52:21+00:00","dateModified":"2026-03-23T08:00:18+00:00","breadcrumb":{"@id":"https:\/\/www.groupepayant.fr\/webshop\/produit\/veste-technique-volvo-noire\/#breadcrumb"},"inLanguage":"fr-FR","potentialAction":[{"@type":"ReadAction","target":["https:\/\/www.groupepayant.fr\/webshop\/produit\/veste-technique-volvo-noire\/"]}]},{"@type":"ImageObject","inLanguage":"fr-FR","@id":"https:\/\/www.groupepayant.fr\/webshop\/produit\/veste-technique-volvo-noire\/#primaryimage","url":"https:\/\/www.groupepayant.fr\/webshop\/wp-content\/uploads\/2022\/12\/veste-technique-volvo-noire-1.jpg","contentUrl":"https:\/\/www.groupepayant.fr\/webshop\/wp-content\/uploads\/2022\/12\/veste-technique-volvo-noire-1.jpg","width":600,"height":600,"caption":"Veste Technique Volvo noire"},{"@type":"BreadcrumbList","@id":"https:\/\/www.groupepayant.fr\/webshop\/produit\/veste-technique-volvo-noire\/#breadcrumb","itemListElement":[{"@type":"ListItem","position":1,"name":"Accueil","item":"https:\/\/www.groupepayant.fr\/webshop\/"},{"@type":"ListItem","position":2,"name":"Webshop","item":"https:\/\/www.groupepayant.fr\/webshop\/shop\/"},{"@type":"ListItem","position":3,"name":"Veste technique Volvo noire"}]},{"@type":"WebSite","@id":"https:\/\/www.groupepayant.fr\/webshop\/#website","url":"https:\/\/www.groupepayant.fr\/webshop\/","name":"WEBSHOP Groupe PAYANT","description":"","publisher":{"@id":"https:\/\/www.groupepayant.fr\/webshop\/#organization"},"potentialAction":[{"@type":"SearchAction","target":{"@type":"EntryPoint","urlTemplate":"https:\/\/www.groupepayant.fr\/webshop\/?s={search_term_string}"},"query-input":{"@type":"PropertyValueSpecification","valueRequired":true,"valueName":"search_term_string"}}],"inLanguage":"fr-FR"},{"@type":"Organization","@id":"https:\/\/www.groupepayant.fr\/webshop\/#organization","name":"Webshop Groupe PAYANT","url":"https:\/\/www.groupepayant.fr\/webshop\/","logo":{"@type":"ImageObject","inLanguage":"fr-FR","@id":"https:\/\/www.groupepayant.fr\/webshop\/#\/schema\/logo\/image\/","url":"","contentUrl":"","caption":"Webshop Groupe PAYANT"},"image":{"@id":"https:\/\/www.groupepayant.fr\/webshop\/#\/schema\/logo\/image\/"},"sameAs":["https:\/\/www.facebook.com\/GroupePayant\/","https:\/\/www.linkedin.com\/company\/groupe-payant\/","https:\/\/www.youtube.com\/c\/GroupePAYANT","https:\/\/www.instagram.com\/groupepayant\/"]}]}},"builder_content":"","_links":{"self":[{"href":"https:\/\/www.groupepayant.fr\/webshop\/wp-json\/wp\/v2\/product\/20976","targetHints":{"allow":["GET"]}}],"collection":[{"href":"https:\/\/www.groupepayant.fr\/webshop\/wp-json\/wp\/v2\/product"}],"about":[{"href":"https:\/\/www.groupepayant.fr\/webshop\/wp-json\/wp\/v2\/types\/product"}],"replies":[{"embeddable":true,"href":"https:\/\/www.groupepayant.fr\/webshop\/wp-json\/wp\/v2\/comments?post=20976"}],"wp:featuredmedia":[{"embeddable":true,"href":"https:\/\/www.groupepayant.fr\/webshop\/wp-json\/wp\/v2\/media\/20981"}],"wp:attachment":[{"href":"https:\/\/www.groupepayant.fr\/webshop\/wp-json\/wp\/v2\/media?parent=20976"}],"wp:term":[{"taxonomy":"product_brand","embeddable":true,"href":"https:\/\/www.groupepayant.fr\/webshop\/wp-json\/wp\/v2\/product_brand?post=20976"},{"taxonomy":"product_cat","embeddable":true,"href":"https:\/\/www.groupepayant.fr\/webshop\/wp-json\/wp\/v2\/product_cat?post=20976"},{"taxonomy":"product_tag","embeddable":true,"href":"https:\/\/www.groupepayant.fr\/webshop\/wp-json\/wp\/v2\/product_tag?post=20976"}],"curies":[{"name":"wp","href":"https:\/\/api.w.org\/{rel}","templated":true}]}}