{"id":21217,"date":"2023-02-16T11:42:31","date_gmt":"2023-02-16T10:42:31","guid":{"rendered":"https:\/\/www.groupepayant.fr\/webshop\/?post_type=product&#038;p=21217"},"modified":"2026-02-18T08:19:06","modified_gmt":"2026-02-18T07:19:06","slug":"maquette-ecr25-electric-volvo-132","status":"publish","type":"product","link":"https:\/\/www.groupepayant.fr\/webshop\/produit\/maquette-ecr25-electric-volvo-132\/","title":{"rendered":"Maquette ECR25 Electric Volvo 1:32"},"content":{"rendered":"","protected":false},"excerpt":{"rendered":"<p>La pelle \u00e9lectrique Volvo ECR25 change la donne !\u00a0 D\u00e9couvrez ce mod\u00e8le moul\u00e9 sous pression \u00e0 l&rsquo;\u00e9chelle 1:32 de la machine r\u00e9elle.<\/p>\n<p>Le mod\u00e8le pr\u00e9sente des d\u00e9tails de haute pr\u00e9cision et de mani\u00e8re tr\u00e8s r\u00e9aliste.<br \/>\nLa miniature de la pelle compacte a des chenilles mobiles et des pi\u00e8ces mobiles fonctionnelles.<br \/>\nCet objet de collection est un excellent moyen de soutenir un \u00e9v\u00e9nement ou comme cadeau de transfert pour les nouveaux propri\u00e9taires d&rsquo;ECR25.<\/p>\n<p>\u2022 Livr\u00e9 dans un coffret cadeau haut de gamme<br \/>\n\u2022 Dimensions : 155x50x73 mm<\/p>\n","protected":false},"featured_media":21218,"comment_status":"closed","ping_status":"closed","template":"","meta":{"_monsterinsights_skip_tracking":false,"_monsterinsights_sitenote_active":false,"_monsterinsights_sitenote_note":"","_monsterinsights_sitenote_category":0},"product_brand":[1708],"product_cat":[268,280,266],"product_tag":[1389,1385,1390,1386,1387,1388,605],"class_list":{"0":"post-21217","1":"product","2":"type-product","3":"status-publish","4":"has-post-thumbnail","6":"product_brand-volvo","7":"product_cat-maquettes","8":"product_cat-maquettes-volvo","9":"product_cat-merchandising","10":"product_tag-maquette-ecr25-132","11":"product_tag-maquette-ecr25-electric","12":"product_tag-maquette-ecr25-electric-132","13":"product_tag-maquette-ecr25-electric-volvo","14":"product_tag-maquette-ecr25-electrique","15":"product_tag-maquette-ecr25-electrique-volvo","16":"product_tag-maquette-volvo","18":"first","19":"instock","20":"taxable","21":"shipping-taxable","22":"purchasable","23":"product-type-simple"},"yoast_head":"<!-- This site is optimized with the Yoast SEO plugin v27.1.1 - https:\/\/yoast.com\/product\/yoast-seo-wordpress\/ -->\n<title>Maquette ECR25 Electric Volvo 1:32 - WEBSHOP Groupe PAYANT<\/title>\n<meta name=\"robots\" content=\"index, follow, max-snippet:-1, max-image-preview:large, max-video-preview:-1\" \/>\n<link rel=\"canonical\" href=\"https:\/\/www.groupepayant.fr\/webshop\/produit\/maquette-ecr25-electric-volvo-132\/\" \/>\n<meta property=\"og:locale\" content=\"fr_FR\" \/>\n<meta property=\"og:type\" content=\"article\" \/>\n<meta property=\"og:title\" content=\"Maquette ECR25 Electric Volvo 1:32 - WEBSHOP Groupe PAYANT\" \/>\n<meta property=\"og:description\" content=\"La pelle \u00e9lectrique Volvo ECR25 change la donne !\u00a0 D\u00e9couvrez ce mod\u00e8le moul\u00e9 sous pression \u00e0 l&#039;\u00e9chelle 1:32 de la machine r\u00e9elle.  Le mod\u00e8le pr\u00e9sente des d\u00e9tails de haute pr\u00e9cision et de mani\u00e8re tr\u00e8s r\u00e9aliste. La miniature de la pelle compacte a des chenilles mobiles et des pi\u00e8ces mobiles fonctionnelles. Cet objet de collection est un excellent moyen de soutenir un \u00e9v\u00e9nement ou comme cadeau de transfert pour les nouveaux propri\u00e9taires d&#039;ECR25.  \u2022 Livr\u00e9 dans un coffret cadeau haut de gamme \u2022 Dimensions : 155x50x73 mm\" \/>\n<meta property=\"og:url\" content=\"https:\/\/www.groupepayant.fr\/webshop\/produit\/maquette-ecr25-electric-volvo-132\/\" \/>\n<meta property=\"og:site_name\" content=\"WEBSHOP Groupe PAYANT\" \/>\n<meta property=\"article:publisher\" content=\"https:\/\/www.facebook.com\/GroupePayant\/\" \/>\n<meta property=\"article:modified_time\" content=\"2026-02-18T07:19:06+00:00\" \/>\n<meta property=\"og:image\" content=\"https:\/\/www.groupepayant.fr\/webshop\/wp-content\/uploads\/2023\/02\/maquette-ecr25-electric-volvo-1.jpg\" \/>\n\t<meta property=\"og:image:width\" content=\"600\" \/>\n\t<meta property=\"og:image:height\" content=\"600\" \/>\n\t<meta property=\"og:image:type\" content=\"image\/jpeg\" \/>\n<meta name=\"twitter:card\" content=\"summary_large_image\" \/>\n<meta name=\"twitter:label1\" content=\"Dur\u00e9e de lecture estim\u00e9e\" \/>\n\t<meta name=\"twitter:data1\" content=\"1 minute\" \/>\n<script type=\"application\/ld+json\" class=\"yoast-schema-graph\">{\"@context\":\"https:\/\/schema.org\",\"@graph\":[{\"@type\":\"WebPage\",\"@id\":\"https:\/\/www.groupepayant.fr\/webshop\/produit\/maquette-ecr25-electric-volvo-132\/\",\"url\":\"https:\/\/www.groupepayant.fr\/webshop\/produit\/maquette-ecr25-electric-volvo-132\/\",\"name\":\"Maquette ECR25 Electric Volvo 1:32 - WEBSHOP Groupe PAYANT\",\"isPartOf\":{\"@id\":\"https:\/\/www.groupepayant.fr\/webshop\/#website\"},\"primaryImageOfPage\":{\"@id\":\"https:\/\/www.groupepayant.fr\/webshop\/produit\/maquette-ecr25-electric-volvo-132\/#primaryimage\"},\"image\":{\"@id\":\"https:\/\/www.groupepayant.fr\/webshop\/produit\/maquette-ecr25-electric-volvo-132\/#primaryimage\"},\"thumbnailUrl\":\"https:\/\/www.groupepayant.fr\/webshop\/wp-content\/uploads\/2023\/02\/maquette-ecr25-electric-volvo-1.jpg\",\"datePublished\":\"2023-02-16T10:42:31+00:00\",\"dateModified\":\"2026-02-18T07:19:06+00:00\",\"breadcrumb\":{\"@id\":\"https:\/\/www.groupepayant.fr\/webshop\/produit\/maquette-ecr25-electric-volvo-132\/#breadcrumb\"},\"inLanguage\":\"fr-FR\",\"potentialAction\":[{\"@type\":\"ReadAction\",\"target\":[\"https:\/\/www.groupepayant.fr\/webshop\/produit\/maquette-ecr25-electric-volvo-132\/\"]}]},{\"@type\":\"ImageObject\",\"inLanguage\":\"fr-FR\",\"@id\":\"https:\/\/www.groupepayant.fr\/webshop\/produit\/maquette-ecr25-electric-volvo-132\/#primaryimage\",\"url\":\"https:\/\/www.groupepayant.fr\/webshop\/wp-content\/uploads\/2023\/02\/maquette-ecr25-electric-volvo-1.jpg\",\"contentUrl\":\"https:\/\/www.groupepayant.fr\/webshop\/wp-content\/uploads\/2023\/02\/maquette-ecr25-electric-volvo-1.jpg\",\"width\":600,\"height\":600,\"caption\":\"Maquette ECR25 Electric Volvo\"},{\"@type\":\"BreadcrumbList\",\"@id\":\"https:\/\/www.groupepayant.fr\/webshop\/produit\/maquette-ecr25-electric-volvo-132\/#breadcrumb\",\"itemListElement\":[{\"@type\":\"ListItem\",\"position\":1,\"name\":\"Accueil\",\"item\":\"https:\/\/www.groupepayant.fr\/webshop\/\"},{\"@type\":\"ListItem\",\"position\":2,\"name\":\"Webshop\",\"item\":\"https:\/\/www.groupepayant.fr\/webshop\/shop\/\"},{\"@type\":\"ListItem\",\"position\":3,\"name\":\"Maquette ECR25 Electric Volvo 1:32\"}]},{\"@type\":\"WebSite\",\"@id\":\"https:\/\/www.groupepayant.fr\/webshop\/#website\",\"url\":\"https:\/\/www.groupepayant.fr\/webshop\/\",\"name\":\"WEBSHOP Groupe PAYANT\",\"description\":\"\",\"publisher\":{\"@id\":\"https:\/\/www.groupepayant.fr\/webshop\/#organization\"},\"potentialAction\":[{\"@type\":\"SearchAction\",\"target\":{\"@type\":\"EntryPoint\",\"urlTemplate\":\"https:\/\/www.groupepayant.fr\/webshop\/?s={search_term_string}\"},\"query-input\":{\"@type\":\"PropertyValueSpecification\",\"valueRequired\":true,\"valueName\":\"search_term_string\"}}],\"inLanguage\":\"fr-FR\"},{\"@type\":\"Organization\",\"@id\":\"https:\/\/www.groupepayant.fr\/webshop\/#organization\",\"name\":\"Webshop Groupe PAYANT\",\"url\":\"https:\/\/www.groupepayant.fr\/webshop\/\",\"logo\":{\"@type\":\"ImageObject\",\"inLanguage\":\"fr-FR\",\"@id\":\"https:\/\/www.groupepayant.fr\/webshop\/#\/schema\/logo\/image\/\",\"url\":\"\",\"contentUrl\":\"\",\"caption\":\"Webshop Groupe PAYANT\"},\"image\":{\"@id\":\"https:\/\/www.groupepayant.fr\/webshop\/#\/schema\/logo\/image\/\"},\"sameAs\":[\"https:\/\/www.facebook.com\/GroupePayant\/\",\"https:\/\/www.linkedin.com\/company\/groupe-payant\/\",\"https:\/\/www.youtube.com\/c\/GroupePAYANT\",\"https:\/\/www.instagram.com\/groupepayant\/\"]}]}<\/script>\n<!-- \/ Yoast SEO plugin. -->","yoast_head_json":{"title":"Maquette ECR25 Electric Volvo 1:32 - WEBSHOP Groupe PAYANT","robots":{"index":"index","follow":"follow","max-snippet":"max-snippet:-1","max-image-preview":"max-image-preview:large","max-video-preview":"max-video-preview:-1"},"canonical":"https:\/\/www.groupepayant.fr\/webshop\/produit\/maquette-ecr25-electric-volvo-132\/","og_locale":"fr_FR","og_type":"article","og_title":"Maquette ECR25 Electric Volvo 1:32 - WEBSHOP Groupe PAYANT","og_description":"La pelle \u00e9lectrique Volvo ECR25 change la donne !\u00a0 D\u00e9couvrez ce mod\u00e8le moul\u00e9 sous pression \u00e0 l'\u00e9chelle 1:32 de la machine r\u00e9elle.  Le mod\u00e8le pr\u00e9sente des d\u00e9tails de haute pr\u00e9cision et de mani\u00e8re tr\u00e8s r\u00e9aliste. La miniature de la pelle compacte a des chenilles mobiles et des pi\u00e8ces mobiles fonctionnelles. Cet objet de collection est un excellent moyen de soutenir un \u00e9v\u00e9nement ou comme cadeau de transfert pour les nouveaux propri\u00e9taires d'ECR25.  \u2022 Livr\u00e9 dans un coffret cadeau haut de gamme \u2022 Dimensions : 155x50x73 mm","og_url":"https:\/\/www.groupepayant.fr\/webshop\/produit\/maquette-ecr25-electric-volvo-132\/","og_site_name":"WEBSHOP Groupe PAYANT","article_publisher":"https:\/\/www.facebook.com\/GroupePayant\/","article_modified_time":"2026-02-18T07:19:06+00:00","og_image":[{"width":600,"height":600,"url":"https:\/\/www.groupepayant.fr\/webshop\/wp-content\/uploads\/2023\/02\/maquette-ecr25-electric-volvo-1.jpg","type":"image\/jpeg"}],"twitter_card":"summary_large_image","twitter_misc":{"Dur\u00e9e de lecture estim\u00e9e":"1 minute"},"schema":{"@context":"https:\/\/schema.org","@graph":[{"@type":"WebPage","@id":"https:\/\/www.groupepayant.fr\/webshop\/produit\/maquette-ecr25-electric-volvo-132\/","url":"https:\/\/www.groupepayant.fr\/webshop\/produit\/maquette-ecr25-electric-volvo-132\/","name":"Maquette ECR25 Electric Volvo 1:32 - WEBSHOP Groupe PAYANT","isPartOf":{"@id":"https:\/\/www.groupepayant.fr\/webshop\/#website"},"primaryImageOfPage":{"@id":"https:\/\/www.groupepayant.fr\/webshop\/produit\/maquette-ecr25-electric-volvo-132\/#primaryimage"},"image":{"@id":"https:\/\/www.groupepayant.fr\/webshop\/produit\/maquette-ecr25-electric-volvo-132\/#primaryimage"},"thumbnailUrl":"https:\/\/www.groupepayant.fr\/webshop\/wp-content\/uploads\/2023\/02\/maquette-ecr25-electric-volvo-1.jpg","datePublished":"2023-02-16T10:42:31+00:00","dateModified":"2026-02-18T07:19:06+00:00","breadcrumb":{"@id":"https:\/\/www.groupepayant.fr\/webshop\/produit\/maquette-ecr25-electric-volvo-132\/#breadcrumb"},"inLanguage":"fr-FR","potentialAction":[{"@type":"ReadAction","target":["https:\/\/www.groupepayant.fr\/webshop\/produit\/maquette-ecr25-electric-volvo-132\/"]}]},{"@type":"ImageObject","inLanguage":"fr-FR","@id":"https:\/\/www.groupepayant.fr\/webshop\/produit\/maquette-ecr25-electric-volvo-132\/#primaryimage","url":"https:\/\/www.groupepayant.fr\/webshop\/wp-content\/uploads\/2023\/02\/maquette-ecr25-electric-volvo-1.jpg","contentUrl":"https:\/\/www.groupepayant.fr\/webshop\/wp-content\/uploads\/2023\/02\/maquette-ecr25-electric-volvo-1.jpg","width":600,"height":600,"caption":"Maquette ECR25 Electric Volvo"},{"@type":"BreadcrumbList","@id":"https:\/\/www.groupepayant.fr\/webshop\/produit\/maquette-ecr25-electric-volvo-132\/#breadcrumb","itemListElement":[{"@type":"ListItem","position":1,"name":"Accueil","item":"https:\/\/www.groupepayant.fr\/webshop\/"},{"@type":"ListItem","position":2,"name":"Webshop","item":"https:\/\/www.groupepayant.fr\/webshop\/shop\/"},{"@type":"ListItem","position":3,"name":"Maquette ECR25 Electric Volvo 1:32"}]},{"@type":"WebSite","@id":"https:\/\/www.groupepayant.fr\/webshop\/#website","url":"https:\/\/www.groupepayant.fr\/webshop\/","name":"WEBSHOP Groupe PAYANT","description":"","publisher":{"@id":"https:\/\/www.groupepayant.fr\/webshop\/#organization"},"potentialAction":[{"@type":"SearchAction","target":{"@type":"EntryPoint","urlTemplate":"https:\/\/www.groupepayant.fr\/webshop\/?s={search_term_string}"},"query-input":{"@type":"PropertyValueSpecification","valueRequired":true,"valueName":"search_term_string"}}],"inLanguage":"fr-FR"},{"@type":"Organization","@id":"https:\/\/www.groupepayant.fr\/webshop\/#organization","name":"Webshop Groupe PAYANT","url":"https:\/\/www.groupepayant.fr\/webshop\/","logo":{"@type":"ImageObject","inLanguage":"fr-FR","@id":"https:\/\/www.groupepayant.fr\/webshop\/#\/schema\/logo\/image\/","url":"","contentUrl":"","caption":"Webshop Groupe PAYANT"},"image":{"@id":"https:\/\/www.groupepayant.fr\/webshop\/#\/schema\/logo\/image\/"},"sameAs":["https:\/\/www.facebook.com\/GroupePayant\/","https:\/\/www.linkedin.com\/company\/groupe-payant\/","https:\/\/www.youtube.com\/c\/GroupePAYANT","https:\/\/www.instagram.com\/groupepayant\/"]}]}},"builder_content":"","_links":{"self":[{"href":"https:\/\/www.groupepayant.fr\/webshop\/wp-json\/wp\/v2\/product\/21217","targetHints":{"allow":["GET"]}}],"collection":[{"href":"https:\/\/www.groupepayant.fr\/webshop\/wp-json\/wp\/v2\/product"}],"about":[{"href":"https:\/\/www.groupepayant.fr\/webshop\/wp-json\/wp\/v2\/types\/product"}],"replies":[{"embeddable":true,"href":"https:\/\/www.groupepayant.fr\/webshop\/wp-json\/wp\/v2\/comments?post=21217"}],"wp:featuredmedia":[{"embeddable":true,"href":"https:\/\/www.groupepayant.fr\/webshop\/wp-json\/wp\/v2\/media\/21218"}],"wp:attachment":[{"href":"https:\/\/www.groupepayant.fr\/webshop\/wp-json\/wp\/v2\/media?parent=21217"}],"wp:term":[{"taxonomy":"product_brand","embeddable":true,"href":"https:\/\/www.groupepayant.fr\/webshop\/wp-json\/wp\/v2\/product_brand?post=21217"},{"taxonomy":"product_cat","embeddable":true,"href":"https:\/\/www.groupepayant.fr\/webshop\/wp-json\/wp\/v2\/product_cat?post=21217"},{"taxonomy":"product_tag","embeddable":true,"href":"https:\/\/www.groupepayant.fr\/webshop\/wp-json\/wp\/v2\/product_tag?post=21217"}],"curies":[{"name":"wp","href":"https:\/\/api.w.org\/{rel}","templated":true}]}}