{"id":21874,"date":"2023-06-01T09:07:33","date_gmt":"2023-06-01T07:07:33","guid":{"rendered":"https:\/\/www.groupepayant.fr\/webshop\/?post_type=product&#038;p=21874"},"modified":"2026-04-03T09:59:11","modified_gmt":"2026-04-03T07:59:11","slug":"sac-a-dos-haute-visibilite-t2s","status":"publish","type":"product","link":"https:\/\/www.groupepayant.fr\/webshop\/produit\/sac-a-dos-haute-visibilite-t2s\/","title":{"rendered":"Sac \u00e0 dos haute visibilit\u00e9 T2S"},"content":{"rendered":"<div style=\"font-size: 12px; margin-bottom: 10px;\"><strong>\u2022 DESCRIPTIF : <\/strong><br \/>\n&#8211; Deux bretelles rembourr\u00e9es, d\u2019une largeur de 8 cm, enti\u00e8rement gans\u00e9es de biais noir.<br \/>\n&#8211; Chaque bretelle est dot\u00e9e d\u2019un syst\u00e8me de s\u00e9curit\u00e9 exclusif pour une meilleure protection dans des conditions dangereuses (happement\u2026).<br \/>\n&#8211; Une bande r\u00e9tror\u00e9fl\u00e9chissante microbilles cousue sur chaque bretelle pour une meilleure visibilit\u00e9 de jour comme de nuit.<br \/>\n&#8211; Bandes r\u00e9tror\u00e9fl\u00e9chissantes microbilles RETHIOTEX\u00ae de 5 cm cousues sur le devant et les c\u00f4t\u00e9s du sac \u00e0 dos.<br \/>\n&#8211; Ceinture rembourr\u00e9e avec une boucle aimant\u00e9e<br \/>\n&#8211; Poche centrale avec un porte-outil rigide et amovible, \u00e9lastiques et quatre poches de rangement, maintenu par une boucle plastique et un auto-agrippant coll\u00e9 sur le fond rigide du sac.<br \/>\n&#8211; Fermeture \u00e0 glissi\u00e8re sur le devant pour acc\u00e9der au bas de la poche centrale.<br \/>\n&#8211; Deux boucles plastiques pour maintenir la poche centrale une fois le sac ouvert.<br \/>\n&#8211; Passe-pouces pour soutenir le poids du sac \u00e0 dos.<br \/>\n&#8211; Une accroche m\u00e9tallique dans la poche centrale.<br \/>\n&#8211; \u0152illet m\u00e9tallique sur le porte-outil pour fixation sur le mousqueton.<br \/>\n&#8211; Une poche centrale ferm\u00e9e par fermeture \u00e0 glissi\u00e8re.<br \/>\n&#8211; Une poche en maille<br \/>\n&#8211; Une poche au dos du sac \u00e0 dos pour le rangement d\u2019un ordinateur portable.<\/div>\n<div style=\"font-size: 12px; margin-bottom: 10px;\"><strong>\u2022 MATI\u00c8RES PREMI\u00c8RES :<\/strong><br \/>\nTissu ext\u00e9rieur :<br \/>\n&#8211; Tissu orange fluorescent 1200D 100% polyester, conforme \u00e0 la norme EN ISO 20471<br \/>\n&#8211; Tissu enduit PVC noir<br \/>\n&#8211; Maille ajour\u00e9e noire 100% polyester<br \/>\n&#8211; Tissu r\u00e9tror\u00e9fl\u00e9chissant conforme \u00e0 la norme EN ISO 20471<\/div>\n<div style=\"font-size: 12px;\">Tissu r\u00e9tror\u00e9fl\u00e9chissant :<br \/>\n&#8211; Tissu r\u00e9tror\u00e9fl\u00e9chissant conforme \u00e0 la norme EN ISO 20471<\/div>\n","protected":false},"excerpt":{"rendered":"<p><strong style=\"font-size: 16px; color: #9d92fd;\">\u2192 LIVRAISON GRATUITE !<\/strong><\/p>\n<p style=\"font-size: 13px; margin-bottom: 10px; line-height: 1.2em;\">Ce sac \u00e0 dos de chantier haute visibilit\u00e9 dispose d\u2019un syst\u00e8me de s\u00e9curit\u00e9 exclusif, offrant une meilleure protection dans des conditions difficiles et\/ou dangereuses (risques de happement, faible visibilit\u00e9&#8230;).<\/p>\n<p style=\"font-size: 13px; margin-bottom: 10px;\">Avec la pr\u00e9sence de tissu r\u00e9tror\u00e9fl\u00e9chissant (conforme \u00e0 la norme EN ISO 20471), une contenance de 30 litres, un rembourrage au dos, des passe-pouces et une ceinture magn\u00e9tique pour un bon maintient, il est parfait pour ranger tous vos outils et vous permettre d&rsquo;\u00e9voluer sur les chantiers en toute s\u00e9curit\u00e9.<\/p>\n<p style=\"font-size: 13px; margin-bottom: 10px;\"><strong>Sac \u00e0 dos haute visibilit\u00e9 BALLAST T2S orange :<\/strong><br \/>\n\u2022 Supporte une charge de 15 kilos<br \/>\n\u2022 Dispose d&rsquo;un porte-outil rigide et amovible pouvant se fixer sur le mousqueton lat\u00e9ral pr\u00e9vu \u00e0 cet effet<br \/>\n\u2022 Fond rigide ultra r\u00e9sistant : \u00e9tanch\u00e9it\u00e9 et tenue verticale<br \/>\n\u2022 Dimensions : 46 x 22 x 33 cm<br \/>\n\u2022 Poids : 2,95 kg<br \/>\n\u2022 Contenance : 30 litres<br \/>\n\u2022 Logo \u00ab\u00a0P\u00a0\u00bb du Groupe PAYANT floqu\u00e9 sur le devant<\/p>\n<p style=\"font-size: 13px; margin-bottom: 20px;\">\u2192 <strong>Voir la brochure : <a style=\"color: #9d92fd;\" href=\"https:\/\/www.groupepayant.fr\/pdfs\/webshop\/sac-a-dos-ballast-haute-visibilite-t2s-groupe-payant.pdf\" target=\"_blank\" rel=\"noopener\">cliquer ici <\/a><\/strong><\/p>\n","protected":false},"featured_media":21876,"comment_status":"closed","ping_status":"closed","template":"","meta":{"_monsterinsights_skip_tracking":false,"_monsterinsights_sitenote_active":false,"_monsterinsights_sitenote_note":"","_monsterinsights_sitenote_category":0},"product_brand":[1738],"product_cat":[1112,266,267,1409],"product_tag":[1419,920,1413,1410,1418,1416,1415,1414,1411,1417,1412],"class_list":{"0":"post-21874","1":"product","2":"type-product","3":"status-publish","4":"has-post-thumbnail","6":"product_brand-t2s","7":"product_cat-fin-de-serie","8":"product_cat-merchandising","9":"product_cat-produits-speciaux","10":"product_cat-produits-speciaux-t2s","11":"product_tag-ballast","12":"product_tag-sac-a-dos","13":"product_tag-sac-a-dos-ballast","14":"product_tag-sac-a-dos-de-chantier","15":"product_tag-sac-a-dos-de-chantier-haute-visibilite","16":"product_tag-sac-a-dos-de-travail","17":"product_tag-sac-a-dos-fluorescent","18":"product_tag-sac-a-dos-groupe-payant","19":"product_tag-sac-a-dos-haute-visibilite","20":"product_tag-sac-a-dos-haute-visibilite-orange","21":"product_tag-sac-a-dos-t2s","23":"first","24":"instock","25":"sale","26":"taxable","27":"shipping-taxable","28":"purchasable","29":"product-type-simple"},"yoast_head":"<!-- This site is optimized with the Yoast SEO plugin v27.1.1 - https:\/\/yoast.com\/product\/yoast-seo-wordpress\/ -->\n<title>Sac \u00e0 dos haute visibilit\u00e9 T2S - WEBSHOP Groupe PAYANT<\/title>\n<meta name=\"robots\" content=\"index, follow, max-snippet:-1, max-image-preview:large, max-video-preview:-1\" \/>\n<link rel=\"canonical\" href=\"https:\/\/www.groupepayant.fr\/webshop\/produit\/sac-a-dos-haute-visibilite-t2s\/\" \/>\n<meta property=\"og:locale\" content=\"fr_FR\" \/>\n<meta property=\"og:type\" content=\"article\" \/>\n<meta property=\"og:title\" content=\"Sac \u00e0 dos haute visibilit\u00e9 T2S - WEBSHOP Groupe PAYANT\" \/>\n<meta property=\"og:description\" content=\"\u2192 LIVRAISON GRATUITE ! Ce sac \u00e0 dos de chantier haute visibilit\u00e9 dispose d\u2019un syst\u00e8me de s\u00e9curit\u00e9 exclusif, offrant une meilleure protection dans des conditions difficiles et\/ou dangereuses (risques de happement, faible visibilit\u00e9...). Avec la pr\u00e9sence de tissu r\u00e9tror\u00e9fl\u00e9chissant (conforme \u00e0 la norme EN ISO 20471), une contenance de 30 litres, un rembourrage au dos, des passe-pouces et une ceinture magn\u00e9tique pour un bon maintient, il est parfait pour ranger tous vos outils et vous permettre d&#039;\u00e9voluer sur les chantiers en toute s\u00e9curit\u00e9. Sac \u00e0 dos haute visibilit\u00e9 BALLAST T2S orange : \u2022 Supporte une charge de 15 kilos \u2022 Dispose d&#039;un porte-outil rigide et amovible pouvant se fixer sur le mousqueton lat\u00e9ral pr\u00e9vu \u00e0 cet effet \u2022 Fond rigide ultra r\u00e9sistant : \u00e9tanch\u00e9it\u00e9 et tenue verticale \u2022 Dimensions : 46 x 22 x 33 cm \u2022 Poids : 2,95 kg \u2022 Contenance : 30 litres \u2022 Logo &quot;P&quot; du Groupe PAYANT floqu\u00e9 sur le devant \u2192 Voir la brochure : cliquer ici\" \/>\n<meta property=\"og:url\" content=\"https:\/\/www.groupepayant.fr\/webshop\/produit\/sac-a-dos-haute-visibilite-t2s\/\" \/>\n<meta property=\"og:site_name\" content=\"WEBSHOP Groupe PAYANT\" \/>\n<meta property=\"article:publisher\" content=\"https:\/\/www.facebook.com\/GroupePayant\/\" \/>\n<meta property=\"article:modified_time\" content=\"2026-04-03T07:59:11+00:00\" \/>\n<meta property=\"og:image\" content=\"https:\/\/www.groupepayant.fr\/webshop\/wp-content\/uploads\/2023\/05\/sac-a-dos-haute-visibilite-t2s-1.jpg\" \/>\n\t<meta property=\"og:image:width\" content=\"600\" \/>\n\t<meta property=\"og:image:height\" content=\"600\" \/>\n\t<meta property=\"og:image:type\" content=\"image\/jpeg\" \/>\n<meta name=\"twitter:card\" content=\"summary_large_image\" \/>\n<meta name=\"twitter:label1\" content=\"Dur\u00e9e de lecture estim\u00e9e\" \/>\n\t<meta name=\"twitter:data1\" content=\"2 minutes\" \/>\n<script type=\"application\/ld+json\" class=\"yoast-schema-graph\">{\"@context\":\"https:\/\/schema.org\",\"@graph\":[{\"@type\":\"WebPage\",\"@id\":\"https:\/\/www.groupepayant.fr\/webshop\/produit\/sac-a-dos-haute-visibilite-t2s\/\",\"url\":\"https:\/\/www.groupepayant.fr\/webshop\/produit\/sac-a-dos-haute-visibilite-t2s\/\",\"name\":\"Sac \u00e0 dos haute visibilit\u00e9 T2S - WEBSHOP Groupe PAYANT\",\"isPartOf\":{\"@id\":\"https:\/\/www.groupepayant.fr\/webshop\/#website\"},\"primaryImageOfPage\":{\"@id\":\"https:\/\/www.groupepayant.fr\/webshop\/produit\/sac-a-dos-haute-visibilite-t2s\/#primaryimage\"},\"image\":{\"@id\":\"https:\/\/www.groupepayant.fr\/webshop\/produit\/sac-a-dos-haute-visibilite-t2s\/#primaryimage\"},\"thumbnailUrl\":\"https:\/\/www.groupepayant.fr\/webshop\/wp-content\/uploads\/2023\/05\/sac-a-dos-haute-visibilite-t2s-1.jpg\",\"datePublished\":\"2023-06-01T07:07:33+00:00\",\"dateModified\":\"2026-04-03T07:59:11+00:00\",\"breadcrumb\":{\"@id\":\"https:\/\/www.groupepayant.fr\/webshop\/produit\/sac-a-dos-haute-visibilite-t2s\/#breadcrumb\"},\"inLanguage\":\"fr-FR\",\"potentialAction\":[{\"@type\":\"ReadAction\",\"target\":[\"https:\/\/www.groupepayant.fr\/webshop\/produit\/sac-a-dos-haute-visibilite-t2s\/\"]}]},{\"@type\":\"ImageObject\",\"inLanguage\":\"fr-FR\",\"@id\":\"https:\/\/www.groupepayant.fr\/webshop\/produit\/sac-a-dos-haute-visibilite-t2s\/#primaryimage\",\"url\":\"https:\/\/www.groupepayant.fr\/webshop\/wp-content\/uploads\/2023\/05\/sac-a-dos-haute-visibilite-t2s-1.jpg\",\"contentUrl\":\"https:\/\/www.groupepayant.fr\/webshop\/wp-content\/uploads\/2023\/05\/sac-a-dos-haute-visibilite-t2s-1.jpg\",\"width\":600,\"height\":600,\"caption\":\"Sac \u00e0 dos haute visibilit\u00e9 Ballast T2S\"},{\"@type\":\"BreadcrumbList\",\"@id\":\"https:\/\/www.groupepayant.fr\/webshop\/produit\/sac-a-dos-haute-visibilite-t2s\/#breadcrumb\",\"itemListElement\":[{\"@type\":\"ListItem\",\"position\":1,\"name\":\"Accueil\",\"item\":\"https:\/\/www.groupepayant.fr\/webshop\/\"},{\"@type\":\"ListItem\",\"position\":2,\"name\":\"Webshop\",\"item\":\"https:\/\/www.groupepayant.fr\/webshop\/shop\/\"},{\"@type\":\"ListItem\",\"position\":3,\"name\":\"Sac \u00e0 dos haute visibilit\u00e9 T2S\"}]},{\"@type\":\"WebSite\",\"@id\":\"https:\/\/www.groupepayant.fr\/webshop\/#website\",\"url\":\"https:\/\/www.groupepayant.fr\/webshop\/\",\"name\":\"WEBSHOP Groupe PAYANT\",\"description\":\"\",\"publisher\":{\"@id\":\"https:\/\/www.groupepayant.fr\/webshop\/#organization\"},\"potentialAction\":[{\"@type\":\"SearchAction\",\"target\":{\"@type\":\"EntryPoint\",\"urlTemplate\":\"https:\/\/www.groupepayant.fr\/webshop\/?s={search_term_string}\"},\"query-input\":{\"@type\":\"PropertyValueSpecification\",\"valueRequired\":true,\"valueName\":\"search_term_string\"}}],\"inLanguage\":\"fr-FR\"},{\"@type\":\"Organization\",\"@id\":\"https:\/\/www.groupepayant.fr\/webshop\/#organization\",\"name\":\"Webshop Groupe PAYANT\",\"url\":\"https:\/\/www.groupepayant.fr\/webshop\/\",\"logo\":{\"@type\":\"ImageObject\",\"inLanguage\":\"fr-FR\",\"@id\":\"https:\/\/www.groupepayant.fr\/webshop\/#\/schema\/logo\/image\/\",\"url\":\"\",\"contentUrl\":\"\",\"caption\":\"Webshop Groupe PAYANT\"},\"image\":{\"@id\":\"https:\/\/www.groupepayant.fr\/webshop\/#\/schema\/logo\/image\/\"},\"sameAs\":[\"https:\/\/www.facebook.com\/GroupePayant\/\",\"https:\/\/www.linkedin.com\/company\/groupe-payant\/\",\"https:\/\/www.youtube.com\/c\/GroupePAYANT\",\"https:\/\/www.instagram.com\/groupepayant\/\"]}]}<\/script>\n<!-- \/ Yoast SEO plugin. -->","yoast_head_json":{"title":"Sac \u00e0 dos haute visibilit\u00e9 T2S - WEBSHOP Groupe PAYANT","robots":{"index":"index","follow":"follow","max-snippet":"max-snippet:-1","max-image-preview":"max-image-preview:large","max-video-preview":"max-video-preview:-1"},"canonical":"https:\/\/www.groupepayant.fr\/webshop\/produit\/sac-a-dos-haute-visibilite-t2s\/","og_locale":"fr_FR","og_type":"article","og_title":"Sac \u00e0 dos haute visibilit\u00e9 T2S - WEBSHOP Groupe PAYANT","og_description":"\u2192 LIVRAISON GRATUITE ! Ce sac \u00e0 dos de chantier haute visibilit\u00e9 dispose d\u2019un syst\u00e8me de s\u00e9curit\u00e9 exclusif, offrant une meilleure protection dans des conditions difficiles et\/ou dangereuses (risques de happement, faible visibilit\u00e9...). Avec la pr\u00e9sence de tissu r\u00e9tror\u00e9fl\u00e9chissant (conforme \u00e0 la norme EN ISO 20471), une contenance de 30 litres, un rembourrage au dos, des passe-pouces et une ceinture magn\u00e9tique pour un bon maintient, il est parfait pour ranger tous vos outils et vous permettre d'\u00e9voluer sur les chantiers en toute s\u00e9curit\u00e9. Sac \u00e0 dos haute visibilit\u00e9 BALLAST T2S orange : \u2022 Supporte une charge de 15 kilos \u2022 Dispose d'un porte-outil rigide et amovible pouvant se fixer sur le mousqueton lat\u00e9ral pr\u00e9vu \u00e0 cet effet \u2022 Fond rigide ultra r\u00e9sistant : \u00e9tanch\u00e9it\u00e9 et tenue verticale \u2022 Dimensions : 46 x 22 x 33 cm \u2022 Poids : 2,95 kg \u2022 Contenance : 30 litres \u2022 Logo \"P\" du Groupe PAYANT floqu\u00e9 sur le devant \u2192 Voir la brochure : cliquer ici","og_url":"https:\/\/www.groupepayant.fr\/webshop\/produit\/sac-a-dos-haute-visibilite-t2s\/","og_site_name":"WEBSHOP Groupe PAYANT","article_publisher":"https:\/\/www.facebook.com\/GroupePayant\/","article_modified_time":"2026-04-03T07:59:11+00:00","og_image":[{"width":600,"height":600,"url":"https:\/\/www.groupepayant.fr\/webshop\/wp-content\/uploads\/2023\/05\/sac-a-dos-haute-visibilite-t2s-1.jpg","type":"image\/jpeg"}],"twitter_card":"summary_large_image","twitter_misc":{"Dur\u00e9e de lecture estim\u00e9e":"2 minutes"},"schema":{"@context":"https:\/\/schema.org","@graph":[{"@type":"WebPage","@id":"https:\/\/www.groupepayant.fr\/webshop\/produit\/sac-a-dos-haute-visibilite-t2s\/","url":"https:\/\/www.groupepayant.fr\/webshop\/produit\/sac-a-dos-haute-visibilite-t2s\/","name":"Sac \u00e0 dos haute visibilit\u00e9 T2S - WEBSHOP Groupe PAYANT","isPartOf":{"@id":"https:\/\/www.groupepayant.fr\/webshop\/#website"},"primaryImageOfPage":{"@id":"https:\/\/www.groupepayant.fr\/webshop\/produit\/sac-a-dos-haute-visibilite-t2s\/#primaryimage"},"image":{"@id":"https:\/\/www.groupepayant.fr\/webshop\/produit\/sac-a-dos-haute-visibilite-t2s\/#primaryimage"},"thumbnailUrl":"https:\/\/www.groupepayant.fr\/webshop\/wp-content\/uploads\/2023\/05\/sac-a-dos-haute-visibilite-t2s-1.jpg","datePublished":"2023-06-01T07:07:33+00:00","dateModified":"2026-04-03T07:59:11+00:00","breadcrumb":{"@id":"https:\/\/www.groupepayant.fr\/webshop\/produit\/sac-a-dos-haute-visibilite-t2s\/#breadcrumb"},"inLanguage":"fr-FR","potentialAction":[{"@type":"ReadAction","target":["https:\/\/www.groupepayant.fr\/webshop\/produit\/sac-a-dos-haute-visibilite-t2s\/"]}]},{"@type":"ImageObject","inLanguage":"fr-FR","@id":"https:\/\/www.groupepayant.fr\/webshop\/produit\/sac-a-dos-haute-visibilite-t2s\/#primaryimage","url":"https:\/\/www.groupepayant.fr\/webshop\/wp-content\/uploads\/2023\/05\/sac-a-dos-haute-visibilite-t2s-1.jpg","contentUrl":"https:\/\/www.groupepayant.fr\/webshop\/wp-content\/uploads\/2023\/05\/sac-a-dos-haute-visibilite-t2s-1.jpg","width":600,"height":600,"caption":"Sac \u00e0 dos haute visibilit\u00e9 Ballast T2S"},{"@type":"BreadcrumbList","@id":"https:\/\/www.groupepayant.fr\/webshop\/produit\/sac-a-dos-haute-visibilite-t2s\/#breadcrumb","itemListElement":[{"@type":"ListItem","position":1,"name":"Accueil","item":"https:\/\/www.groupepayant.fr\/webshop\/"},{"@type":"ListItem","position":2,"name":"Webshop","item":"https:\/\/www.groupepayant.fr\/webshop\/shop\/"},{"@type":"ListItem","position":3,"name":"Sac \u00e0 dos haute visibilit\u00e9 T2S"}]},{"@type":"WebSite","@id":"https:\/\/www.groupepayant.fr\/webshop\/#website","url":"https:\/\/www.groupepayant.fr\/webshop\/","name":"WEBSHOP Groupe PAYANT","description":"","publisher":{"@id":"https:\/\/www.groupepayant.fr\/webshop\/#organization"},"potentialAction":[{"@type":"SearchAction","target":{"@type":"EntryPoint","urlTemplate":"https:\/\/www.groupepayant.fr\/webshop\/?s={search_term_string}"},"query-input":{"@type":"PropertyValueSpecification","valueRequired":true,"valueName":"search_term_string"}}],"inLanguage":"fr-FR"},{"@type":"Organization","@id":"https:\/\/www.groupepayant.fr\/webshop\/#organization","name":"Webshop Groupe PAYANT","url":"https:\/\/www.groupepayant.fr\/webshop\/","logo":{"@type":"ImageObject","inLanguage":"fr-FR","@id":"https:\/\/www.groupepayant.fr\/webshop\/#\/schema\/logo\/image\/","url":"","contentUrl":"","caption":"Webshop Groupe PAYANT"},"image":{"@id":"https:\/\/www.groupepayant.fr\/webshop\/#\/schema\/logo\/image\/"},"sameAs":["https:\/\/www.facebook.com\/GroupePayant\/","https:\/\/www.linkedin.com\/company\/groupe-payant\/","https:\/\/www.youtube.com\/c\/GroupePAYANT","https:\/\/www.instagram.com\/groupepayant\/"]}]}},"builder_content":"","_links":{"self":[{"href":"https:\/\/www.groupepayant.fr\/webshop\/wp-json\/wp\/v2\/product\/21874","targetHints":{"allow":["GET"]}}],"collection":[{"href":"https:\/\/www.groupepayant.fr\/webshop\/wp-json\/wp\/v2\/product"}],"about":[{"href":"https:\/\/www.groupepayant.fr\/webshop\/wp-json\/wp\/v2\/types\/product"}],"replies":[{"embeddable":true,"href":"https:\/\/www.groupepayant.fr\/webshop\/wp-json\/wp\/v2\/comments?post=21874"}],"wp:featuredmedia":[{"embeddable":true,"href":"https:\/\/www.groupepayant.fr\/webshop\/wp-json\/wp\/v2\/media\/21876"}],"wp:attachment":[{"href":"https:\/\/www.groupepayant.fr\/webshop\/wp-json\/wp\/v2\/media?parent=21874"}],"wp:term":[{"taxonomy":"product_brand","embeddable":true,"href":"https:\/\/www.groupepayant.fr\/webshop\/wp-json\/wp\/v2\/product_brand?post=21874"},{"taxonomy":"product_cat","embeddable":true,"href":"https:\/\/www.groupepayant.fr\/webshop\/wp-json\/wp\/v2\/product_cat?post=21874"},{"taxonomy":"product_tag","embeddable":true,"href":"https:\/\/www.groupepayant.fr\/webshop\/wp-json\/wp\/v2\/product_tag?post=21874"}],"curies":[{"name":"wp","href":"https:\/\/api.w.org\/{rel}","templated":true}]}}