{"id":22154,"date":"2023-10-12T14:01:14","date_gmt":"2023-10-12T12:01:14","guid":{"rendered":"https:\/\/www.groupepayant.fr\/webshop\/?post_type=product&#038;p=22154"},"modified":"2026-04-03T09:59:11","modified_gmt":"2026-04-03T07:59:11","slug":"casquette-volvo-electric","status":"publish","type":"product","link":"https:\/\/www.groupepayant.fr\/webshop\/produit\/casquette-volvo-electric\/","title":{"rendered":"Casquette Volvo Electric"},"content":{"rendered":"","protected":false},"excerpt":{"rendered":"<p>Casquette noire en coton 100% biologique certifi\u00e9 GOTS avec broderie 3D \u00ab\u00a0Electric\u00a0\u00bb sur le devant et une petite languette avec le drapeau su\u00e9dois sur le c\u00f4t\u00e9 gauche. <\/p>\n<p>\u2022 Boucle m\u00e9tallique pour le r\u00e9glage de la taille avec le logo Volvo \u00e0 l&rsquo;arri\u00e8re.<\/p>\n<p style=\"font-size: 11px;\">GOTS &#8211; Norme mondiale de textile biologique. Les produits avec ce certificat doivent contenir au moins 70 % de fibres organiques et r\u00e9pondre \u00e0 des crit\u00e8res environnementaux, sociaux et toxicologiques stricts. Par exemple, les colorants, les auxiliaires et les accessoires sont tous pass\u00e9s au crible et les unit\u00e9s de traitement par voie humide doivent disposer d&rsquo;une station d&rsquo;\u00e9puration fonctionnelle. GOTS est la principale norme pour les textiles fabriqu\u00e9s \u00e0 partir de fibres organiques et une preuve claire que nos produits de haute qualit\u00e9 sont \u00e9galement fabriqu\u00e9s consciemment.<\/p>\n<p><img loading=\"lazy\" decoding=\"async\" class=\"aligncenter size-full wp-image-14236\" src=\"https:\/\/www.groupepayant.fr\/webshop\/wp-content\/uploads\/2021\/10\/logo-gots.png\" alt=\"Label Global Recycled Standard\" width=\"80\" height=\"80\" \/><\/p>\n","protected":false},"featured_media":22155,"comment_status":"closed","ping_status":"closed","template":"","meta":{"_monsterinsights_skip_tracking":false,"_monsterinsights_sitenote_active":false,"_monsterinsights_sitenote_note":"","_monsterinsights_sitenote_category":0},"product_brand":[1708],"product_cat":[266,269,285],"product_tag":[192,397,1420],"class_list":{"0":"post-22154","1":"product","2":"type-product","3":"status-publish","4":"has-post-thumbnail","6":"product_brand-volvo","7":"product_cat-merchandising","8":"product_cat-textiles","9":"product_cat-textiles-volvo","10":"product_tag-casquette","11":"product_tag-casquette-volvo","12":"product_tag-casquette-volvo-electric","14":"first","15":"instock","16":"taxable","17":"shipping-taxable","18":"purchasable","19":"product-type-simple"},"yoast_head":"<!-- This site is optimized with the Yoast SEO plugin v27.1.1 - https:\/\/yoast.com\/product\/yoast-seo-wordpress\/ -->\n<title>Casquette Volvo Electric - WEBSHOP Groupe PAYANT<\/title>\n<meta name=\"robots\" content=\"index, follow, max-snippet:-1, max-image-preview:large, max-video-preview:-1\" \/>\n<link rel=\"canonical\" href=\"https:\/\/www.groupepayant.fr\/webshop\/produit\/casquette-volvo-electric\/\" \/>\n<meta property=\"og:locale\" content=\"fr_FR\" \/>\n<meta property=\"og:type\" content=\"article\" \/>\n<meta property=\"og:title\" content=\"Casquette Volvo Electric - WEBSHOP Groupe PAYANT\" \/>\n<meta property=\"og:description\" content=\"Casquette noire en coton 100% biologique certifi\u00e9 GOTS avec broderie 3D &quot;Electric&quot; sur le devant et une petite languette avec le drapeau su\u00e9dois sur le c\u00f4t\u00e9 gauche.   \u2022 Boucle m\u00e9tallique pour le r\u00e9glage de la taille avec le logo Volvo \u00e0 l&#039;arri\u00e8re. GOTS - Norme mondiale de textile biologique. Les produits avec ce certificat doivent contenir au moins 70 % de fibres organiques et r\u00e9pondre \u00e0 des crit\u00e8res environnementaux, sociaux et toxicologiques stricts. Par exemple, les colorants, les auxiliaires et les accessoires sont tous pass\u00e9s au crible et les unit\u00e9s de traitement par voie humide doivent disposer d&#039;une station d&#039;\u00e9puration fonctionnelle. GOTS est la principale norme pour les textiles fabriqu\u00e9s \u00e0 partir de fibres organiques et une preuve claire que nos produits de haute qualit\u00e9 sont \u00e9galement fabriqu\u00e9s consciemment.\" \/>\n<meta property=\"og:url\" content=\"https:\/\/www.groupepayant.fr\/webshop\/produit\/casquette-volvo-electric\/\" \/>\n<meta property=\"og:site_name\" content=\"WEBSHOP Groupe PAYANT\" \/>\n<meta property=\"article:publisher\" content=\"https:\/\/www.facebook.com\/GroupePayant\/\" \/>\n<meta property=\"article:modified_time\" content=\"2026-04-03T07:59:11+00:00\" \/>\n<meta property=\"og:image\" content=\"https:\/\/www.groupepayant.fr\/webshop\/wp-content\/uploads\/2023\/10\/casquette-volvo-electric-1.jpg\" \/>\n\t<meta property=\"og:image:width\" content=\"600\" \/>\n\t<meta property=\"og:image:height\" content=\"600\" \/>\n\t<meta property=\"og:image:type\" content=\"image\/jpeg\" \/>\n<meta name=\"twitter:card\" content=\"summary_large_image\" \/>\n<meta name=\"twitter:label1\" content=\"Dur\u00e9e de lecture estim\u00e9e\" \/>\n\t<meta name=\"twitter:data1\" content=\"1 minute\" \/>\n<script type=\"application\/ld+json\" class=\"yoast-schema-graph\">{\"@context\":\"https:\/\/schema.org\",\"@graph\":[{\"@type\":\"WebPage\",\"@id\":\"https:\/\/www.groupepayant.fr\/webshop\/produit\/casquette-volvo-electric\/\",\"url\":\"https:\/\/www.groupepayant.fr\/webshop\/produit\/casquette-volvo-electric\/\",\"name\":\"Casquette Volvo Electric - WEBSHOP Groupe PAYANT\",\"isPartOf\":{\"@id\":\"https:\/\/www.groupepayant.fr\/webshop\/#website\"},\"primaryImageOfPage\":{\"@id\":\"https:\/\/www.groupepayant.fr\/webshop\/produit\/casquette-volvo-electric\/#primaryimage\"},\"image\":{\"@id\":\"https:\/\/www.groupepayant.fr\/webshop\/produit\/casquette-volvo-electric\/#primaryimage\"},\"thumbnailUrl\":\"https:\/\/www.groupepayant.fr\/webshop\/wp-content\/uploads\/2023\/10\/casquette-volvo-electric-1.jpg\",\"datePublished\":\"2023-10-12T12:01:14+00:00\",\"dateModified\":\"2026-04-03T07:59:11+00:00\",\"breadcrumb\":{\"@id\":\"https:\/\/www.groupepayant.fr\/webshop\/produit\/casquette-volvo-electric\/#breadcrumb\"},\"inLanguage\":\"fr-FR\",\"potentialAction\":[{\"@type\":\"ReadAction\",\"target\":[\"https:\/\/www.groupepayant.fr\/webshop\/produit\/casquette-volvo-electric\/\"]}]},{\"@type\":\"ImageObject\",\"inLanguage\":\"fr-FR\",\"@id\":\"https:\/\/www.groupepayant.fr\/webshop\/produit\/casquette-volvo-electric\/#primaryimage\",\"url\":\"https:\/\/www.groupepayant.fr\/webshop\/wp-content\/uploads\/2023\/10\/casquette-volvo-electric-1.jpg\",\"contentUrl\":\"https:\/\/www.groupepayant.fr\/webshop\/wp-content\/uploads\/2023\/10\/casquette-volvo-electric-1.jpg\",\"width\":600,\"height\":600,\"caption\":\"Casquette Volvo Electric\"},{\"@type\":\"BreadcrumbList\",\"@id\":\"https:\/\/www.groupepayant.fr\/webshop\/produit\/casquette-volvo-electric\/#breadcrumb\",\"itemListElement\":[{\"@type\":\"ListItem\",\"position\":1,\"name\":\"Accueil\",\"item\":\"https:\/\/www.groupepayant.fr\/webshop\/\"},{\"@type\":\"ListItem\",\"position\":2,\"name\":\"Webshop\",\"item\":\"https:\/\/www.groupepayant.fr\/webshop\/shop\/\"},{\"@type\":\"ListItem\",\"position\":3,\"name\":\"Casquette Volvo Electric\"}]},{\"@type\":\"WebSite\",\"@id\":\"https:\/\/www.groupepayant.fr\/webshop\/#website\",\"url\":\"https:\/\/www.groupepayant.fr\/webshop\/\",\"name\":\"WEBSHOP Groupe PAYANT\",\"description\":\"\",\"publisher\":{\"@id\":\"https:\/\/www.groupepayant.fr\/webshop\/#organization\"},\"potentialAction\":[{\"@type\":\"SearchAction\",\"target\":{\"@type\":\"EntryPoint\",\"urlTemplate\":\"https:\/\/www.groupepayant.fr\/webshop\/?s={search_term_string}\"},\"query-input\":{\"@type\":\"PropertyValueSpecification\",\"valueRequired\":true,\"valueName\":\"search_term_string\"}}],\"inLanguage\":\"fr-FR\"},{\"@type\":\"Organization\",\"@id\":\"https:\/\/www.groupepayant.fr\/webshop\/#organization\",\"name\":\"Webshop Groupe PAYANT\",\"url\":\"https:\/\/www.groupepayant.fr\/webshop\/\",\"logo\":{\"@type\":\"ImageObject\",\"inLanguage\":\"fr-FR\",\"@id\":\"https:\/\/www.groupepayant.fr\/webshop\/#\/schema\/logo\/image\/\",\"url\":\"\",\"contentUrl\":\"\",\"caption\":\"Webshop Groupe PAYANT\"},\"image\":{\"@id\":\"https:\/\/www.groupepayant.fr\/webshop\/#\/schema\/logo\/image\/\"},\"sameAs\":[\"https:\/\/www.facebook.com\/GroupePayant\/\",\"https:\/\/www.linkedin.com\/company\/groupe-payant\/\",\"https:\/\/www.youtube.com\/c\/GroupePAYANT\",\"https:\/\/www.instagram.com\/groupepayant\/\"]}]}<\/script>\n<!-- \/ Yoast SEO plugin. -->","yoast_head_json":{"title":"Casquette Volvo Electric - WEBSHOP Groupe PAYANT","robots":{"index":"index","follow":"follow","max-snippet":"max-snippet:-1","max-image-preview":"max-image-preview:large","max-video-preview":"max-video-preview:-1"},"canonical":"https:\/\/www.groupepayant.fr\/webshop\/produit\/casquette-volvo-electric\/","og_locale":"fr_FR","og_type":"article","og_title":"Casquette Volvo Electric - WEBSHOP Groupe PAYANT","og_description":"Casquette noire en coton 100% biologique certifi\u00e9 GOTS avec broderie 3D \"Electric\" sur le devant et une petite languette avec le drapeau su\u00e9dois sur le c\u00f4t\u00e9 gauche.   \u2022 Boucle m\u00e9tallique pour le r\u00e9glage de la taille avec le logo Volvo \u00e0 l'arri\u00e8re. GOTS - Norme mondiale de textile biologique. Les produits avec ce certificat doivent contenir au moins 70 % de fibres organiques et r\u00e9pondre \u00e0 des crit\u00e8res environnementaux, sociaux et toxicologiques stricts. Par exemple, les colorants, les auxiliaires et les accessoires sont tous pass\u00e9s au crible et les unit\u00e9s de traitement par voie humide doivent disposer d'une station d'\u00e9puration fonctionnelle. GOTS est la principale norme pour les textiles fabriqu\u00e9s \u00e0 partir de fibres organiques et une preuve claire que nos produits de haute qualit\u00e9 sont \u00e9galement fabriqu\u00e9s consciemment.","og_url":"https:\/\/www.groupepayant.fr\/webshop\/produit\/casquette-volvo-electric\/","og_site_name":"WEBSHOP Groupe PAYANT","article_publisher":"https:\/\/www.facebook.com\/GroupePayant\/","article_modified_time":"2026-04-03T07:59:11+00:00","og_image":[{"width":600,"height":600,"url":"https:\/\/www.groupepayant.fr\/webshop\/wp-content\/uploads\/2023\/10\/casquette-volvo-electric-1.jpg","type":"image\/jpeg"}],"twitter_card":"summary_large_image","twitter_misc":{"Dur\u00e9e de lecture estim\u00e9e":"1 minute"},"schema":{"@context":"https:\/\/schema.org","@graph":[{"@type":"WebPage","@id":"https:\/\/www.groupepayant.fr\/webshop\/produit\/casquette-volvo-electric\/","url":"https:\/\/www.groupepayant.fr\/webshop\/produit\/casquette-volvo-electric\/","name":"Casquette Volvo Electric - WEBSHOP Groupe PAYANT","isPartOf":{"@id":"https:\/\/www.groupepayant.fr\/webshop\/#website"},"primaryImageOfPage":{"@id":"https:\/\/www.groupepayant.fr\/webshop\/produit\/casquette-volvo-electric\/#primaryimage"},"image":{"@id":"https:\/\/www.groupepayant.fr\/webshop\/produit\/casquette-volvo-electric\/#primaryimage"},"thumbnailUrl":"https:\/\/www.groupepayant.fr\/webshop\/wp-content\/uploads\/2023\/10\/casquette-volvo-electric-1.jpg","datePublished":"2023-10-12T12:01:14+00:00","dateModified":"2026-04-03T07:59:11+00:00","breadcrumb":{"@id":"https:\/\/www.groupepayant.fr\/webshop\/produit\/casquette-volvo-electric\/#breadcrumb"},"inLanguage":"fr-FR","potentialAction":[{"@type":"ReadAction","target":["https:\/\/www.groupepayant.fr\/webshop\/produit\/casquette-volvo-electric\/"]}]},{"@type":"ImageObject","inLanguage":"fr-FR","@id":"https:\/\/www.groupepayant.fr\/webshop\/produit\/casquette-volvo-electric\/#primaryimage","url":"https:\/\/www.groupepayant.fr\/webshop\/wp-content\/uploads\/2023\/10\/casquette-volvo-electric-1.jpg","contentUrl":"https:\/\/www.groupepayant.fr\/webshop\/wp-content\/uploads\/2023\/10\/casquette-volvo-electric-1.jpg","width":600,"height":600,"caption":"Casquette Volvo Electric"},{"@type":"BreadcrumbList","@id":"https:\/\/www.groupepayant.fr\/webshop\/produit\/casquette-volvo-electric\/#breadcrumb","itemListElement":[{"@type":"ListItem","position":1,"name":"Accueil","item":"https:\/\/www.groupepayant.fr\/webshop\/"},{"@type":"ListItem","position":2,"name":"Webshop","item":"https:\/\/www.groupepayant.fr\/webshop\/shop\/"},{"@type":"ListItem","position":3,"name":"Casquette Volvo Electric"}]},{"@type":"WebSite","@id":"https:\/\/www.groupepayant.fr\/webshop\/#website","url":"https:\/\/www.groupepayant.fr\/webshop\/","name":"WEBSHOP Groupe PAYANT","description":"","publisher":{"@id":"https:\/\/www.groupepayant.fr\/webshop\/#organization"},"potentialAction":[{"@type":"SearchAction","target":{"@type":"EntryPoint","urlTemplate":"https:\/\/www.groupepayant.fr\/webshop\/?s={search_term_string}"},"query-input":{"@type":"PropertyValueSpecification","valueRequired":true,"valueName":"search_term_string"}}],"inLanguage":"fr-FR"},{"@type":"Organization","@id":"https:\/\/www.groupepayant.fr\/webshop\/#organization","name":"Webshop Groupe PAYANT","url":"https:\/\/www.groupepayant.fr\/webshop\/","logo":{"@type":"ImageObject","inLanguage":"fr-FR","@id":"https:\/\/www.groupepayant.fr\/webshop\/#\/schema\/logo\/image\/","url":"","contentUrl":"","caption":"Webshop Groupe PAYANT"},"image":{"@id":"https:\/\/www.groupepayant.fr\/webshop\/#\/schema\/logo\/image\/"},"sameAs":["https:\/\/www.facebook.com\/GroupePayant\/","https:\/\/www.linkedin.com\/company\/groupe-payant\/","https:\/\/www.youtube.com\/c\/GroupePAYANT","https:\/\/www.instagram.com\/groupepayant\/"]}]}},"builder_content":"","_links":{"self":[{"href":"https:\/\/www.groupepayant.fr\/webshop\/wp-json\/wp\/v2\/product\/22154","targetHints":{"allow":["GET"]}}],"collection":[{"href":"https:\/\/www.groupepayant.fr\/webshop\/wp-json\/wp\/v2\/product"}],"about":[{"href":"https:\/\/www.groupepayant.fr\/webshop\/wp-json\/wp\/v2\/types\/product"}],"replies":[{"embeddable":true,"href":"https:\/\/www.groupepayant.fr\/webshop\/wp-json\/wp\/v2\/comments?post=22154"}],"wp:featuredmedia":[{"embeddable":true,"href":"https:\/\/www.groupepayant.fr\/webshop\/wp-json\/wp\/v2\/media\/22155"}],"wp:attachment":[{"href":"https:\/\/www.groupepayant.fr\/webshop\/wp-json\/wp\/v2\/media?parent=22154"}],"wp:term":[{"taxonomy":"product_brand","embeddable":true,"href":"https:\/\/www.groupepayant.fr\/webshop\/wp-json\/wp\/v2\/product_brand?post=22154"},{"taxonomy":"product_cat","embeddable":true,"href":"https:\/\/www.groupepayant.fr\/webshop\/wp-json\/wp\/v2\/product_cat?post=22154"},{"taxonomy":"product_tag","embeddable":true,"href":"https:\/\/www.groupepayant.fr\/webshop\/wp-json\/wp\/v2\/product_tag?post=22154"}],"curies":[{"name":"wp","href":"https:\/\/api.w.org\/{rel}","templated":true}]}}