{"id":22158,"date":"2023-10-12T14:19:41","date_gmt":"2023-10-12T12:19:41","guid":{"rendered":"https:\/\/www.groupepayant.fr\/webshop\/?post_type=product&#038;p=22158"},"modified":"2026-04-24T15:55:57","modified_gmt":"2026-04-24T13:55:57","slug":"microdoudoune-volvo-bleue-marine","status":"publish","type":"product","link":"https:\/\/www.groupepayant.fr\/webshop\/produit\/microdoudoune-volvo-bleue-marine\/","title":{"rendered":"Microdoudoune Volvo Bleue Marine"},"content":{"rendered":"","protected":false},"excerpt":{"rendered":"<p>Microdoudoune fabriqu\u00e9e \u00e0 partir de fibres 100% recycl\u00e9es.<\/p>\n<p>Cette veste l\u00e9g\u00e8re Volvo \u00e0 la coupe droite est une veste polyvalente, avec une isolation en duvet int\u00e9gr\u00e9e dans un motif organique contemporain. Sur la poitrine se trouve une poche zipp\u00e9e avec un discret logo Volvo.<\/p>\n<p><img loading=\"lazy\" decoding=\"async\" class=\"aligncenter size-full wp-image-14236\" src=\"https:\/\/www.groupepayant.fr\/webshop\/wp-content\/uploads\/2020\/03\/Label-Global-Recycled-Standard-GRS.png\" alt=\"Label Global Recycled Standard\" width=\"150\" height=\"70\" \/><\/p>\n<p style=\"font-size: 11px;\">GRS &#8211; Global Recycle Standard. Les produits portant le symbole GRS contiennent au moins 20% de mat\u00e9riaux recycl\u00e9s et r\u00e9pondent \u00e0 des exigences strictes tout au long de la cha\u00eene d&rsquo;approvisionnement. De plus, le producteur de ces produits doit suivre et retracer les mat\u00e9riaux, tenir compte des pratiques sociales et environnementales et restreindre l&rsquo;utilisation de produits chimiques nocifs. Cette norme rend \u00e9galement l&rsquo;\u00e9tiquetage plus pr\u00e9cis et encourage les fa\u00e7ons innovantes d&rsquo;utiliser des mat\u00e9riaux r\u00e9cup\u00e9r\u00e9s.<\/p>\n<p><strong>Guide des tailles : <a style=\"color: #9d92fd;\" href=\"https:\/\/www.groupepayant.fr\/pdfs\/volvo\/GroupePayant-volvo-sizechart.pdf\" target=\"_blank\" rel=\"noopener\">cliquer ici <\/a><\/strong><\/p>\n","protected":false},"featured_media":22165,"comment_status":"closed","ping_status":"closed","template":"","meta":{"_monsterinsights_skip_tracking":false,"_monsterinsights_sitenote_active":false,"_monsterinsights_sitenote_note":"","_monsterinsights_sitenote_category":0},"product_brand":[1708],"product_cat":[266,269,285],"product_tag":[1026,1027,923,1421,1028,1422],"class_list":{"0":"post-22158","1":"product","2":"type-product","3":"status-publish","4":"has-post-thumbnail","6":"product_brand-volvo","7":"product_cat-merchandising","8":"product_cat-textiles","9":"product_cat-textiles-volvo","10":"product_tag-micro-doudoune","11":"product_tag-micro-doudoune-volvo","12":"product_tag-microdoudoune","13":"product_tag-microdoudoune-bleue-marine","14":"product_tag-microdoudoune-volvo","15":"product_tag-microdoune-volvo-bleue-marine","17":"first","18":"instock","19":"taxable","20":"shipping-taxable","21":"purchasable","22":"product-type-variable"},"yoast_head":"<!-- This site is optimized with the Yoast SEO plugin v27.1.1 - https:\/\/yoast.com\/product\/yoast-seo-wordpress\/ -->\n<title>Microdoudoune Volvo Bleue Marine - WEBSHOP Groupe PAYANT<\/title>\n<meta name=\"robots\" content=\"index, follow, max-snippet:-1, max-image-preview:large, max-video-preview:-1\" \/>\n<link rel=\"canonical\" href=\"https:\/\/www.groupepayant.fr\/webshop\/produit\/microdoudoune-volvo-bleue-marine\/\" \/>\n<meta property=\"og:locale\" content=\"fr_FR\" \/>\n<meta property=\"og:type\" content=\"article\" \/>\n<meta property=\"og:title\" content=\"Microdoudoune Volvo Bleue Marine - WEBSHOP Groupe PAYANT\" \/>\n<meta property=\"og:description\" content=\"Microdoudoune fabriqu\u00e9e \u00e0 partir de fibres 100% recycl\u00e9es.  Cette veste l\u00e9g\u00e8re Volvo \u00e0 la coupe droite est une veste polyvalente, avec une isolation en duvet int\u00e9gr\u00e9e dans un motif organique contemporain. Sur la poitrine se trouve une poche zipp\u00e9e avec un discret logo Volvo.   GRS - Global Recycle Standard. Les produits portant le symbole GRS contiennent au moins 20% de mat\u00e9riaux recycl\u00e9s et r\u00e9pondent \u00e0 des exigences strictes tout au long de la cha\u00eene d&#039;approvisionnement. De plus, le producteur de ces produits doit suivre et retracer les mat\u00e9riaux, tenir compte des pratiques sociales et environnementales et restreindre l&#039;utilisation de produits chimiques nocifs. Cette norme rend \u00e9galement l&#039;\u00e9tiquetage plus pr\u00e9cis et encourage les fa\u00e7ons innovantes d&#039;utiliser des mat\u00e9riaux r\u00e9cup\u00e9r\u00e9s. Guide des tailles : cliquer ici\" \/>\n<meta property=\"og:url\" content=\"https:\/\/www.groupepayant.fr\/webshop\/produit\/microdoudoune-volvo-bleue-marine\/\" \/>\n<meta property=\"og:site_name\" content=\"WEBSHOP Groupe PAYANT\" \/>\n<meta property=\"article:publisher\" content=\"https:\/\/www.facebook.com\/GroupePayant\/\" \/>\n<meta property=\"article:modified_time\" content=\"2026-04-24T13:55:57+00:00\" \/>\n<meta property=\"og:image\" content=\"https:\/\/www.groupepayant.fr\/webshop\/wp-content\/uploads\/2023\/10\/microdoudoune-volvo-bleue-marine-1.jpg\" \/>\n\t<meta property=\"og:image:width\" content=\"600\" \/>\n\t<meta property=\"og:image:height\" content=\"600\" \/>\n\t<meta property=\"og:image:type\" content=\"image\/jpeg\" \/>\n<meta name=\"twitter:card\" content=\"summary_large_image\" \/>\n<meta name=\"twitter:label1\" content=\"Dur\u00e9e de lecture estim\u00e9e\" \/>\n\t<meta name=\"twitter:data1\" content=\"1 minute\" \/>\n<script type=\"application\/ld+json\" class=\"yoast-schema-graph\">{\"@context\":\"https:\/\/schema.org\",\"@graph\":[{\"@type\":\"WebPage\",\"@id\":\"https:\/\/www.groupepayant.fr\/webshop\/produit\/microdoudoune-volvo-bleue-marine\/\",\"url\":\"https:\/\/www.groupepayant.fr\/webshop\/produit\/microdoudoune-volvo-bleue-marine\/\",\"name\":\"Microdoudoune Volvo Bleue Marine - WEBSHOP Groupe PAYANT\",\"isPartOf\":{\"@id\":\"https:\/\/www.groupepayant.fr\/webshop\/#website\"},\"primaryImageOfPage\":{\"@id\":\"https:\/\/www.groupepayant.fr\/webshop\/produit\/microdoudoune-volvo-bleue-marine\/#primaryimage\"},\"image\":{\"@id\":\"https:\/\/www.groupepayant.fr\/webshop\/produit\/microdoudoune-volvo-bleue-marine\/#primaryimage\"},\"thumbnailUrl\":\"https:\/\/www.groupepayant.fr\/webshop\/wp-content\/uploads\/2023\/10\/microdoudoune-volvo-bleue-marine-1.jpg\",\"datePublished\":\"2023-10-12T12:19:41+00:00\",\"dateModified\":\"2026-04-24T13:55:57+00:00\",\"breadcrumb\":{\"@id\":\"https:\/\/www.groupepayant.fr\/webshop\/produit\/microdoudoune-volvo-bleue-marine\/#breadcrumb\"},\"inLanguage\":\"fr-FR\",\"potentialAction\":[{\"@type\":\"ReadAction\",\"target\":[\"https:\/\/www.groupepayant.fr\/webshop\/produit\/microdoudoune-volvo-bleue-marine\/\"]}]},{\"@type\":\"ImageObject\",\"inLanguage\":\"fr-FR\",\"@id\":\"https:\/\/www.groupepayant.fr\/webshop\/produit\/microdoudoune-volvo-bleue-marine\/#primaryimage\",\"url\":\"https:\/\/www.groupepayant.fr\/webshop\/wp-content\/uploads\/2023\/10\/microdoudoune-volvo-bleue-marine-1.jpg\",\"contentUrl\":\"https:\/\/www.groupepayant.fr\/webshop\/wp-content\/uploads\/2023\/10\/microdoudoune-volvo-bleue-marine-1.jpg\",\"width\":600,\"height\":600,\"caption\":\"Microdoudoune Volvo bleue marine\"},{\"@type\":\"BreadcrumbList\",\"@id\":\"https:\/\/www.groupepayant.fr\/webshop\/produit\/microdoudoune-volvo-bleue-marine\/#breadcrumb\",\"itemListElement\":[{\"@type\":\"ListItem\",\"position\":1,\"name\":\"Accueil\",\"item\":\"https:\/\/www.groupepayant.fr\/webshop\/\"},{\"@type\":\"ListItem\",\"position\":2,\"name\":\"Webshop\",\"item\":\"https:\/\/www.groupepayant.fr\/webshop\/shop\/\"},{\"@type\":\"ListItem\",\"position\":3,\"name\":\"Microdoudoune Volvo Bleue Marine\"}]},{\"@type\":\"WebSite\",\"@id\":\"https:\/\/www.groupepayant.fr\/webshop\/#website\",\"url\":\"https:\/\/www.groupepayant.fr\/webshop\/\",\"name\":\"WEBSHOP Groupe PAYANT\",\"description\":\"\",\"publisher\":{\"@id\":\"https:\/\/www.groupepayant.fr\/webshop\/#organization\"},\"potentialAction\":[{\"@type\":\"SearchAction\",\"target\":{\"@type\":\"EntryPoint\",\"urlTemplate\":\"https:\/\/www.groupepayant.fr\/webshop\/?s={search_term_string}\"},\"query-input\":{\"@type\":\"PropertyValueSpecification\",\"valueRequired\":true,\"valueName\":\"search_term_string\"}}],\"inLanguage\":\"fr-FR\"},{\"@type\":\"Organization\",\"@id\":\"https:\/\/www.groupepayant.fr\/webshop\/#organization\",\"name\":\"Webshop Groupe PAYANT\",\"url\":\"https:\/\/www.groupepayant.fr\/webshop\/\",\"logo\":{\"@type\":\"ImageObject\",\"inLanguage\":\"fr-FR\",\"@id\":\"https:\/\/www.groupepayant.fr\/webshop\/#\/schema\/logo\/image\/\",\"url\":\"\",\"contentUrl\":\"\",\"caption\":\"Webshop Groupe PAYANT\"},\"image\":{\"@id\":\"https:\/\/www.groupepayant.fr\/webshop\/#\/schema\/logo\/image\/\"},\"sameAs\":[\"https:\/\/www.facebook.com\/GroupePayant\/\",\"https:\/\/www.linkedin.com\/company\/groupe-payant\/\",\"https:\/\/www.youtube.com\/c\/GroupePAYANT\",\"https:\/\/www.instagram.com\/groupepayant\/\"]}]}<\/script>\n<!-- \/ Yoast SEO plugin. -->","yoast_head_json":{"title":"Microdoudoune Volvo Bleue Marine - WEBSHOP Groupe PAYANT","robots":{"index":"index","follow":"follow","max-snippet":"max-snippet:-1","max-image-preview":"max-image-preview:large","max-video-preview":"max-video-preview:-1"},"canonical":"https:\/\/www.groupepayant.fr\/webshop\/produit\/microdoudoune-volvo-bleue-marine\/","og_locale":"fr_FR","og_type":"article","og_title":"Microdoudoune Volvo Bleue Marine - WEBSHOP Groupe PAYANT","og_description":"Microdoudoune fabriqu\u00e9e \u00e0 partir de fibres 100% recycl\u00e9es.  Cette veste l\u00e9g\u00e8re Volvo \u00e0 la coupe droite est une veste polyvalente, avec une isolation en duvet int\u00e9gr\u00e9e dans un motif organique contemporain. Sur la poitrine se trouve une poche zipp\u00e9e avec un discret logo Volvo.   GRS - Global Recycle Standard. Les produits portant le symbole GRS contiennent au moins 20% de mat\u00e9riaux recycl\u00e9s et r\u00e9pondent \u00e0 des exigences strictes tout au long de la cha\u00eene d'approvisionnement. De plus, le producteur de ces produits doit suivre et retracer les mat\u00e9riaux, tenir compte des pratiques sociales et environnementales et restreindre l'utilisation de produits chimiques nocifs. Cette norme rend \u00e9galement l'\u00e9tiquetage plus pr\u00e9cis et encourage les fa\u00e7ons innovantes d'utiliser des mat\u00e9riaux r\u00e9cup\u00e9r\u00e9s. Guide des tailles : cliquer ici","og_url":"https:\/\/www.groupepayant.fr\/webshop\/produit\/microdoudoune-volvo-bleue-marine\/","og_site_name":"WEBSHOP Groupe PAYANT","article_publisher":"https:\/\/www.facebook.com\/GroupePayant\/","article_modified_time":"2026-04-24T13:55:57+00:00","og_image":[{"width":600,"height":600,"url":"https:\/\/www.groupepayant.fr\/webshop\/wp-content\/uploads\/2023\/10\/microdoudoune-volvo-bleue-marine-1.jpg","type":"image\/jpeg"}],"twitter_card":"summary_large_image","twitter_misc":{"Dur\u00e9e de lecture estim\u00e9e":"1 minute"},"schema":{"@context":"https:\/\/schema.org","@graph":[{"@type":"WebPage","@id":"https:\/\/www.groupepayant.fr\/webshop\/produit\/microdoudoune-volvo-bleue-marine\/","url":"https:\/\/www.groupepayant.fr\/webshop\/produit\/microdoudoune-volvo-bleue-marine\/","name":"Microdoudoune Volvo Bleue Marine - WEBSHOP Groupe PAYANT","isPartOf":{"@id":"https:\/\/www.groupepayant.fr\/webshop\/#website"},"primaryImageOfPage":{"@id":"https:\/\/www.groupepayant.fr\/webshop\/produit\/microdoudoune-volvo-bleue-marine\/#primaryimage"},"image":{"@id":"https:\/\/www.groupepayant.fr\/webshop\/produit\/microdoudoune-volvo-bleue-marine\/#primaryimage"},"thumbnailUrl":"https:\/\/www.groupepayant.fr\/webshop\/wp-content\/uploads\/2023\/10\/microdoudoune-volvo-bleue-marine-1.jpg","datePublished":"2023-10-12T12:19:41+00:00","dateModified":"2026-04-24T13:55:57+00:00","breadcrumb":{"@id":"https:\/\/www.groupepayant.fr\/webshop\/produit\/microdoudoune-volvo-bleue-marine\/#breadcrumb"},"inLanguage":"fr-FR","potentialAction":[{"@type":"ReadAction","target":["https:\/\/www.groupepayant.fr\/webshop\/produit\/microdoudoune-volvo-bleue-marine\/"]}]},{"@type":"ImageObject","inLanguage":"fr-FR","@id":"https:\/\/www.groupepayant.fr\/webshop\/produit\/microdoudoune-volvo-bleue-marine\/#primaryimage","url":"https:\/\/www.groupepayant.fr\/webshop\/wp-content\/uploads\/2023\/10\/microdoudoune-volvo-bleue-marine-1.jpg","contentUrl":"https:\/\/www.groupepayant.fr\/webshop\/wp-content\/uploads\/2023\/10\/microdoudoune-volvo-bleue-marine-1.jpg","width":600,"height":600,"caption":"Microdoudoune Volvo bleue marine"},{"@type":"BreadcrumbList","@id":"https:\/\/www.groupepayant.fr\/webshop\/produit\/microdoudoune-volvo-bleue-marine\/#breadcrumb","itemListElement":[{"@type":"ListItem","position":1,"name":"Accueil","item":"https:\/\/www.groupepayant.fr\/webshop\/"},{"@type":"ListItem","position":2,"name":"Webshop","item":"https:\/\/www.groupepayant.fr\/webshop\/shop\/"},{"@type":"ListItem","position":3,"name":"Microdoudoune Volvo Bleue Marine"}]},{"@type":"WebSite","@id":"https:\/\/www.groupepayant.fr\/webshop\/#website","url":"https:\/\/www.groupepayant.fr\/webshop\/","name":"WEBSHOP Groupe PAYANT","description":"","publisher":{"@id":"https:\/\/www.groupepayant.fr\/webshop\/#organization"},"potentialAction":[{"@type":"SearchAction","target":{"@type":"EntryPoint","urlTemplate":"https:\/\/www.groupepayant.fr\/webshop\/?s={search_term_string}"},"query-input":{"@type":"PropertyValueSpecification","valueRequired":true,"valueName":"search_term_string"}}],"inLanguage":"fr-FR"},{"@type":"Organization","@id":"https:\/\/www.groupepayant.fr\/webshop\/#organization","name":"Webshop Groupe PAYANT","url":"https:\/\/www.groupepayant.fr\/webshop\/","logo":{"@type":"ImageObject","inLanguage":"fr-FR","@id":"https:\/\/www.groupepayant.fr\/webshop\/#\/schema\/logo\/image\/","url":"","contentUrl":"","caption":"Webshop Groupe PAYANT"},"image":{"@id":"https:\/\/www.groupepayant.fr\/webshop\/#\/schema\/logo\/image\/"},"sameAs":["https:\/\/www.facebook.com\/GroupePayant\/","https:\/\/www.linkedin.com\/company\/groupe-payant\/","https:\/\/www.youtube.com\/c\/GroupePAYANT","https:\/\/www.instagram.com\/groupepayant\/"]}]}},"builder_content":"","_links":{"self":[{"href":"https:\/\/www.groupepayant.fr\/webshop\/wp-json\/wp\/v2\/product\/22158","targetHints":{"allow":["GET"]}}],"collection":[{"href":"https:\/\/www.groupepayant.fr\/webshop\/wp-json\/wp\/v2\/product"}],"about":[{"href":"https:\/\/www.groupepayant.fr\/webshop\/wp-json\/wp\/v2\/types\/product"}],"replies":[{"embeddable":true,"href":"https:\/\/www.groupepayant.fr\/webshop\/wp-json\/wp\/v2\/comments?post=22158"}],"wp:featuredmedia":[{"embeddable":true,"href":"https:\/\/www.groupepayant.fr\/webshop\/wp-json\/wp\/v2\/media\/22165"}],"wp:attachment":[{"href":"https:\/\/www.groupepayant.fr\/webshop\/wp-json\/wp\/v2\/media?parent=22158"}],"wp:term":[{"taxonomy":"product_brand","embeddable":true,"href":"https:\/\/www.groupepayant.fr\/webshop\/wp-json\/wp\/v2\/product_brand?post=22158"},{"taxonomy":"product_cat","embeddable":true,"href":"https:\/\/www.groupepayant.fr\/webshop\/wp-json\/wp\/v2\/product_cat?post=22158"},{"taxonomy":"product_tag","embeddable":true,"href":"https:\/\/www.groupepayant.fr\/webshop\/wp-json\/wp\/v2\/product_tag?post=22158"}],"curies":[{"name":"wp","href":"https:\/\/api.w.org\/{rel}","templated":true}]}}