{"id":22358,"date":"2023-12-12T17:00:14","date_gmt":"2023-12-12T16:00:14","guid":{"rendered":"https:\/\/www.groupepayant.fr\/webshop\/?post_type=product&#038;p=22358"},"modified":"2026-04-26T18:54:58","modified_gmt":"2026-04-26T16:54:58","slug":"pince-multifonction-volvo","status":"publish","type":"product","link":"https:\/\/www.groupepayant.fr\/webshop\/produit\/pince-multifonction-volvo\/","title":{"rendered":"Pince Multifonction VOLVO"},"content":{"rendered":"","protected":false},"excerpt":{"rendered":"<p>Cette pince multifonction, en acier inoxydable, contient 10 outils soigneusement emball\u00e9s dans une pochette ceinture, pratique \u00e0 emporter avec vous \u00e0 tout moment.<\/p>\n<p>\u2022 Fabriqu\u00e9 en acier inoxydable et en aluminium, recouvert d&rsquo;une surface noire mate et grav\u00e9 du logo Volvo spread sur le devant.<\/p>\n<p>\u2022 Livr\u00e9 dans un coffret cadeau premium de la marque.<\/p>\n<p>\u2022 Les outils :<br \/>\n&#8211; Pince (pince \u00e0 bec effil\u00e9, pince ordinaire, coupe-fil)<br \/>\n&#8211; Tournevis droit<br \/>\n&#8211; Lime en m\u00e9tal<br \/>\n&#8211; Petit couteau et ouvre-bouteille<br \/>\n&#8211; Tournevis \u00e0 t\u00eate plate moyenne<br \/>\n&#8211; Couteau<br \/>\n&#8211; Couteau dentel\u00e9<br \/>\n&#8211; Grattoir \u00e0 \u00e9cailles<br \/>\n&#8211; Tournevis cruciforme<br \/>\n&#8211; Tournevis \u00e0 t\u00eate plate moyenne<br \/>\n&#8211; Ouvre-bo\u00eete<\/p>\n","protected":false},"featured_media":22359,"comment_status":"closed","ping_status":"closed","template":"","meta":{"_monsterinsights_skip_tracking":false,"_monsterinsights_sitenote_active":false,"_monsterinsights_sitenote_note":"","_monsterinsights_sitenote_category":0},"product_brand":[1708],"product_cat":[266,267,273],"product_tag":[1426,1427,1425,1424,1423],"class_list":{"0":"post-22358","1":"product","2":"type-product","3":"status-publish","4":"has-post-thumbnail","6":"product_brand-volvo","7":"product_cat-merchandising","8":"product_cat-produits-speciaux","9":"product_cat-produits-speciaux-volvo","10":"product_tag-multitool","11":"product_tag-multitool-volvo","12":"product_tag-pince-multifonction","13":"product_tag-pince-multifonction-volvo","14":"product_tag-pince-volvo","16":"first","17":"instock","18":"taxable","19":"shipping-taxable","20":"purchasable","21":"product-type-simple"},"yoast_head":"<!-- This site is optimized with the Yoast SEO plugin v27.1.1 - https:\/\/yoast.com\/product\/yoast-seo-wordpress\/ -->\n<title>Pince Multifonction VOLVO - WEBSHOP Groupe PAYANT<\/title>\n<meta name=\"robots\" content=\"index, follow, max-snippet:-1, max-image-preview:large, max-video-preview:-1\" \/>\n<link rel=\"canonical\" href=\"https:\/\/www.groupepayant.fr\/webshop\/produit\/pince-multifonction-volvo\/\" \/>\n<meta property=\"og:locale\" content=\"fr_FR\" \/>\n<meta property=\"og:type\" content=\"article\" \/>\n<meta property=\"og:title\" content=\"Pince Multifonction VOLVO - WEBSHOP Groupe PAYANT\" \/>\n<meta property=\"og:description\" content=\"Cette pince multifonction, en acier inoxydable, contient 10 outils soigneusement emball\u00e9s dans une pochette ceinture, pratique \u00e0 emporter avec vous \u00e0 tout moment.  \u2022 Fabriqu\u00e9 en acier inoxydable et en aluminium, recouvert d&#039;une surface noire mate et grav\u00e9 du logo Volvo spread sur le devant.  \u2022 Livr\u00e9 dans un coffret cadeau premium de la marque.  \u2022 Les outils : - Pince (pince \u00e0 bec effil\u00e9, pince ordinaire, coupe-fil) - Tournevis droit - Lime en m\u00e9tal - Petit couteau et ouvre-bouteille - Tournevis \u00e0 t\u00eate plate moyenne - Couteau - Couteau dentel\u00e9 - Grattoir \u00e0 \u00e9cailles - Tournevis cruciforme - Tournevis \u00e0 t\u00eate plate moyenne - Ouvre-bo\u00eete\" \/>\n<meta property=\"og:url\" content=\"https:\/\/www.groupepayant.fr\/webshop\/produit\/pince-multifonction-volvo\/\" \/>\n<meta property=\"og:site_name\" content=\"WEBSHOP Groupe PAYANT\" \/>\n<meta property=\"article:publisher\" content=\"https:\/\/www.facebook.com\/GroupePayant\/\" \/>\n<meta property=\"article:modified_time\" content=\"2026-04-26T16:54:58+00:00\" \/>\n<meta property=\"og:image\" content=\"https:\/\/www.groupepayant.fr\/webshop\/wp-content\/uploads\/2023\/12\/pince-multifonction-volvo-1.jpg\" \/>\n\t<meta property=\"og:image:width\" content=\"600\" \/>\n\t<meta property=\"og:image:height\" content=\"600\" \/>\n\t<meta property=\"og:image:type\" content=\"image\/jpeg\" \/>\n<meta name=\"twitter:card\" content=\"summary_large_image\" \/>\n<meta name=\"twitter:label1\" content=\"Dur\u00e9e de lecture estim\u00e9e\" \/>\n\t<meta name=\"twitter:data1\" content=\"1 minute\" \/>\n<script type=\"application\/ld+json\" class=\"yoast-schema-graph\">{\"@context\":\"https:\/\/schema.org\",\"@graph\":[{\"@type\":\"WebPage\",\"@id\":\"https:\/\/www.groupepayant.fr\/webshop\/produit\/pince-multifonction-volvo\/\",\"url\":\"https:\/\/www.groupepayant.fr\/webshop\/produit\/pince-multifonction-volvo\/\",\"name\":\"Pince Multifonction VOLVO - WEBSHOP Groupe PAYANT\",\"isPartOf\":{\"@id\":\"https:\/\/www.groupepayant.fr\/webshop\/#website\"},\"primaryImageOfPage\":{\"@id\":\"https:\/\/www.groupepayant.fr\/webshop\/produit\/pince-multifonction-volvo\/#primaryimage\"},\"image\":{\"@id\":\"https:\/\/www.groupepayant.fr\/webshop\/produit\/pince-multifonction-volvo\/#primaryimage\"},\"thumbnailUrl\":\"https:\/\/www.groupepayant.fr\/webshop\/wp-content\/uploads\/2023\/12\/pince-multifonction-volvo-1.jpg\",\"datePublished\":\"2023-12-12T16:00:14+00:00\",\"dateModified\":\"2026-04-26T16:54:58+00:00\",\"breadcrumb\":{\"@id\":\"https:\/\/www.groupepayant.fr\/webshop\/produit\/pince-multifonction-volvo\/#breadcrumb\"},\"inLanguage\":\"fr-FR\",\"potentialAction\":[{\"@type\":\"ReadAction\",\"target\":[\"https:\/\/www.groupepayant.fr\/webshop\/produit\/pince-multifonction-volvo\/\"]}]},{\"@type\":\"ImageObject\",\"inLanguage\":\"fr-FR\",\"@id\":\"https:\/\/www.groupepayant.fr\/webshop\/produit\/pince-multifonction-volvo\/#primaryimage\",\"url\":\"https:\/\/www.groupepayant.fr\/webshop\/wp-content\/uploads\/2023\/12\/pince-multifonction-volvo-1.jpg\",\"contentUrl\":\"https:\/\/www.groupepayant.fr\/webshop\/wp-content\/uploads\/2023\/12\/pince-multifonction-volvo-1.jpg\",\"width\":600,\"height\":600,\"caption\":\"Pince Multifonction VOLVO\"},{\"@type\":\"BreadcrumbList\",\"@id\":\"https:\/\/www.groupepayant.fr\/webshop\/produit\/pince-multifonction-volvo\/#breadcrumb\",\"itemListElement\":[{\"@type\":\"ListItem\",\"position\":1,\"name\":\"Accueil\",\"item\":\"https:\/\/www.groupepayant.fr\/webshop\/\"},{\"@type\":\"ListItem\",\"position\":2,\"name\":\"Webshop\",\"item\":\"https:\/\/www.groupepayant.fr\/webshop\/shop\/\"},{\"@type\":\"ListItem\",\"position\":3,\"name\":\"Pince Multifonction VOLVO\"}]},{\"@type\":\"WebSite\",\"@id\":\"https:\/\/www.groupepayant.fr\/webshop\/#website\",\"url\":\"https:\/\/www.groupepayant.fr\/webshop\/\",\"name\":\"WEBSHOP Groupe PAYANT\",\"description\":\"\",\"publisher\":{\"@id\":\"https:\/\/www.groupepayant.fr\/webshop\/#organization\"},\"potentialAction\":[{\"@type\":\"SearchAction\",\"target\":{\"@type\":\"EntryPoint\",\"urlTemplate\":\"https:\/\/www.groupepayant.fr\/webshop\/?s={search_term_string}\"},\"query-input\":{\"@type\":\"PropertyValueSpecification\",\"valueRequired\":true,\"valueName\":\"search_term_string\"}}],\"inLanguage\":\"fr-FR\"},{\"@type\":\"Organization\",\"@id\":\"https:\/\/www.groupepayant.fr\/webshop\/#organization\",\"name\":\"Webshop Groupe PAYANT\",\"url\":\"https:\/\/www.groupepayant.fr\/webshop\/\",\"logo\":{\"@type\":\"ImageObject\",\"inLanguage\":\"fr-FR\",\"@id\":\"https:\/\/www.groupepayant.fr\/webshop\/#\/schema\/logo\/image\/\",\"url\":\"\",\"contentUrl\":\"\",\"caption\":\"Webshop Groupe PAYANT\"},\"image\":{\"@id\":\"https:\/\/www.groupepayant.fr\/webshop\/#\/schema\/logo\/image\/\"},\"sameAs\":[\"https:\/\/www.facebook.com\/GroupePayant\/\",\"https:\/\/www.linkedin.com\/company\/groupe-payant\/\",\"https:\/\/www.youtube.com\/c\/GroupePAYANT\",\"https:\/\/www.instagram.com\/groupepayant\/\"]}]}<\/script>\n<!-- \/ Yoast SEO plugin. -->","yoast_head_json":{"title":"Pince Multifonction VOLVO - WEBSHOP Groupe PAYANT","robots":{"index":"index","follow":"follow","max-snippet":"max-snippet:-1","max-image-preview":"max-image-preview:large","max-video-preview":"max-video-preview:-1"},"canonical":"https:\/\/www.groupepayant.fr\/webshop\/produit\/pince-multifonction-volvo\/","og_locale":"fr_FR","og_type":"article","og_title":"Pince Multifonction VOLVO - WEBSHOP Groupe PAYANT","og_description":"Cette pince multifonction, en acier inoxydable, contient 10 outils soigneusement emball\u00e9s dans une pochette ceinture, pratique \u00e0 emporter avec vous \u00e0 tout moment.  \u2022 Fabriqu\u00e9 en acier inoxydable et en aluminium, recouvert d'une surface noire mate et grav\u00e9 du logo Volvo spread sur le devant.  \u2022 Livr\u00e9 dans un coffret cadeau premium de la marque.  \u2022 Les outils : - Pince (pince \u00e0 bec effil\u00e9, pince ordinaire, coupe-fil) - Tournevis droit - Lime en m\u00e9tal - Petit couteau et ouvre-bouteille - Tournevis \u00e0 t\u00eate plate moyenne - Couteau - Couteau dentel\u00e9 - Grattoir \u00e0 \u00e9cailles - Tournevis cruciforme - Tournevis \u00e0 t\u00eate plate moyenne - Ouvre-bo\u00eete","og_url":"https:\/\/www.groupepayant.fr\/webshop\/produit\/pince-multifonction-volvo\/","og_site_name":"WEBSHOP Groupe PAYANT","article_publisher":"https:\/\/www.facebook.com\/GroupePayant\/","article_modified_time":"2026-04-26T16:54:58+00:00","og_image":[{"width":600,"height":600,"url":"https:\/\/www.groupepayant.fr\/webshop\/wp-content\/uploads\/2023\/12\/pince-multifonction-volvo-1.jpg","type":"image\/jpeg"}],"twitter_card":"summary_large_image","twitter_misc":{"Dur\u00e9e de lecture estim\u00e9e":"1 minute"},"schema":{"@context":"https:\/\/schema.org","@graph":[{"@type":"WebPage","@id":"https:\/\/www.groupepayant.fr\/webshop\/produit\/pince-multifonction-volvo\/","url":"https:\/\/www.groupepayant.fr\/webshop\/produit\/pince-multifonction-volvo\/","name":"Pince Multifonction VOLVO - WEBSHOP Groupe PAYANT","isPartOf":{"@id":"https:\/\/www.groupepayant.fr\/webshop\/#website"},"primaryImageOfPage":{"@id":"https:\/\/www.groupepayant.fr\/webshop\/produit\/pince-multifonction-volvo\/#primaryimage"},"image":{"@id":"https:\/\/www.groupepayant.fr\/webshop\/produit\/pince-multifonction-volvo\/#primaryimage"},"thumbnailUrl":"https:\/\/www.groupepayant.fr\/webshop\/wp-content\/uploads\/2023\/12\/pince-multifonction-volvo-1.jpg","datePublished":"2023-12-12T16:00:14+00:00","dateModified":"2026-04-26T16:54:58+00:00","breadcrumb":{"@id":"https:\/\/www.groupepayant.fr\/webshop\/produit\/pince-multifonction-volvo\/#breadcrumb"},"inLanguage":"fr-FR","potentialAction":[{"@type":"ReadAction","target":["https:\/\/www.groupepayant.fr\/webshop\/produit\/pince-multifonction-volvo\/"]}]},{"@type":"ImageObject","inLanguage":"fr-FR","@id":"https:\/\/www.groupepayant.fr\/webshop\/produit\/pince-multifonction-volvo\/#primaryimage","url":"https:\/\/www.groupepayant.fr\/webshop\/wp-content\/uploads\/2023\/12\/pince-multifonction-volvo-1.jpg","contentUrl":"https:\/\/www.groupepayant.fr\/webshop\/wp-content\/uploads\/2023\/12\/pince-multifonction-volvo-1.jpg","width":600,"height":600,"caption":"Pince Multifonction VOLVO"},{"@type":"BreadcrumbList","@id":"https:\/\/www.groupepayant.fr\/webshop\/produit\/pince-multifonction-volvo\/#breadcrumb","itemListElement":[{"@type":"ListItem","position":1,"name":"Accueil","item":"https:\/\/www.groupepayant.fr\/webshop\/"},{"@type":"ListItem","position":2,"name":"Webshop","item":"https:\/\/www.groupepayant.fr\/webshop\/shop\/"},{"@type":"ListItem","position":3,"name":"Pince Multifonction VOLVO"}]},{"@type":"WebSite","@id":"https:\/\/www.groupepayant.fr\/webshop\/#website","url":"https:\/\/www.groupepayant.fr\/webshop\/","name":"WEBSHOP Groupe PAYANT","description":"","publisher":{"@id":"https:\/\/www.groupepayant.fr\/webshop\/#organization"},"potentialAction":[{"@type":"SearchAction","target":{"@type":"EntryPoint","urlTemplate":"https:\/\/www.groupepayant.fr\/webshop\/?s={search_term_string}"},"query-input":{"@type":"PropertyValueSpecification","valueRequired":true,"valueName":"search_term_string"}}],"inLanguage":"fr-FR"},{"@type":"Organization","@id":"https:\/\/www.groupepayant.fr\/webshop\/#organization","name":"Webshop Groupe PAYANT","url":"https:\/\/www.groupepayant.fr\/webshop\/","logo":{"@type":"ImageObject","inLanguage":"fr-FR","@id":"https:\/\/www.groupepayant.fr\/webshop\/#\/schema\/logo\/image\/","url":"","contentUrl":"","caption":"Webshop Groupe PAYANT"},"image":{"@id":"https:\/\/www.groupepayant.fr\/webshop\/#\/schema\/logo\/image\/"},"sameAs":["https:\/\/www.facebook.com\/GroupePayant\/","https:\/\/www.linkedin.com\/company\/groupe-payant\/","https:\/\/www.youtube.com\/c\/GroupePAYANT","https:\/\/www.instagram.com\/groupepayant\/"]}]}},"builder_content":"","_links":{"self":[{"href":"https:\/\/www.groupepayant.fr\/webshop\/wp-json\/wp\/v2\/product\/22358","targetHints":{"allow":["GET"]}}],"collection":[{"href":"https:\/\/www.groupepayant.fr\/webshop\/wp-json\/wp\/v2\/product"}],"about":[{"href":"https:\/\/www.groupepayant.fr\/webshop\/wp-json\/wp\/v2\/types\/product"}],"replies":[{"embeddable":true,"href":"https:\/\/www.groupepayant.fr\/webshop\/wp-json\/wp\/v2\/comments?post=22358"}],"wp:featuredmedia":[{"embeddable":true,"href":"https:\/\/www.groupepayant.fr\/webshop\/wp-json\/wp\/v2\/media\/22359"}],"wp:attachment":[{"href":"https:\/\/www.groupepayant.fr\/webshop\/wp-json\/wp\/v2\/media?parent=22358"}],"wp:term":[{"taxonomy":"product_brand","embeddable":true,"href":"https:\/\/www.groupepayant.fr\/webshop\/wp-json\/wp\/v2\/product_brand?post=22358"},{"taxonomy":"product_cat","embeddable":true,"href":"https:\/\/www.groupepayant.fr\/webshop\/wp-json\/wp\/v2\/product_cat?post=22358"},{"taxonomy":"product_tag","embeddable":true,"href":"https:\/\/www.groupepayant.fr\/webshop\/wp-json\/wp\/v2\/product_tag?post=22358"}],"curies":[{"name":"wp","href":"https:\/\/api.w.org\/{rel}","templated":true}]}}