{"id":23023,"date":"2024-03-26T09:06:17","date_gmt":"2024-03-26T08:06:17","guid":{"rendered":"https:\/\/www.groupepayant.fr\/webshop\/?post_type=product&#038;p=23023"},"modified":"2026-04-24T15:55:57","modified_gmt":"2026-04-24T13:55:57","slug":"maquette-pelle-volvo-ec950f","status":"publish","type":"product","link":"https:\/\/www.groupepayant.fr\/webshop\/produit\/maquette-pelle-volvo-ec950f\/","title":{"rendered":"Maquette pelle Volvo EC950F"},"content":{"rendered":"","protected":false},"excerpt":{"rendered":"<p>Mod\u00e8le r\u00e9duit de pelle Volvo EC950F, m\u00e9ticuleusement con\u00e7u \u00e0 l&rsquo;\u00e9chelle 1:50.<br \/>\nChaque d\u00e9tail est fid\u00e8lement reproduit et chaque fonction finement r\u00e9gl\u00e9e pour imiter la puissance et l&rsquo;efficacit\u00e9 de la vraie machine.<\/p>\n<p>\u2022 Vivez le plaisir de conduire une excavatrice, directement depuis le confort de votre bureau ou de votre \u00e9tag\u00e8re ! Avec des pi\u00e8ces mobiles refl\u00e9tant la fonctionnalit\u00e9 r\u00e9elle, ce mod\u00e8le offre une appr\u00e9ciation pratique de l&rsquo;excellence technique de Volvo.<\/p>\n<p>\u2022 Pr\u00e9sent\u00e9 dans une \u00e9l\u00e9gante bo\u00eete con\u00e7ue par Volvo (avec une fen\u00eatre), ce n&rsquo;est pas seulement un mod\u00e8le, c&rsquo;est un t\u00e9moignage de savoir-faire et d&rsquo;innovation parfait pour les passionn\u00e9s, les collectionneurs ou toute personne passionn\u00e9e de machinerie lourde.<\/p>\n<p>\u2022 Adoptez l\u2019esprit d\u2019aventure et d\u2019exploration, lib\u00e9rez votre imagination et laissez ce mod\u00e8le r\u00e9duit de pelle Volvo EC950F vous inspirer pour atteindre de nouveaux sommets ! N&rsquo;oubliez pas que la grandeur ne conna\u00eet pas d&rsquo;\u00e9chelle&#8230;<\/p>\n","protected":false},"featured_media":23024,"comment_status":"closed","ping_status":"closed","template":"","meta":{"_monsterinsights_skip_tracking":false,"_monsterinsights_sitenote_active":false,"_monsterinsights_sitenote_note":"","_monsterinsights_sitenote_category":0},"product_brand":[1708],"product_cat":[268,280,266],"product_tag":[184,1472,1478,1473,1474,1476,1475,1477,605],"class_list":{"0":"post-23023","1":"product","2":"type-product","3":"status-publish","4":"has-post-thumbnail","6":"product_brand-volvo","7":"product_cat-maquettes","8":"product_cat-maquettes-volvo","9":"product_cat-merchandising","10":"product_tag-maquette","11":"product_tag-maquette-150","12":"product_tag-maquette-150-pelle-volvo","13":"product_tag-maquette-150-volvo","14":"product_tag-maquette-ec950f","15":"product_tag-maquette-ec950f-150","16":"product_tag-maquette-ec950f-volvo","17":"product_tag-maquette-pelle-volvo","18":"product_tag-maquette-volvo","20":"first","21":"instock","22":"taxable","23":"shipping-taxable","24":"purchasable","25":"product-type-simple"},"yoast_head":"<!-- This site is optimized with the Yoast SEO plugin v27.1.1 - https:\/\/yoast.com\/product\/yoast-seo-wordpress\/ -->\n<title>Maquette pelle Volvo EC950F - WEBSHOP Groupe PAYANT<\/title>\n<meta name=\"robots\" content=\"index, follow, max-snippet:-1, max-image-preview:large, max-video-preview:-1\" \/>\n<link rel=\"canonical\" href=\"https:\/\/www.groupepayant.fr\/webshop\/produit\/maquette-pelle-volvo-ec950f\/\" \/>\n<meta property=\"og:locale\" content=\"fr_FR\" \/>\n<meta property=\"og:type\" content=\"article\" \/>\n<meta property=\"og:title\" content=\"Maquette pelle Volvo EC950F - WEBSHOP Groupe PAYANT\" \/>\n<meta property=\"og:description\" content=\"Mod\u00e8le r\u00e9duit de pelle Volvo EC950F, m\u00e9ticuleusement con\u00e7u \u00e0 l&#039;\u00e9chelle 1:50. Chaque d\u00e9tail est fid\u00e8lement reproduit et chaque fonction finement r\u00e9gl\u00e9e pour imiter la puissance et l&#039;efficacit\u00e9 de la vraie machine.  \u2022 Vivez le plaisir de conduire une excavatrice, directement depuis le confort de votre bureau ou de votre \u00e9tag\u00e8re ! Avec des pi\u00e8ces mobiles refl\u00e9tant la fonctionnalit\u00e9 r\u00e9elle, ce mod\u00e8le offre une appr\u00e9ciation pratique de l&#039;excellence technique de Volvo.  \u2022 Pr\u00e9sent\u00e9 dans une \u00e9l\u00e9gante bo\u00eete con\u00e7ue par Volvo (avec une fen\u00eatre), ce n&#039;est pas seulement un mod\u00e8le, c&#039;est un t\u00e9moignage de savoir-faire et d&#039;innovation parfait pour les passionn\u00e9s, les collectionneurs ou toute personne passionn\u00e9e de machinerie lourde.  \u2022 Adoptez l\u2019esprit d\u2019aventure et d\u2019exploration, lib\u00e9rez votre imagination et laissez ce mod\u00e8le r\u00e9duit de pelle Volvo EC950F vous inspirer pour atteindre de nouveaux sommets ! N&#039;oubliez pas que la grandeur ne conna\u00eet pas d&#039;\u00e9chelle...\" \/>\n<meta property=\"og:url\" content=\"https:\/\/www.groupepayant.fr\/webshop\/produit\/maquette-pelle-volvo-ec950f\/\" \/>\n<meta property=\"og:site_name\" content=\"WEBSHOP Groupe PAYANT\" \/>\n<meta property=\"article:publisher\" content=\"https:\/\/www.facebook.com\/GroupePayant\/\" \/>\n<meta property=\"article:modified_time\" content=\"2026-04-24T13:55:57+00:00\" \/>\n<meta property=\"og:image\" content=\"https:\/\/www.groupepayant.fr\/webshop\/wp-content\/uploads\/2024\/03\/maquette-pelle-volvo-ec950f-1.jpg\" \/>\n\t<meta property=\"og:image:width\" content=\"600\" \/>\n\t<meta property=\"og:image:height\" content=\"600\" \/>\n\t<meta property=\"og:image:type\" content=\"image\/jpeg\" \/>\n<meta name=\"twitter:card\" content=\"summary_large_image\" \/>\n<meta name=\"twitter:label1\" content=\"Dur\u00e9e de lecture estim\u00e9e\" \/>\n\t<meta name=\"twitter:data1\" content=\"1 minute\" \/>\n<script type=\"application\/ld+json\" class=\"yoast-schema-graph\">{\"@context\":\"https:\/\/schema.org\",\"@graph\":[{\"@type\":\"WebPage\",\"@id\":\"https:\/\/www.groupepayant.fr\/webshop\/produit\/maquette-pelle-volvo-ec950f\/\",\"url\":\"https:\/\/www.groupepayant.fr\/webshop\/produit\/maquette-pelle-volvo-ec950f\/\",\"name\":\"Maquette pelle Volvo EC950F - WEBSHOP Groupe PAYANT\",\"isPartOf\":{\"@id\":\"https:\/\/www.groupepayant.fr\/webshop\/#website\"},\"primaryImageOfPage\":{\"@id\":\"https:\/\/www.groupepayant.fr\/webshop\/produit\/maquette-pelle-volvo-ec950f\/#primaryimage\"},\"image\":{\"@id\":\"https:\/\/www.groupepayant.fr\/webshop\/produit\/maquette-pelle-volvo-ec950f\/#primaryimage\"},\"thumbnailUrl\":\"https:\/\/www.groupepayant.fr\/webshop\/wp-content\/uploads\/2024\/03\/maquette-pelle-volvo-ec950f-1.jpg\",\"datePublished\":\"2024-03-26T08:06:17+00:00\",\"dateModified\":\"2026-04-24T13:55:57+00:00\",\"breadcrumb\":{\"@id\":\"https:\/\/www.groupepayant.fr\/webshop\/produit\/maquette-pelle-volvo-ec950f\/#breadcrumb\"},\"inLanguage\":\"fr-FR\",\"potentialAction\":[{\"@type\":\"ReadAction\",\"target\":[\"https:\/\/www.groupepayant.fr\/webshop\/produit\/maquette-pelle-volvo-ec950f\/\"]}]},{\"@type\":\"ImageObject\",\"inLanguage\":\"fr-FR\",\"@id\":\"https:\/\/www.groupepayant.fr\/webshop\/produit\/maquette-pelle-volvo-ec950f\/#primaryimage\",\"url\":\"https:\/\/www.groupepayant.fr\/webshop\/wp-content\/uploads\/2024\/03\/maquette-pelle-volvo-ec950f-1.jpg\",\"contentUrl\":\"https:\/\/www.groupepayant.fr\/webshop\/wp-content\/uploads\/2024\/03\/maquette-pelle-volvo-ec950f-1.jpg\",\"width\":600,\"height\":600,\"caption\":\"Maquette pelle Volvo EC950F\"},{\"@type\":\"BreadcrumbList\",\"@id\":\"https:\/\/www.groupepayant.fr\/webshop\/produit\/maquette-pelle-volvo-ec950f\/#breadcrumb\",\"itemListElement\":[{\"@type\":\"ListItem\",\"position\":1,\"name\":\"Accueil\",\"item\":\"https:\/\/www.groupepayant.fr\/webshop\/\"},{\"@type\":\"ListItem\",\"position\":2,\"name\":\"Webshop\",\"item\":\"https:\/\/www.groupepayant.fr\/webshop\/shop\/\"},{\"@type\":\"ListItem\",\"position\":3,\"name\":\"Maquette pelle Volvo EC950F\"}]},{\"@type\":\"WebSite\",\"@id\":\"https:\/\/www.groupepayant.fr\/webshop\/#website\",\"url\":\"https:\/\/www.groupepayant.fr\/webshop\/\",\"name\":\"WEBSHOP Groupe PAYANT\",\"description\":\"\",\"publisher\":{\"@id\":\"https:\/\/www.groupepayant.fr\/webshop\/#organization\"},\"potentialAction\":[{\"@type\":\"SearchAction\",\"target\":{\"@type\":\"EntryPoint\",\"urlTemplate\":\"https:\/\/www.groupepayant.fr\/webshop\/?s={search_term_string}\"},\"query-input\":{\"@type\":\"PropertyValueSpecification\",\"valueRequired\":true,\"valueName\":\"search_term_string\"}}],\"inLanguage\":\"fr-FR\"},{\"@type\":\"Organization\",\"@id\":\"https:\/\/www.groupepayant.fr\/webshop\/#organization\",\"name\":\"Webshop Groupe PAYANT\",\"url\":\"https:\/\/www.groupepayant.fr\/webshop\/\",\"logo\":{\"@type\":\"ImageObject\",\"inLanguage\":\"fr-FR\",\"@id\":\"https:\/\/www.groupepayant.fr\/webshop\/#\/schema\/logo\/image\/\",\"url\":\"\",\"contentUrl\":\"\",\"caption\":\"Webshop Groupe PAYANT\"},\"image\":{\"@id\":\"https:\/\/www.groupepayant.fr\/webshop\/#\/schema\/logo\/image\/\"},\"sameAs\":[\"https:\/\/www.facebook.com\/GroupePayant\/\",\"https:\/\/www.linkedin.com\/company\/groupe-payant\/\",\"https:\/\/www.youtube.com\/c\/GroupePAYANT\",\"https:\/\/www.instagram.com\/groupepayant\/\"]}]}<\/script>\n<!-- \/ Yoast SEO plugin. -->","yoast_head_json":{"title":"Maquette pelle Volvo EC950F - WEBSHOP Groupe PAYANT","robots":{"index":"index","follow":"follow","max-snippet":"max-snippet:-1","max-image-preview":"max-image-preview:large","max-video-preview":"max-video-preview:-1"},"canonical":"https:\/\/www.groupepayant.fr\/webshop\/produit\/maquette-pelle-volvo-ec950f\/","og_locale":"fr_FR","og_type":"article","og_title":"Maquette pelle Volvo EC950F - WEBSHOP Groupe PAYANT","og_description":"Mod\u00e8le r\u00e9duit de pelle Volvo EC950F, m\u00e9ticuleusement con\u00e7u \u00e0 l'\u00e9chelle 1:50. Chaque d\u00e9tail est fid\u00e8lement reproduit et chaque fonction finement r\u00e9gl\u00e9e pour imiter la puissance et l'efficacit\u00e9 de la vraie machine.  \u2022 Vivez le plaisir de conduire une excavatrice, directement depuis le confort de votre bureau ou de votre \u00e9tag\u00e8re ! Avec des pi\u00e8ces mobiles refl\u00e9tant la fonctionnalit\u00e9 r\u00e9elle, ce mod\u00e8le offre une appr\u00e9ciation pratique de l'excellence technique de Volvo.  \u2022 Pr\u00e9sent\u00e9 dans une \u00e9l\u00e9gante bo\u00eete con\u00e7ue par Volvo (avec une fen\u00eatre), ce n'est pas seulement un mod\u00e8le, c'est un t\u00e9moignage de savoir-faire et d'innovation parfait pour les passionn\u00e9s, les collectionneurs ou toute personne passionn\u00e9e de machinerie lourde.  \u2022 Adoptez l\u2019esprit d\u2019aventure et d\u2019exploration, lib\u00e9rez votre imagination et laissez ce mod\u00e8le r\u00e9duit de pelle Volvo EC950F vous inspirer pour atteindre de nouveaux sommets ! N'oubliez pas que la grandeur ne conna\u00eet pas d'\u00e9chelle...","og_url":"https:\/\/www.groupepayant.fr\/webshop\/produit\/maquette-pelle-volvo-ec950f\/","og_site_name":"WEBSHOP Groupe PAYANT","article_publisher":"https:\/\/www.facebook.com\/GroupePayant\/","article_modified_time":"2026-04-24T13:55:57+00:00","og_image":[{"width":600,"height":600,"url":"https:\/\/www.groupepayant.fr\/webshop\/wp-content\/uploads\/2024\/03\/maquette-pelle-volvo-ec950f-1.jpg","type":"image\/jpeg"}],"twitter_card":"summary_large_image","twitter_misc":{"Dur\u00e9e de lecture estim\u00e9e":"1 minute"},"schema":{"@context":"https:\/\/schema.org","@graph":[{"@type":"WebPage","@id":"https:\/\/www.groupepayant.fr\/webshop\/produit\/maquette-pelle-volvo-ec950f\/","url":"https:\/\/www.groupepayant.fr\/webshop\/produit\/maquette-pelle-volvo-ec950f\/","name":"Maquette pelle Volvo EC950F - WEBSHOP Groupe PAYANT","isPartOf":{"@id":"https:\/\/www.groupepayant.fr\/webshop\/#website"},"primaryImageOfPage":{"@id":"https:\/\/www.groupepayant.fr\/webshop\/produit\/maquette-pelle-volvo-ec950f\/#primaryimage"},"image":{"@id":"https:\/\/www.groupepayant.fr\/webshop\/produit\/maquette-pelle-volvo-ec950f\/#primaryimage"},"thumbnailUrl":"https:\/\/www.groupepayant.fr\/webshop\/wp-content\/uploads\/2024\/03\/maquette-pelle-volvo-ec950f-1.jpg","datePublished":"2024-03-26T08:06:17+00:00","dateModified":"2026-04-24T13:55:57+00:00","breadcrumb":{"@id":"https:\/\/www.groupepayant.fr\/webshop\/produit\/maquette-pelle-volvo-ec950f\/#breadcrumb"},"inLanguage":"fr-FR","potentialAction":[{"@type":"ReadAction","target":["https:\/\/www.groupepayant.fr\/webshop\/produit\/maquette-pelle-volvo-ec950f\/"]}]},{"@type":"ImageObject","inLanguage":"fr-FR","@id":"https:\/\/www.groupepayant.fr\/webshop\/produit\/maquette-pelle-volvo-ec950f\/#primaryimage","url":"https:\/\/www.groupepayant.fr\/webshop\/wp-content\/uploads\/2024\/03\/maquette-pelle-volvo-ec950f-1.jpg","contentUrl":"https:\/\/www.groupepayant.fr\/webshop\/wp-content\/uploads\/2024\/03\/maquette-pelle-volvo-ec950f-1.jpg","width":600,"height":600,"caption":"Maquette pelle Volvo EC950F"},{"@type":"BreadcrumbList","@id":"https:\/\/www.groupepayant.fr\/webshop\/produit\/maquette-pelle-volvo-ec950f\/#breadcrumb","itemListElement":[{"@type":"ListItem","position":1,"name":"Accueil","item":"https:\/\/www.groupepayant.fr\/webshop\/"},{"@type":"ListItem","position":2,"name":"Webshop","item":"https:\/\/www.groupepayant.fr\/webshop\/shop\/"},{"@type":"ListItem","position":3,"name":"Maquette pelle Volvo EC950F"}]},{"@type":"WebSite","@id":"https:\/\/www.groupepayant.fr\/webshop\/#website","url":"https:\/\/www.groupepayant.fr\/webshop\/","name":"WEBSHOP Groupe PAYANT","description":"","publisher":{"@id":"https:\/\/www.groupepayant.fr\/webshop\/#organization"},"potentialAction":[{"@type":"SearchAction","target":{"@type":"EntryPoint","urlTemplate":"https:\/\/www.groupepayant.fr\/webshop\/?s={search_term_string}"},"query-input":{"@type":"PropertyValueSpecification","valueRequired":true,"valueName":"search_term_string"}}],"inLanguage":"fr-FR"},{"@type":"Organization","@id":"https:\/\/www.groupepayant.fr\/webshop\/#organization","name":"Webshop Groupe PAYANT","url":"https:\/\/www.groupepayant.fr\/webshop\/","logo":{"@type":"ImageObject","inLanguage":"fr-FR","@id":"https:\/\/www.groupepayant.fr\/webshop\/#\/schema\/logo\/image\/","url":"","contentUrl":"","caption":"Webshop Groupe PAYANT"},"image":{"@id":"https:\/\/www.groupepayant.fr\/webshop\/#\/schema\/logo\/image\/"},"sameAs":["https:\/\/www.facebook.com\/GroupePayant\/","https:\/\/www.linkedin.com\/company\/groupe-payant\/","https:\/\/www.youtube.com\/c\/GroupePAYANT","https:\/\/www.instagram.com\/groupepayant\/"]}]}},"builder_content":"","_links":{"self":[{"href":"https:\/\/www.groupepayant.fr\/webshop\/wp-json\/wp\/v2\/product\/23023","targetHints":{"allow":["GET"]}}],"collection":[{"href":"https:\/\/www.groupepayant.fr\/webshop\/wp-json\/wp\/v2\/product"}],"about":[{"href":"https:\/\/www.groupepayant.fr\/webshop\/wp-json\/wp\/v2\/types\/product"}],"replies":[{"embeddable":true,"href":"https:\/\/www.groupepayant.fr\/webshop\/wp-json\/wp\/v2\/comments?post=23023"}],"wp:featuredmedia":[{"embeddable":true,"href":"https:\/\/www.groupepayant.fr\/webshop\/wp-json\/wp\/v2\/media\/23024"}],"wp:attachment":[{"href":"https:\/\/www.groupepayant.fr\/webshop\/wp-json\/wp\/v2\/media?parent=23023"}],"wp:term":[{"taxonomy":"product_brand","embeddable":true,"href":"https:\/\/www.groupepayant.fr\/webshop\/wp-json\/wp\/v2\/product_brand?post=23023"},{"taxonomy":"product_cat","embeddable":true,"href":"https:\/\/www.groupepayant.fr\/webshop\/wp-json\/wp\/v2\/product_cat?post=23023"},{"taxonomy":"product_tag","embeddable":true,"href":"https:\/\/www.groupepayant.fr\/webshop\/wp-json\/wp\/v2\/product_tag?post=23023"}],"curies":[{"name":"wp","href":"https:\/\/api.w.org\/{rel}","templated":true}]}}