{"id":23740,"date":"2024-06-06T17:23:24","date_gmt":"2024-06-06T15:23:24","guid":{"rendered":"https:\/\/www.groupepayant.fr\/webshop\/?post_type=product&#038;p=23740"},"modified":"2026-03-30T18:12:49","modified_gmt":"2026-03-30T16:12:49","slug":"guide-chaine-404-if2806-60-iggesund-forest","status":"publish","type":"product","link":"https:\/\/www.groupepayant.fr\/webshop\/produit\/guide-chaine-404-if2806-60-iggesund-forest\/","title":{"rendered":"Guide-cha\u00eene .404 IF2806-60 Iggesund Forest"},"content":{"rendered":"<p><strong>INFO compl\u00e9mentaire :<\/strong><br \/>\nLa gamme de guide-cha\u00eene pour t\u00eates d&rsquo;abattage \u00ab\u00a0Blue Line\u00a0\u00bb d&rsquo;Iggesund Forest est la plus solide jamais con\u00e7ue, notamment gr\u00e2ce \u00e0 un alliage m\u00e9tallique unique qui, combin\u00e9 \u00e0 une technique de trempe am\u00e9lior\u00e9e, le rend plus solide, plus robuste et plus rigide.<br \/>\nLes propri\u00e9t\u00e9s de la gamme \u00ab\u00a0Blue Line\u00a0\u00bb permettent \u00e9galement de r\u00e9duire les vibrations du guide pour plus d&rsquo;efficacit\u00e9, permettant des coupes plus \u00e9troites tout en r\u00e9duisant l&rsquo;usure pour une dur\u00e9e de vie plus longue !<\/p>\n","protected":false},"excerpt":{"rendered":"<p>\u2022 Extr\u00e9mit\u00e9 ouverte. Peut remplacer dans de nombreux cas les extr\u00e9mit\u00e9s arri\u00e8re 801 et 811.<br \/>\n\u2022 Guide solide, r\u00e9sistant et rigide pour toutes les conditions<br \/>\n\u2022 Les cales sp\u00e9cialement durcies des pignons de nez minimisent le risque de panne des pignons de nez<br \/>\n\u2022 Dimension accrue des trous de lubrification pour l&rsquo;huile et la graisse<\/p>\n<p>&#8211; Guide cha\u00eene .404<br \/>\n&#8211; Longueur : 60 cm<br \/>\n&#8211; Jauge : 2,0 mm<br \/>\n&#8211; Maillons d&rsquo;entrainement : 72-74<br \/>\n&#8211; Pignon d&rsquo;entra\u00eenement : 12-14 dents<\/p>\n","protected":false},"featured_media":23741,"comment_status":"closed","ping_status":"closed","template":"","meta":{"_monsterinsights_skip_tracking":false,"_monsterinsights_sitenote_active":false,"_monsterinsights_sitenote_note":"","_monsterinsights_sitenote_category":0},"product_brand":[1731],"product_cat":[1471,1680],"product_tag":[1681,1683,1682,1684],"class_list":{"0":"post-23740","1":"product","2":"type-product","3":"status-publish","4":"has-post-thumbnail","6":"product_brand-iggesund-forest","7":"product_cat-destockage-univers-forestier","8":"product_cat-guide-chaines-iggesund-forest","9":"product_tag-guide","10":"product_tag-guide-iggesund-forest","11":"product_tag-guide-chaine","12":"product_tag-guide-chaine-iggesund-forest","14":"first","15":"instock","16":"sale","17":"taxable","18":"shipping-taxable","19":"purchasable","20":"product-type-simple"},"yoast_head":"<!-- This site is optimized with the Yoast SEO plugin v27.1.1 - https:\/\/yoast.com\/product\/yoast-seo-wordpress\/ -->\n<title>Guide-cha\u00eene .404 IF2806-60 Iggesund Forest - WEBSHOP Groupe PAYANT<\/title>\n<meta name=\"robots\" content=\"index, follow, max-snippet:-1, max-image-preview:large, max-video-preview:-1\" \/>\n<link rel=\"canonical\" href=\"https:\/\/www.groupepayant.fr\/webshop\/produit\/guide-chaine-404-if2806-60-iggesund-forest\/\" \/>\n<meta property=\"og:locale\" content=\"fr_FR\" \/>\n<meta property=\"og:type\" content=\"article\" \/>\n<meta property=\"og:title\" content=\"Guide-cha\u00eene .404 IF2806-60 Iggesund Forest - WEBSHOP Groupe PAYANT\" \/>\n<meta property=\"og:description\" content=\"\u2022 Extr\u00e9mit\u00e9 ouverte. Peut remplacer dans de nombreux cas les extr\u00e9mit\u00e9s arri\u00e8re 801 et 811. \u2022 Guide solide, r\u00e9sistant et rigide pour toutes les conditions \u2022 Les cales sp\u00e9cialement durcies des pignons de nez minimisent le risque de panne des pignons de nez \u2022 Dimension accrue des trous de lubrification pour l&#039;huile et la graisse  - Guide cha\u00eene .404 - Longueur : 60 cm - Jauge : 2,0 mm - Maillons d&#039;entrainement : 72-74 - Pignon d&#039;entra\u00eenement : 12-14 dents\" \/>\n<meta property=\"og:url\" content=\"https:\/\/www.groupepayant.fr\/webshop\/produit\/guide-chaine-404-if2806-60-iggesund-forest\/\" \/>\n<meta property=\"og:site_name\" content=\"WEBSHOP Groupe PAYANT\" \/>\n<meta property=\"article:publisher\" content=\"https:\/\/www.facebook.com\/GroupePayant\/\" \/>\n<meta property=\"article:modified_time\" content=\"2026-03-30T16:12:49+00:00\" \/>\n<meta property=\"og:image\" content=\"https:\/\/www.groupepayant.fr\/webshop\/wp-content\/uploads\/2024\/06\/guide-chaine-IF2806-60-iggesund-forest.jpg\" \/>\n\t<meta property=\"og:image:width\" content=\"600\" \/>\n\t<meta property=\"og:image:height\" content=\"600\" \/>\n\t<meta property=\"og:image:type\" content=\"image\/jpeg\" \/>\n<meta name=\"twitter:card\" content=\"summary_large_image\" \/>\n<meta name=\"twitter:label1\" content=\"Dur\u00e9e de lecture estim\u00e9e\" \/>\n\t<meta name=\"twitter:data1\" content=\"1 minute\" \/>\n<script type=\"application\/ld+json\" class=\"yoast-schema-graph\">{\"@context\":\"https:\/\/schema.org\",\"@graph\":[{\"@type\":\"WebPage\",\"@id\":\"https:\/\/www.groupepayant.fr\/webshop\/produit\/guide-chaine-404-if2806-60-iggesund-forest\/\",\"url\":\"https:\/\/www.groupepayant.fr\/webshop\/produit\/guide-chaine-404-if2806-60-iggesund-forest\/\",\"name\":\"Guide-cha\u00eene .404 IF2806-60 Iggesund Forest - WEBSHOP Groupe PAYANT\",\"isPartOf\":{\"@id\":\"https:\/\/www.groupepayant.fr\/webshop\/#website\"},\"primaryImageOfPage\":{\"@id\":\"https:\/\/www.groupepayant.fr\/webshop\/produit\/guide-chaine-404-if2806-60-iggesund-forest\/#primaryimage\"},\"image\":{\"@id\":\"https:\/\/www.groupepayant.fr\/webshop\/produit\/guide-chaine-404-if2806-60-iggesund-forest\/#primaryimage\"},\"thumbnailUrl\":\"https:\/\/www.groupepayant.fr\/webshop\/wp-content\/uploads\/2024\/06\/guide-chaine-IF2806-60-iggesund-forest.jpg\",\"datePublished\":\"2024-06-06T15:23:24+00:00\",\"dateModified\":\"2026-03-30T16:12:49+00:00\",\"breadcrumb\":{\"@id\":\"https:\/\/www.groupepayant.fr\/webshop\/produit\/guide-chaine-404-if2806-60-iggesund-forest\/#breadcrumb\"},\"inLanguage\":\"fr-FR\",\"potentialAction\":[{\"@type\":\"ReadAction\",\"target\":[\"https:\/\/www.groupepayant.fr\/webshop\/produit\/guide-chaine-404-if2806-60-iggesund-forest\/\"]}]},{\"@type\":\"ImageObject\",\"inLanguage\":\"fr-FR\",\"@id\":\"https:\/\/www.groupepayant.fr\/webshop\/produit\/guide-chaine-404-if2806-60-iggesund-forest\/#primaryimage\",\"url\":\"https:\/\/www.groupepayant.fr\/webshop\/wp-content\/uploads\/2024\/06\/guide-chaine-IF2806-60-iggesund-forest.jpg\",\"contentUrl\":\"https:\/\/www.groupepayant.fr\/webshop\/wp-content\/uploads\/2024\/06\/guide-chaine-IF2806-60-iggesund-forest.jpg\",\"width\":600,\"height\":600,\"caption\":\"Guide-cha\u00eene IF2806-60 Iggesund Forest\"},{\"@type\":\"BreadcrumbList\",\"@id\":\"https:\/\/www.groupepayant.fr\/webshop\/produit\/guide-chaine-404-if2806-60-iggesund-forest\/#breadcrumb\",\"itemListElement\":[{\"@type\":\"ListItem\",\"position\":1,\"name\":\"Accueil\",\"item\":\"https:\/\/www.groupepayant.fr\/webshop\/\"},{\"@type\":\"ListItem\",\"position\":2,\"name\":\"Webshop\",\"item\":\"https:\/\/www.groupepayant.fr\/webshop\/shop\/\"},{\"@type\":\"ListItem\",\"position\":3,\"name\":\"Guide-cha\u00eene .404 IF2806-60 Iggesund Forest\"}]},{\"@type\":\"WebSite\",\"@id\":\"https:\/\/www.groupepayant.fr\/webshop\/#website\",\"url\":\"https:\/\/www.groupepayant.fr\/webshop\/\",\"name\":\"WEBSHOP Groupe PAYANT\",\"description\":\"\",\"publisher\":{\"@id\":\"https:\/\/www.groupepayant.fr\/webshop\/#organization\"},\"potentialAction\":[{\"@type\":\"SearchAction\",\"target\":{\"@type\":\"EntryPoint\",\"urlTemplate\":\"https:\/\/www.groupepayant.fr\/webshop\/?s={search_term_string}\"},\"query-input\":{\"@type\":\"PropertyValueSpecification\",\"valueRequired\":true,\"valueName\":\"search_term_string\"}}],\"inLanguage\":\"fr-FR\"},{\"@type\":\"Organization\",\"@id\":\"https:\/\/www.groupepayant.fr\/webshop\/#organization\",\"name\":\"Webshop Groupe PAYANT\",\"url\":\"https:\/\/www.groupepayant.fr\/webshop\/\",\"logo\":{\"@type\":\"ImageObject\",\"inLanguage\":\"fr-FR\",\"@id\":\"https:\/\/www.groupepayant.fr\/webshop\/#\/schema\/logo\/image\/\",\"url\":\"\",\"contentUrl\":\"\",\"caption\":\"Webshop Groupe PAYANT\"},\"image\":{\"@id\":\"https:\/\/www.groupepayant.fr\/webshop\/#\/schema\/logo\/image\/\"},\"sameAs\":[\"https:\/\/www.facebook.com\/GroupePayant\/\",\"https:\/\/www.linkedin.com\/company\/groupe-payant\/\",\"https:\/\/www.youtube.com\/c\/GroupePAYANT\",\"https:\/\/www.instagram.com\/groupepayant\/\"]}]}<\/script>\n<!-- \/ Yoast SEO plugin. -->","yoast_head_json":{"title":"Guide-cha\u00eene .404 IF2806-60 Iggesund Forest - WEBSHOP Groupe PAYANT","robots":{"index":"index","follow":"follow","max-snippet":"max-snippet:-1","max-image-preview":"max-image-preview:large","max-video-preview":"max-video-preview:-1"},"canonical":"https:\/\/www.groupepayant.fr\/webshop\/produit\/guide-chaine-404-if2806-60-iggesund-forest\/","og_locale":"fr_FR","og_type":"article","og_title":"Guide-cha\u00eene .404 IF2806-60 Iggesund Forest - WEBSHOP Groupe PAYANT","og_description":"\u2022 Extr\u00e9mit\u00e9 ouverte. Peut remplacer dans de nombreux cas les extr\u00e9mit\u00e9s arri\u00e8re 801 et 811. \u2022 Guide solide, r\u00e9sistant et rigide pour toutes les conditions \u2022 Les cales sp\u00e9cialement durcies des pignons de nez minimisent le risque de panne des pignons de nez \u2022 Dimension accrue des trous de lubrification pour l'huile et la graisse  - Guide cha\u00eene .404 - Longueur : 60 cm - Jauge : 2,0 mm - Maillons d'entrainement : 72-74 - Pignon d'entra\u00eenement : 12-14 dents","og_url":"https:\/\/www.groupepayant.fr\/webshop\/produit\/guide-chaine-404-if2806-60-iggesund-forest\/","og_site_name":"WEBSHOP Groupe PAYANT","article_publisher":"https:\/\/www.facebook.com\/GroupePayant\/","article_modified_time":"2026-03-30T16:12:49+00:00","og_image":[{"width":600,"height":600,"url":"https:\/\/www.groupepayant.fr\/webshop\/wp-content\/uploads\/2024\/06\/guide-chaine-IF2806-60-iggesund-forest.jpg","type":"image\/jpeg"}],"twitter_card":"summary_large_image","twitter_misc":{"Dur\u00e9e de lecture estim\u00e9e":"1 minute"},"schema":{"@context":"https:\/\/schema.org","@graph":[{"@type":"WebPage","@id":"https:\/\/www.groupepayant.fr\/webshop\/produit\/guide-chaine-404-if2806-60-iggesund-forest\/","url":"https:\/\/www.groupepayant.fr\/webshop\/produit\/guide-chaine-404-if2806-60-iggesund-forest\/","name":"Guide-cha\u00eene .404 IF2806-60 Iggesund Forest - WEBSHOP Groupe PAYANT","isPartOf":{"@id":"https:\/\/www.groupepayant.fr\/webshop\/#website"},"primaryImageOfPage":{"@id":"https:\/\/www.groupepayant.fr\/webshop\/produit\/guide-chaine-404-if2806-60-iggesund-forest\/#primaryimage"},"image":{"@id":"https:\/\/www.groupepayant.fr\/webshop\/produit\/guide-chaine-404-if2806-60-iggesund-forest\/#primaryimage"},"thumbnailUrl":"https:\/\/www.groupepayant.fr\/webshop\/wp-content\/uploads\/2024\/06\/guide-chaine-IF2806-60-iggesund-forest.jpg","datePublished":"2024-06-06T15:23:24+00:00","dateModified":"2026-03-30T16:12:49+00:00","breadcrumb":{"@id":"https:\/\/www.groupepayant.fr\/webshop\/produit\/guide-chaine-404-if2806-60-iggesund-forest\/#breadcrumb"},"inLanguage":"fr-FR","potentialAction":[{"@type":"ReadAction","target":["https:\/\/www.groupepayant.fr\/webshop\/produit\/guide-chaine-404-if2806-60-iggesund-forest\/"]}]},{"@type":"ImageObject","inLanguage":"fr-FR","@id":"https:\/\/www.groupepayant.fr\/webshop\/produit\/guide-chaine-404-if2806-60-iggesund-forest\/#primaryimage","url":"https:\/\/www.groupepayant.fr\/webshop\/wp-content\/uploads\/2024\/06\/guide-chaine-IF2806-60-iggesund-forest.jpg","contentUrl":"https:\/\/www.groupepayant.fr\/webshop\/wp-content\/uploads\/2024\/06\/guide-chaine-IF2806-60-iggesund-forest.jpg","width":600,"height":600,"caption":"Guide-cha\u00eene IF2806-60 Iggesund Forest"},{"@type":"BreadcrumbList","@id":"https:\/\/www.groupepayant.fr\/webshop\/produit\/guide-chaine-404-if2806-60-iggesund-forest\/#breadcrumb","itemListElement":[{"@type":"ListItem","position":1,"name":"Accueil","item":"https:\/\/www.groupepayant.fr\/webshop\/"},{"@type":"ListItem","position":2,"name":"Webshop","item":"https:\/\/www.groupepayant.fr\/webshop\/shop\/"},{"@type":"ListItem","position":3,"name":"Guide-cha\u00eene .404 IF2806-60 Iggesund Forest"}]},{"@type":"WebSite","@id":"https:\/\/www.groupepayant.fr\/webshop\/#website","url":"https:\/\/www.groupepayant.fr\/webshop\/","name":"WEBSHOP Groupe PAYANT","description":"","publisher":{"@id":"https:\/\/www.groupepayant.fr\/webshop\/#organization"},"potentialAction":[{"@type":"SearchAction","target":{"@type":"EntryPoint","urlTemplate":"https:\/\/www.groupepayant.fr\/webshop\/?s={search_term_string}"},"query-input":{"@type":"PropertyValueSpecification","valueRequired":true,"valueName":"search_term_string"}}],"inLanguage":"fr-FR"},{"@type":"Organization","@id":"https:\/\/www.groupepayant.fr\/webshop\/#organization","name":"Webshop Groupe PAYANT","url":"https:\/\/www.groupepayant.fr\/webshop\/","logo":{"@type":"ImageObject","inLanguage":"fr-FR","@id":"https:\/\/www.groupepayant.fr\/webshop\/#\/schema\/logo\/image\/","url":"","contentUrl":"","caption":"Webshop Groupe PAYANT"},"image":{"@id":"https:\/\/www.groupepayant.fr\/webshop\/#\/schema\/logo\/image\/"},"sameAs":["https:\/\/www.facebook.com\/GroupePayant\/","https:\/\/www.linkedin.com\/company\/groupe-payant\/","https:\/\/www.youtube.com\/c\/GroupePAYANT","https:\/\/www.instagram.com\/groupepayant\/"]}]}},"builder_content":"","_links":{"self":[{"href":"https:\/\/www.groupepayant.fr\/webshop\/wp-json\/wp\/v2\/product\/23740","targetHints":{"allow":["GET"]}}],"collection":[{"href":"https:\/\/www.groupepayant.fr\/webshop\/wp-json\/wp\/v2\/product"}],"about":[{"href":"https:\/\/www.groupepayant.fr\/webshop\/wp-json\/wp\/v2\/types\/product"}],"replies":[{"embeddable":true,"href":"https:\/\/www.groupepayant.fr\/webshop\/wp-json\/wp\/v2\/comments?post=23740"}],"wp:featuredmedia":[{"embeddable":true,"href":"https:\/\/www.groupepayant.fr\/webshop\/wp-json\/wp\/v2\/media\/23741"}],"wp:attachment":[{"href":"https:\/\/www.groupepayant.fr\/webshop\/wp-json\/wp\/v2\/media?parent=23740"}],"wp:term":[{"taxonomy":"product_brand","embeddable":true,"href":"https:\/\/www.groupepayant.fr\/webshop\/wp-json\/wp\/v2\/product_brand?post=23740"},{"taxonomy":"product_cat","embeddable":true,"href":"https:\/\/www.groupepayant.fr\/webshop\/wp-json\/wp\/v2\/product_cat?post=23740"},{"taxonomy":"product_tag","embeddable":true,"href":"https:\/\/www.groupepayant.fr\/webshop\/wp-json\/wp\/v2\/product_tag?post=23740"}],"curies":[{"name":"wp","href":"https:\/\/api.w.org\/{rel}","templated":true}]}}