{"id":23836,"date":"2024-06-28T09:27:19","date_gmt":"2024-06-28T07:27:19","guid":{"rendered":"https:\/\/www.groupepayant.fr\/webshop\/?post_type=product&#038;p=23836"},"modified":"2026-02-13T08:22:54","modified_gmt":"2026-02-13T07:22:54","slug":"chaine-d-abatteuse-18hx-85-maillons-404-john-deere","status":"publish","type":"product","link":"https:\/\/www.groupepayant.fr\/webshop\/produit\/chaine-d-abatteuse-18hx-85-maillons-404-john-deere\/","title":{"rendered":"Cha\u00eene d&rsquo;abatteuse 18HX 85 maillons .404 John Deere"},"content":{"rendered":"","protected":false},"excerpt":{"rendered":"<p>\u2022 Type de cha\u00eene : 18HX<br \/>\n\u2022 Pas de cha\u00eene : .404&Prime; (jauge 2,0 mm)<br \/>\n\u2022 Maillons guides : 85<br \/>\n\u2022 T\u00eates d&rsquo;abattage compatibles : HTH260, HTH470HD, H480, 758HD, 762C<\/p>\n<p>\u2022 Gouge Micro Chisel, excellentes performances, r\u00e9sistance \u00e0 l\u2019usure et facilit\u00e9 d\u2019aiguisage<br \/>\n\u2022 Les gouges bleuies offrent une r\u00e9sistance sup\u00e9rieure \u00e0 la corrosion<br \/>\n\u2022 Avec les sangles d\u2019attache Lubri-Tec\u2122, l\u2019huile reste l\u00e0 o\u00f9 elle est n\u00e9cessaire<\/p>\n","protected":false},"featured_media":23834,"comment_status":"closed","ping_status":"closed","template":"","meta":{"_monsterinsights_skip_tracking":false,"_monsterinsights_sitenote_active":false,"_monsterinsights_sitenote_note":"","_monsterinsights_sitenote_category":0},"product_brand":[1730],"product_cat":[1687,1471],"product_tag":[1691,1698,1703,1694,1699],"class_list":{"0":"post-23836","1":"product","2":"type-product","3":"status-publish","4":"has-post-thumbnail","6":"product_brand-john-deere","7":"product_cat-chaines-pour-abatteuses","8":"product_cat-destockage-univers-forestier","9":"product_tag-chaine-18hx","10":"product_tag-chaine-dabatteuse-john-deere","11":"product_tag-chaine-de-scie-john-deere","12":"product_tag-chaine-john-deere","13":"product_tag-chaine-pour-abatteuse-john-deere","15":"first","16":"instock","17":"sale","18":"taxable","19":"shipping-taxable","20":"purchasable","21":"product-type-simple"},"yoast_head":"<!-- This site is optimized with the Yoast SEO plugin v27.1.1 - https:\/\/yoast.com\/product\/yoast-seo-wordpress\/ -->\n<title>Cha\u00eene d&#039;abatteuse 18HX 85 maillons .404 John Deere - WEBSHOP Groupe PAYANT<\/title>\n<meta name=\"robots\" content=\"index, follow, max-snippet:-1, max-image-preview:large, max-video-preview:-1\" \/>\n<link rel=\"canonical\" href=\"https:\/\/www.groupepayant.fr\/webshop\/produit\/chaine-d-abatteuse-18hx-85-maillons-404-john-deere\/\" \/>\n<meta property=\"og:locale\" content=\"fr_FR\" \/>\n<meta property=\"og:type\" content=\"article\" \/>\n<meta property=\"og:title\" content=\"Cha\u00eene d&#039;abatteuse 18HX 85 maillons .404 John Deere - WEBSHOP Groupe PAYANT\" \/>\n<meta property=\"og:description\" content=\"\u2022 Type de cha\u00eene : 18HX \u2022 Pas de cha\u00eene : .404&quot; (jauge 2,0 mm) \u2022 Maillons guides : 85 \u2022 T\u00eates d&#039;abattage compatibles : HTH260, HTH470HD, H480, 758HD, 762C  \u2022 Gouge Micro Chisel, excellentes performances, r\u00e9sistance \u00e0 l\u2019usure et facilit\u00e9 d\u2019aiguisage \u2022 Les gouges bleuies offrent une r\u00e9sistance sup\u00e9rieure \u00e0 la corrosion \u2022 Avec les sangles d\u2019attache Lubri-Tec\u2122, l\u2019huile reste l\u00e0 o\u00f9 elle est n\u00e9cessaire\" \/>\n<meta property=\"og:url\" content=\"https:\/\/www.groupepayant.fr\/webshop\/produit\/chaine-d-abatteuse-18hx-85-maillons-404-john-deere\/\" \/>\n<meta property=\"og:site_name\" content=\"WEBSHOP Groupe PAYANT\" \/>\n<meta property=\"article:publisher\" content=\"https:\/\/www.facebook.com\/GroupePayant\/\" \/>\n<meta property=\"article:modified_time\" content=\"2026-02-13T07:22:54+00:00\" \/>\n<meta property=\"og:image\" content=\"https:\/\/www.groupepayant.fr\/webshop\/wp-content\/uploads\/2024\/06\/chaine-d-abatteuse-18hx-404-john-deere-1.jpg\" \/>\n\t<meta property=\"og:image:width\" content=\"600\" \/>\n\t<meta property=\"og:image:height\" content=\"600\" \/>\n\t<meta property=\"og:image:type\" content=\"image\/jpeg\" \/>\n<meta name=\"twitter:card\" content=\"summary_large_image\" \/>\n<meta name=\"twitter:label1\" content=\"Dur\u00e9e de lecture estim\u00e9e\" \/>\n\t<meta name=\"twitter:data1\" content=\"1 minute\" \/>\n<script type=\"application\/ld+json\" class=\"yoast-schema-graph\">{\"@context\":\"https:\/\/schema.org\",\"@graph\":[{\"@type\":\"WebPage\",\"@id\":\"https:\/\/www.groupepayant.fr\/webshop\/produit\/chaine-d-abatteuse-18hx-85-maillons-404-john-deere\/\",\"url\":\"https:\/\/www.groupepayant.fr\/webshop\/produit\/chaine-d-abatteuse-18hx-85-maillons-404-john-deere\/\",\"name\":\"Cha\u00eene d'abatteuse 18HX 85 maillons .404 John Deere - WEBSHOP Groupe PAYANT\",\"isPartOf\":{\"@id\":\"https:\/\/www.groupepayant.fr\/webshop\/#website\"},\"primaryImageOfPage\":{\"@id\":\"https:\/\/www.groupepayant.fr\/webshop\/produit\/chaine-d-abatteuse-18hx-85-maillons-404-john-deere\/#primaryimage\"},\"image\":{\"@id\":\"https:\/\/www.groupepayant.fr\/webshop\/produit\/chaine-d-abatteuse-18hx-85-maillons-404-john-deere\/#primaryimage\"},\"thumbnailUrl\":\"https:\/\/www.groupepayant.fr\/webshop\/wp-content\/uploads\/2024\/06\/chaine-d-abatteuse-18hx-404-john-deere-1.jpg\",\"datePublished\":\"2024-06-28T07:27:19+00:00\",\"dateModified\":\"2026-02-13T07:22:54+00:00\",\"breadcrumb\":{\"@id\":\"https:\/\/www.groupepayant.fr\/webshop\/produit\/chaine-d-abatteuse-18hx-85-maillons-404-john-deere\/#breadcrumb\"},\"inLanguage\":\"fr-FR\",\"potentialAction\":[{\"@type\":\"ReadAction\",\"target\":[\"https:\/\/www.groupepayant.fr\/webshop\/produit\/chaine-d-abatteuse-18hx-85-maillons-404-john-deere\/\"]}]},{\"@type\":\"ImageObject\",\"inLanguage\":\"fr-FR\",\"@id\":\"https:\/\/www.groupepayant.fr\/webshop\/produit\/chaine-d-abatteuse-18hx-85-maillons-404-john-deere\/#primaryimage\",\"url\":\"https:\/\/www.groupepayant.fr\/webshop\/wp-content\/uploads\/2024\/06\/chaine-d-abatteuse-18hx-404-john-deere-1.jpg\",\"contentUrl\":\"https:\/\/www.groupepayant.fr\/webshop\/wp-content\/uploads\/2024\/06\/chaine-d-abatteuse-18hx-404-john-deere-1.jpg\",\"width\":600,\"height\":600,\"caption\":\"Cha\u00eene d'abatteuse 18HX .404 John Deere\"},{\"@type\":\"BreadcrumbList\",\"@id\":\"https:\/\/www.groupepayant.fr\/webshop\/produit\/chaine-d-abatteuse-18hx-85-maillons-404-john-deere\/#breadcrumb\",\"itemListElement\":[{\"@type\":\"ListItem\",\"position\":1,\"name\":\"Accueil\",\"item\":\"https:\/\/www.groupepayant.fr\/webshop\/\"},{\"@type\":\"ListItem\",\"position\":2,\"name\":\"Webshop\",\"item\":\"https:\/\/www.groupepayant.fr\/webshop\/shop\/\"},{\"@type\":\"ListItem\",\"position\":3,\"name\":\"Cha\u00eene d&rsquo;abatteuse 18HX 85 maillons .404 John Deere\"}]},{\"@type\":\"WebSite\",\"@id\":\"https:\/\/www.groupepayant.fr\/webshop\/#website\",\"url\":\"https:\/\/www.groupepayant.fr\/webshop\/\",\"name\":\"WEBSHOP Groupe PAYANT\",\"description\":\"\",\"publisher\":{\"@id\":\"https:\/\/www.groupepayant.fr\/webshop\/#organization\"},\"potentialAction\":[{\"@type\":\"SearchAction\",\"target\":{\"@type\":\"EntryPoint\",\"urlTemplate\":\"https:\/\/www.groupepayant.fr\/webshop\/?s={search_term_string}\"},\"query-input\":{\"@type\":\"PropertyValueSpecification\",\"valueRequired\":true,\"valueName\":\"search_term_string\"}}],\"inLanguage\":\"fr-FR\"},{\"@type\":\"Organization\",\"@id\":\"https:\/\/www.groupepayant.fr\/webshop\/#organization\",\"name\":\"Webshop Groupe PAYANT\",\"url\":\"https:\/\/www.groupepayant.fr\/webshop\/\",\"logo\":{\"@type\":\"ImageObject\",\"inLanguage\":\"fr-FR\",\"@id\":\"https:\/\/www.groupepayant.fr\/webshop\/#\/schema\/logo\/image\/\",\"url\":\"\",\"contentUrl\":\"\",\"caption\":\"Webshop Groupe PAYANT\"},\"image\":{\"@id\":\"https:\/\/www.groupepayant.fr\/webshop\/#\/schema\/logo\/image\/\"},\"sameAs\":[\"https:\/\/www.facebook.com\/GroupePayant\/\",\"https:\/\/www.linkedin.com\/company\/groupe-payant\/\",\"https:\/\/www.youtube.com\/c\/GroupePAYANT\",\"https:\/\/www.instagram.com\/groupepayant\/\"]}]}<\/script>\n<!-- \/ Yoast SEO plugin. -->","yoast_head_json":{"title":"Cha\u00eene d'abatteuse 18HX 85 maillons .404 John Deere - WEBSHOP Groupe PAYANT","robots":{"index":"index","follow":"follow","max-snippet":"max-snippet:-1","max-image-preview":"max-image-preview:large","max-video-preview":"max-video-preview:-1"},"canonical":"https:\/\/www.groupepayant.fr\/webshop\/produit\/chaine-d-abatteuse-18hx-85-maillons-404-john-deere\/","og_locale":"fr_FR","og_type":"article","og_title":"Cha\u00eene d'abatteuse 18HX 85 maillons .404 John Deere - WEBSHOP Groupe PAYANT","og_description":"\u2022 Type de cha\u00eene : 18HX \u2022 Pas de cha\u00eene : .404\" (jauge 2,0 mm) \u2022 Maillons guides : 85 \u2022 T\u00eates d'abattage compatibles : HTH260, HTH470HD, H480, 758HD, 762C  \u2022 Gouge Micro Chisel, excellentes performances, r\u00e9sistance \u00e0 l\u2019usure et facilit\u00e9 d\u2019aiguisage \u2022 Les gouges bleuies offrent une r\u00e9sistance sup\u00e9rieure \u00e0 la corrosion \u2022 Avec les sangles d\u2019attache Lubri-Tec\u2122, l\u2019huile reste l\u00e0 o\u00f9 elle est n\u00e9cessaire","og_url":"https:\/\/www.groupepayant.fr\/webshop\/produit\/chaine-d-abatteuse-18hx-85-maillons-404-john-deere\/","og_site_name":"WEBSHOP Groupe PAYANT","article_publisher":"https:\/\/www.facebook.com\/GroupePayant\/","article_modified_time":"2026-02-13T07:22:54+00:00","og_image":[{"width":600,"height":600,"url":"https:\/\/www.groupepayant.fr\/webshop\/wp-content\/uploads\/2024\/06\/chaine-d-abatteuse-18hx-404-john-deere-1.jpg","type":"image\/jpeg"}],"twitter_card":"summary_large_image","twitter_misc":{"Dur\u00e9e de lecture estim\u00e9e":"1 minute"},"schema":{"@context":"https:\/\/schema.org","@graph":[{"@type":"WebPage","@id":"https:\/\/www.groupepayant.fr\/webshop\/produit\/chaine-d-abatteuse-18hx-85-maillons-404-john-deere\/","url":"https:\/\/www.groupepayant.fr\/webshop\/produit\/chaine-d-abatteuse-18hx-85-maillons-404-john-deere\/","name":"Cha\u00eene d'abatteuse 18HX 85 maillons .404 John Deere - WEBSHOP Groupe PAYANT","isPartOf":{"@id":"https:\/\/www.groupepayant.fr\/webshop\/#website"},"primaryImageOfPage":{"@id":"https:\/\/www.groupepayant.fr\/webshop\/produit\/chaine-d-abatteuse-18hx-85-maillons-404-john-deere\/#primaryimage"},"image":{"@id":"https:\/\/www.groupepayant.fr\/webshop\/produit\/chaine-d-abatteuse-18hx-85-maillons-404-john-deere\/#primaryimage"},"thumbnailUrl":"https:\/\/www.groupepayant.fr\/webshop\/wp-content\/uploads\/2024\/06\/chaine-d-abatteuse-18hx-404-john-deere-1.jpg","datePublished":"2024-06-28T07:27:19+00:00","dateModified":"2026-02-13T07:22:54+00:00","breadcrumb":{"@id":"https:\/\/www.groupepayant.fr\/webshop\/produit\/chaine-d-abatteuse-18hx-85-maillons-404-john-deere\/#breadcrumb"},"inLanguage":"fr-FR","potentialAction":[{"@type":"ReadAction","target":["https:\/\/www.groupepayant.fr\/webshop\/produit\/chaine-d-abatteuse-18hx-85-maillons-404-john-deere\/"]}]},{"@type":"ImageObject","inLanguage":"fr-FR","@id":"https:\/\/www.groupepayant.fr\/webshop\/produit\/chaine-d-abatteuse-18hx-85-maillons-404-john-deere\/#primaryimage","url":"https:\/\/www.groupepayant.fr\/webshop\/wp-content\/uploads\/2024\/06\/chaine-d-abatteuse-18hx-404-john-deere-1.jpg","contentUrl":"https:\/\/www.groupepayant.fr\/webshop\/wp-content\/uploads\/2024\/06\/chaine-d-abatteuse-18hx-404-john-deere-1.jpg","width":600,"height":600,"caption":"Cha\u00eene d'abatteuse 18HX .404 John Deere"},{"@type":"BreadcrumbList","@id":"https:\/\/www.groupepayant.fr\/webshop\/produit\/chaine-d-abatteuse-18hx-85-maillons-404-john-deere\/#breadcrumb","itemListElement":[{"@type":"ListItem","position":1,"name":"Accueil","item":"https:\/\/www.groupepayant.fr\/webshop\/"},{"@type":"ListItem","position":2,"name":"Webshop","item":"https:\/\/www.groupepayant.fr\/webshop\/shop\/"},{"@type":"ListItem","position":3,"name":"Cha\u00eene d&rsquo;abatteuse 18HX 85 maillons .404 John Deere"}]},{"@type":"WebSite","@id":"https:\/\/www.groupepayant.fr\/webshop\/#website","url":"https:\/\/www.groupepayant.fr\/webshop\/","name":"WEBSHOP Groupe PAYANT","description":"","publisher":{"@id":"https:\/\/www.groupepayant.fr\/webshop\/#organization"},"potentialAction":[{"@type":"SearchAction","target":{"@type":"EntryPoint","urlTemplate":"https:\/\/www.groupepayant.fr\/webshop\/?s={search_term_string}"},"query-input":{"@type":"PropertyValueSpecification","valueRequired":true,"valueName":"search_term_string"}}],"inLanguage":"fr-FR"},{"@type":"Organization","@id":"https:\/\/www.groupepayant.fr\/webshop\/#organization","name":"Webshop Groupe PAYANT","url":"https:\/\/www.groupepayant.fr\/webshop\/","logo":{"@type":"ImageObject","inLanguage":"fr-FR","@id":"https:\/\/www.groupepayant.fr\/webshop\/#\/schema\/logo\/image\/","url":"","contentUrl":"","caption":"Webshop Groupe PAYANT"},"image":{"@id":"https:\/\/www.groupepayant.fr\/webshop\/#\/schema\/logo\/image\/"},"sameAs":["https:\/\/www.facebook.com\/GroupePayant\/","https:\/\/www.linkedin.com\/company\/groupe-payant\/","https:\/\/www.youtube.com\/c\/GroupePAYANT","https:\/\/www.instagram.com\/groupepayant\/"]}]}},"builder_content":"","_links":{"self":[{"href":"https:\/\/www.groupepayant.fr\/webshop\/wp-json\/wp\/v2\/product\/23836","targetHints":{"allow":["GET"]}}],"collection":[{"href":"https:\/\/www.groupepayant.fr\/webshop\/wp-json\/wp\/v2\/product"}],"about":[{"href":"https:\/\/www.groupepayant.fr\/webshop\/wp-json\/wp\/v2\/types\/product"}],"replies":[{"embeddable":true,"href":"https:\/\/www.groupepayant.fr\/webshop\/wp-json\/wp\/v2\/comments?post=23836"}],"wp:featuredmedia":[{"embeddable":true,"href":"https:\/\/www.groupepayant.fr\/webshop\/wp-json\/wp\/v2\/media\/23834"}],"wp:attachment":[{"href":"https:\/\/www.groupepayant.fr\/webshop\/wp-json\/wp\/v2\/media?parent=23836"}],"wp:term":[{"taxonomy":"product_brand","embeddable":true,"href":"https:\/\/www.groupepayant.fr\/webshop\/wp-json\/wp\/v2\/product_brand?post=23836"},{"taxonomy":"product_cat","embeddable":true,"href":"https:\/\/www.groupepayant.fr\/webshop\/wp-json\/wp\/v2\/product_cat?post=23836"},{"taxonomy":"product_tag","embeddable":true,"href":"https:\/\/www.groupepayant.fr\/webshop\/wp-json\/wp\/v2\/product_tag?post=23836"}],"curies":[{"name":"wp","href":"https:\/\/api.w.org\/{rel}","templated":true}]}}