{"id":25563,"date":"2025-05-14T15:57:30","date_gmt":"2025-05-14T13:57:30","guid":{"rendered":"https:\/\/www.groupepayant.fr\/webshop\/?post_type=product&#038;p=25563"},"modified":"2025-12-07T14:25:12","modified_gmt":"2025-12-07T13:25:12","slug":"maquette-pelle-ec220e-volvo-132","status":"publish","type":"product","link":"https:\/\/www.groupepayant.fr\/webshop\/produit\/maquette-pelle-ec220e-volvo-132\/","title":{"rendered":"Maquette pelle EC220E Volvo 1:32"},"content":{"rendered":"","protected":false},"excerpt":{"rendered":"<p>\u2022 Cette r\u00e9plique moul\u00e9e sous pression \u00e0 l&rsquo;\u00e9chelle 1:32 de la pelle Volvo EC220E est r\u00e9alis\u00e9e avec un soin du d\u00e9tail remarquable.<\/p>\n<p>\u2022 \u00c0 l&rsquo;image de la v\u00e9ritable EC220E, r\u00e9put\u00e9e pour son efficacit\u00e9, sa pr\u00e9cision et son confort d&rsquo;utilisation, ce mod\u00e8le est dot\u00e9 de pi\u00e8ces mobiles r\u00e9alistes qui reproduisent fid\u00e8lement les fonctionnalit\u00e9s de la machine.<\/p>\n<p>\u2022 Une v\u00e9ritable pi\u00e8ce de collection qui t\u00e9moigne de l&rsquo;h\u00e9ritage de Volvo en mati\u00e8re d&rsquo;innovation dans le secteur de la construction.<\/p>\n<p>\u2022 <strong>Attention<\/strong> : ne convient pas aux enfants de moins de 14 ans.<\/p>\n","protected":false},"featured_media":25564,"comment_status":"closed","ping_status":"closed","template":"","meta":{"_monsterinsights_skip_tracking":false,"_monsterinsights_sitenote_active":false,"_monsterinsights_sitenote_note":"","_monsterinsights_sitenote_category":0},"product_brand":[1708],"product_cat":[268,280,266],"product_tag":[1743,1744,1745,605,1747,1746],"class_list":{"0":"post-25563","1":"product","2":"type-product","3":"status-publish","4":"has-post-thumbnail","6":"product_brand-volvo","7":"product_cat-maquettes","8":"product_cat-maquettes-volvo","9":"product_cat-merchandising","10":"product_tag-maquette-ec220e","11":"product_tag-maquette-ec220e-volvo","12":"product_tag-maquette-pelle-ec220e","13":"product_tag-maquette-volvo","14":"product_tag-maquette-volvo-132","15":"product_tag-modele-reduit-volvo","17":"first","18":"instock","19":"taxable","20":"shipping-taxable","21":"purchasable","22":"product-type-simple"},"yoast_head":"<!-- This site is optimized with the Yoast SEO plugin v27.1.1 - https:\/\/yoast.com\/product\/yoast-seo-wordpress\/ -->\n<title>Maquette pelle EC220E Volvo 1:32 - WEBSHOP Groupe PAYANT<\/title>\n<meta name=\"robots\" content=\"index, follow, max-snippet:-1, max-image-preview:large, max-video-preview:-1\" \/>\n<link rel=\"canonical\" href=\"https:\/\/www.groupepayant.fr\/webshop\/produit\/maquette-pelle-ec220e-volvo-132\/\" \/>\n<meta property=\"og:locale\" content=\"fr_FR\" \/>\n<meta property=\"og:type\" content=\"article\" \/>\n<meta property=\"og:title\" content=\"Maquette pelle EC220E Volvo 1:32 - WEBSHOP Groupe PAYANT\" \/>\n<meta property=\"og:description\" content=\"\u2022 Cette r\u00e9plique moul\u00e9e sous pression \u00e0 l&#039;\u00e9chelle 1:32 de la pelle Volvo EC220E est r\u00e9alis\u00e9e avec un soin du d\u00e9tail remarquable.  \u2022 \u00c0 l&#039;image de la v\u00e9ritable EC220E, r\u00e9put\u00e9e pour son efficacit\u00e9, sa pr\u00e9cision et son confort d&#039;utilisation, ce mod\u00e8le est dot\u00e9 de pi\u00e8ces mobiles r\u00e9alistes qui reproduisent fid\u00e8lement les fonctionnalit\u00e9s de la machine.  \u2022 Une v\u00e9ritable pi\u00e8ce de collection qui t\u00e9moigne de l&#039;h\u00e9ritage de Volvo en mati\u00e8re d&#039;innovation dans le secteur de la construction.  \u2022 Attention : ne convient pas aux enfants de moins de 14 ans.\" \/>\n<meta property=\"og:url\" content=\"https:\/\/www.groupepayant.fr\/webshop\/produit\/maquette-pelle-ec220e-volvo-132\/\" \/>\n<meta property=\"og:site_name\" content=\"WEBSHOP Groupe PAYANT\" \/>\n<meta property=\"article:publisher\" content=\"https:\/\/www.facebook.com\/GroupePayant\/\" \/>\n<meta property=\"article:modified_time\" content=\"2025-12-07T13:25:12+00:00\" \/>\n<meta property=\"og:image\" content=\"https:\/\/www.groupepayant.fr\/webshop\/wp-content\/uploads\/2025\/05\/maquette-pelle-ec220e-volvo-1-32-1.webp\" \/>\n\t<meta property=\"og:image:width\" content=\"600\" \/>\n\t<meta property=\"og:image:height\" content=\"600\" \/>\n\t<meta property=\"og:image:type\" content=\"image\/webp\" \/>\n<meta name=\"twitter:card\" content=\"summary_large_image\" \/>\n<meta name=\"twitter:label1\" content=\"Dur\u00e9e de lecture estim\u00e9e\" \/>\n\t<meta name=\"twitter:data1\" content=\"1 minute\" \/>\n<script type=\"application\/ld+json\" class=\"yoast-schema-graph\">{\"@context\":\"https:\/\/schema.org\",\"@graph\":[{\"@type\":\"WebPage\",\"@id\":\"https:\/\/www.groupepayant.fr\/webshop\/produit\/maquette-pelle-ec220e-volvo-132\/\",\"url\":\"https:\/\/www.groupepayant.fr\/webshop\/produit\/maquette-pelle-ec220e-volvo-132\/\",\"name\":\"Maquette pelle EC220E Volvo 1:32 - WEBSHOP Groupe PAYANT\",\"isPartOf\":{\"@id\":\"https:\/\/www.groupepayant.fr\/webshop\/#website\"},\"primaryImageOfPage\":{\"@id\":\"https:\/\/www.groupepayant.fr\/webshop\/produit\/maquette-pelle-ec220e-volvo-132\/#primaryimage\"},\"image\":{\"@id\":\"https:\/\/www.groupepayant.fr\/webshop\/produit\/maquette-pelle-ec220e-volvo-132\/#primaryimage\"},\"thumbnailUrl\":\"https:\/\/www.groupepayant.fr\/webshop\/wp-content\/uploads\/2025\/05\/maquette-pelle-ec220e-volvo-1-32-1.webp\",\"datePublished\":\"2025-05-14T13:57:30+00:00\",\"dateModified\":\"2025-12-07T13:25:12+00:00\",\"breadcrumb\":{\"@id\":\"https:\/\/www.groupepayant.fr\/webshop\/produit\/maquette-pelle-ec220e-volvo-132\/#breadcrumb\"},\"inLanguage\":\"fr-FR\",\"potentialAction\":[{\"@type\":\"ReadAction\",\"target\":[\"https:\/\/www.groupepayant.fr\/webshop\/produit\/maquette-pelle-ec220e-volvo-132\/\"]}]},{\"@type\":\"ImageObject\",\"inLanguage\":\"fr-FR\",\"@id\":\"https:\/\/www.groupepayant.fr\/webshop\/produit\/maquette-pelle-ec220e-volvo-132\/#primaryimage\",\"url\":\"https:\/\/www.groupepayant.fr\/webshop\/wp-content\/uploads\/2025\/05\/maquette-pelle-ec220e-volvo-1-32-1.webp\",\"contentUrl\":\"https:\/\/www.groupepayant.fr\/webshop\/wp-content\/uploads\/2025\/05\/maquette-pelle-ec220e-volvo-1-32-1.webp\",\"width\":600,\"height\":600,\"caption\":\"Maquette pelle EC220E Volvo 1:32\"},{\"@type\":\"BreadcrumbList\",\"@id\":\"https:\/\/www.groupepayant.fr\/webshop\/produit\/maquette-pelle-ec220e-volvo-132\/#breadcrumb\",\"itemListElement\":[{\"@type\":\"ListItem\",\"position\":1,\"name\":\"Accueil\",\"item\":\"https:\/\/www.groupepayant.fr\/webshop\/\"},{\"@type\":\"ListItem\",\"position\":2,\"name\":\"Webshop\",\"item\":\"https:\/\/www.groupepayant.fr\/webshop\/shop\/\"},{\"@type\":\"ListItem\",\"position\":3,\"name\":\"Maquette pelle EC220E Volvo 1:32\"}]},{\"@type\":\"WebSite\",\"@id\":\"https:\/\/www.groupepayant.fr\/webshop\/#website\",\"url\":\"https:\/\/www.groupepayant.fr\/webshop\/\",\"name\":\"WEBSHOP Groupe PAYANT\",\"description\":\"\",\"publisher\":{\"@id\":\"https:\/\/www.groupepayant.fr\/webshop\/#organization\"},\"potentialAction\":[{\"@type\":\"SearchAction\",\"target\":{\"@type\":\"EntryPoint\",\"urlTemplate\":\"https:\/\/www.groupepayant.fr\/webshop\/?s={search_term_string}\"},\"query-input\":{\"@type\":\"PropertyValueSpecification\",\"valueRequired\":true,\"valueName\":\"search_term_string\"}}],\"inLanguage\":\"fr-FR\"},{\"@type\":\"Organization\",\"@id\":\"https:\/\/www.groupepayant.fr\/webshop\/#organization\",\"name\":\"Webshop Groupe PAYANT\",\"url\":\"https:\/\/www.groupepayant.fr\/webshop\/\",\"logo\":{\"@type\":\"ImageObject\",\"inLanguage\":\"fr-FR\",\"@id\":\"https:\/\/www.groupepayant.fr\/webshop\/#\/schema\/logo\/image\/\",\"url\":\"\",\"contentUrl\":\"\",\"caption\":\"Webshop Groupe PAYANT\"},\"image\":{\"@id\":\"https:\/\/www.groupepayant.fr\/webshop\/#\/schema\/logo\/image\/\"},\"sameAs\":[\"https:\/\/www.facebook.com\/GroupePayant\/\",\"https:\/\/www.linkedin.com\/company\/groupe-payant\/\",\"https:\/\/www.youtube.com\/c\/GroupePAYANT\",\"https:\/\/www.instagram.com\/groupepayant\/\"]}]}<\/script>\n<!-- \/ Yoast SEO plugin. -->","yoast_head_json":{"title":"Maquette pelle EC220E Volvo 1:32 - WEBSHOP Groupe PAYANT","robots":{"index":"index","follow":"follow","max-snippet":"max-snippet:-1","max-image-preview":"max-image-preview:large","max-video-preview":"max-video-preview:-1"},"canonical":"https:\/\/www.groupepayant.fr\/webshop\/produit\/maquette-pelle-ec220e-volvo-132\/","og_locale":"fr_FR","og_type":"article","og_title":"Maquette pelle EC220E Volvo 1:32 - WEBSHOP Groupe PAYANT","og_description":"\u2022 Cette r\u00e9plique moul\u00e9e sous pression \u00e0 l'\u00e9chelle 1:32 de la pelle Volvo EC220E est r\u00e9alis\u00e9e avec un soin du d\u00e9tail remarquable.  \u2022 \u00c0 l'image de la v\u00e9ritable EC220E, r\u00e9put\u00e9e pour son efficacit\u00e9, sa pr\u00e9cision et son confort d'utilisation, ce mod\u00e8le est dot\u00e9 de pi\u00e8ces mobiles r\u00e9alistes qui reproduisent fid\u00e8lement les fonctionnalit\u00e9s de la machine.  \u2022 Une v\u00e9ritable pi\u00e8ce de collection qui t\u00e9moigne de l'h\u00e9ritage de Volvo en mati\u00e8re d'innovation dans le secteur de la construction.  \u2022 Attention : ne convient pas aux enfants de moins de 14 ans.","og_url":"https:\/\/www.groupepayant.fr\/webshop\/produit\/maquette-pelle-ec220e-volvo-132\/","og_site_name":"WEBSHOP Groupe PAYANT","article_publisher":"https:\/\/www.facebook.com\/GroupePayant\/","article_modified_time":"2025-12-07T13:25:12+00:00","og_image":[{"width":600,"height":600,"url":"https:\/\/www.groupepayant.fr\/webshop\/wp-content\/uploads\/2025\/05\/maquette-pelle-ec220e-volvo-1-32-1.webp","type":"image\/webp"}],"twitter_card":"summary_large_image","twitter_misc":{"Dur\u00e9e de lecture estim\u00e9e":"1 minute"},"schema":{"@context":"https:\/\/schema.org","@graph":[{"@type":"WebPage","@id":"https:\/\/www.groupepayant.fr\/webshop\/produit\/maquette-pelle-ec220e-volvo-132\/","url":"https:\/\/www.groupepayant.fr\/webshop\/produit\/maquette-pelle-ec220e-volvo-132\/","name":"Maquette pelle EC220E Volvo 1:32 - WEBSHOP Groupe PAYANT","isPartOf":{"@id":"https:\/\/www.groupepayant.fr\/webshop\/#website"},"primaryImageOfPage":{"@id":"https:\/\/www.groupepayant.fr\/webshop\/produit\/maquette-pelle-ec220e-volvo-132\/#primaryimage"},"image":{"@id":"https:\/\/www.groupepayant.fr\/webshop\/produit\/maquette-pelle-ec220e-volvo-132\/#primaryimage"},"thumbnailUrl":"https:\/\/www.groupepayant.fr\/webshop\/wp-content\/uploads\/2025\/05\/maquette-pelle-ec220e-volvo-1-32-1.webp","datePublished":"2025-05-14T13:57:30+00:00","dateModified":"2025-12-07T13:25:12+00:00","breadcrumb":{"@id":"https:\/\/www.groupepayant.fr\/webshop\/produit\/maquette-pelle-ec220e-volvo-132\/#breadcrumb"},"inLanguage":"fr-FR","potentialAction":[{"@type":"ReadAction","target":["https:\/\/www.groupepayant.fr\/webshop\/produit\/maquette-pelle-ec220e-volvo-132\/"]}]},{"@type":"ImageObject","inLanguage":"fr-FR","@id":"https:\/\/www.groupepayant.fr\/webshop\/produit\/maquette-pelle-ec220e-volvo-132\/#primaryimage","url":"https:\/\/www.groupepayant.fr\/webshop\/wp-content\/uploads\/2025\/05\/maquette-pelle-ec220e-volvo-1-32-1.webp","contentUrl":"https:\/\/www.groupepayant.fr\/webshop\/wp-content\/uploads\/2025\/05\/maquette-pelle-ec220e-volvo-1-32-1.webp","width":600,"height":600,"caption":"Maquette pelle EC220E Volvo 1:32"},{"@type":"BreadcrumbList","@id":"https:\/\/www.groupepayant.fr\/webshop\/produit\/maquette-pelle-ec220e-volvo-132\/#breadcrumb","itemListElement":[{"@type":"ListItem","position":1,"name":"Accueil","item":"https:\/\/www.groupepayant.fr\/webshop\/"},{"@type":"ListItem","position":2,"name":"Webshop","item":"https:\/\/www.groupepayant.fr\/webshop\/shop\/"},{"@type":"ListItem","position":3,"name":"Maquette pelle EC220E Volvo 1:32"}]},{"@type":"WebSite","@id":"https:\/\/www.groupepayant.fr\/webshop\/#website","url":"https:\/\/www.groupepayant.fr\/webshop\/","name":"WEBSHOP Groupe PAYANT","description":"","publisher":{"@id":"https:\/\/www.groupepayant.fr\/webshop\/#organization"},"potentialAction":[{"@type":"SearchAction","target":{"@type":"EntryPoint","urlTemplate":"https:\/\/www.groupepayant.fr\/webshop\/?s={search_term_string}"},"query-input":{"@type":"PropertyValueSpecification","valueRequired":true,"valueName":"search_term_string"}}],"inLanguage":"fr-FR"},{"@type":"Organization","@id":"https:\/\/www.groupepayant.fr\/webshop\/#organization","name":"Webshop Groupe PAYANT","url":"https:\/\/www.groupepayant.fr\/webshop\/","logo":{"@type":"ImageObject","inLanguage":"fr-FR","@id":"https:\/\/www.groupepayant.fr\/webshop\/#\/schema\/logo\/image\/","url":"","contentUrl":"","caption":"Webshop Groupe PAYANT"},"image":{"@id":"https:\/\/www.groupepayant.fr\/webshop\/#\/schema\/logo\/image\/"},"sameAs":["https:\/\/www.facebook.com\/GroupePayant\/","https:\/\/www.linkedin.com\/company\/groupe-payant\/","https:\/\/www.youtube.com\/c\/GroupePAYANT","https:\/\/www.instagram.com\/groupepayant\/"]}]}},"builder_content":"","_links":{"self":[{"href":"https:\/\/www.groupepayant.fr\/webshop\/wp-json\/wp\/v2\/product\/25563","targetHints":{"allow":["GET"]}}],"collection":[{"href":"https:\/\/www.groupepayant.fr\/webshop\/wp-json\/wp\/v2\/product"}],"about":[{"href":"https:\/\/www.groupepayant.fr\/webshop\/wp-json\/wp\/v2\/types\/product"}],"replies":[{"embeddable":true,"href":"https:\/\/www.groupepayant.fr\/webshop\/wp-json\/wp\/v2\/comments?post=25563"}],"wp:featuredmedia":[{"embeddable":true,"href":"https:\/\/www.groupepayant.fr\/webshop\/wp-json\/wp\/v2\/media\/25564"}],"wp:attachment":[{"href":"https:\/\/www.groupepayant.fr\/webshop\/wp-json\/wp\/v2\/media?parent=25563"}],"wp:term":[{"taxonomy":"product_brand","embeddable":true,"href":"https:\/\/www.groupepayant.fr\/webshop\/wp-json\/wp\/v2\/product_brand?post=25563"},{"taxonomy":"product_cat","embeddable":true,"href":"https:\/\/www.groupepayant.fr\/webshop\/wp-json\/wp\/v2\/product_cat?post=25563"},{"taxonomy":"product_tag","embeddable":true,"href":"https:\/\/www.groupepayant.fr\/webshop\/wp-json\/wp\/v2\/product_tag?post=25563"}],"curies":[{"name":"wp","href":"https:\/\/api.w.org\/{rel}","templated":true}]}}