{"id":26022,"date":"2026-01-21T15:47:38","date_gmt":"2026-01-21T14:47:38","guid":{"rendered":"https:\/\/www.groupepayant.fr\/webshop\/?post_type=product&#038;p=26022"},"modified":"2026-01-21T15:47:38","modified_gmt":"2026-01-21T14:47:38","slug":"phare-de-travail-halogene-carre-hella","status":"publish","type":"product","link":"https:\/\/www.groupepayant.fr\/webshop\/produit\/phare-de-travail-halogene-carre-hella\/","title":{"rendered":"Phare de travail halog\u00e8ne carr\u00e9 Hella"},"content":{"rendered":"","protected":false},"excerpt":{"rendered":"<p>Phare de travail halog\u00e8ne HELLA \u00e0 usage universel.<\/p>\n<p>&#8211; Tension nominale : 12 V \/ 24 V<br \/>\n&#8211; Type d&rsquo;\u00e9clairage : proche<br \/>\n&#8211; Hauteur : 126,5 mm<br \/>\n&#8211; Longueur : 97 mm<br \/>\n&#8211; Largeur : 112 mm<br \/>\n&#8211; Puissance : 55 W \/ 70 W<br \/>\n&#8211; Type d&rsquo;ampoule : H3<br \/>\n&#8211; Pour les mat\u00e9riels John Deere des gammes C, B et D<\/p>\n","protected":false},"featured_media":26023,"comment_status":"closed","ping_status":"closed","template":"","meta":{"_monsterinsights_skip_tracking":false,"_monsterinsights_sitenote_active":false,"_monsterinsights_sitenote_note":"","_monsterinsights_sitenote_category":0},"product_brand":[1767],"product_cat":[496,498,1471,1138,1771],"product_tag":[985,1766,1765],"class_list":{"0":"post-26022","1":"product","2":"type-product","3":"status-publish","4":"has-post-thumbnail","6":"product_brand-hella","7":"product_cat-accessoires","8":"product_cat-accessoires-electriques","9":"product_cat-destockage-univers-forestier","10":"product_cat-eclairage","11":"product_cat-eclairage-destockage-univers-forestier","12":"product_tag-phare-de-travail","13":"product_tag-phare-de-travail-halogene","14":"product_tag-phare-de-travail-hella","16":"first","17":"instock","18":"sale","19":"taxable","20":"shipping-taxable","21":"purchasable","22":"product-type-simple"},"yoast_head":"<!-- This site is optimized with the Yoast SEO plugin v27.1.1 - https:\/\/yoast.com\/product\/yoast-seo-wordpress\/ -->\n<title>Phare de travail halog\u00e8ne carr\u00e9 Hella - WEBSHOP Groupe PAYANT<\/title>\n<meta name=\"robots\" content=\"index, follow, max-snippet:-1, max-image-preview:large, max-video-preview:-1\" \/>\n<link rel=\"canonical\" href=\"https:\/\/www.groupepayant.fr\/webshop\/produit\/phare-de-travail-halogene-carre-hella\/\" \/>\n<meta property=\"og:locale\" content=\"fr_FR\" \/>\n<meta property=\"og:type\" content=\"article\" \/>\n<meta property=\"og:title\" content=\"Phare de travail halog\u00e8ne carr\u00e9 Hella - WEBSHOP Groupe PAYANT\" \/>\n<meta property=\"og:description\" content=\"Phare de travail halog\u00e8ne HELLA \u00e0 usage universel.  - Tension nominale : 12 V \/ 24 V - Type d&#039;\u00e9clairage : proche - Hauteur : 126,5 mm - Longueur : 97 mm - Largeur : 112 mm - Puissance : 55 W \/ 70 W - Type d&#039;ampoule : H3 - Pour les mat\u00e9riels John Deere des gammes C, B et D\" \/>\n<meta property=\"og:url\" content=\"https:\/\/www.groupepayant.fr\/webshop\/produit\/phare-de-travail-halogene-carre-hella\/\" \/>\n<meta property=\"og:site_name\" content=\"WEBSHOP Groupe PAYANT\" \/>\n<meta property=\"article:publisher\" content=\"https:\/\/www.facebook.com\/GroupePayant\/\" \/>\n<meta property=\"og:image\" content=\"https:\/\/www.groupepayant.fr\/webshop\/wp-content\/uploads\/2026\/01\/phare-de-travail-halogene-hella-F038788.webp\" \/>\n\t<meta property=\"og:image:width\" content=\"600\" \/>\n\t<meta property=\"og:image:height\" content=\"600\" \/>\n\t<meta property=\"og:image:type\" content=\"image\/webp\" \/>\n<meta name=\"twitter:card\" content=\"summary_large_image\" \/>\n<meta name=\"twitter:label1\" content=\"Dur\u00e9e de lecture estim\u00e9e\" \/>\n\t<meta name=\"twitter:data1\" content=\"1 minute\" \/>\n<script type=\"application\/ld+json\" class=\"yoast-schema-graph\">{\"@context\":\"https:\/\/schema.org\",\"@graph\":[{\"@type\":\"WebPage\",\"@id\":\"https:\/\/www.groupepayant.fr\/webshop\/produit\/phare-de-travail-halogene-carre-hella\/\",\"url\":\"https:\/\/www.groupepayant.fr\/webshop\/produit\/phare-de-travail-halogene-carre-hella\/\",\"name\":\"Phare de travail halog\u00e8ne carr\u00e9 Hella - WEBSHOP Groupe PAYANT\",\"isPartOf\":{\"@id\":\"https:\/\/www.groupepayant.fr\/webshop\/#website\"},\"primaryImageOfPage\":{\"@id\":\"https:\/\/www.groupepayant.fr\/webshop\/produit\/phare-de-travail-halogene-carre-hella\/#primaryimage\"},\"image\":{\"@id\":\"https:\/\/www.groupepayant.fr\/webshop\/produit\/phare-de-travail-halogene-carre-hella\/#primaryimage\"},\"thumbnailUrl\":\"https:\/\/www.groupepayant.fr\/webshop\/wp-content\/uploads\/2026\/01\/phare-de-travail-halogene-hella-F038788.webp\",\"datePublished\":\"2026-01-21T14:47:38+00:00\",\"breadcrumb\":{\"@id\":\"https:\/\/www.groupepayant.fr\/webshop\/produit\/phare-de-travail-halogene-carre-hella\/#breadcrumb\"},\"inLanguage\":\"fr-FR\",\"potentialAction\":[{\"@type\":\"ReadAction\",\"target\":[\"https:\/\/www.groupepayant.fr\/webshop\/produit\/phare-de-travail-halogene-carre-hella\/\"]}]},{\"@type\":\"ImageObject\",\"inLanguage\":\"fr-FR\",\"@id\":\"https:\/\/www.groupepayant.fr\/webshop\/produit\/phare-de-travail-halogene-carre-hella\/#primaryimage\",\"url\":\"https:\/\/www.groupepayant.fr\/webshop\/wp-content\/uploads\/2026\/01\/phare-de-travail-halogene-hella-F038788.webp\",\"contentUrl\":\"https:\/\/www.groupepayant.fr\/webshop\/wp-content\/uploads\/2026\/01\/phare-de-travail-halogene-hella-F038788.webp\",\"width\":600,\"height\":600,\"caption\":\"Phare de travail halog\u00e8ne carr\u00e9 Hella - F038788\"},{\"@type\":\"BreadcrumbList\",\"@id\":\"https:\/\/www.groupepayant.fr\/webshop\/produit\/phare-de-travail-halogene-carre-hella\/#breadcrumb\",\"itemListElement\":[{\"@type\":\"ListItem\",\"position\":1,\"name\":\"Accueil\",\"item\":\"https:\/\/www.groupepayant.fr\/webshop\/\"},{\"@type\":\"ListItem\",\"position\":2,\"name\":\"Webshop\",\"item\":\"https:\/\/www.groupepayant.fr\/webshop\/shop\/\"},{\"@type\":\"ListItem\",\"position\":3,\"name\":\"Phare de travail halog\u00e8ne carr\u00e9 Hella\"}]},{\"@type\":\"WebSite\",\"@id\":\"https:\/\/www.groupepayant.fr\/webshop\/#website\",\"url\":\"https:\/\/www.groupepayant.fr\/webshop\/\",\"name\":\"WEBSHOP Groupe PAYANT\",\"description\":\"\",\"publisher\":{\"@id\":\"https:\/\/www.groupepayant.fr\/webshop\/#organization\"},\"potentialAction\":[{\"@type\":\"SearchAction\",\"target\":{\"@type\":\"EntryPoint\",\"urlTemplate\":\"https:\/\/www.groupepayant.fr\/webshop\/?s={search_term_string}\"},\"query-input\":{\"@type\":\"PropertyValueSpecification\",\"valueRequired\":true,\"valueName\":\"search_term_string\"}}],\"inLanguage\":\"fr-FR\"},{\"@type\":\"Organization\",\"@id\":\"https:\/\/www.groupepayant.fr\/webshop\/#organization\",\"name\":\"Webshop Groupe PAYANT\",\"url\":\"https:\/\/www.groupepayant.fr\/webshop\/\",\"logo\":{\"@type\":\"ImageObject\",\"inLanguage\":\"fr-FR\",\"@id\":\"https:\/\/www.groupepayant.fr\/webshop\/#\/schema\/logo\/image\/\",\"url\":\"\",\"contentUrl\":\"\",\"caption\":\"Webshop Groupe PAYANT\"},\"image\":{\"@id\":\"https:\/\/www.groupepayant.fr\/webshop\/#\/schema\/logo\/image\/\"},\"sameAs\":[\"https:\/\/www.facebook.com\/GroupePayant\/\",\"https:\/\/www.linkedin.com\/company\/groupe-payant\/\",\"https:\/\/www.youtube.com\/c\/GroupePAYANT\",\"https:\/\/www.instagram.com\/groupepayant\/\"]}]}<\/script>\n<!-- \/ Yoast SEO plugin. -->","yoast_head_json":{"title":"Phare de travail halog\u00e8ne carr\u00e9 Hella - WEBSHOP Groupe PAYANT","robots":{"index":"index","follow":"follow","max-snippet":"max-snippet:-1","max-image-preview":"max-image-preview:large","max-video-preview":"max-video-preview:-1"},"canonical":"https:\/\/www.groupepayant.fr\/webshop\/produit\/phare-de-travail-halogene-carre-hella\/","og_locale":"fr_FR","og_type":"article","og_title":"Phare de travail halog\u00e8ne carr\u00e9 Hella - WEBSHOP Groupe PAYANT","og_description":"Phare de travail halog\u00e8ne HELLA \u00e0 usage universel.  - Tension nominale : 12 V \/ 24 V - Type d'\u00e9clairage : proche - Hauteur : 126,5 mm - Longueur : 97 mm - Largeur : 112 mm - Puissance : 55 W \/ 70 W - Type d'ampoule : H3 - Pour les mat\u00e9riels John Deere des gammes C, B et D","og_url":"https:\/\/www.groupepayant.fr\/webshop\/produit\/phare-de-travail-halogene-carre-hella\/","og_site_name":"WEBSHOP Groupe PAYANT","article_publisher":"https:\/\/www.facebook.com\/GroupePayant\/","og_image":[{"width":600,"height":600,"url":"https:\/\/www.groupepayant.fr\/webshop\/wp-content\/uploads\/2026\/01\/phare-de-travail-halogene-hella-F038788.webp","type":"image\/webp"}],"twitter_card":"summary_large_image","twitter_misc":{"Dur\u00e9e de lecture estim\u00e9e":"1 minute"},"schema":{"@context":"https:\/\/schema.org","@graph":[{"@type":"WebPage","@id":"https:\/\/www.groupepayant.fr\/webshop\/produit\/phare-de-travail-halogene-carre-hella\/","url":"https:\/\/www.groupepayant.fr\/webshop\/produit\/phare-de-travail-halogene-carre-hella\/","name":"Phare de travail halog\u00e8ne carr\u00e9 Hella - WEBSHOP Groupe PAYANT","isPartOf":{"@id":"https:\/\/www.groupepayant.fr\/webshop\/#website"},"primaryImageOfPage":{"@id":"https:\/\/www.groupepayant.fr\/webshop\/produit\/phare-de-travail-halogene-carre-hella\/#primaryimage"},"image":{"@id":"https:\/\/www.groupepayant.fr\/webshop\/produit\/phare-de-travail-halogene-carre-hella\/#primaryimage"},"thumbnailUrl":"https:\/\/www.groupepayant.fr\/webshop\/wp-content\/uploads\/2026\/01\/phare-de-travail-halogene-hella-F038788.webp","datePublished":"2026-01-21T14:47:38+00:00","breadcrumb":{"@id":"https:\/\/www.groupepayant.fr\/webshop\/produit\/phare-de-travail-halogene-carre-hella\/#breadcrumb"},"inLanguage":"fr-FR","potentialAction":[{"@type":"ReadAction","target":["https:\/\/www.groupepayant.fr\/webshop\/produit\/phare-de-travail-halogene-carre-hella\/"]}]},{"@type":"ImageObject","inLanguage":"fr-FR","@id":"https:\/\/www.groupepayant.fr\/webshop\/produit\/phare-de-travail-halogene-carre-hella\/#primaryimage","url":"https:\/\/www.groupepayant.fr\/webshop\/wp-content\/uploads\/2026\/01\/phare-de-travail-halogene-hella-F038788.webp","contentUrl":"https:\/\/www.groupepayant.fr\/webshop\/wp-content\/uploads\/2026\/01\/phare-de-travail-halogene-hella-F038788.webp","width":600,"height":600,"caption":"Phare de travail halog\u00e8ne carr\u00e9 Hella - F038788"},{"@type":"BreadcrumbList","@id":"https:\/\/www.groupepayant.fr\/webshop\/produit\/phare-de-travail-halogene-carre-hella\/#breadcrumb","itemListElement":[{"@type":"ListItem","position":1,"name":"Accueil","item":"https:\/\/www.groupepayant.fr\/webshop\/"},{"@type":"ListItem","position":2,"name":"Webshop","item":"https:\/\/www.groupepayant.fr\/webshop\/shop\/"},{"@type":"ListItem","position":3,"name":"Phare de travail halog\u00e8ne carr\u00e9 Hella"}]},{"@type":"WebSite","@id":"https:\/\/www.groupepayant.fr\/webshop\/#website","url":"https:\/\/www.groupepayant.fr\/webshop\/","name":"WEBSHOP Groupe PAYANT","description":"","publisher":{"@id":"https:\/\/www.groupepayant.fr\/webshop\/#organization"},"potentialAction":[{"@type":"SearchAction","target":{"@type":"EntryPoint","urlTemplate":"https:\/\/www.groupepayant.fr\/webshop\/?s={search_term_string}"},"query-input":{"@type":"PropertyValueSpecification","valueRequired":true,"valueName":"search_term_string"}}],"inLanguage":"fr-FR"},{"@type":"Organization","@id":"https:\/\/www.groupepayant.fr\/webshop\/#organization","name":"Webshop Groupe PAYANT","url":"https:\/\/www.groupepayant.fr\/webshop\/","logo":{"@type":"ImageObject","inLanguage":"fr-FR","@id":"https:\/\/www.groupepayant.fr\/webshop\/#\/schema\/logo\/image\/","url":"","contentUrl":"","caption":"Webshop Groupe PAYANT"},"image":{"@id":"https:\/\/www.groupepayant.fr\/webshop\/#\/schema\/logo\/image\/"},"sameAs":["https:\/\/www.facebook.com\/GroupePayant\/","https:\/\/www.linkedin.com\/company\/groupe-payant\/","https:\/\/www.youtube.com\/c\/GroupePAYANT","https:\/\/www.instagram.com\/groupepayant\/"]}]}},"builder_content":"","_links":{"self":[{"href":"https:\/\/www.groupepayant.fr\/webshop\/wp-json\/wp\/v2\/product\/26022","targetHints":{"allow":["GET"]}}],"collection":[{"href":"https:\/\/www.groupepayant.fr\/webshop\/wp-json\/wp\/v2\/product"}],"about":[{"href":"https:\/\/www.groupepayant.fr\/webshop\/wp-json\/wp\/v2\/types\/product"}],"replies":[{"embeddable":true,"href":"https:\/\/www.groupepayant.fr\/webshop\/wp-json\/wp\/v2\/comments?post=26022"}],"wp:featuredmedia":[{"embeddable":true,"href":"https:\/\/www.groupepayant.fr\/webshop\/wp-json\/wp\/v2\/media\/26023"}],"wp:attachment":[{"href":"https:\/\/www.groupepayant.fr\/webshop\/wp-json\/wp\/v2\/media?parent=26022"}],"wp:term":[{"taxonomy":"product_brand","embeddable":true,"href":"https:\/\/www.groupepayant.fr\/webshop\/wp-json\/wp\/v2\/product_brand?post=26022"},{"taxonomy":"product_cat","embeddable":true,"href":"https:\/\/www.groupepayant.fr\/webshop\/wp-json\/wp\/v2\/product_cat?post=26022"},{"taxonomy":"product_tag","embeddable":true,"href":"https:\/\/www.groupepayant.fr\/webshop\/wp-json\/wp\/v2\/product_tag?post=26022"}],"curies":[{"name":"wp","href":"https:\/\/api.w.org\/{rel}","templated":true}]}}