{"id":26173,"date":"2026-03-17T10:00:04","date_gmt":"2026-03-17T09:00:04","guid":{"rendered":"https:\/\/www.groupepayant.fr\/webshop\/?post_type=product&#038;p=26173"},"modified":"2026-03-23T14:07:31","modified_gmt":"2026-03-23T13:07:31","slug":"maquette-sk270srnlc-7-kobelco","status":"publish","type":"product","link":"https:\/\/www.groupepayant.fr\/webshop\/produit\/maquette-sk270srnlc-7-kobelco\/","title":{"rendered":"Maquette SK270SR(N)LC-7 Kobelco"},"content":{"rendered":"","protected":false},"excerpt":{"rendered":"<p>\u2022 Maquette pelle sur chenilles SK270SR(N)LC-7 Kobelco :<br \/>\nFabriqu\u00e9e en Allemagne avec un savoir-faire exceptionnel, la maquette SK270SR(N)LC-7 est une r\u00e9plique \u00e0 l&rsquo;\u00e9chelle 1\/50 de la v\u00e9ritable pelle m\u00e9canique.<br \/>\nCon\u00e7ue par \u00ab\u00a0Conrad\u00a0\u00bb, cette maquette aux d\u00e9tails minutieux offre des proportions et un design fid\u00e8les pour une exp\u00e9rience authentique.<br \/>\nId\u00e9ale pour les collectionneurs ou les amateurs de belles pi\u00e8ces, elle est un incontournable pour tout passionn\u00e9 de construction !<\/p>\n<p>\u2022 Fabriqu\u00e9 en Allemagne<br \/>\n\u2022 Fabriqu\u00e9 par : Conrad<br \/>\n\u2022 \u00c9chelle : 1\/50<\/p>\n","protected":false},"featured_media":26174,"comment_status":"closed","ping_status":"closed","template":"","meta":{"_monsterinsights_skip_tracking":false,"_monsterinsights_sitenote_active":false,"_monsterinsights_sitenote_note":"","_monsterinsights_sitenote_category":0},"product_brand":[1707],"product_cat":[268,592,266],"product_tag":[184,359,1775,1776],"class_list":{"0":"post-26173","1":"product","2":"type-product","3":"status-publish","4":"has-post-thumbnail","6":"product_brand-kobelco","7":"product_cat-maquettes","8":"product_cat-maquettes-kobelco","9":"product_cat-merchandising","10":"product_tag-maquette","11":"product_tag-maquette-kobelco","12":"product_tag-maquette-pelle-sur-chenilles","13":"product_tag-maquette-sk270srnlc-7","15":"first","16":"instock","17":"taxable","18":"shipping-taxable","19":"purchasable","20":"product-type-simple"},"yoast_head":"<!-- This site is optimized with the Yoast SEO plugin v27.1.1 - https:\/\/yoast.com\/product\/yoast-seo-wordpress\/ -->\n<title>Maquette SK270SR(N)LC-7 Kobelco - WEBSHOP Groupe PAYANT<\/title>\n<meta name=\"robots\" content=\"index, follow, max-snippet:-1, max-image-preview:large, max-video-preview:-1\" \/>\n<link rel=\"canonical\" href=\"https:\/\/www.groupepayant.fr\/webshop\/produit\/maquette-sk270srnlc-7-kobelco\/\" \/>\n<meta property=\"og:locale\" content=\"fr_FR\" \/>\n<meta property=\"og:type\" content=\"article\" \/>\n<meta property=\"og:title\" content=\"Maquette SK270SR(N)LC-7 Kobelco - WEBSHOP Groupe PAYANT\" \/>\n<meta property=\"og:description\" content=\"\u2022 Maquette pelle sur chenilles SK270SR(N)LC-7 Kobelco : Fabriqu\u00e9e en Allemagne avec un savoir-faire exceptionnel, la maquette SK270SR(N)LC-7 est une r\u00e9plique \u00e0 l&#039;\u00e9chelle 1\/50 de la v\u00e9ritable pelle m\u00e9canique. Con\u00e7ue par &quot;Conrad&quot;, cette maquette aux d\u00e9tails minutieux offre des proportions et un design fid\u00e8les pour une exp\u00e9rience authentique. Id\u00e9ale pour les collectionneurs ou les amateurs de belles pi\u00e8ces, elle est un incontournable pour tout passionn\u00e9 de construction !  \u2022 Fabriqu\u00e9 en Allemagne \u2022 Fabriqu\u00e9 par : Conrad \u2022 \u00c9chelle : 1\/50\" \/>\n<meta property=\"og:url\" content=\"https:\/\/www.groupepayant.fr\/webshop\/produit\/maquette-sk270srnlc-7-kobelco\/\" \/>\n<meta property=\"og:site_name\" content=\"WEBSHOP Groupe PAYANT\" \/>\n<meta property=\"article:publisher\" content=\"https:\/\/www.facebook.com\/GroupePayant\/\" \/>\n<meta property=\"article:modified_time\" content=\"2026-03-23T13:07:31+00:00\" \/>\n<meta property=\"og:image\" content=\"https:\/\/www.groupepayant.fr\/webshop\/wp-content\/uploads\/2026\/03\/maquette-sk270SR-n-lc-7-kobelco-1.webp\" \/>\n\t<meta property=\"og:image:width\" content=\"600\" \/>\n\t<meta property=\"og:image:height\" content=\"600\" \/>\n\t<meta property=\"og:image:type\" content=\"image\/webp\" \/>\n<meta name=\"twitter:card\" content=\"summary_large_image\" \/>\n<meta name=\"twitter:label1\" content=\"Dur\u00e9e de lecture estim\u00e9e\" \/>\n\t<meta name=\"twitter:data1\" content=\"1 minute\" \/>\n<script type=\"application\/ld+json\" class=\"yoast-schema-graph\">{\"@context\":\"https:\/\/schema.org\",\"@graph\":[{\"@type\":\"WebPage\",\"@id\":\"https:\/\/www.groupepayant.fr\/webshop\/produit\/maquette-sk270srnlc-7-kobelco\/\",\"url\":\"https:\/\/www.groupepayant.fr\/webshop\/produit\/maquette-sk270srnlc-7-kobelco\/\",\"name\":\"Maquette SK270SR(N)LC-7 Kobelco - WEBSHOP Groupe PAYANT\",\"isPartOf\":{\"@id\":\"https:\/\/www.groupepayant.fr\/webshop\/#website\"},\"primaryImageOfPage\":{\"@id\":\"https:\/\/www.groupepayant.fr\/webshop\/produit\/maquette-sk270srnlc-7-kobelco\/#primaryimage\"},\"image\":{\"@id\":\"https:\/\/www.groupepayant.fr\/webshop\/produit\/maquette-sk270srnlc-7-kobelco\/#primaryimage\"},\"thumbnailUrl\":\"https:\/\/www.groupepayant.fr\/webshop\/wp-content\/uploads\/2026\/03\/maquette-sk270SR-n-lc-7-kobelco-1.webp\",\"datePublished\":\"2026-03-17T09:00:04+00:00\",\"dateModified\":\"2026-03-23T13:07:31+00:00\",\"breadcrumb\":{\"@id\":\"https:\/\/www.groupepayant.fr\/webshop\/produit\/maquette-sk270srnlc-7-kobelco\/#breadcrumb\"},\"inLanguage\":\"fr-FR\",\"potentialAction\":[{\"@type\":\"ReadAction\",\"target\":[\"https:\/\/www.groupepayant.fr\/webshop\/produit\/maquette-sk270srnlc-7-kobelco\/\"]}]},{\"@type\":\"ImageObject\",\"inLanguage\":\"fr-FR\",\"@id\":\"https:\/\/www.groupepayant.fr\/webshop\/produit\/maquette-sk270srnlc-7-kobelco\/#primaryimage\",\"url\":\"https:\/\/www.groupepayant.fr\/webshop\/wp-content\/uploads\/2026\/03\/maquette-sk270SR-n-lc-7-kobelco-1.webp\",\"contentUrl\":\"https:\/\/www.groupepayant.fr\/webshop\/wp-content\/uploads\/2026\/03\/maquette-sk270SR-n-lc-7-kobelco-1.webp\",\"width\":600,\"height\":600,\"caption\":\"Maquette SK270SR(N)LC-7 Kobelco\"},{\"@type\":\"BreadcrumbList\",\"@id\":\"https:\/\/www.groupepayant.fr\/webshop\/produit\/maquette-sk270srnlc-7-kobelco\/#breadcrumb\",\"itemListElement\":[{\"@type\":\"ListItem\",\"position\":1,\"name\":\"Accueil\",\"item\":\"https:\/\/www.groupepayant.fr\/webshop\/\"},{\"@type\":\"ListItem\",\"position\":2,\"name\":\"Webshop\",\"item\":\"https:\/\/www.groupepayant.fr\/webshop\/shop\/\"},{\"@type\":\"ListItem\",\"position\":3,\"name\":\"Maquette SK270SR(N)LC-7 Kobelco\"}]},{\"@type\":\"WebSite\",\"@id\":\"https:\/\/www.groupepayant.fr\/webshop\/#website\",\"url\":\"https:\/\/www.groupepayant.fr\/webshop\/\",\"name\":\"WEBSHOP Groupe PAYANT\",\"description\":\"\",\"publisher\":{\"@id\":\"https:\/\/www.groupepayant.fr\/webshop\/#organization\"},\"potentialAction\":[{\"@type\":\"SearchAction\",\"target\":{\"@type\":\"EntryPoint\",\"urlTemplate\":\"https:\/\/www.groupepayant.fr\/webshop\/?s={search_term_string}\"},\"query-input\":{\"@type\":\"PropertyValueSpecification\",\"valueRequired\":true,\"valueName\":\"search_term_string\"}}],\"inLanguage\":\"fr-FR\"},{\"@type\":\"Organization\",\"@id\":\"https:\/\/www.groupepayant.fr\/webshop\/#organization\",\"name\":\"Webshop Groupe PAYANT\",\"url\":\"https:\/\/www.groupepayant.fr\/webshop\/\",\"logo\":{\"@type\":\"ImageObject\",\"inLanguage\":\"fr-FR\",\"@id\":\"https:\/\/www.groupepayant.fr\/webshop\/#\/schema\/logo\/image\/\",\"url\":\"\",\"contentUrl\":\"\",\"caption\":\"Webshop Groupe PAYANT\"},\"image\":{\"@id\":\"https:\/\/www.groupepayant.fr\/webshop\/#\/schema\/logo\/image\/\"},\"sameAs\":[\"https:\/\/www.facebook.com\/GroupePayant\/\",\"https:\/\/www.linkedin.com\/company\/groupe-payant\/\",\"https:\/\/www.youtube.com\/c\/GroupePAYANT\",\"https:\/\/www.instagram.com\/groupepayant\/\"]}]}<\/script>\n<!-- \/ Yoast SEO plugin. -->","yoast_head_json":{"title":"Maquette SK270SR(N)LC-7 Kobelco - WEBSHOP Groupe PAYANT","robots":{"index":"index","follow":"follow","max-snippet":"max-snippet:-1","max-image-preview":"max-image-preview:large","max-video-preview":"max-video-preview:-1"},"canonical":"https:\/\/www.groupepayant.fr\/webshop\/produit\/maquette-sk270srnlc-7-kobelco\/","og_locale":"fr_FR","og_type":"article","og_title":"Maquette SK270SR(N)LC-7 Kobelco - WEBSHOP Groupe PAYANT","og_description":"\u2022 Maquette pelle sur chenilles SK270SR(N)LC-7 Kobelco : Fabriqu\u00e9e en Allemagne avec un savoir-faire exceptionnel, la maquette SK270SR(N)LC-7 est une r\u00e9plique \u00e0 l'\u00e9chelle 1\/50 de la v\u00e9ritable pelle m\u00e9canique. Con\u00e7ue par \"Conrad\", cette maquette aux d\u00e9tails minutieux offre des proportions et un design fid\u00e8les pour une exp\u00e9rience authentique. Id\u00e9ale pour les collectionneurs ou les amateurs de belles pi\u00e8ces, elle est un incontournable pour tout passionn\u00e9 de construction !  \u2022 Fabriqu\u00e9 en Allemagne \u2022 Fabriqu\u00e9 par : Conrad \u2022 \u00c9chelle : 1\/50","og_url":"https:\/\/www.groupepayant.fr\/webshop\/produit\/maquette-sk270srnlc-7-kobelco\/","og_site_name":"WEBSHOP Groupe PAYANT","article_publisher":"https:\/\/www.facebook.com\/GroupePayant\/","article_modified_time":"2026-03-23T13:07:31+00:00","og_image":[{"width":600,"height":600,"url":"https:\/\/www.groupepayant.fr\/webshop\/wp-content\/uploads\/2026\/03\/maquette-sk270SR-n-lc-7-kobelco-1.webp","type":"image\/webp"}],"twitter_card":"summary_large_image","twitter_misc":{"Dur\u00e9e de lecture estim\u00e9e":"1 minute"},"schema":{"@context":"https:\/\/schema.org","@graph":[{"@type":"WebPage","@id":"https:\/\/www.groupepayant.fr\/webshop\/produit\/maquette-sk270srnlc-7-kobelco\/","url":"https:\/\/www.groupepayant.fr\/webshop\/produit\/maquette-sk270srnlc-7-kobelco\/","name":"Maquette SK270SR(N)LC-7 Kobelco - WEBSHOP Groupe PAYANT","isPartOf":{"@id":"https:\/\/www.groupepayant.fr\/webshop\/#website"},"primaryImageOfPage":{"@id":"https:\/\/www.groupepayant.fr\/webshop\/produit\/maquette-sk270srnlc-7-kobelco\/#primaryimage"},"image":{"@id":"https:\/\/www.groupepayant.fr\/webshop\/produit\/maquette-sk270srnlc-7-kobelco\/#primaryimage"},"thumbnailUrl":"https:\/\/www.groupepayant.fr\/webshop\/wp-content\/uploads\/2026\/03\/maquette-sk270SR-n-lc-7-kobelco-1.webp","datePublished":"2026-03-17T09:00:04+00:00","dateModified":"2026-03-23T13:07:31+00:00","breadcrumb":{"@id":"https:\/\/www.groupepayant.fr\/webshop\/produit\/maquette-sk270srnlc-7-kobelco\/#breadcrumb"},"inLanguage":"fr-FR","potentialAction":[{"@type":"ReadAction","target":["https:\/\/www.groupepayant.fr\/webshop\/produit\/maquette-sk270srnlc-7-kobelco\/"]}]},{"@type":"ImageObject","inLanguage":"fr-FR","@id":"https:\/\/www.groupepayant.fr\/webshop\/produit\/maquette-sk270srnlc-7-kobelco\/#primaryimage","url":"https:\/\/www.groupepayant.fr\/webshop\/wp-content\/uploads\/2026\/03\/maquette-sk270SR-n-lc-7-kobelco-1.webp","contentUrl":"https:\/\/www.groupepayant.fr\/webshop\/wp-content\/uploads\/2026\/03\/maquette-sk270SR-n-lc-7-kobelco-1.webp","width":600,"height":600,"caption":"Maquette SK270SR(N)LC-7 Kobelco"},{"@type":"BreadcrumbList","@id":"https:\/\/www.groupepayant.fr\/webshop\/produit\/maquette-sk270srnlc-7-kobelco\/#breadcrumb","itemListElement":[{"@type":"ListItem","position":1,"name":"Accueil","item":"https:\/\/www.groupepayant.fr\/webshop\/"},{"@type":"ListItem","position":2,"name":"Webshop","item":"https:\/\/www.groupepayant.fr\/webshop\/shop\/"},{"@type":"ListItem","position":3,"name":"Maquette SK270SR(N)LC-7 Kobelco"}]},{"@type":"WebSite","@id":"https:\/\/www.groupepayant.fr\/webshop\/#website","url":"https:\/\/www.groupepayant.fr\/webshop\/","name":"WEBSHOP Groupe PAYANT","description":"","publisher":{"@id":"https:\/\/www.groupepayant.fr\/webshop\/#organization"},"potentialAction":[{"@type":"SearchAction","target":{"@type":"EntryPoint","urlTemplate":"https:\/\/www.groupepayant.fr\/webshop\/?s={search_term_string}"},"query-input":{"@type":"PropertyValueSpecification","valueRequired":true,"valueName":"search_term_string"}}],"inLanguage":"fr-FR"},{"@type":"Organization","@id":"https:\/\/www.groupepayant.fr\/webshop\/#organization","name":"Webshop Groupe PAYANT","url":"https:\/\/www.groupepayant.fr\/webshop\/","logo":{"@type":"ImageObject","inLanguage":"fr-FR","@id":"https:\/\/www.groupepayant.fr\/webshop\/#\/schema\/logo\/image\/","url":"","contentUrl":"","caption":"Webshop Groupe PAYANT"},"image":{"@id":"https:\/\/www.groupepayant.fr\/webshop\/#\/schema\/logo\/image\/"},"sameAs":["https:\/\/www.facebook.com\/GroupePayant\/","https:\/\/www.linkedin.com\/company\/groupe-payant\/","https:\/\/www.youtube.com\/c\/GroupePAYANT","https:\/\/www.instagram.com\/groupepayant\/"]}]}},"builder_content":"","_links":{"self":[{"href":"https:\/\/www.groupepayant.fr\/webshop\/wp-json\/wp\/v2\/product\/26173","targetHints":{"allow":["GET"]}}],"collection":[{"href":"https:\/\/www.groupepayant.fr\/webshop\/wp-json\/wp\/v2\/product"}],"about":[{"href":"https:\/\/www.groupepayant.fr\/webshop\/wp-json\/wp\/v2\/types\/product"}],"replies":[{"embeddable":true,"href":"https:\/\/www.groupepayant.fr\/webshop\/wp-json\/wp\/v2\/comments?post=26173"}],"wp:featuredmedia":[{"embeddable":true,"href":"https:\/\/www.groupepayant.fr\/webshop\/wp-json\/wp\/v2\/media\/26174"}],"wp:attachment":[{"href":"https:\/\/www.groupepayant.fr\/webshop\/wp-json\/wp\/v2\/media?parent=26173"}],"wp:term":[{"taxonomy":"product_brand","embeddable":true,"href":"https:\/\/www.groupepayant.fr\/webshop\/wp-json\/wp\/v2\/product_brand?post=26173"},{"taxonomy":"product_cat","embeddable":true,"href":"https:\/\/www.groupepayant.fr\/webshop\/wp-json\/wp\/v2\/product_cat?post=26173"},{"taxonomy":"product_tag","embeddable":true,"href":"https:\/\/www.groupepayant.fr\/webshop\/wp-json\/wp\/v2\/product_tag?post=26173"}],"curies":[{"name":"wp","href":"https:\/\/api.w.org\/{rel}","templated":true}]}}