{"id":26321,"date":"2026-03-31T18:21:41","date_gmt":"2026-03-31T16:21:41","guid":{"rendered":"https:\/\/www.groupepayant.fr\/webshop\/?post_type=product&#038;p=26321"},"modified":"2026-04-01T08:41:54","modified_gmt":"2026-04-01T06:41:54","slug":"filtre-a-gasoil-primaire-10-microns","status":"publish","type":"product","link":"https:\/\/www.groupepayant.fr\/webshop\/produit\/filtre-a-gasoil-primaire-10-microns\/","title":{"rendered":"RE522966-Filtre a Gasoil Primaire 10 Microns"},"content":{"rendered":"<p>Am\u00e9lioration du rendement \u00e9nerg\u00e9tique et protection du moteur\u00a0: Le m\u00e9dia filtrant rev\u00eatu repousse l\u2019eau et les contaminants, r\u00e9duisant ainsi les dommages aux composants du syst\u00e8me d\u2019alimentation et optimisant les performances du moteur. Filtration haute capacit\u00e9\u00a0: Les plis serr\u00e9s et l\u2019espacement r\u00e9gulier du m\u00e9dia offrent une surface de filtration maximale, capturant efficacement l\u2019eau et les particules jusqu\u2019\u00e0 5 microns dans certaines applications. Construction robuste et fiable\u00a0: Les embouts m\u00e9talliques offrent une r\u00e9sistance sup\u00e9rieure \u00e0 l\u2019humidit\u00e9, garantissant une performance et une fiabilit\u00e9 durables. D\u00e9bit de carburant optimis\u00e9\u00a0: Les filtres \u00e0 carburant John Deere d\u2019origine sont sp\u00e9cialement con\u00e7us et test\u00e9s pour respecter, voire d\u00e9passer, les sp\u00e9cifications John Deere, assurant une parfaite compatibilit\u00e9 avec votre machine. Emp\u00eache le carburant impur d\u2019atteindre le moteur\u00a0: L\u2019\u00e9tanch\u00e9it\u00e9 entre le m\u00e9dia filtrant et le bo\u00eetier du filtre emp\u00eache le carburant impur et non filtr\u00e9 de p\u00e9n\u00e9trer dans le moteur, maintenant ainsi des performances optimales et prolongeant sa dur\u00e9e de vie.<\/p>\n","protected":false},"excerpt":{"rendered":"<p>Am\u00e9lioration du rendement \u00e9nerg\u00e9tique et protection du moteur\u00a0: Le m\u00e9dia filtrant rev\u00eatu repousse l\u2019eau et les contaminants, r\u00e9duisant ainsi les dommages aux composants du syst\u00e8me d\u2019alimentation et optimisant les performances du moteur. Filtration haute capacit\u00e9\u00a0: Les plis serr\u00e9s et l\u2019espacement r\u00e9gulier du m\u00e9dia offrent une surface de filtration maximale, capturant efficacement l\u2019eau et les particules [&hellip;]<\/p>\n","protected":false},"featured_media":26317,"comment_status":"closed","ping_status":"closed","template":"","meta":{"_monsterinsights_skip_tracking":false,"_monsterinsights_sitenote_active":false,"_monsterinsights_sitenote_note":"","_monsterinsights_sitenote_category":0},"product_brand":[1730],"product_cat":[1471,1798],"product_tag":[582,503,1799],"class_list":{"0":"post-26321","1":"product","2":"type-product","3":"status-publish","4":"has-post-thumbnail","6":"product_brand-john-deere","7":"product_cat-destockage-univers-forestier","8":"product_cat-filtration-john-deere","9":"product_tag-filtre","10":"product_tag-gasoil","11":"product_tag-primaire","13":"first","14":"instock","15":"sale","16":"taxable","17":"shipping-taxable","18":"purchasable","19":"product-type-simple"},"yoast_head":"<!-- This site is optimized with the Yoast SEO plugin v27.1.1 - https:\/\/yoast.com\/product\/yoast-seo-wordpress\/ -->\n<title>RE522966-Filtre a Gasoil Primaire 10 Microns - WEBSHOP Groupe PAYANT<\/title>\n<meta name=\"robots\" content=\"index, follow, max-snippet:-1, max-image-preview:large, max-video-preview:-1\" \/>\n<link rel=\"canonical\" href=\"https:\/\/www.groupepayant.fr\/webshop\/produit\/filtre-a-gasoil-primaire-10-microns\/\" \/>\n<meta property=\"og:locale\" content=\"fr_FR\" \/>\n<meta property=\"og:type\" content=\"article\" \/>\n<meta property=\"og:title\" content=\"RE522966-Filtre a Gasoil Primaire 10 Microns - WEBSHOP Groupe PAYANT\" \/>\n<meta property=\"og:description\" content=\"Am\u00e9lioration du rendement \u00e9nerg\u00e9tique et protection du moteur\u00a0: Le m\u00e9dia filtrant rev\u00eatu repousse l\u2019eau et les contaminants, r\u00e9duisant ainsi les dommages aux composants du syst\u00e8me d\u2019alimentation et optimisant les performances du moteur. Filtration haute capacit\u00e9\u00a0: Les plis serr\u00e9s et l\u2019espacement r\u00e9gulier du m\u00e9dia offrent une surface de filtration maximale, capturant efficacement l\u2019eau et les particules [&hellip;]\" \/>\n<meta property=\"og:url\" content=\"https:\/\/www.groupepayant.fr\/webshop\/produit\/filtre-a-gasoil-primaire-10-microns\/\" \/>\n<meta property=\"og:site_name\" content=\"WEBSHOP Groupe PAYANT\" \/>\n<meta property=\"article:publisher\" content=\"https:\/\/www.facebook.com\/GroupePayant\/\" \/>\n<meta property=\"article:modified_time\" content=\"2026-04-01T06:41:54+00:00\" \/>\n<meta property=\"og:image\" content=\"https:\/\/www.groupepayant.fr\/webshop\/wp-content\/uploads\/2026\/03\/RE522966.png\" \/>\n\t<meta property=\"og:image:width\" content=\"1200\" \/>\n\t<meta property=\"og:image:height\" content=\"1200\" \/>\n\t<meta property=\"og:image:type\" content=\"image\/png\" \/>\n<meta name=\"twitter:card\" content=\"summary_large_image\" \/>\n<meta name=\"twitter:label1\" content=\"Dur\u00e9e de lecture estim\u00e9e\" \/>\n\t<meta name=\"twitter:data1\" content=\"1 minute\" \/>\n<script type=\"application\/ld+json\" class=\"yoast-schema-graph\">{\"@context\":\"https:\/\/schema.org\",\"@graph\":[{\"@type\":\"WebPage\",\"@id\":\"https:\/\/www.groupepayant.fr\/webshop\/produit\/filtre-a-gasoil-primaire-10-microns\/\",\"url\":\"https:\/\/www.groupepayant.fr\/webshop\/produit\/filtre-a-gasoil-primaire-10-microns\/\",\"name\":\"RE522966-Filtre a Gasoil Primaire 10 Microns - WEBSHOP Groupe PAYANT\",\"isPartOf\":{\"@id\":\"https:\/\/www.groupepayant.fr\/webshop\/#website\"},\"primaryImageOfPage\":{\"@id\":\"https:\/\/www.groupepayant.fr\/webshop\/produit\/filtre-a-gasoil-primaire-10-microns\/#primaryimage\"},\"image\":{\"@id\":\"https:\/\/www.groupepayant.fr\/webshop\/produit\/filtre-a-gasoil-primaire-10-microns\/#primaryimage\"},\"thumbnailUrl\":\"https:\/\/www.groupepayant.fr\/webshop\/wp-content\/uploads\/2026\/03\/RE522966.png\",\"datePublished\":\"2026-03-31T16:21:41+00:00\",\"dateModified\":\"2026-04-01T06:41:54+00:00\",\"breadcrumb\":{\"@id\":\"https:\/\/www.groupepayant.fr\/webshop\/produit\/filtre-a-gasoil-primaire-10-microns\/#breadcrumb\"},\"inLanguage\":\"fr-FR\",\"potentialAction\":[{\"@type\":\"ReadAction\",\"target\":[\"https:\/\/www.groupepayant.fr\/webshop\/produit\/filtre-a-gasoil-primaire-10-microns\/\"]}]},{\"@type\":\"ImageObject\",\"inLanguage\":\"fr-FR\",\"@id\":\"https:\/\/www.groupepayant.fr\/webshop\/produit\/filtre-a-gasoil-primaire-10-microns\/#primaryimage\",\"url\":\"https:\/\/www.groupepayant.fr\/webshop\/wp-content\/uploads\/2026\/03\/RE522966.png\",\"contentUrl\":\"https:\/\/www.groupepayant.fr\/webshop\/wp-content\/uploads\/2026\/03\/RE522966.png\",\"width\":1200,\"height\":1200},{\"@type\":\"BreadcrumbList\",\"@id\":\"https:\/\/www.groupepayant.fr\/webshop\/produit\/filtre-a-gasoil-primaire-10-microns\/#breadcrumb\",\"itemListElement\":[{\"@type\":\"ListItem\",\"position\":1,\"name\":\"Accueil\",\"item\":\"https:\/\/www.groupepayant.fr\/webshop\/\"},{\"@type\":\"ListItem\",\"position\":2,\"name\":\"Webshop\",\"item\":\"https:\/\/www.groupepayant.fr\/webshop\/shop\/\"},{\"@type\":\"ListItem\",\"position\":3,\"name\":\"RE522966-Filtre a Gasoil Primaire 10 Microns\"}]},{\"@type\":\"WebSite\",\"@id\":\"https:\/\/www.groupepayant.fr\/webshop\/#website\",\"url\":\"https:\/\/www.groupepayant.fr\/webshop\/\",\"name\":\"WEBSHOP Groupe PAYANT\",\"description\":\"\",\"publisher\":{\"@id\":\"https:\/\/www.groupepayant.fr\/webshop\/#organization\"},\"potentialAction\":[{\"@type\":\"SearchAction\",\"target\":{\"@type\":\"EntryPoint\",\"urlTemplate\":\"https:\/\/www.groupepayant.fr\/webshop\/?s={search_term_string}\"},\"query-input\":{\"@type\":\"PropertyValueSpecification\",\"valueRequired\":true,\"valueName\":\"search_term_string\"}}],\"inLanguage\":\"fr-FR\"},{\"@type\":\"Organization\",\"@id\":\"https:\/\/www.groupepayant.fr\/webshop\/#organization\",\"name\":\"Webshop Groupe PAYANT\",\"url\":\"https:\/\/www.groupepayant.fr\/webshop\/\",\"logo\":{\"@type\":\"ImageObject\",\"inLanguage\":\"fr-FR\",\"@id\":\"https:\/\/www.groupepayant.fr\/webshop\/#\/schema\/logo\/image\/\",\"url\":\"\",\"contentUrl\":\"\",\"caption\":\"Webshop Groupe PAYANT\"},\"image\":{\"@id\":\"https:\/\/www.groupepayant.fr\/webshop\/#\/schema\/logo\/image\/\"},\"sameAs\":[\"https:\/\/www.facebook.com\/GroupePayant\/\",\"https:\/\/www.linkedin.com\/company\/groupe-payant\/\",\"https:\/\/www.youtube.com\/c\/GroupePAYANT\",\"https:\/\/www.instagram.com\/groupepayant\/\"]}]}<\/script>\n<!-- \/ Yoast SEO plugin. -->","yoast_head_json":{"title":"RE522966-Filtre a Gasoil Primaire 10 Microns - WEBSHOP Groupe PAYANT","robots":{"index":"index","follow":"follow","max-snippet":"max-snippet:-1","max-image-preview":"max-image-preview:large","max-video-preview":"max-video-preview:-1"},"canonical":"https:\/\/www.groupepayant.fr\/webshop\/produit\/filtre-a-gasoil-primaire-10-microns\/","og_locale":"fr_FR","og_type":"article","og_title":"RE522966-Filtre a Gasoil Primaire 10 Microns - WEBSHOP Groupe PAYANT","og_description":"Am\u00e9lioration du rendement \u00e9nerg\u00e9tique et protection du moteur\u00a0: Le m\u00e9dia filtrant rev\u00eatu repousse l\u2019eau et les contaminants, r\u00e9duisant ainsi les dommages aux composants du syst\u00e8me d\u2019alimentation et optimisant les performances du moteur. Filtration haute capacit\u00e9\u00a0: Les plis serr\u00e9s et l\u2019espacement r\u00e9gulier du m\u00e9dia offrent une surface de filtration maximale, capturant efficacement l\u2019eau et les particules [&hellip;]","og_url":"https:\/\/www.groupepayant.fr\/webshop\/produit\/filtre-a-gasoil-primaire-10-microns\/","og_site_name":"WEBSHOP Groupe PAYANT","article_publisher":"https:\/\/www.facebook.com\/GroupePayant\/","article_modified_time":"2026-04-01T06:41:54+00:00","og_image":[{"width":1200,"height":1200,"url":"https:\/\/www.groupepayant.fr\/webshop\/wp-content\/uploads\/2026\/03\/RE522966.png","type":"image\/png"}],"twitter_card":"summary_large_image","twitter_misc":{"Dur\u00e9e de lecture estim\u00e9e":"1 minute"},"schema":{"@context":"https:\/\/schema.org","@graph":[{"@type":"WebPage","@id":"https:\/\/www.groupepayant.fr\/webshop\/produit\/filtre-a-gasoil-primaire-10-microns\/","url":"https:\/\/www.groupepayant.fr\/webshop\/produit\/filtre-a-gasoil-primaire-10-microns\/","name":"RE522966-Filtre a Gasoil Primaire 10 Microns - WEBSHOP Groupe PAYANT","isPartOf":{"@id":"https:\/\/www.groupepayant.fr\/webshop\/#website"},"primaryImageOfPage":{"@id":"https:\/\/www.groupepayant.fr\/webshop\/produit\/filtre-a-gasoil-primaire-10-microns\/#primaryimage"},"image":{"@id":"https:\/\/www.groupepayant.fr\/webshop\/produit\/filtre-a-gasoil-primaire-10-microns\/#primaryimage"},"thumbnailUrl":"https:\/\/www.groupepayant.fr\/webshop\/wp-content\/uploads\/2026\/03\/RE522966.png","datePublished":"2026-03-31T16:21:41+00:00","dateModified":"2026-04-01T06:41:54+00:00","breadcrumb":{"@id":"https:\/\/www.groupepayant.fr\/webshop\/produit\/filtre-a-gasoil-primaire-10-microns\/#breadcrumb"},"inLanguage":"fr-FR","potentialAction":[{"@type":"ReadAction","target":["https:\/\/www.groupepayant.fr\/webshop\/produit\/filtre-a-gasoil-primaire-10-microns\/"]}]},{"@type":"ImageObject","inLanguage":"fr-FR","@id":"https:\/\/www.groupepayant.fr\/webshop\/produit\/filtre-a-gasoil-primaire-10-microns\/#primaryimage","url":"https:\/\/www.groupepayant.fr\/webshop\/wp-content\/uploads\/2026\/03\/RE522966.png","contentUrl":"https:\/\/www.groupepayant.fr\/webshop\/wp-content\/uploads\/2026\/03\/RE522966.png","width":1200,"height":1200},{"@type":"BreadcrumbList","@id":"https:\/\/www.groupepayant.fr\/webshop\/produit\/filtre-a-gasoil-primaire-10-microns\/#breadcrumb","itemListElement":[{"@type":"ListItem","position":1,"name":"Accueil","item":"https:\/\/www.groupepayant.fr\/webshop\/"},{"@type":"ListItem","position":2,"name":"Webshop","item":"https:\/\/www.groupepayant.fr\/webshop\/shop\/"},{"@type":"ListItem","position":3,"name":"RE522966-Filtre a Gasoil Primaire 10 Microns"}]},{"@type":"WebSite","@id":"https:\/\/www.groupepayant.fr\/webshop\/#website","url":"https:\/\/www.groupepayant.fr\/webshop\/","name":"WEBSHOP Groupe PAYANT","description":"","publisher":{"@id":"https:\/\/www.groupepayant.fr\/webshop\/#organization"},"potentialAction":[{"@type":"SearchAction","target":{"@type":"EntryPoint","urlTemplate":"https:\/\/www.groupepayant.fr\/webshop\/?s={search_term_string}"},"query-input":{"@type":"PropertyValueSpecification","valueRequired":true,"valueName":"search_term_string"}}],"inLanguage":"fr-FR"},{"@type":"Organization","@id":"https:\/\/www.groupepayant.fr\/webshop\/#organization","name":"Webshop Groupe PAYANT","url":"https:\/\/www.groupepayant.fr\/webshop\/","logo":{"@type":"ImageObject","inLanguage":"fr-FR","@id":"https:\/\/www.groupepayant.fr\/webshop\/#\/schema\/logo\/image\/","url":"","contentUrl":"","caption":"Webshop Groupe PAYANT"},"image":{"@id":"https:\/\/www.groupepayant.fr\/webshop\/#\/schema\/logo\/image\/"},"sameAs":["https:\/\/www.facebook.com\/GroupePayant\/","https:\/\/www.linkedin.com\/company\/groupe-payant\/","https:\/\/www.youtube.com\/c\/GroupePAYANT","https:\/\/www.instagram.com\/groupepayant\/"]}]}},"builder_content":"","_links":{"self":[{"href":"https:\/\/www.groupepayant.fr\/webshop\/wp-json\/wp\/v2\/product\/26321","targetHints":{"allow":["GET"]}}],"collection":[{"href":"https:\/\/www.groupepayant.fr\/webshop\/wp-json\/wp\/v2\/product"}],"about":[{"href":"https:\/\/www.groupepayant.fr\/webshop\/wp-json\/wp\/v2\/types\/product"}],"replies":[{"embeddable":true,"href":"https:\/\/www.groupepayant.fr\/webshop\/wp-json\/wp\/v2\/comments?post=26321"}],"wp:featuredmedia":[{"embeddable":true,"href":"https:\/\/www.groupepayant.fr\/webshop\/wp-json\/wp\/v2\/media\/26317"}],"wp:attachment":[{"href":"https:\/\/www.groupepayant.fr\/webshop\/wp-json\/wp\/v2\/media?parent=26321"}],"wp:term":[{"taxonomy":"product_brand","embeddable":true,"href":"https:\/\/www.groupepayant.fr\/webshop\/wp-json\/wp\/v2\/product_brand?post=26321"},{"taxonomy":"product_cat","embeddable":true,"href":"https:\/\/www.groupepayant.fr\/webshop\/wp-json\/wp\/v2\/product_cat?post=26321"},{"taxonomy":"product_tag","embeddable":true,"href":"https:\/\/www.groupepayant.fr\/webshop\/wp-json\/wp\/v2\/product_tag?post=26321"}],"curies":[{"name":"wp","href":"https:\/\/api.w.org\/{rel}","templated":true}]}}