{"id":26325,"date":"2026-03-31T18:30:58","date_gmt":"2026-03-31T16:30:58","guid":{"rendered":"https:\/\/www.groupepayant.fr\/webshop\/?post_type=product&#038;p=26325"},"modified":"2026-04-01T08:35:28","modified_gmt":"2026-04-01T06:35:28","slug":"filtre-gasoil-3","status":"publish","type":"product","link":"https:\/\/www.groupepayant.fr\/webshop\/produit\/filtre-gasoil-3\/","title":{"rendered":"PMFS1280-Filtre Gasoil"},"content":{"rendered":"<p>Les filtres s\u00e9parateurs eau-carburant \u00e9liminent efficacement l&rsquo;eau, les impuret\u00e9s et autres contaminants du syst\u00e8me d&rsquo;alimentation, garantissant ainsi des performances et une fiabilit\u00e9 optimales du moteur. Ces filtres contribuent \u00e0 pr\u00e9venir les immobilisations co\u00fbteuses en prot\u00e9geant le moteur contre les probl\u00e8mes li\u00e9s au carburant, tels que l&rsquo;endommagement des injecteurs et la corrosion du syst\u00e8me d&rsquo;alimentation.<\/p>\n","protected":false},"excerpt":{"rendered":"<p>Les filtres s\u00e9parateurs eau-carburant \u00e9liminent efficacement l&rsquo;eau, les impuret\u00e9s et autres contaminants du syst\u00e8me d&rsquo;alimentation, garantissant ainsi des performances et une fiabilit\u00e9 optimales du moteur. Ces filtres contribuent \u00e0 pr\u00e9venir les immobilisations co\u00fbteuses en prot\u00e9geant le moteur contre les probl\u00e8mes li\u00e9s au carburant, tels que l&rsquo;endommagement des injecteurs et la corrosion du syst\u00e8me d&rsquo;alimentation.<\/p>\n","protected":false},"featured_media":26314,"comment_status":"closed","ping_status":"closed","template":"","meta":{"_monsterinsights_skip_tracking":false,"_monsterinsights_sitenote_active":false,"_monsterinsights_sitenote_note":"","_monsterinsights_sitenote_category":0},"product_brand":[1730],"product_cat":[1471,1798],"product_tag":[582,503],"class_list":{"0":"post-26325","1":"product","2":"type-product","3":"status-publish","4":"has-post-thumbnail","6":"product_brand-john-deere","7":"product_cat-destockage-univers-forestier","8":"product_cat-filtration-john-deere","9":"product_tag-filtre","10":"product_tag-gasoil","12":"first","13":"instock","14":"sale","15":"taxable","16":"shipping-taxable","17":"purchasable","18":"product-type-simple"},"yoast_head":"<!-- This site is optimized with the Yoast SEO plugin v27.1.1 - https:\/\/yoast.com\/product\/yoast-seo-wordpress\/ -->\n<title>PMFS1280-Filtre Gasoil - WEBSHOP Groupe PAYANT<\/title>\n<meta name=\"robots\" content=\"index, follow, max-snippet:-1, max-image-preview:large, max-video-preview:-1\" \/>\n<link rel=\"canonical\" href=\"https:\/\/www.groupepayant.fr\/webshop\/produit\/filtre-gasoil-3\/\" \/>\n<meta property=\"og:locale\" content=\"fr_FR\" \/>\n<meta property=\"og:type\" content=\"article\" \/>\n<meta property=\"og:title\" content=\"PMFS1280-Filtre Gasoil - WEBSHOP Groupe PAYANT\" \/>\n<meta property=\"og:description\" content=\"Les filtres s\u00e9parateurs eau-carburant \u00e9liminent efficacement l&rsquo;eau, les impuret\u00e9s et autres contaminants du syst\u00e8me d&rsquo;alimentation, garantissant ainsi des performances et une fiabilit\u00e9 optimales du moteur. Ces filtres contribuent \u00e0 pr\u00e9venir les immobilisations co\u00fbteuses en prot\u00e9geant le moteur contre les probl\u00e8mes li\u00e9s au carburant, tels que l&rsquo;endommagement des injecteurs et la corrosion du syst\u00e8me d&rsquo;alimentation.\" \/>\n<meta property=\"og:url\" content=\"https:\/\/www.groupepayant.fr\/webshop\/produit\/filtre-gasoil-3\/\" \/>\n<meta property=\"og:site_name\" content=\"WEBSHOP Groupe PAYANT\" \/>\n<meta property=\"article:publisher\" content=\"https:\/\/www.facebook.com\/GroupePayant\/\" \/>\n<meta property=\"article:modified_time\" content=\"2026-04-01T06:35:28+00:00\" \/>\n<meta property=\"og:image\" content=\"https:\/\/www.groupepayant.fr\/webshop\/wp-content\/uploads\/2026\/03\/PMFS1280.png\" \/>\n\t<meta property=\"og:image:width\" content=\"1200\" \/>\n\t<meta property=\"og:image:height\" content=\"1200\" \/>\n\t<meta property=\"og:image:type\" content=\"image\/png\" \/>\n<meta name=\"twitter:card\" content=\"summary_large_image\" \/>\n<meta name=\"twitter:label1\" content=\"Dur\u00e9e de lecture estim\u00e9e\" \/>\n\t<meta name=\"twitter:data1\" content=\"1 minute\" \/>\n<script type=\"application\/ld+json\" class=\"yoast-schema-graph\">{\"@context\":\"https:\/\/schema.org\",\"@graph\":[{\"@type\":\"WebPage\",\"@id\":\"https:\/\/www.groupepayant.fr\/webshop\/produit\/filtre-gasoil-3\/\",\"url\":\"https:\/\/www.groupepayant.fr\/webshop\/produit\/filtre-gasoil-3\/\",\"name\":\"PMFS1280-Filtre Gasoil - WEBSHOP Groupe PAYANT\",\"isPartOf\":{\"@id\":\"https:\/\/www.groupepayant.fr\/webshop\/#website\"},\"primaryImageOfPage\":{\"@id\":\"https:\/\/www.groupepayant.fr\/webshop\/produit\/filtre-gasoil-3\/#primaryimage\"},\"image\":{\"@id\":\"https:\/\/www.groupepayant.fr\/webshop\/produit\/filtre-gasoil-3\/#primaryimage\"},\"thumbnailUrl\":\"https:\/\/www.groupepayant.fr\/webshop\/wp-content\/uploads\/2026\/03\/PMFS1280.png\",\"datePublished\":\"2026-03-31T16:30:58+00:00\",\"dateModified\":\"2026-04-01T06:35:28+00:00\",\"breadcrumb\":{\"@id\":\"https:\/\/www.groupepayant.fr\/webshop\/produit\/filtre-gasoil-3\/#breadcrumb\"},\"inLanguage\":\"fr-FR\",\"potentialAction\":[{\"@type\":\"ReadAction\",\"target\":[\"https:\/\/www.groupepayant.fr\/webshop\/produit\/filtre-gasoil-3\/\"]}]},{\"@type\":\"ImageObject\",\"inLanguage\":\"fr-FR\",\"@id\":\"https:\/\/www.groupepayant.fr\/webshop\/produit\/filtre-gasoil-3\/#primaryimage\",\"url\":\"https:\/\/www.groupepayant.fr\/webshop\/wp-content\/uploads\/2026\/03\/PMFS1280.png\",\"contentUrl\":\"https:\/\/www.groupepayant.fr\/webshop\/wp-content\/uploads\/2026\/03\/PMFS1280.png\",\"width\":1200,\"height\":1200},{\"@type\":\"BreadcrumbList\",\"@id\":\"https:\/\/www.groupepayant.fr\/webshop\/produit\/filtre-gasoil-3\/#breadcrumb\",\"itemListElement\":[{\"@type\":\"ListItem\",\"position\":1,\"name\":\"Accueil\",\"item\":\"https:\/\/www.groupepayant.fr\/webshop\/\"},{\"@type\":\"ListItem\",\"position\":2,\"name\":\"Webshop\",\"item\":\"https:\/\/www.groupepayant.fr\/webshop\/shop\/\"},{\"@type\":\"ListItem\",\"position\":3,\"name\":\"PMFS1280-Filtre Gasoil\"}]},{\"@type\":\"WebSite\",\"@id\":\"https:\/\/www.groupepayant.fr\/webshop\/#website\",\"url\":\"https:\/\/www.groupepayant.fr\/webshop\/\",\"name\":\"WEBSHOP Groupe PAYANT\",\"description\":\"\",\"publisher\":{\"@id\":\"https:\/\/www.groupepayant.fr\/webshop\/#organization\"},\"potentialAction\":[{\"@type\":\"SearchAction\",\"target\":{\"@type\":\"EntryPoint\",\"urlTemplate\":\"https:\/\/www.groupepayant.fr\/webshop\/?s={search_term_string}\"},\"query-input\":{\"@type\":\"PropertyValueSpecification\",\"valueRequired\":true,\"valueName\":\"search_term_string\"}}],\"inLanguage\":\"fr-FR\"},{\"@type\":\"Organization\",\"@id\":\"https:\/\/www.groupepayant.fr\/webshop\/#organization\",\"name\":\"Webshop Groupe PAYANT\",\"url\":\"https:\/\/www.groupepayant.fr\/webshop\/\",\"logo\":{\"@type\":\"ImageObject\",\"inLanguage\":\"fr-FR\",\"@id\":\"https:\/\/www.groupepayant.fr\/webshop\/#\/schema\/logo\/image\/\",\"url\":\"\",\"contentUrl\":\"\",\"caption\":\"Webshop Groupe PAYANT\"},\"image\":{\"@id\":\"https:\/\/www.groupepayant.fr\/webshop\/#\/schema\/logo\/image\/\"},\"sameAs\":[\"https:\/\/www.facebook.com\/GroupePayant\/\",\"https:\/\/www.linkedin.com\/company\/groupe-payant\/\",\"https:\/\/www.youtube.com\/c\/GroupePAYANT\",\"https:\/\/www.instagram.com\/groupepayant\/\"]}]}<\/script>\n<!-- \/ Yoast SEO plugin. -->","yoast_head_json":{"title":"PMFS1280-Filtre Gasoil - WEBSHOP Groupe PAYANT","robots":{"index":"index","follow":"follow","max-snippet":"max-snippet:-1","max-image-preview":"max-image-preview:large","max-video-preview":"max-video-preview:-1"},"canonical":"https:\/\/www.groupepayant.fr\/webshop\/produit\/filtre-gasoil-3\/","og_locale":"fr_FR","og_type":"article","og_title":"PMFS1280-Filtre Gasoil - WEBSHOP Groupe PAYANT","og_description":"Les filtres s\u00e9parateurs eau-carburant \u00e9liminent efficacement l&rsquo;eau, les impuret\u00e9s et autres contaminants du syst\u00e8me d&rsquo;alimentation, garantissant ainsi des performances et une fiabilit\u00e9 optimales du moteur. Ces filtres contribuent \u00e0 pr\u00e9venir les immobilisations co\u00fbteuses en prot\u00e9geant le moteur contre les probl\u00e8mes li\u00e9s au carburant, tels que l&rsquo;endommagement des injecteurs et la corrosion du syst\u00e8me d&rsquo;alimentation.","og_url":"https:\/\/www.groupepayant.fr\/webshop\/produit\/filtre-gasoil-3\/","og_site_name":"WEBSHOP Groupe PAYANT","article_publisher":"https:\/\/www.facebook.com\/GroupePayant\/","article_modified_time":"2026-04-01T06:35:28+00:00","og_image":[{"width":1200,"height":1200,"url":"https:\/\/www.groupepayant.fr\/webshop\/wp-content\/uploads\/2026\/03\/PMFS1280.png","type":"image\/png"}],"twitter_card":"summary_large_image","twitter_misc":{"Dur\u00e9e de lecture estim\u00e9e":"1 minute"},"schema":{"@context":"https:\/\/schema.org","@graph":[{"@type":"WebPage","@id":"https:\/\/www.groupepayant.fr\/webshop\/produit\/filtre-gasoil-3\/","url":"https:\/\/www.groupepayant.fr\/webshop\/produit\/filtre-gasoil-3\/","name":"PMFS1280-Filtre Gasoil - WEBSHOP Groupe PAYANT","isPartOf":{"@id":"https:\/\/www.groupepayant.fr\/webshop\/#website"},"primaryImageOfPage":{"@id":"https:\/\/www.groupepayant.fr\/webshop\/produit\/filtre-gasoil-3\/#primaryimage"},"image":{"@id":"https:\/\/www.groupepayant.fr\/webshop\/produit\/filtre-gasoil-3\/#primaryimage"},"thumbnailUrl":"https:\/\/www.groupepayant.fr\/webshop\/wp-content\/uploads\/2026\/03\/PMFS1280.png","datePublished":"2026-03-31T16:30:58+00:00","dateModified":"2026-04-01T06:35:28+00:00","breadcrumb":{"@id":"https:\/\/www.groupepayant.fr\/webshop\/produit\/filtre-gasoil-3\/#breadcrumb"},"inLanguage":"fr-FR","potentialAction":[{"@type":"ReadAction","target":["https:\/\/www.groupepayant.fr\/webshop\/produit\/filtre-gasoil-3\/"]}]},{"@type":"ImageObject","inLanguage":"fr-FR","@id":"https:\/\/www.groupepayant.fr\/webshop\/produit\/filtre-gasoil-3\/#primaryimage","url":"https:\/\/www.groupepayant.fr\/webshop\/wp-content\/uploads\/2026\/03\/PMFS1280.png","contentUrl":"https:\/\/www.groupepayant.fr\/webshop\/wp-content\/uploads\/2026\/03\/PMFS1280.png","width":1200,"height":1200},{"@type":"BreadcrumbList","@id":"https:\/\/www.groupepayant.fr\/webshop\/produit\/filtre-gasoil-3\/#breadcrumb","itemListElement":[{"@type":"ListItem","position":1,"name":"Accueil","item":"https:\/\/www.groupepayant.fr\/webshop\/"},{"@type":"ListItem","position":2,"name":"Webshop","item":"https:\/\/www.groupepayant.fr\/webshop\/shop\/"},{"@type":"ListItem","position":3,"name":"PMFS1280-Filtre Gasoil"}]},{"@type":"WebSite","@id":"https:\/\/www.groupepayant.fr\/webshop\/#website","url":"https:\/\/www.groupepayant.fr\/webshop\/","name":"WEBSHOP Groupe PAYANT","description":"","publisher":{"@id":"https:\/\/www.groupepayant.fr\/webshop\/#organization"},"potentialAction":[{"@type":"SearchAction","target":{"@type":"EntryPoint","urlTemplate":"https:\/\/www.groupepayant.fr\/webshop\/?s={search_term_string}"},"query-input":{"@type":"PropertyValueSpecification","valueRequired":true,"valueName":"search_term_string"}}],"inLanguage":"fr-FR"},{"@type":"Organization","@id":"https:\/\/www.groupepayant.fr\/webshop\/#organization","name":"Webshop Groupe PAYANT","url":"https:\/\/www.groupepayant.fr\/webshop\/","logo":{"@type":"ImageObject","inLanguage":"fr-FR","@id":"https:\/\/www.groupepayant.fr\/webshop\/#\/schema\/logo\/image\/","url":"","contentUrl":"","caption":"Webshop Groupe PAYANT"},"image":{"@id":"https:\/\/www.groupepayant.fr\/webshop\/#\/schema\/logo\/image\/"},"sameAs":["https:\/\/www.facebook.com\/GroupePayant\/","https:\/\/www.linkedin.com\/company\/groupe-payant\/","https:\/\/www.youtube.com\/c\/GroupePAYANT","https:\/\/www.instagram.com\/groupepayant\/"]}]}},"builder_content":"","_links":{"self":[{"href":"https:\/\/www.groupepayant.fr\/webshop\/wp-json\/wp\/v2\/product\/26325","targetHints":{"allow":["GET"]}}],"collection":[{"href":"https:\/\/www.groupepayant.fr\/webshop\/wp-json\/wp\/v2\/product"}],"about":[{"href":"https:\/\/www.groupepayant.fr\/webshop\/wp-json\/wp\/v2\/types\/product"}],"replies":[{"embeddable":true,"href":"https:\/\/www.groupepayant.fr\/webshop\/wp-json\/wp\/v2\/comments?post=26325"}],"wp:featuredmedia":[{"embeddable":true,"href":"https:\/\/www.groupepayant.fr\/webshop\/wp-json\/wp\/v2\/media\/26314"}],"wp:attachment":[{"href":"https:\/\/www.groupepayant.fr\/webshop\/wp-json\/wp\/v2\/media?parent=26325"}],"wp:term":[{"taxonomy":"product_brand","embeddable":true,"href":"https:\/\/www.groupepayant.fr\/webshop\/wp-json\/wp\/v2\/product_brand?post=26325"},{"taxonomy":"product_cat","embeddable":true,"href":"https:\/\/www.groupepayant.fr\/webshop\/wp-json\/wp\/v2\/product_cat?post=26325"},{"taxonomy":"product_tag","embeddable":true,"href":"https:\/\/www.groupepayant.fr\/webshop\/wp-json\/wp\/v2\/product_tag?post=26325"}],"curies":[{"name":"wp","href":"https:\/\/api.w.org\/{rel}","templated":true}]}}