{"id":26348,"date":"2026-04-01T07:52:23","date_gmt":"2026-04-01T05:52:23","guid":{"rendered":"https:\/\/www.groupepayant.fr\/webshop\/?post_type=product&#038;p=26348"},"modified":"2026-04-01T08:28:49","modified_gmt":"2026-04-01T06:28:49","slug":"filtre-a-air-secondaire","status":"publish","type":"product","link":"https:\/\/www.groupepayant.fr\/webshop\/produit\/filtre-a-air-secondaire\/","title":{"rendered":"AT175224-Filtre \u00e0 Air Secondaire"},"content":{"rendered":"<p>Plis r\u00e9guliers et m\u00e9dia filtrant plus important\u00a0: L\u2019\u00e9l\u00e9ment filtrant interne pr\u00e9sente des plis r\u00e9guliers et une quantit\u00e9 de m\u00e9dia filtrant plus \u00e9lev\u00e9e, garantissant une efficacit\u00e9 optimale de capture des contaminants et un intervalle plus long entre les entretiens. Dur\u00e9e de vie du moteur prolong\u00e9e\u00a0: La filtration suppl\u00e9mentaire assur\u00e9e par l\u2019\u00e9l\u00e9ment filtrant interne r\u00e9duit l\u2019usure du moteur, prolongeant sa dur\u00e9e de vie et diminuant les co\u00fbts d\u2019entretien. Entretien simplifi\u00e9\u00a0: L\u2019\u00e9l\u00e9ment filtrant secondaire est con\u00e7u pour un d\u00e9montage et un remplacement faciles, simplifiant ainsi l\u2019entretien courant et permettant un gain de temps et d\u2019efforts pour le client.<\/p>\n","protected":false},"excerpt":{"rendered":"<p>Plis r\u00e9guliers et m\u00e9dia filtrant plus important\u00a0: L\u2019\u00e9l\u00e9ment filtrant interne pr\u00e9sente des plis r\u00e9guliers et une quantit\u00e9 de m\u00e9dia filtrant plus \u00e9lev\u00e9e, garantissant une efficacit\u00e9 optimale de capture des contaminants et un intervalle plus long entre les entretiens. Dur\u00e9e de vie du moteur prolong\u00e9e\u00a0: La filtration suppl\u00e9mentaire assur\u00e9e par l\u2019\u00e9l\u00e9ment filtrant interne r\u00e9duit l\u2019usure du [&hellip;]<\/p>\n","protected":false},"featured_media":26336,"comment_status":"closed","ping_status":"closed","template":"","meta":{"_monsterinsights_skip_tracking":false,"_monsterinsights_sitenote_active":false,"_monsterinsights_sitenote_note":"","_monsterinsights_sitenote_category":0},"product_brand":[1730],"product_cat":[1471,1798],"product_tag":[1804,582,714,1806],"class_list":{"0":"post-26348","1":"product","2":"type-product","3":"status-publish","4":"has-post-thumbnail","6":"product_brand-john-deere","7":"product_cat-destockage-univers-forestier","8":"product_cat-filtration-john-deere","9":"product_tag-air","10":"product_tag-filtre","11":"product_tag-moteur","12":"product_tag-secondaire","14":"first","15":"instock","16":"sale","17":"taxable","18":"shipping-taxable","19":"purchasable","20":"product-type-simple"},"yoast_head":"<!-- This site is optimized with the Yoast SEO plugin v27.1.1 - https:\/\/yoast.com\/product\/yoast-seo-wordpress\/ -->\n<title>AT175224-Filtre \u00e0 Air Secondaire - WEBSHOP Groupe PAYANT<\/title>\n<meta name=\"robots\" content=\"index, follow, max-snippet:-1, max-image-preview:large, max-video-preview:-1\" \/>\n<link rel=\"canonical\" href=\"https:\/\/www.groupepayant.fr\/webshop\/produit\/filtre-a-air-secondaire\/\" \/>\n<meta property=\"og:locale\" content=\"fr_FR\" \/>\n<meta property=\"og:type\" content=\"article\" \/>\n<meta property=\"og:title\" content=\"AT175224-Filtre \u00e0 Air Secondaire - WEBSHOP Groupe PAYANT\" \/>\n<meta property=\"og:description\" content=\"Plis r\u00e9guliers et m\u00e9dia filtrant plus important\u00a0: L\u2019\u00e9l\u00e9ment filtrant interne pr\u00e9sente des plis r\u00e9guliers et une quantit\u00e9 de m\u00e9dia filtrant plus \u00e9lev\u00e9e, garantissant une efficacit\u00e9 optimale de capture des contaminants et un intervalle plus long entre les entretiens. Dur\u00e9e de vie du moteur prolong\u00e9e\u00a0: La filtration suppl\u00e9mentaire assur\u00e9e par l\u2019\u00e9l\u00e9ment filtrant interne r\u00e9duit l\u2019usure du [&hellip;]\" \/>\n<meta property=\"og:url\" content=\"https:\/\/www.groupepayant.fr\/webshop\/produit\/filtre-a-air-secondaire\/\" \/>\n<meta property=\"og:site_name\" content=\"WEBSHOP Groupe PAYANT\" \/>\n<meta property=\"article:publisher\" content=\"https:\/\/www.facebook.com\/GroupePayant\/\" \/>\n<meta property=\"article:modified_time\" content=\"2026-04-01T06:28:49+00:00\" \/>\n<meta property=\"og:image\" content=\"https:\/\/www.groupepayant.fr\/webshop\/wp-content\/uploads\/2026\/03\/AT175224.png\" \/>\n\t<meta property=\"og:image:width\" content=\"1200\" \/>\n\t<meta property=\"og:image:height\" content=\"1200\" \/>\n\t<meta property=\"og:image:type\" content=\"image\/png\" \/>\n<meta name=\"twitter:card\" content=\"summary_large_image\" \/>\n<meta name=\"twitter:label1\" content=\"Dur\u00e9e de lecture estim\u00e9e\" \/>\n\t<meta name=\"twitter:data1\" content=\"1 minute\" \/>\n<script type=\"application\/ld+json\" class=\"yoast-schema-graph\">{\"@context\":\"https:\/\/schema.org\",\"@graph\":[{\"@type\":\"WebPage\",\"@id\":\"https:\/\/www.groupepayant.fr\/webshop\/produit\/filtre-a-air-secondaire\/\",\"url\":\"https:\/\/www.groupepayant.fr\/webshop\/produit\/filtre-a-air-secondaire\/\",\"name\":\"AT175224-Filtre \u00e0 Air Secondaire - WEBSHOP Groupe PAYANT\",\"isPartOf\":{\"@id\":\"https:\/\/www.groupepayant.fr\/webshop\/#website\"},\"primaryImageOfPage\":{\"@id\":\"https:\/\/www.groupepayant.fr\/webshop\/produit\/filtre-a-air-secondaire\/#primaryimage\"},\"image\":{\"@id\":\"https:\/\/www.groupepayant.fr\/webshop\/produit\/filtre-a-air-secondaire\/#primaryimage\"},\"thumbnailUrl\":\"https:\/\/www.groupepayant.fr\/webshop\/wp-content\/uploads\/2026\/03\/AT175224.png\",\"datePublished\":\"2026-04-01T05:52:23+00:00\",\"dateModified\":\"2026-04-01T06:28:49+00:00\",\"breadcrumb\":{\"@id\":\"https:\/\/www.groupepayant.fr\/webshop\/produit\/filtre-a-air-secondaire\/#breadcrumb\"},\"inLanguage\":\"fr-FR\",\"potentialAction\":[{\"@type\":\"ReadAction\",\"target\":[\"https:\/\/www.groupepayant.fr\/webshop\/produit\/filtre-a-air-secondaire\/\"]}]},{\"@type\":\"ImageObject\",\"inLanguage\":\"fr-FR\",\"@id\":\"https:\/\/www.groupepayant.fr\/webshop\/produit\/filtre-a-air-secondaire\/#primaryimage\",\"url\":\"https:\/\/www.groupepayant.fr\/webshop\/wp-content\/uploads\/2026\/03\/AT175224.png\",\"contentUrl\":\"https:\/\/www.groupepayant.fr\/webshop\/wp-content\/uploads\/2026\/03\/AT175224.png\",\"width\":1200,\"height\":1200},{\"@type\":\"BreadcrumbList\",\"@id\":\"https:\/\/www.groupepayant.fr\/webshop\/produit\/filtre-a-air-secondaire\/#breadcrumb\",\"itemListElement\":[{\"@type\":\"ListItem\",\"position\":1,\"name\":\"Accueil\",\"item\":\"https:\/\/www.groupepayant.fr\/webshop\/\"},{\"@type\":\"ListItem\",\"position\":2,\"name\":\"Webshop\",\"item\":\"https:\/\/www.groupepayant.fr\/webshop\/shop\/\"},{\"@type\":\"ListItem\",\"position\":3,\"name\":\"AT175224-Filtre \u00e0 Air Secondaire\"}]},{\"@type\":\"WebSite\",\"@id\":\"https:\/\/www.groupepayant.fr\/webshop\/#website\",\"url\":\"https:\/\/www.groupepayant.fr\/webshop\/\",\"name\":\"WEBSHOP Groupe PAYANT\",\"description\":\"\",\"publisher\":{\"@id\":\"https:\/\/www.groupepayant.fr\/webshop\/#organization\"},\"potentialAction\":[{\"@type\":\"SearchAction\",\"target\":{\"@type\":\"EntryPoint\",\"urlTemplate\":\"https:\/\/www.groupepayant.fr\/webshop\/?s={search_term_string}\"},\"query-input\":{\"@type\":\"PropertyValueSpecification\",\"valueRequired\":true,\"valueName\":\"search_term_string\"}}],\"inLanguage\":\"fr-FR\"},{\"@type\":\"Organization\",\"@id\":\"https:\/\/www.groupepayant.fr\/webshop\/#organization\",\"name\":\"Webshop Groupe PAYANT\",\"url\":\"https:\/\/www.groupepayant.fr\/webshop\/\",\"logo\":{\"@type\":\"ImageObject\",\"inLanguage\":\"fr-FR\",\"@id\":\"https:\/\/www.groupepayant.fr\/webshop\/#\/schema\/logo\/image\/\",\"url\":\"\",\"contentUrl\":\"\",\"caption\":\"Webshop Groupe PAYANT\"},\"image\":{\"@id\":\"https:\/\/www.groupepayant.fr\/webshop\/#\/schema\/logo\/image\/\"},\"sameAs\":[\"https:\/\/www.facebook.com\/GroupePayant\/\",\"https:\/\/www.linkedin.com\/company\/groupe-payant\/\",\"https:\/\/www.youtube.com\/c\/GroupePAYANT\",\"https:\/\/www.instagram.com\/groupepayant\/\"]}]}<\/script>\n<!-- \/ Yoast SEO plugin. -->","yoast_head_json":{"title":"AT175224-Filtre \u00e0 Air Secondaire - WEBSHOP Groupe PAYANT","robots":{"index":"index","follow":"follow","max-snippet":"max-snippet:-1","max-image-preview":"max-image-preview:large","max-video-preview":"max-video-preview:-1"},"canonical":"https:\/\/www.groupepayant.fr\/webshop\/produit\/filtre-a-air-secondaire\/","og_locale":"fr_FR","og_type":"article","og_title":"AT175224-Filtre \u00e0 Air Secondaire - WEBSHOP Groupe PAYANT","og_description":"Plis r\u00e9guliers et m\u00e9dia filtrant plus important\u00a0: L\u2019\u00e9l\u00e9ment filtrant interne pr\u00e9sente des plis r\u00e9guliers et une quantit\u00e9 de m\u00e9dia filtrant plus \u00e9lev\u00e9e, garantissant une efficacit\u00e9 optimale de capture des contaminants et un intervalle plus long entre les entretiens. Dur\u00e9e de vie du moteur prolong\u00e9e\u00a0: La filtration suppl\u00e9mentaire assur\u00e9e par l\u2019\u00e9l\u00e9ment filtrant interne r\u00e9duit l\u2019usure du [&hellip;]","og_url":"https:\/\/www.groupepayant.fr\/webshop\/produit\/filtre-a-air-secondaire\/","og_site_name":"WEBSHOP Groupe PAYANT","article_publisher":"https:\/\/www.facebook.com\/GroupePayant\/","article_modified_time":"2026-04-01T06:28:49+00:00","og_image":[{"width":1200,"height":1200,"url":"https:\/\/www.groupepayant.fr\/webshop\/wp-content\/uploads\/2026\/03\/AT175224.png","type":"image\/png"}],"twitter_card":"summary_large_image","twitter_misc":{"Dur\u00e9e de lecture estim\u00e9e":"1 minute"},"schema":{"@context":"https:\/\/schema.org","@graph":[{"@type":"WebPage","@id":"https:\/\/www.groupepayant.fr\/webshop\/produit\/filtre-a-air-secondaire\/","url":"https:\/\/www.groupepayant.fr\/webshop\/produit\/filtre-a-air-secondaire\/","name":"AT175224-Filtre \u00e0 Air Secondaire - WEBSHOP Groupe PAYANT","isPartOf":{"@id":"https:\/\/www.groupepayant.fr\/webshop\/#website"},"primaryImageOfPage":{"@id":"https:\/\/www.groupepayant.fr\/webshop\/produit\/filtre-a-air-secondaire\/#primaryimage"},"image":{"@id":"https:\/\/www.groupepayant.fr\/webshop\/produit\/filtre-a-air-secondaire\/#primaryimage"},"thumbnailUrl":"https:\/\/www.groupepayant.fr\/webshop\/wp-content\/uploads\/2026\/03\/AT175224.png","datePublished":"2026-04-01T05:52:23+00:00","dateModified":"2026-04-01T06:28:49+00:00","breadcrumb":{"@id":"https:\/\/www.groupepayant.fr\/webshop\/produit\/filtre-a-air-secondaire\/#breadcrumb"},"inLanguage":"fr-FR","potentialAction":[{"@type":"ReadAction","target":["https:\/\/www.groupepayant.fr\/webshop\/produit\/filtre-a-air-secondaire\/"]}]},{"@type":"ImageObject","inLanguage":"fr-FR","@id":"https:\/\/www.groupepayant.fr\/webshop\/produit\/filtre-a-air-secondaire\/#primaryimage","url":"https:\/\/www.groupepayant.fr\/webshop\/wp-content\/uploads\/2026\/03\/AT175224.png","contentUrl":"https:\/\/www.groupepayant.fr\/webshop\/wp-content\/uploads\/2026\/03\/AT175224.png","width":1200,"height":1200},{"@type":"BreadcrumbList","@id":"https:\/\/www.groupepayant.fr\/webshop\/produit\/filtre-a-air-secondaire\/#breadcrumb","itemListElement":[{"@type":"ListItem","position":1,"name":"Accueil","item":"https:\/\/www.groupepayant.fr\/webshop\/"},{"@type":"ListItem","position":2,"name":"Webshop","item":"https:\/\/www.groupepayant.fr\/webshop\/shop\/"},{"@type":"ListItem","position":3,"name":"AT175224-Filtre \u00e0 Air Secondaire"}]},{"@type":"WebSite","@id":"https:\/\/www.groupepayant.fr\/webshop\/#website","url":"https:\/\/www.groupepayant.fr\/webshop\/","name":"WEBSHOP Groupe PAYANT","description":"","publisher":{"@id":"https:\/\/www.groupepayant.fr\/webshop\/#organization"},"potentialAction":[{"@type":"SearchAction","target":{"@type":"EntryPoint","urlTemplate":"https:\/\/www.groupepayant.fr\/webshop\/?s={search_term_string}"},"query-input":{"@type":"PropertyValueSpecification","valueRequired":true,"valueName":"search_term_string"}}],"inLanguage":"fr-FR"},{"@type":"Organization","@id":"https:\/\/www.groupepayant.fr\/webshop\/#organization","name":"Webshop Groupe PAYANT","url":"https:\/\/www.groupepayant.fr\/webshop\/","logo":{"@type":"ImageObject","inLanguage":"fr-FR","@id":"https:\/\/www.groupepayant.fr\/webshop\/#\/schema\/logo\/image\/","url":"","contentUrl":"","caption":"Webshop Groupe PAYANT"},"image":{"@id":"https:\/\/www.groupepayant.fr\/webshop\/#\/schema\/logo\/image\/"},"sameAs":["https:\/\/www.facebook.com\/GroupePayant\/","https:\/\/www.linkedin.com\/company\/groupe-payant\/","https:\/\/www.youtube.com\/c\/GroupePAYANT","https:\/\/www.instagram.com\/groupepayant\/"]}]}},"builder_content":"","_links":{"self":[{"href":"https:\/\/www.groupepayant.fr\/webshop\/wp-json\/wp\/v2\/product\/26348","targetHints":{"allow":["GET"]}}],"collection":[{"href":"https:\/\/www.groupepayant.fr\/webshop\/wp-json\/wp\/v2\/product"}],"about":[{"href":"https:\/\/www.groupepayant.fr\/webshop\/wp-json\/wp\/v2\/types\/product"}],"replies":[{"embeddable":true,"href":"https:\/\/www.groupepayant.fr\/webshop\/wp-json\/wp\/v2\/comments?post=26348"}],"wp:featuredmedia":[{"embeddable":true,"href":"https:\/\/www.groupepayant.fr\/webshop\/wp-json\/wp\/v2\/media\/26336"}],"wp:attachment":[{"href":"https:\/\/www.groupepayant.fr\/webshop\/wp-json\/wp\/v2\/media?parent=26348"}],"wp:term":[{"taxonomy":"product_brand","embeddable":true,"href":"https:\/\/www.groupepayant.fr\/webshop\/wp-json\/wp\/v2\/product_brand?post=26348"},{"taxonomy":"product_cat","embeddable":true,"href":"https:\/\/www.groupepayant.fr\/webshop\/wp-json\/wp\/v2\/product_cat?post=26348"},{"taxonomy":"product_tag","embeddable":true,"href":"https:\/\/www.groupepayant.fr\/webshop\/wp-json\/wp\/v2\/product_tag?post=26348"}],"curies":[{"name":"wp","href":"https:\/\/api.w.org\/{rel}","templated":true}]}}