{"id":26351,"date":"2026-04-01T07:58:26","date_gmt":"2026-04-01T05:58:26","guid":{"rendered":"https:\/\/www.groupepayant.fr\/webshop\/?post_type=product&#038;p=26351"},"modified":"2026-04-01T08:28:08","modified_gmt":"2026-04-01T06:28:08","slug":"filtre-hydraulique","status":"publish","type":"product","link":"https:\/\/www.groupepayant.fr\/webshop\/produit\/filtre-hydraulique\/","title":{"rendered":"F045827-Filtre Hydraulique"},"content":{"rendered":"<p>Filtration sup\u00e9rieure : Le filtre \u00e0 huile hydraulique \u00e9limine efficacement les contaminants du fluide hydraulique, assurant un fonctionnement optimal et r\u00e9duisant l&rsquo;usure des composants du syst\u00e8me hydraulique. Dur\u00e9e de vie prolong\u00e9e du syst\u00e8me : En maintenant un fluide hydraulique propre, le filtre \u00e0 huile hydraulique contribue \u00e0 prolonger la dur\u00e9e de vie de votre syst\u00e8me hydraulique, r\u00e9duisant ainsi les co\u00fbts de maintenance et les temps d&rsquo;arr\u00eat. Performances optimales : La conception de haute qualit\u00e9 du filtre \u00e0 huile hydraulique garantit un d\u00e9bit de fluide optimal, permettant \u00e0 votre syst\u00e8me hydraulique de fonctionner \u00e0 son rendement maximal et de fournir une puissance fiable. Maintenance facile : La conception pratique du filtre \u00e0 huile hydraulique permet un remplacement rapide et facile, assurant ainsi la protection et l&rsquo;efficacit\u00e9 de votre syst\u00e8me hydraulique.<\/p>\n","protected":false},"excerpt":{"rendered":"<p>Filtration sup\u00e9rieure : Le filtre \u00e0 huile hydraulique \u00e9limine efficacement les contaminants du fluide hydraulique, assurant un fonctionnement optimal et r\u00e9duisant l&rsquo;usure des composants du syst\u00e8me hydraulique. Dur\u00e9e de vie prolong\u00e9e du syst\u00e8me : En maintenant un fluide hydraulique propre, le filtre \u00e0 huile hydraulique contribue \u00e0 prolonger la dur\u00e9e de vie de votre syst\u00e8me [&hellip;]<\/p>\n","protected":false},"featured_media":26206,"comment_status":"closed","ping_status":"closed","template":"","meta":{"_monsterinsights_skip_tracking":false,"_monsterinsights_sitenote_active":false,"_monsterinsights_sitenote_note":"","_monsterinsights_sitenote_category":0},"product_brand":[1730],"product_cat":[1471,1798],"product_tag":[582,708],"class_list":{"0":"post-26351","1":"product","2":"type-product","3":"status-publish","4":"has-post-thumbnail","6":"product_brand-john-deere","7":"product_cat-destockage-univers-forestier","8":"product_cat-filtration-john-deere","9":"product_tag-filtre","10":"product_tag-hydraulique","12":"first","13":"instock","14":"sale","15":"taxable","16":"shipping-taxable","17":"purchasable","18":"product-type-simple"},"yoast_head":"<!-- This site is optimized with the Yoast SEO plugin v27.1.1 - https:\/\/yoast.com\/product\/yoast-seo-wordpress\/ -->\n<title>F045827-Filtre Hydraulique - WEBSHOP Groupe PAYANT<\/title>\n<meta name=\"robots\" content=\"index, follow, max-snippet:-1, max-image-preview:large, max-video-preview:-1\" \/>\n<link rel=\"canonical\" href=\"https:\/\/www.groupepayant.fr\/webshop\/produit\/filtre-hydraulique\/\" \/>\n<meta property=\"og:locale\" content=\"fr_FR\" \/>\n<meta property=\"og:type\" content=\"article\" \/>\n<meta property=\"og:title\" content=\"F045827-Filtre Hydraulique - WEBSHOP Groupe PAYANT\" \/>\n<meta property=\"og:description\" content=\"Filtration sup\u00e9rieure : Le filtre \u00e0 huile hydraulique \u00e9limine efficacement les contaminants du fluide hydraulique, assurant un fonctionnement optimal et r\u00e9duisant l&rsquo;usure des composants du syst\u00e8me hydraulique. Dur\u00e9e de vie prolong\u00e9e du syst\u00e8me : En maintenant un fluide hydraulique propre, le filtre \u00e0 huile hydraulique contribue \u00e0 prolonger la dur\u00e9e de vie de votre syst\u00e8me [&hellip;]\" \/>\n<meta property=\"og:url\" content=\"https:\/\/www.groupepayant.fr\/webshop\/produit\/filtre-hydraulique\/\" \/>\n<meta property=\"og:site_name\" content=\"WEBSHOP Groupe PAYANT\" \/>\n<meta property=\"article:publisher\" content=\"https:\/\/www.facebook.com\/GroupePayant\/\" \/>\n<meta property=\"article:modified_time\" content=\"2026-04-01T06:28:08+00:00\" \/>\n<meta property=\"og:image\" content=\"https:\/\/www.groupepayant.fr\/webshop\/wp-content\/uploads\/2026\/03\/pieces-detachees-pour-materiels-forestiers-john-deere.webp\" \/>\n\t<meta property=\"og:image:width\" content=\"600\" \/>\n\t<meta property=\"og:image:height\" content=\"600\" \/>\n\t<meta property=\"og:image:type\" content=\"image\/webp\" \/>\n<meta name=\"twitter:card\" content=\"summary_large_image\" \/>\n<meta name=\"twitter:label1\" content=\"Dur\u00e9e de lecture estim\u00e9e\" \/>\n\t<meta name=\"twitter:data1\" content=\"1 minute\" \/>\n<script type=\"application\/ld+json\" class=\"yoast-schema-graph\">{\"@context\":\"https:\/\/schema.org\",\"@graph\":[{\"@type\":\"WebPage\",\"@id\":\"https:\/\/www.groupepayant.fr\/webshop\/produit\/filtre-hydraulique\/\",\"url\":\"https:\/\/www.groupepayant.fr\/webshop\/produit\/filtre-hydraulique\/\",\"name\":\"F045827-Filtre Hydraulique - WEBSHOP Groupe PAYANT\",\"isPartOf\":{\"@id\":\"https:\/\/www.groupepayant.fr\/webshop\/#website\"},\"primaryImageOfPage\":{\"@id\":\"https:\/\/www.groupepayant.fr\/webshop\/produit\/filtre-hydraulique\/#primaryimage\"},\"image\":{\"@id\":\"https:\/\/www.groupepayant.fr\/webshop\/produit\/filtre-hydraulique\/#primaryimage\"},\"thumbnailUrl\":\"https:\/\/www.groupepayant.fr\/webshop\/wp-content\/uploads\/2026\/03\/pieces-detachees-pour-materiels-forestiers-john-deere.webp\",\"datePublished\":\"2026-04-01T05:58:26+00:00\",\"dateModified\":\"2026-04-01T06:28:08+00:00\",\"breadcrumb\":{\"@id\":\"https:\/\/www.groupepayant.fr\/webshop\/produit\/filtre-hydraulique\/#breadcrumb\"},\"inLanguage\":\"fr-FR\",\"potentialAction\":[{\"@type\":\"ReadAction\",\"target\":[\"https:\/\/www.groupepayant.fr\/webshop\/produit\/filtre-hydraulique\/\"]}]},{\"@type\":\"ImageObject\",\"inLanguage\":\"fr-FR\",\"@id\":\"https:\/\/www.groupepayant.fr\/webshop\/produit\/filtre-hydraulique\/#primaryimage\",\"url\":\"https:\/\/www.groupepayant.fr\/webshop\/wp-content\/uploads\/2026\/03\/pieces-detachees-pour-materiels-forestiers-john-deere.webp\",\"contentUrl\":\"https:\/\/www.groupepayant.fr\/webshop\/wp-content\/uploads\/2026\/03\/pieces-detachees-pour-materiels-forestiers-john-deere.webp\",\"width\":600,\"height\":600,\"caption\":\"Pi\u00e8ces d\u00e9tach\u00e9es pour mat\u00e9riels forestiers John Deere\"},{\"@type\":\"BreadcrumbList\",\"@id\":\"https:\/\/www.groupepayant.fr\/webshop\/produit\/filtre-hydraulique\/#breadcrumb\",\"itemListElement\":[{\"@type\":\"ListItem\",\"position\":1,\"name\":\"Accueil\",\"item\":\"https:\/\/www.groupepayant.fr\/webshop\/\"},{\"@type\":\"ListItem\",\"position\":2,\"name\":\"Webshop\",\"item\":\"https:\/\/www.groupepayant.fr\/webshop\/shop\/\"},{\"@type\":\"ListItem\",\"position\":3,\"name\":\"F045827-Filtre Hydraulique\"}]},{\"@type\":\"WebSite\",\"@id\":\"https:\/\/www.groupepayant.fr\/webshop\/#website\",\"url\":\"https:\/\/www.groupepayant.fr\/webshop\/\",\"name\":\"WEBSHOP Groupe PAYANT\",\"description\":\"\",\"publisher\":{\"@id\":\"https:\/\/www.groupepayant.fr\/webshop\/#organization\"},\"potentialAction\":[{\"@type\":\"SearchAction\",\"target\":{\"@type\":\"EntryPoint\",\"urlTemplate\":\"https:\/\/www.groupepayant.fr\/webshop\/?s={search_term_string}\"},\"query-input\":{\"@type\":\"PropertyValueSpecification\",\"valueRequired\":true,\"valueName\":\"search_term_string\"}}],\"inLanguage\":\"fr-FR\"},{\"@type\":\"Organization\",\"@id\":\"https:\/\/www.groupepayant.fr\/webshop\/#organization\",\"name\":\"Webshop Groupe PAYANT\",\"url\":\"https:\/\/www.groupepayant.fr\/webshop\/\",\"logo\":{\"@type\":\"ImageObject\",\"inLanguage\":\"fr-FR\",\"@id\":\"https:\/\/www.groupepayant.fr\/webshop\/#\/schema\/logo\/image\/\",\"url\":\"\",\"contentUrl\":\"\",\"caption\":\"Webshop Groupe PAYANT\"},\"image\":{\"@id\":\"https:\/\/www.groupepayant.fr\/webshop\/#\/schema\/logo\/image\/\"},\"sameAs\":[\"https:\/\/www.facebook.com\/GroupePayant\/\",\"https:\/\/www.linkedin.com\/company\/groupe-payant\/\",\"https:\/\/www.youtube.com\/c\/GroupePAYANT\",\"https:\/\/www.instagram.com\/groupepayant\/\"]}]}<\/script>\n<!-- \/ Yoast SEO plugin. -->","yoast_head_json":{"title":"F045827-Filtre Hydraulique - WEBSHOP Groupe PAYANT","robots":{"index":"index","follow":"follow","max-snippet":"max-snippet:-1","max-image-preview":"max-image-preview:large","max-video-preview":"max-video-preview:-1"},"canonical":"https:\/\/www.groupepayant.fr\/webshop\/produit\/filtre-hydraulique\/","og_locale":"fr_FR","og_type":"article","og_title":"F045827-Filtre Hydraulique - WEBSHOP Groupe PAYANT","og_description":"Filtration sup\u00e9rieure : Le filtre \u00e0 huile hydraulique \u00e9limine efficacement les contaminants du fluide hydraulique, assurant un fonctionnement optimal et r\u00e9duisant l&rsquo;usure des composants du syst\u00e8me hydraulique. Dur\u00e9e de vie prolong\u00e9e du syst\u00e8me : En maintenant un fluide hydraulique propre, le filtre \u00e0 huile hydraulique contribue \u00e0 prolonger la dur\u00e9e de vie de votre syst\u00e8me [&hellip;]","og_url":"https:\/\/www.groupepayant.fr\/webshop\/produit\/filtre-hydraulique\/","og_site_name":"WEBSHOP Groupe PAYANT","article_publisher":"https:\/\/www.facebook.com\/GroupePayant\/","article_modified_time":"2026-04-01T06:28:08+00:00","og_image":[{"width":600,"height":600,"url":"https:\/\/www.groupepayant.fr\/webshop\/wp-content\/uploads\/2026\/03\/pieces-detachees-pour-materiels-forestiers-john-deere.webp","type":"image\/webp"}],"twitter_card":"summary_large_image","twitter_misc":{"Dur\u00e9e de lecture estim\u00e9e":"1 minute"},"schema":{"@context":"https:\/\/schema.org","@graph":[{"@type":"WebPage","@id":"https:\/\/www.groupepayant.fr\/webshop\/produit\/filtre-hydraulique\/","url":"https:\/\/www.groupepayant.fr\/webshop\/produit\/filtre-hydraulique\/","name":"F045827-Filtre Hydraulique - WEBSHOP Groupe PAYANT","isPartOf":{"@id":"https:\/\/www.groupepayant.fr\/webshop\/#website"},"primaryImageOfPage":{"@id":"https:\/\/www.groupepayant.fr\/webshop\/produit\/filtre-hydraulique\/#primaryimage"},"image":{"@id":"https:\/\/www.groupepayant.fr\/webshop\/produit\/filtre-hydraulique\/#primaryimage"},"thumbnailUrl":"https:\/\/www.groupepayant.fr\/webshop\/wp-content\/uploads\/2026\/03\/pieces-detachees-pour-materiels-forestiers-john-deere.webp","datePublished":"2026-04-01T05:58:26+00:00","dateModified":"2026-04-01T06:28:08+00:00","breadcrumb":{"@id":"https:\/\/www.groupepayant.fr\/webshop\/produit\/filtre-hydraulique\/#breadcrumb"},"inLanguage":"fr-FR","potentialAction":[{"@type":"ReadAction","target":["https:\/\/www.groupepayant.fr\/webshop\/produit\/filtre-hydraulique\/"]}]},{"@type":"ImageObject","inLanguage":"fr-FR","@id":"https:\/\/www.groupepayant.fr\/webshop\/produit\/filtre-hydraulique\/#primaryimage","url":"https:\/\/www.groupepayant.fr\/webshop\/wp-content\/uploads\/2026\/03\/pieces-detachees-pour-materiels-forestiers-john-deere.webp","contentUrl":"https:\/\/www.groupepayant.fr\/webshop\/wp-content\/uploads\/2026\/03\/pieces-detachees-pour-materiels-forestiers-john-deere.webp","width":600,"height":600,"caption":"Pi\u00e8ces d\u00e9tach\u00e9es pour mat\u00e9riels forestiers John Deere"},{"@type":"BreadcrumbList","@id":"https:\/\/www.groupepayant.fr\/webshop\/produit\/filtre-hydraulique\/#breadcrumb","itemListElement":[{"@type":"ListItem","position":1,"name":"Accueil","item":"https:\/\/www.groupepayant.fr\/webshop\/"},{"@type":"ListItem","position":2,"name":"Webshop","item":"https:\/\/www.groupepayant.fr\/webshop\/shop\/"},{"@type":"ListItem","position":3,"name":"F045827-Filtre Hydraulique"}]},{"@type":"WebSite","@id":"https:\/\/www.groupepayant.fr\/webshop\/#website","url":"https:\/\/www.groupepayant.fr\/webshop\/","name":"WEBSHOP Groupe PAYANT","description":"","publisher":{"@id":"https:\/\/www.groupepayant.fr\/webshop\/#organization"},"potentialAction":[{"@type":"SearchAction","target":{"@type":"EntryPoint","urlTemplate":"https:\/\/www.groupepayant.fr\/webshop\/?s={search_term_string}"},"query-input":{"@type":"PropertyValueSpecification","valueRequired":true,"valueName":"search_term_string"}}],"inLanguage":"fr-FR"},{"@type":"Organization","@id":"https:\/\/www.groupepayant.fr\/webshop\/#organization","name":"Webshop Groupe PAYANT","url":"https:\/\/www.groupepayant.fr\/webshop\/","logo":{"@type":"ImageObject","inLanguage":"fr-FR","@id":"https:\/\/www.groupepayant.fr\/webshop\/#\/schema\/logo\/image\/","url":"","contentUrl":"","caption":"Webshop Groupe PAYANT"},"image":{"@id":"https:\/\/www.groupepayant.fr\/webshop\/#\/schema\/logo\/image\/"},"sameAs":["https:\/\/www.facebook.com\/GroupePayant\/","https:\/\/www.linkedin.com\/company\/groupe-payant\/","https:\/\/www.youtube.com\/c\/GroupePAYANT","https:\/\/www.instagram.com\/groupepayant\/"]}]}},"builder_content":"","_links":{"self":[{"href":"https:\/\/www.groupepayant.fr\/webshop\/wp-json\/wp\/v2\/product\/26351","targetHints":{"allow":["GET"]}}],"collection":[{"href":"https:\/\/www.groupepayant.fr\/webshop\/wp-json\/wp\/v2\/product"}],"about":[{"href":"https:\/\/www.groupepayant.fr\/webshop\/wp-json\/wp\/v2\/types\/product"}],"replies":[{"embeddable":true,"href":"https:\/\/www.groupepayant.fr\/webshop\/wp-json\/wp\/v2\/comments?post=26351"}],"wp:featuredmedia":[{"embeddable":true,"href":"https:\/\/www.groupepayant.fr\/webshop\/wp-json\/wp\/v2\/media\/26206"}],"wp:attachment":[{"href":"https:\/\/www.groupepayant.fr\/webshop\/wp-json\/wp\/v2\/media?parent=26351"}],"wp:term":[{"taxonomy":"product_brand","embeddable":true,"href":"https:\/\/www.groupepayant.fr\/webshop\/wp-json\/wp\/v2\/product_brand?post=26351"},{"taxonomy":"product_cat","embeddable":true,"href":"https:\/\/www.groupepayant.fr\/webshop\/wp-json\/wp\/v2\/product_cat?post=26351"},{"taxonomy":"product_tag","embeddable":true,"href":"https:\/\/www.groupepayant.fr\/webshop\/wp-json\/wp\/v2\/product_tag?post=26351"}],"curies":[{"name":"wp","href":"https:\/\/api.w.org\/{rel}","templated":true}]}}