{"id":26360,"date":"2026-04-01T08:08:22","date_gmt":"2026-04-01T06:08:22","guid":{"rendered":"https:\/\/www.groupepayant.fr\/webshop\/?post_type=product&#038;p=26360"},"modified":"2026-04-01T08:27:28","modified_gmt":"2026-04-01T06:27:28","slug":"filtre-a-huile-moteur-3","status":"publish","type":"product","link":"https:\/\/www.groupepayant.fr\/webshop\/produit\/filtre-a-huile-moteur-3\/","title":{"rendered":"F414574-FIltre \u00e0 Huile Moteur"},"content":{"rendered":"<p>Espacement r\u00e9gulier des plis\u00a0: L\u2019espacement r\u00e9gulier des plis du filtre \u00e0 huile optimise l\u2019utilisation de la surface filtrante et augmente ainsi la capacit\u00e9 de filtration pour une meilleure protection du moteur. Embouts m\u00e9talliques avec parois lat\u00e9rales\u00a0: Les embouts m\u00e9talliques du filtre, renforc\u00e9s par des parois lat\u00e9rales, lui conf\u00e8rent une durabilit\u00e9 accrue et garantissent une dur\u00e9e de vie et une fiabilit\u00e9 optimales. Conforme aux intervalles d\u2019entretien prolong\u00e9s John Deere\u00a0: Ce filtre r\u00e9pond aux intervalles d\u2019entretien prolong\u00e9s John Deere, ce qui se traduit par des co\u00fbts de maintenance r\u00e9duits et des remplacements moins fr\u00e9quents. \u00c9l\u00e9ment filtrant sous sachet plastique\u00a0: L\u2019\u00e9l\u00e9ment filtrant est conditionn\u00e9 sous sachet plastique, \u00e9liminant les contaminants et assurant la propret\u00e9 du filtre lors de son installation.<\/p>\n","protected":false},"excerpt":{"rendered":"<p>Espacement r\u00e9gulier des plis\u00a0: L\u2019espacement r\u00e9gulier des plis du filtre \u00e0 huile optimise l\u2019utilisation de la surface filtrante et augmente ainsi la capacit\u00e9 de filtration pour une meilleure protection du moteur. Embouts m\u00e9talliques avec parois lat\u00e9rales\u00a0: Les embouts m\u00e9talliques du filtre, renforc\u00e9s par des parois lat\u00e9rales, lui conf\u00e8rent une durabilit\u00e9 accrue et garantissent une dur\u00e9e [&hellip;]<\/p>\n","protected":false},"featured_media":26206,"comment_status":"closed","ping_status":"closed","template":"","meta":{"_monsterinsights_skip_tracking":false,"_monsterinsights_sitenote_active":false,"_monsterinsights_sitenote_note":"","_monsterinsights_sitenote_category":0},"product_brand":[1730],"product_cat":[1471,1798],"product_tag":[582,518,1455],"class_list":{"0":"post-26360","1":"product","2":"type-product","3":"status-publish","4":"has-post-thumbnail","6":"product_brand-john-deere","7":"product_cat-destockage-univers-forestier","8":"product_cat-filtration-john-deere","9":"product_tag-filtre","10":"product_tag-huile","11":"product_tag-huile-moteur-john-deere","13":"first","14":"instock","15":"sale","16":"taxable","17":"shipping-taxable","18":"purchasable","19":"product-type-simple"},"yoast_head":"<!-- This site is optimized with the Yoast SEO plugin v27.1.1 - https:\/\/yoast.com\/product\/yoast-seo-wordpress\/ -->\n<title>F414574-FIltre \u00e0 Huile Moteur - WEBSHOP Groupe PAYANT<\/title>\n<meta name=\"robots\" content=\"index, follow, max-snippet:-1, max-image-preview:large, max-video-preview:-1\" \/>\n<link rel=\"canonical\" href=\"https:\/\/www.groupepayant.fr\/webshop\/produit\/filtre-a-huile-moteur-3\/\" \/>\n<meta property=\"og:locale\" content=\"fr_FR\" \/>\n<meta property=\"og:type\" content=\"article\" \/>\n<meta property=\"og:title\" content=\"F414574-FIltre \u00e0 Huile Moteur - WEBSHOP Groupe PAYANT\" \/>\n<meta property=\"og:description\" content=\"Espacement r\u00e9gulier des plis\u00a0: L\u2019espacement r\u00e9gulier des plis du filtre \u00e0 huile optimise l\u2019utilisation de la surface filtrante et augmente ainsi la capacit\u00e9 de filtration pour une meilleure protection du moteur. Embouts m\u00e9talliques avec parois lat\u00e9rales\u00a0: Les embouts m\u00e9talliques du filtre, renforc\u00e9s par des parois lat\u00e9rales, lui conf\u00e8rent une durabilit\u00e9 accrue et garantissent une dur\u00e9e [&hellip;]\" \/>\n<meta property=\"og:url\" content=\"https:\/\/www.groupepayant.fr\/webshop\/produit\/filtre-a-huile-moteur-3\/\" \/>\n<meta property=\"og:site_name\" content=\"WEBSHOP Groupe PAYANT\" \/>\n<meta property=\"article:publisher\" content=\"https:\/\/www.facebook.com\/GroupePayant\/\" \/>\n<meta property=\"article:modified_time\" content=\"2026-04-01T06:27:28+00:00\" \/>\n<meta property=\"og:image\" content=\"https:\/\/www.groupepayant.fr\/webshop\/wp-content\/uploads\/2026\/03\/pieces-detachees-pour-materiels-forestiers-john-deere.webp\" \/>\n\t<meta property=\"og:image:width\" content=\"600\" \/>\n\t<meta property=\"og:image:height\" content=\"600\" \/>\n\t<meta property=\"og:image:type\" content=\"image\/webp\" \/>\n<meta name=\"twitter:card\" content=\"summary_large_image\" \/>\n<meta name=\"twitter:label1\" content=\"Dur\u00e9e de lecture estim\u00e9e\" \/>\n\t<meta name=\"twitter:data1\" content=\"1 minute\" \/>\n<script type=\"application\/ld+json\" class=\"yoast-schema-graph\">{\"@context\":\"https:\/\/schema.org\",\"@graph\":[{\"@type\":\"WebPage\",\"@id\":\"https:\/\/www.groupepayant.fr\/webshop\/produit\/filtre-a-huile-moteur-3\/\",\"url\":\"https:\/\/www.groupepayant.fr\/webshop\/produit\/filtre-a-huile-moteur-3\/\",\"name\":\"F414574-FIltre \u00e0 Huile Moteur - WEBSHOP Groupe PAYANT\",\"isPartOf\":{\"@id\":\"https:\/\/www.groupepayant.fr\/webshop\/#website\"},\"primaryImageOfPage\":{\"@id\":\"https:\/\/www.groupepayant.fr\/webshop\/produit\/filtre-a-huile-moteur-3\/#primaryimage\"},\"image\":{\"@id\":\"https:\/\/www.groupepayant.fr\/webshop\/produit\/filtre-a-huile-moteur-3\/#primaryimage\"},\"thumbnailUrl\":\"https:\/\/www.groupepayant.fr\/webshop\/wp-content\/uploads\/2026\/03\/pieces-detachees-pour-materiels-forestiers-john-deere.webp\",\"datePublished\":\"2026-04-01T06:08:22+00:00\",\"dateModified\":\"2026-04-01T06:27:28+00:00\",\"breadcrumb\":{\"@id\":\"https:\/\/www.groupepayant.fr\/webshop\/produit\/filtre-a-huile-moteur-3\/#breadcrumb\"},\"inLanguage\":\"fr-FR\",\"potentialAction\":[{\"@type\":\"ReadAction\",\"target\":[\"https:\/\/www.groupepayant.fr\/webshop\/produit\/filtre-a-huile-moteur-3\/\"]}]},{\"@type\":\"ImageObject\",\"inLanguage\":\"fr-FR\",\"@id\":\"https:\/\/www.groupepayant.fr\/webshop\/produit\/filtre-a-huile-moteur-3\/#primaryimage\",\"url\":\"https:\/\/www.groupepayant.fr\/webshop\/wp-content\/uploads\/2026\/03\/pieces-detachees-pour-materiels-forestiers-john-deere.webp\",\"contentUrl\":\"https:\/\/www.groupepayant.fr\/webshop\/wp-content\/uploads\/2026\/03\/pieces-detachees-pour-materiels-forestiers-john-deere.webp\",\"width\":600,\"height\":600,\"caption\":\"Pi\u00e8ces d\u00e9tach\u00e9es pour mat\u00e9riels forestiers John Deere\"},{\"@type\":\"BreadcrumbList\",\"@id\":\"https:\/\/www.groupepayant.fr\/webshop\/produit\/filtre-a-huile-moteur-3\/#breadcrumb\",\"itemListElement\":[{\"@type\":\"ListItem\",\"position\":1,\"name\":\"Accueil\",\"item\":\"https:\/\/www.groupepayant.fr\/webshop\/\"},{\"@type\":\"ListItem\",\"position\":2,\"name\":\"Webshop\",\"item\":\"https:\/\/www.groupepayant.fr\/webshop\/shop\/\"},{\"@type\":\"ListItem\",\"position\":3,\"name\":\"F414574-FIltre \u00e0 Huile Moteur\"}]},{\"@type\":\"WebSite\",\"@id\":\"https:\/\/www.groupepayant.fr\/webshop\/#website\",\"url\":\"https:\/\/www.groupepayant.fr\/webshop\/\",\"name\":\"WEBSHOP Groupe PAYANT\",\"description\":\"\",\"publisher\":{\"@id\":\"https:\/\/www.groupepayant.fr\/webshop\/#organization\"},\"potentialAction\":[{\"@type\":\"SearchAction\",\"target\":{\"@type\":\"EntryPoint\",\"urlTemplate\":\"https:\/\/www.groupepayant.fr\/webshop\/?s={search_term_string}\"},\"query-input\":{\"@type\":\"PropertyValueSpecification\",\"valueRequired\":true,\"valueName\":\"search_term_string\"}}],\"inLanguage\":\"fr-FR\"},{\"@type\":\"Organization\",\"@id\":\"https:\/\/www.groupepayant.fr\/webshop\/#organization\",\"name\":\"Webshop Groupe PAYANT\",\"url\":\"https:\/\/www.groupepayant.fr\/webshop\/\",\"logo\":{\"@type\":\"ImageObject\",\"inLanguage\":\"fr-FR\",\"@id\":\"https:\/\/www.groupepayant.fr\/webshop\/#\/schema\/logo\/image\/\",\"url\":\"\",\"contentUrl\":\"\",\"caption\":\"Webshop Groupe PAYANT\"},\"image\":{\"@id\":\"https:\/\/www.groupepayant.fr\/webshop\/#\/schema\/logo\/image\/\"},\"sameAs\":[\"https:\/\/www.facebook.com\/GroupePayant\/\",\"https:\/\/www.linkedin.com\/company\/groupe-payant\/\",\"https:\/\/www.youtube.com\/c\/GroupePAYANT\",\"https:\/\/www.instagram.com\/groupepayant\/\"]}]}<\/script>\n<!-- \/ Yoast SEO plugin. -->","yoast_head_json":{"title":"F414574-FIltre \u00e0 Huile Moteur - WEBSHOP Groupe PAYANT","robots":{"index":"index","follow":"follow","max-snippet":"max-snippet:-1","max-image-preview":"max-image-preview:large","max-video-preview":"max-video-preview:-1"},"canonical":"https:\/\/www.groupepayant.fr\/webshop\/produit\/filtre-a-huile-moteur-3\/","og_locale":"fr_FR","og_type":"article","og_title":"F414574-FIltre \u00e0 Huile Moteur - WEBSHOP Groupe PAYANT","og_description":"Espacement r\u00e9gulier des plis\u00a0: L\u2019espacement r\u00e9gulier des plis du filtre \u00e0 huile optimise l\u2019utilisation de la surface filtrante et augmente ainsi la capacit\u00e9 de filtration pour une meilleure protection du moteur. Embouts m\u00e9talliques avec parois lat\u00e9rales\u00a0: Les embouts m\u00e9talliques du filtre, renforc\u00e9s par des parois lat\u00e9rales, lui conf\u00e8rent une durabilit\u00e9 accrue et garantissent une dur\u00e9e [&hellip;]","og_url":"https:\/\/www.groupepayant.fr\/webshop\/produit\/filtre-a-huile-moteur-3\/","og_site_name":"WEBSHOP Groupe PAYANT","article_publisher":"https:\/\/www.facebook.com\/GroupePayant\/","article_modified_time":"2026-04-01T06:27:28+00:00","og_image":[{"width":600,"height":600,"url":"https:\/\/www.groupepayant.fr\/webshop\/wp-content\/uploads\/2026\/03\/pieces-detachees-pour-materiels-forestiers-john-deere.webp","type":"image\/webp"}],"twitter_card":"summary_large_image","twitter_misc":{"Dur\u00e9e de lecture estim\u00e9e":"1 minute"},"schema":{"@context":"https:\/\/schema.org","@graph":[{"@type":"WebPage","@id":"https:\/\/www.groupepayant.fr\/webshop\/produit\/filtre-a-huile-moteur-3\/","url":"https:\/\/www.groupepayant.fr\/webshop\/produit\/filtre-a-huile-moteur-3\/","name":"F414574-FIltre \u00e0 Huile Moteur - WEBSHOP Groupe PAYANT","isPartOf":{"@id":"https:\/\/www.groupepayant.fr\/webshop\/#website"},"primaryImageOfPage":{"@id":"https:\/\/www.groupepayant.fr\/webshop\/produit\/filtre-a-huile-moteur-3\/#primaryimage"},"image":{"@id":"https:\/\/www.groupepayant.fr\/webshop\/produit\/filtre-a-huile-moteur-3\/#primaryimage"},"thumbnailUrl":"https:\/\/www.groupepayant.fr\/webshop\/wp-content\/uploads\/2026\/03\/pieces-detachees-pour-materiels-forestiers-john-deere.webp","datePublished":"2026-04-01T06:08:22+00:00","dateModified":"2026-04-01T06:27:28+00:00","breadcrumb":{"@id":"https:\/\/www.groupepayant.fr\/webshop\/produit\/filtre-a-huile-moteur-3\/#breadcrumb"},"inLanguage":"fr-FR","potentialAction":[{"@type":"ReadAction","target":["https:\/\/www.groupepayant.fr\/webshop\/produit\/filtre-a-huile-moteur-3\/"]}]},{"@type":"ImageObject","inLanguage":"fr-FR","@id":"https:\/\/www.groupepayant.fr\/webshop\/produit\/filtre-a-huile-moteur-3\/#primaryimage","url":"https:\/\/www.groupepayant.fr\/webshop\/wp-content\/uploads\/2026\/03\/pieces-detachees-pour-materiels-forestiers-john-deere.webp","contentUrl":"https:\/\/www.groupepayant.fr\/webshop\/wp-content\/uploads\/2026\/03\/pieces-detachees-pour-materiels-forestiers-john-deere.webp","width":600,"height":600,"caption":"Pi\u00e8ces d\u00e9tach\u00e9es pour mat\u00e9riels forestiers John Deere"},{"@type":"BreadcrumbList","@id":"https:\/\/www.groupepayant.fr\/webshop\/produit\/filtre-a-huile-moteur-3\/#breadcrumb","itemListElement":[{"@type":"ListItem","position":1,"name":"Accueil","item":"https:\/\/www.groupepayant.fr\/webshop\/"},{"@type":"ListItem","position":2,"name":"Webshop","item":"https:\/\/www.groupepayant.fr\/webshop\/shop\/"},{"@type":"ListItem","position":3,"name":"F414574-FIltre \u00e0 Huile Moteur"}]},{"@type":"WebSite","@id":"https:\/\/www.groupepayant.fr\/webshop\/#website","url":"https:\/\/www.groupepayant.fr\/webshop\/","name":"WEBSHOP Groupe PAYANT","description":"","publisher":{"@id":"https:\/\/www.groupepayant.fr\/webshop\/#organization"},"potentialAction":[{"@type":"SearchAction","target":{"@type":"EntryPoint","urlTemplate":"https:\/\/www.groupepayant.fr\/webshop\/?s={search_term_string}"},"query-input":{"@type":"PropertyValueSpecification","valueRequired":true,"valueName":"search_term_string"}}],"inLanguage":"fr-FR"},{"@type":"Organization","@id":"https:\/\/www.groupepayant.fr\/webshop\/#organization","name":"Webshop Groupe PAYANT","url":"https:\/\/www.groupepayant.fr\/webshop\/","logo":{"@type":"ImageObject","inLanguage":"fr-FR","@id":"https:\/\/www.groupepayant.fr\/webshop\/#\/schema\/logo\/image\/","url":"","contentUrl":"","caption":"Webshop Groupe PAYANT"},"image":{"@id":"https:\/\/www.groupepayant.fr\/webshop\/#\/schema\/logo\/image\/"},"sameAs":["https:\/\/www.facebook.com\/GroupePayant\/","https:\/\/www.linkedin.com\/company\/groupe-payant\/","https:\/\/www.youtube.com\/c\/GroupePAYANT","https:\/\/www.instagram.com\/groupepayant\/"]}]}},"builder_content":"","_links":{"self":[{"href":"https:\/\/www.groupepayant.fr\/webshop\/wp-json\/wp\/v2\/product\/26360","targetHints":{"allow":["GET"]}}],"collection":[{"href":"https:\/\/www.groupepayant.fr\/webshop\/wp-json\/wp\/v2\/product"}],"about":[{"href":"https:\/\/www.groupepayant.fr\/webshop\/wp-json\/wp\/v2\/types\/product"}],"replies":[{"embeddable":true,"href":"https:\/\/www.groupepayant.fr\/webshop\/wp-json\/wp\/v2\/comments?post=26360"}],"wp:featuredmedia":[{"embeddable":true,"href":"https:\/\/www.groupepayant.fr\/webshop\/wp-json\/wp\/v2\/media\/26206"}],"wp:attachment":[{"href":"https:\/\/www.groupepayant.fr\/webshop\/wp-json\/wp\/v2\/media?parent=26360"}],"wp:term":[{"taxonomy":"product_brand","embeddable":true,"href":"https:\/\/www.groupepayant.fr\/webshop\/wp-json\/wp\/v2\/product_brand?post=26360"},{"taxonomy":"product_cat","embeddable":true,"href":"https:\/\/www.groupepayant.fr\/webshop\/wp-json\/wp\/v2\/product_cat?post=26360"},{"taxonomy":"product_tag","embeddable":true,"href":"https:\/\/www.groupepayant.fr\/webshop\/wp-json\/wp\/v2\/product_tag?post=26360"}],"curies":[{"name":"wp","href":"https:\/\/api.w.org\/{rel}","templated":true}]}}