{"id":9652,"date":"2018-03-16T17:35:09","date_gmt":"2018-03-16T16:35:09","guid":{"rendered":"http:\/\/www.groupepayant.fr\/wordptest\/?post_type=product&#038;p=9652"},"modified":"2025-12-16T13:25:57","modified_gmt":"2025-12-16T12:25:57","slug":"veste-de-travail-haute-visibilite-volvo","status":"publish","type":"product","link":"https:\/\/www.groupepayant.fr\/webshop\/produit\/veste-de-travail-haute-visibilite-volvo\/","title":{"rendered":"Veste de travail Volvo haute visibilit\u00e9"},"content":{"rendered":"<table class=\"tech_table\">\n<tbody>\n<tr>\n<td>Couleur<\/td>\n<td>Jaune fluorescent<\/td>\n<\/tr>\n<tr>\n<td>Mod\u00e8le<\/td>\n<td>Homme<\/td>\n<\/tr>\n<tr>\n<td>Mat\u00e9riel<\/td>\n<td>68% polyester et 32% coton<\/td>\n<\/tr>\n<tr>\n<td>Poids de fabrique<\/td>\n<td>275 g\/m2<\/td>\n<\/tr>\n<tr>\n<td>Poids Total<\/td>\n<td>980 g<\/td>\n<\/tr>\n<tr>\n<td>Longueur du dos central<\/td>\n<td>77 cm (taille L)<\/td>\n<\/tr>\n<tr>\n<td>Classe de s\u00e9curit\u00e9<\/td>\n<td>EN471-Class 3<\/td>\n<\/tr>\n<tr>\n<td>Tailles<\/td>\n<td>Du S au 2XL<\/td>\n<\/tr>\n<\/tbody>\n<\/table>\n","protected":false},"excerpt":{"rendered":"<p>Veste haute visibilit\u00e9 avec l&#8217;empreinte Iron Mark sur la poitrine et \u00e0 l&rsquo;arri\u00e8re. Devant ruban r\u00e9fl\u00e9chissant sur les manches et le dos. La veste est haute s\u00e9curit\u00e9 avec des caract\u00e9ristiques pratiques la rendant id\u00e9al pour tout lieu de travail exigeant.<\/p>\n<p>\u2022 S\u00e9curit\u00e9 EN471-Classe 3<br \/>\n\u2022 Fermeture \u00e0 glissi\u00e8re jusqu&rsquo;au col et fermeture \u00e0 glissi\u00e8re devant avec boutons pression<br \/>\n\u2022 Deux poches poitrine, une avec boucle, l&rsquo;autre pour documents<br \/>\n\u2022 Poche int\u00e9rieure et deux poches lat\u00e9rales profondes avec fermetures \u00e0 glissi\u00e8re<br \/>\n\u2022 Taille et poignet ajustables.<\/p>\n<p><strong>Guide des tailles : <a style=\"color: #9d92fd;\" href=\"https:\/\/www.groupepayant.fr\/pdfs\/volvo\/GroupePayant-volvo-sizechart.pdf\">cliquer ici <\/a><\/strong><\/p>\n","protected":false},"featured_media":13377,"comment_status":"closed","ping_status":"closed","template":"","meta":{"_monsterinsights_skip_tracking":false,"_monsterinsights_sitenote_active":false,"_monsterinsights_sitenote_note":"","_monsterinsights_sitenote_category":0},"product_brand":[1708],"product_cat":[266,269,285],"product_tag":[426,425,424,399,398],"class_list":{"0":"post-9652","1":"product","2":"type-product","3":"status-publish","4":"has-post-thumbnail","6":"product_brand-volvo","7":"product_cat-merchandising","8":"product_cat-textiles","9":"product_cat-textiles-volvo","10":"product_tag-veste-de-travail","11":"product_tag-veste-de-travail-haute-visibilite","12":"product_tag-veste-de-travail-haute-visibilite-volvo","13":"product_tag-workwear-jacket","14":"product_tag-workwear-jacket-volvo","16":"first","17":"instock","18":"taxable","19":"shipping-taxable","20":"purchasable","21":"product-type-variable"},"yoast_head":"<!-- This site is optimized with the Yoast SEO plugin v27.1.1 - https:\/\/yoast.com\/product\/yoast-seo-wordpress\/ -->\n<title>Veste de travail Volvo haute visibilit\u00e9 - WEBSHOP Groupe PAYANT<\/title>\n<meta name=\"robots\" content=\"index, follow, max-snippet:-1, max-image-preview:large, max-video-preview:-1\" \/>\n<link rel=\"canonical\" href=\"https:\/\/www.groupepayant.fr\/webshop\/produit\/veste-de-travail-haute-visibilite-volvo\/\" \/>\n<meta property=\"og:locale\" content=\"fr_FR\" \/>\n<meta property=\"og:type\" content=\"article\" \/>\n<meta property=\"og:title\" content=\"Veste de travail Volvo haute visibilit\u00e9 - WEBSHOP Groupe PAYANT\" \/>\n<meta property=\"og:description\" content=\"Veste haute visibilit\u00e9 avec l&#039;empreinte Iron Mark sur la poitrine et \u00e0 l&#039;arri\u00e8re. Devant ruban r\u00e9fl\u00e9chissant sur les manches et le dos. La veste est haute s\u00e9curit\u00e9 avec des caract\u00e9ristiques pratiques la rendant id\u00e9al pour tout lieu de travail exigeant.  \u2022 S\u00e9curit\u00e9 EN471-Classe 3 \u2022 Fermeture \u00e0 glissi\u00e8re jusqu&#039;au col et fermeture \u00e0 glissi\u00e8re devant avec boutons pression \u2022 Deux poches poitrine, une avec boucle, l&#039;autre pour documents \u2022 Poche int\u00e9rieure et deux poches lat\u00e9rales profondes avec fermetures \u00e0 glissi\u00e8re \u2022 Taille et poignet ajustables.  Guide des tailles : cliquer ici\" \/>\n<meta property=\"og:url\" content=\"https:\/\/www.groupepayant.fr\/webshop\/produit\/veste-de-travail-haute-visibilite-volvo\/\" \/>\n<meta property=\"og:site_name\" content=\"WEBSHOP Groupe PAYANT\" \/>\n<meta property=\"article:publisher\" content=\"https:\/\/www.facebook.com\/GroupePayant\/\" \/>\n<meta property=\"article:modified_time\" content=\"2025-12-16T12:25:57+00:00\" \/>\n<meta property=\"og:image\" content=\"https:\/\/www.groupepayant.fr\/webshop\/wp-content\/uploads\/2018\/03\/Veste-de-travail-hte-visibilite-Volvo.jpg\" \/>\n\t<meta property=\"og:image:width\" content=\"600\" \/>\n\t<meta property=\"og:image:height\" content=\"600\" \/>\n\t<meta property=\"og:image:type\" content=\"image\/jpeg\" \/>\n<meta name=\"twitter:card\" content=\"summary_large_image\" \/>\n<meta name=\"twitter:label1\" content=\"Dur\u00e9e de lecture estim\u00e9e\" \/>\n\t<meta name=\"twitter:data1\" content=\"1 minute\" \/>\n<script type=\"application\/ld+json\" class=\"yoast-schema-graph\">{\"@context\":\"https:\/\/schema.org\",\"@graph\":[{\"@type\":\"WebPage\",\"@id\":\"https:\/\/www.groupepayant.fr\/webshop\/produit\/veste-de-travail-haute-visibilite-volvo\/\",\"url\":\"https:\/\/www.groupepayant.fr\/webshop\/produit\/veste-de-travail-haute-visibilite-volvo\/\",\"name\":\"Veste de travail Volvo haute visibilit\u00e9 - WEBSHOP Groupe PAYANT\",\"isPartOf\":{\"@id\":\"https:\/\/www.groupepayant.fr\/webshop\/#website\"},\"primaryImageOfPage\":{\"@id\":\"https:\/\/www.groupepayant.fr\/webshop\/produit\/veste-de-travail-haute-visibilite-volvo\/#primaryimage\"},\"image\":{\"@id\":\"https:\/\/www.groupepayant.fr\/webshop\/produit\/veste-de-travail-haute-visibilite-volvo\/#primaryimage\"},\"thumbnailUrl\":\"https:\/\/www.groupepayant.fr\/webshop\/wp-content\/uploads\/2018\/03\/Veste-de-travail-hte-visibilite-Volvo.jpg\",\"datePublished\":\"2018-03-16T16:35:09+00:00\",\"dateModified\":\"2025-12-16T12:25:57+00:00\",\"breadcrumb\":{\"@id\":\"https:\/\/www.groupepayant.fr\/webshop\/produit\/veste-de-travail-haute-visibilite-volvo\/#breadcrumb\"},\"inLanguage\":\"fr-FR\",\"potentialAction\":[{\"@type\":\"ReadAction\",\"target\":[\"https:\/\/www.groupepayant.fr\/webshop\/produit\/veste-de-travail-haute-visibilite-volvo\/\"]}]},{\"@type\":\"ImageObject\",\"inLanguage\":\"fr-FR\",\"@id\":\"https:\/\/www.groupepayant.fr\/webshop\/produit\/veste-de-travail-haute-visibilite-volvo\/#primaryimage\",\"url\":\"https:\/\/www.groupepayant.fr\/webshop\/wp-content\/uploads\/2018\/03\/Veste-de-travail-hte-visibilite-Volvo.jpg\",\"contentUrl\":\"https:\/\/www.groupepayant.fr\/webshop\/wp-content\/uploads\/2018\/03\/Veste-de-travail-hte-visibilite-Volvo.jpg\",\"width\":600,\"height\":600,\"caption\":\"Veste de travail haute visibilit\u00e9 Volvo\"},{\"@type\":\"BreadcrumbList\",\"@id\":\"https:\/\/www.groupepayant.fr\/webshop\/produit\/veste-de-travail-haute-visibilite-volvo\/#breadcrumb\",\"itemListElement\":[{\"@type\":\"ListItem\",\"position\":1,\"name\":\"Accueil\",\"item\":\"https:\/\/www.groupepayant.fr\/webshop\/\"},{\"@type\":\"ListItem\",\"position\":2,\"name\":\"Webshop\",\"item\":\"https:\/\/www.groupepayant.fr\/webshop\/shop\/\"},{\"@type\":\"ListItem\",\"position\":3,\"name\":\"Veste de travail Volvo haute visibilit\u00e9\"}]},{\"@type\":\"WebSite\",\"@id\":\"https:\/\/www.groupepayant.fr\/webshop\/#website\",\"url\":\"https:\/\/www.groupepayant.fr\/webshop\/\",\"name\":\"WEBSHOP Groupe PAYANT\",\"description\":\"\",\"publisher\":{\"@id\":\"https:\/\/www.groupepayant.fr\/webshop\/#organization\"},\"potentialAction\":[{\"@type\":\"SearchAction\",\"target\":{\"@type\":\"EntryPoint\",\"urlTemplate\":\"https:\/\/www.groupepayant.fr\/webshop\/?s={search_term_string}\"},\"query-input\":{\"@type\":\"PropertyValueSpecification\",\"valueRequired\":true,\"valueName\":\"search_term_string\"}}],\"inLanguage\":\"fr-FR\"},{\"@type\":\"Organization\",\"@id\":\"https:\/\/www.groupepayant.fr\/webshop\/#organization\",\"name\":\"Webshop Groupe PAYANT\",\"url\":\"https:\/\/www.groupepayant.fr\/webshop\/\",\"logo\":{\"@type\":\"ImageObject\",\"inLanguage\":\"fr-FR\",\"@id\":\"https:\/\/www.groupepayant.fr\/webshop\/#\/schema\/logo\/image\/\",\"url\":\"\",\"contentUrl\":\"\",\"caption\":\"Webshop Groupe PAYANT\"},\"image\":{\"@id\":\"https:\/\/www.groupepayant.fr\/webshop\/#\/schema\/logo\/image\/\"},\"sameAs\":[\"https:\/\/www.facebook.com\/GroupePayant\/\",\"https:\/\/www.linkedin.com\/company\/groupe-payant\/\",\"https:\/\/www.youtube.com\/c\/GroupePAYANT\",\"https:\/\/www.instagram.com\/groupepayant\/\"]}]}<\/script>\n<!-- \/ Yoast SEO plugin. -->","yoast_head_json":{"title":"Veste de travail Volvo haute visibilit\u00e9 - WEBSHOP Groupe PAYANT","robots":{"index":"index","follow":"follow","max-snippet":"max-snippet:-1","max-image-preview":"max-image-preview:large","max-video-preview":"max-video-preview:-1"},"canonical":"https:\/\/www.groupepayant.fr\/webshop\/produit\/veste-de-travail-haute-visibilite-volvo\/","og_locale":"fr_FR","og_type":"article","og_title":"Veste de travail Volvo haute visibilit\u00e9 - WEBSHOP Groupe PAYANT","og_description":"Veste haute visibilit\u00e9 avec l'empreinte Iron Mark sur la poitrine et \u00e0 l'arri\u00e8re. Devant ruban r\u00e9fl\u00e9chissant sur les manches et le dos. La veste est haute s\u00e9curit\u00e9 avec des caract\u00e9ristiques pratiques la rendant id\u00e9al pour tout lieu de travail exigeant.  \u2022 S\u00e9curit\u00e9 EN471-Classe 3 \u2022 Fermeture \u00e0 glissi\u00e8re jusqu'au col et fermeture \u00e0 glissi\u00e8re devant avec boutons pression \u2022 Deux poches poitrine, une avec boucle, l'autre pour documents \u2022 Poche int\u00e9rieure et deux poches lat\u00e9rales profondes avec fermetures \u00e0 glissi\u00e8re \u2022 Taille et poignet ajustables.  Guide des tailles : cliquer ici","og_url":"https:\/\/www.groupepayant.fr\/webshop\/produit\/veste-de-travail-haute-visibilite-volvo\/","og_site_name":"WEBSHOP Groupe PAYANT","article_publisher":"https:\/\/www.facebook.com\/GroupePayant\/","article_modified_time":"2025-12-16T12:25:57+00:00","og_image":[{"width":600,"height":600,"url":"https:\/\/www.groupepayant.fr\/webshop\/wp-content\/uploads\/2018\/03\/Veste-de-travail-hte-visibilite-Volvo.jpg","type":"image\/jpeg"}],"twitter_card":"summary_large_image","twitter_misc":{"Dur\u00e9e de lecture estim\u00e9e":"1 minute"},"schema":{"@context":"https:\/\/schema.org","@graph":[{"@type":"WebPage","@id":"https:\/\/www.groupepayant.fr\/webshop\/produit\/veste-de-travail-haute-visibilite-volvo\/","url":"https:\/\/www.groupepayant.fr\/webshop\/produit\/veste-de-travail-haute-visibilite-volvo\/","name":"Veste de travail Volvo haute visibilit\u00e9 - WEBSHOP Groupe PAYANT","isPartOf":{"@id":"https:\/\/www.groupepayant.fr\/webshop\/#website"},"primaryImageOfPage":{"@id":"https:\/\/www.groupepayant.fr\/webshop\/produit\/veste-de-travail-haute-visibilite-volvo\/#primaryimage"},"image":{"@id":"https:\/\/www.groupepayant.fr\/webshop\/produit\/veste-de-travail-haute-visibilite-volvo\/#primaryimage"},"thumbnailUrl":"https:\/\/www.groupepayant.fr\/webshop\/wp-content\/uploads\/2018\/03\/Veste-de-travail-hte-visibilite-Volvo.jpg","datePublished":"2018-03-16T16:35:09+00:00","dateModified":"2025-12-16T12:25:57+00:00","breadcrumb":{"@id":"https:\/\/www.groupepayant.fr\/webshop\/produit\/veste-de-travail-haute-visibilite-volvo\/#breadcrumb"},"inLanguage":"fr-FR","potentialAction":[{"@type":"ReadAction","target":["https:\/\/www.groupepayant.fr\/webshop\/produit\/veste-de-travail-haute-visibilite-volvo\/"]}]},{"@type":"ImageObject","inLanguage":"fr-FR","@id":"https:\/\/www.groupepayant.fr\/webshop\/produit\/veste-de-travail-haute-visibilite-volvo\/#primaryimage","url":"https:\/\/www.groupepayant.fr\/webshop\/wp-content\/uploads\/2018\/03\/Veste-de-travail-hte-visibilite-Volvo.jpg","contentUrl":"https:\/\/www.groupepayant.fr\/webshop\/wp-content\/uploads\/2018\/03\/Veste-de-travail-hte-visibilite-Volvo.jpg","width":600,"height":600,"caption":"Veste de travail haute visibilit\u00e9 Volvo"},{"@type":"BreadcrumbList","@id":"https:\/\/www.groupepayant.fr\/webshop\/produit\/veste-de-travail-haute-visibilite-volvo\/#breadcrumb","itemListElement":[{"@type":"ListItem","position":1,"name":"Accueil","item":"https:\/\/www.groupepayant.fr\/webshop\/"},{"@type":"ListItem","position":2,"name":"Webshop","item":"https:\/\/www.groupepayant.fr\/webshop\/shop\/"},{"@type":"ListItem","position":3,"name":"Veste de travail Volvo haute visibilit\u00e9"}]},{"@type":"WebSite","@id":"https:\/\/www.groupepayant.fr\/webshop\/#website","url":"https:\/\/www.groupepayant.fr\/webshop\/","name":"WEBSHOP Groupe PAYANT","description":"","publisher":{"@id":"https:\/\/www.groupepayant.fr\/webshop\/#organization"},"potentialAction":[{"@type":"SearchAction","target":{"@type":"EntryPoint","urlTemplate":"https:\/\/www.groupepayant.fr\/webshop\/?s={search_term_string}"},"query-input":{"@type":"PropertyValueSpecification","valueRequired":true,"valueName":"search_term_string"}}],"inLanguage":"fr-FR"},{"@type":"Organization","@id":"https:\/\/www.groupepayant.fr\/webshop\/#organization","name":"Webshop Groupe PAYANT","url":"https:\/\/www.groupepayant.fr\/webshop\/","logo":{"@type":"ImageObject","inLanguage":"fr-FR","@id":"https:\/\/www.groupepayant.fr\/webshop\/#\/schema\/logo\/image\/","url":"","contentUrl":"","caption":"Webshop Groupe PAYANT"},"image":{"@id":"https:\/\/www.groupepayant.fr\/webshop\/#\/schema\/logo\/image\/"},"sameAs":["https:\/\/www.facebook.com\/GroupePayant\/","https:\/\/www.linkedin.com\/company\/groupe-payant\/","https:\/\/www.youtube.com\/c\/GroupePAYANT","https:\/\/www.instagram.com\/groupepayant\/"]}]}},"builder_content":"","_links":{"self":[{"href":"https:\/\/www.groupepayant.fr\/webshop\/wp-json\/wp\/v2\/product\/9652","targetHints":{"allow":["GET"]}}],"collection":[{"href":"https:\/\/www.groupepayant.fr\/webshop\/wp-json\/wp\/v2\/product"}],"about":[{"href":"https:\/\/www.groupepayant.fr\/webshop\/wp-json\/wp\/v2\/types\/product"}],"replies":[{"embeddable":true,"href":"https:\/\/www.groupepayant.fr\/webshop\/wp-json\/wp\/v2\/comments?post=9652"}],"wp:featuredmedia":[{"embeddable":true,"href":"https:\/\/www.groupepayant.fr\/webshop\/wp-json\/wp\/v2\/media\/13377"}],"wp:attachment":[{"href":"https:\/\/www.groupepayant.fr\/webshop\/wp-json\/wp\/v2\/media?parent=9652"}],"wp:term":[{"taxonomy":"product_brand","embeddable":true,"href":"https:\/\/www.groupepayant.fr\/webshop\/wp-json\/wp\/v2\/product_brand?post=9652"},{"taxonomy":"product_cat","embeddable":true,"href":"https:\/\/www.groupepayant.fr\/webshop\/wp-json\/wp\/v2\/product_cat?post=9652"},{"taxonomy":"product_tag","embeddable":true,"href":"https:\/\/www.groupepayant.fr\/webshop\/wp-json\/wp\/v2\/product_tag?post=9652"}],"curies":[{"name":"wp","href":"https:\/\/api.w.org\/{rel}","templated":true}]}}