{"id":9653,"date":"2018-03-16T17:36:42","date_gmt":"2018-03-16T16:36:42","guid":{"rendered":"http:\/\/www.groupepayant.fr\/wordptest\/?post_type=product&#038;p=9653"},"modified":"2025-08-06T09:30:45","modified_gmt":"2025-08-06T07:30:45","slug":"pantalon-de-travail-haute-visibilite","status":"publish","type":"product","link":"https:\/\/www.groupepayant.fr\/webshop\/produit\/pantalon-de-travail-haute-visibilite\/","title":{"rendered":"Pantalon de travail Volvo haute visibilit\u00e9"},"content":{"rendered":"<table class=\"tech_table\">\n<tbody>\n<tr>\n<td>Couleur<\/td>\n<td>Jaune Fluorescent<\/td>\n<\/tr>\n<tr>\n<td>Mod\u00e8le<\/td>\n<td>Homme<\/td>\n<\/tr>\n<tr>\n<td>Mat\u00e9riel<\/td>\n<td>68% polyester, 32% coton, Enforcements 100% polyamid, Cordura\u00ae<\/td>\n<\/tr>\n<tr>\n<td>Poids de fabrique<\/td>\n<td>275 g\/m2<\/td>\n<\/tr>\n<tr>\n<td>Poids total<\/td>\n<td>780 g<\/td>\n<\/tr>\n<tr>\n<td>Longueur du dos central<\/td>\n<td>77 cm (Taille L)<\/td>\n<\/tr>\n<tr>\n<td>Classe de s\u00e9curit\u00e9<\/td>\n<td>EN471-classe 2<\/td>\n<\/tr>\n<tr>\n<td>Tailles<\/td>\n<td>du 46 au 54<\/td>\n<\/tr>\n<\/tbody>\n<\/table>\n","protected":false},"excerpt":{"rendered":"<p>Pantalon haute visibilit\u00e9 avec l&rsquo;imprim\u00e9 Iron Mark sur la poche avant. Ce pantalon vous permettra de rester visible et organis\u00e9 dans votre travail sur le site avec des fonctionnalit\u00e9s pratiques telles que les poches de r\u00e8gles, de stylos et de t\u00e9l\u00e9phones, de multiples boucles et des poches de protection pour les genoux \u00e0 l&rsquo;int\u00e9rieur. Max 50 lavages \u00e0 60\u00baC.<\/p>\n<p>\u2022 Poches lat\u00e9rales \u00e0 l&rsquo;avant et poche de s\u00e9curit\u00e9 avec fermeture \u00e0 glissi\u00e8re sur le c\u00f4t\u00e9 droit<br \/>\n\u2022 Deux poches sur les jambes avec compartiment pour stylos<br \/>\n\u2022 Bord renforc\u00e9 des poches<\/p>\n<p><strong>Guide des tailles : <a style=\"color: #9d92fd;\" href=\"https:\/\/www.groupepayant.fr\/pdfs\/volvo\/GroupePayant-volvo-sizechart.pdf\">cliquer ici <\/a><\/strong><\/p>\n","protected":false},"featured_media":13380,"comment_status":"closed","ping_status":"closed","template":"","meta":{"_monsterinsights_skip_tracking":false,"_monsterinsights_sitenote_active":false,"_monsterinsights_sitenote_note":"","_monsterinsights_sitenote_category":0},"product_brand":[1708],"product_cat":[266,269,285],"product_tag":[422,423,421,401,400],"class_list":{"0":"post-9653","1":"product","2":"type-product","3":"status-publish","4":"has-post-thumbnail","6":"product_brand-volvo","7":"product_cat-merchandising","8":"product_cat-textiles","9":"product_cat-textiles-volvo","10":"product_tag-pantalon-de-travail","11":"product_tag-pantalon-de-travail-haute-visibilite","12":"product_tag-pantalon-de-travail-haute-visibilite-volvo","13":"product_tag-workwear-pants","14":"product_tag-workwear-pants-volvo","16":"first","17":"instock","18":"taxable","19":"shipping-taxable","20":"purchasable","21":"product-type-variable"},"yoast_head":"<!-- This site is optimized with the Yoast SEO plugin v27.1.1 - https:\/\/yoast.com\/product\/yoast-seo-wordpress\/ -->\n<title>Pantalon de travail Volvo haute visibilit\u00e9 - WEBSHOP Groupe PAYANT<\/title>\n<meta name=\"robots\" content=\"index, follow, max-snippet:-1, max-image-preview:large, max-video-preview:-1\" \/>\n<link rel=\"canonical\" href=\"https:\/\/www.groupepayant.fr\/webshop\/produit\/pantalon-de-travail-haute-visibilite\/\" \/>\n<meta property=\"og:locale\" content=\"fr_FR\" \/>\n<meta property=\"og:type\" content=\"article\" \/>\n<meta property=\"og:title\" content=\"Pantalon de travail Volvo haute visibilit\u00e9 - WEBSHOP Groupe PAYANT\" \/>\n<meta property=\"og:description\" content=\"Pantalon haute visibilit\u00e9 avec l&#039;imprim\u00e9 Iron Mark sur la poche avant. Ce pantalon vous permettra de rester visible et organis\u00e9 dans votre travail sur le site avec des fonctionnalit\u00e9s pratiques telles que les poches de r\u00e8gles, de stylos et de t\u00e9l\u00e9phones, de multiples boucles et des poches de protection pour les genoux \u00e0 l&#039;int\u00e9rieur. Max 50 lavages \u00e0 60\u00baC.  \u2022 Poches lat\u00e9rales \u00e0 l&#039;avant et poche de s\u00e9curit\u00e9 avec fermeture \u00e0 glissi\u00e8re sur le c\u00f4t\u00e9 droit \u2022 Deux poches sur les jambes avec compartiment pour stylos \u2022 Bord renforc\u00e9 des poches  Guide des tailles : cliquer ici\" \/>\n<meta property=\"og:url\" content=\"https:\/\/www.groupepayant.fr\/webshop\/produit\/pantalon-de-travail-haute-visibilite\/\" \/>\n<meta property=\"og:site_name\" content=\"WEBSHOP Groupe PAYANT\" \/>\n<meta property=\"article:publisher\" content=\"https:\/\/www.facebook.com\/GroupePayant\/\" \/>\n<meta property=\"article:modified_time\" content=\"2025-08-06T07:30:45+00:00\" \/>\n<meta property=\"og:image\" content=\"https:\/\/www.groupepayant.fr\/webshop\/wp-content\/uploads\/2018\/03\/pantalon-de-travail-hte-visibilite-Volvo.jpg\" \/>\n\t<meta property=\"og:image:width\" content=\"600\" \/>\n\t<meta property=\"og:image:height\" content=\"600\" \/>\n\t<meta property=\"og:image:type\" content=\"image\/jpeg\" \/>\n<meta name=\"twitter:card\" content=\"summary_large_image\" \/>\n<meta name=\"twitter:label1\" content=\"Dur\u00e9e de lecture estim\u00e9e\" \/>\n\t<meta name=\"twitter:data1\" content=\"1 minute\" \/>\n<script type=\"application\/ld+json\" class=\"yoast-schema-graph\">{\"@context\":\"https:\/\/schema.org\",\"@graph\":[{\"@type\":\"WebPage\",\"@id\":\"https:\/\/www.groupepayant.fr\/webshop\/produit\/pantalon-de-travail-haute-visibilite\/\",\"url\":\"https:\/\/www.groupepayant.fr\/webshop\/produit\/pantalon-de-travail-haute-visibilite\/\",\"name\":\"Pantalon de travail Volvo haute visibilit\u00e9 - WEBSHOP Groupe PAYANT\",\"isPartOf\":{\"@id\":\"https:\/\/www.groupepayant.fr\/webshop\/#website\"},\"primaryImageOfPage\":{\"@id\":\"https:\/\/www.groupepayant.fr\/webshop\/produit\/pantalon-de-travail-haute-visibilite\/#primaryimage\"},\"image\":{\"@id\":\"https:\/\/www.groupepayant.fr\/webshop\/produit\/pantalon-de-travail-haute-visibilite\/#primaryimage\"},\"thumbnailUrl\":\"https:\/\/www.groupepayant.fr\/webshop\/wp-content\/uploads\/2018\/03\/pantalon-de-travail-hte-visibilite-Volvo.jpg\",\"datePublished\":\"2018-03-16T16:36:42+00:00\",\"dateModified\":\"2025-08-06T07:30:45+00:00\",\"breadcrumb\":{\"@id\":\"https:\/\/www.groupepayant.fr\/webshop\/produit\/pantalon-de-travail-haute-visibilite\/#breadcrumb\"},\"inLanguage\":\"fr-FR\",\"potentialAction\":[{\"@type\":\"ReadAction\",\"target\":[\"https:\/\/www.groupepayant.fr\/webshop\/produit\/pantalon-de-travail-haute-visibilite\/\"]}]},{\"@type\":\"ImageObject\",\"inLanguage\":\"fr-FR\",\"@id\":\"https:\/\/www.groupepayant.fr\/webshop\/produit\/pantalon-de-travail-haute-visibilite\/#primaryimage\",\"url\":\"https:\/\/www.groupepayant.fr\/webshop\/wp-content\/uploads\/2018\/03\/pantalon-de-travail-hte-visibilite-Volvo.jpg\",\"contentUrl\":\"https:\/\/www.groupepayant.fr\/webshop\/wp-content\/uploads\/2018\/03\/pantalon-de-travail-hte-visibilite-Volvo.jpg\",\"width\":600,\"height\":600,\"caption\":\"Pantalon de travail haute visibilit\u00e9 Volvo\"},{\"@type\":\"BreadcrumbList\",\"@id\":\"https:\/\/www.groupepayant.fr\/webshop\/produit\/pantalon-de-travail-haute-visibilite\/#breadcrumb\",\"itemListElement\":[{\"@type\":\"ListItem\",\"position\":1,\"name\":\"Accueil\",\"item\":\"https:\/\/www.groupepayant.fr\/webshop\/\"},{\"@type\":\"ListItem\",\"position\":2,\"name\":\"Webshop\",\"item\":\"https:\/\/www.groupepayant.fr\/webshop\/shop\/\"},{\"@type\":\"ListItem\",\"position\":3,\"name\":\"Pantalon de travail Volvo haute visibilit\u00e9\"}]},{\"@type\":\"WebSite\",\"@id\":\"https:\/\/www.groupepayant.fr\/webshop\/#website\",\"url\":\"https:\/\/www.groupepayant.fr\/webshop\/\",\"name\":\"WEBSHOP Groupe PAYANT\",\"description\":\"\",\"publisher\":{\"@id\":\"https:\/\/www.groupepayant.fr\/webshop\/#organization\"},\"potentialAction\":[{\"@type\":\"SearchAction\",\"target\":{\"@type\":\"EntryPoint\",\"urlTemplate\":\"https:\/\/www.groupepayant.fr\/webshop\/?s={search_term_string}\"},\"query-input\":{\"@type\":\"PropertyValueSpecification\",\"valueRequired\":true,\"valueName\":\"search_term_string\"}}],\"inLanguage\":\"fr-FR\"},{\"@type\":\"Organization\",\"@id\":\"https:\/\/www.groupepayant.fr\/webshop\/#organization\",\"name\":\"Webshop Groupe PAYANT\",\"url\":\"https:\/\/www.groupepayant.fr\/webshop\/\",\"logo\":{\"@type\":\"ImageObject\",\"inLanguage\":\"fr-FR\",\"@id\":\"https:\/\/www.groupepayant.fr\/webshop\/#\/schema\/logo\/image\/\",\"url\":\"\",\"contentUrl\":\"\",\"caption\":\"Webshop Groupe PAYANT\"},\"image\":{\"@id\":\"https:\/\/www.groupepayant.fr\/webshop\/#\/schema\/logo\/image\/\"},\"sameAs\":[\"https:\/\/www.facebook.com\/GroupePayant\/\",\"https:\/\/www.linkedin.com\/company\/groupe-payant\/\",\"https:\/\/www.youtube.com\/c\/GroupePAYANT\",\"https:\/\/www.instagram.com\/groupepayant\/\"]}]}<\/script>\n<!-- \/ Yoast SEO plugin. -->","yoast_head_json":{"title":"Pantalon de travail Volvo haute visibilit\u00e9 - WEBSHOP Groupe PAYANT","robots":{"index":"index","follow":"follow","max-snippet":"max-snippet:-1","max-image-preview":"max-image-preview:large","max-video-preview":"max-video-preview:-1"},"canonical":"https:\/\/www.groupepayant.fr\/webshop\/produit\/pantalon-de-travail-haute-visibilite\/","og_locale":"fr_FR","og_type":"article","og_title":"Pantalon de travail Volvo haute visibilit\u00e9 - WEBSHOP Groupe PAYANT","og_description":"Pantalon haute visibilit\u00e9 avec l'imprim\u00e9 Iron Mark sur la poche avant. Ce pantalon vous permettra de rester visible et organis\u00e9 dans votre travail sur le site avec des fonctionnalit\u00e9s pratiques telles que les poches de r\u00e8gles, de stylos et de t\u00e9l\u00e9phones, de multiples boucles et des poches de protection pour les genoux \u00e0 l'int\u00e9rieur. Max 50 lavages \u00e0 60\u00baC.  \u2022 Poches lat\u00e9rales \u00e0 l'avant et poche de s\u00e9curit\u00e9 avec fermeture \u00e0 glissi\u00e8re sur le c\u00f4t\u00e9 droit \u2022 Deux poches sur les jambes avec compartiment pour stylos \u2022 Bord renforc\u00e9 des poches  Guide des tailles : cliquer ici","og_url":"https:\/\/www.groupepayant.fr\/webshop\/produit\/pantalon-de-travail-haute-visibilite\/","og_site_name":"WEBSHOP Groupe PAYANT","article_publisher":"https:\/\/www.facebook.com\/GroupePayant\/","article_modified_time":"2025-08-06T07:30:45+00:00","og_image":[{"width":600,"height":600,"url":"https:\/\/www.groupepayant.fr\/webshop\/wp-content\/uploads\/2018\/03\/pantalon-de-travail-hte-visibilite-Volvo.jpg","type":"image\/jpeg"}],"twitter_card":"summary_large_image","twitter_misc":{"Dur\u00e9e de lecture estim\u00e9e":"1 minute"},"schema":{"@context":"https:\/\/schema.org","@graph":[{"@type":"WebPage","@id":"https:\/\/www.groupepayant.fr\/webshop\/produit\/pantalon-de-travail-haute-visibilite\/","url":"https:\/\/www.groupepayant.fr\/webshop\/produit\/pantalon-de-travail-haute-visibilite\/","name":"Pantalon de travail Volvo haute visibilit\u00e9 - WEBSHOP Groupe PAYANT","isPartOf":{"@id":"https:\/\/www.groupepayant.fr\/webshop\/#website"},"primaryImageOfPage":{"@id":"https:\/\/www.groupepayant.fr\/webshop\/produit\/pantalon-de-travail-haute-visibilite\/#primaryimage"},"image":{"@id":"https:\/\/www.groupepayant.fr\/webshop\/produit\/pantalon-de-travail-haute-visibilite\/#primaryimage"},"thumbnailUrl":"https:\/\/www.groupepayant.fr\/webshop\/wp-content\/uploads\/2018\/03\/pantalon-de-travail-hte-visibilite-Volvo.jpg","datePublished":"2018-03-16T16:36:42+00:00","dateModified":"2025-08-06T07:30:45+00:00","breadcrumb":{"@id":"https:\/\/www.groupepayant.fr\/webshop\/produit\/pantalon-de-travail-haute-visibilite\/#breadcrumb"},"inLanguage":"fr-FR","potentialAction":[{"@type":"ReadAction","target":["https:\/\/www.groupepayant.fr\/webshop\/produit\/pantalon-de-travail-haute-visibilite\/"]}]},{"@type":"ImageObject","inLanguage":"fr-FR","@id":"https:\/\/www.groupepayant.fr\/webshop\/produit\/pantalon-de-travail-haute-visibilite\/#primaryimage","url":"https:\/\/www.groupepayant.fr\/webshop\/wp-content\/uploads\/2018\/03\/pantalon-de-travail-hte-visibilite-Volvo.jpg","contentUrl":"https:\/\/www.groupepayant.fr\/webshop\/wp-content\/uploads\/2018\/03\/pantalon-de-travail-hte-visibilite-Volvo.jpg","width":600,"height":600,"caption":"Pantalon de travail haute visibilit\u00e9 Volvo"},{"@type":"BreadcrumbList","@id":"https:\/\/www.groupepayant.fr\/webshop\/produit\/pantalon-de-travail-haute-visibilite\/#breadcrumb","itemListElement":[{"@type":"ListItem","position":1,"name":"Accueil","item":"https:\/\/www.groupepayant.fr\/webshop\/"},{"@type":"ListItem","position":2,"name":"Webshop","item":"https:\/\/www.groupepayant.fr\/webshop\/shop\/"},{"@type":"ListItem","position":3,"name":"Pantalon de travail Volvo haute visibilit\u00e9"}]},{"@type":"WebSite","@id":"https:\/\/www.groupepayant.fr\/webshop\/#website","url":"https:\/\/www.groupepayant.fr\/webshop\/","name":"WEBSHOP Groupe PAYANT","description":"","publisher":{"@id":"https:\/\/www.groupepayant.fr\/webshop\/#organization"},"potentialAction":[{"@type":"SearchAction","target":{"@type":"EntryPoint","urlTemplate":"https:\/\/www.groupepayant.fr\/webshop\/?s={search_term_string}"},"query-input":{"@type":"PropertyValueSpecification","valueRequired":true,"valueName":"search_term_string"}}],"inLanguage":"fr-FR"},{"@type":"Organization","@id":"https:\/\/www.groupepayant.fr\/webshop\/#organization","name":"Webshop Groupe PAYANT","url":"https:\/\/www.groupepayant.fr\/webshop\/","logo":{"@type":"ImageObject","inLanguage":"fr-FR","@id":"https:\/\/www.groupepayant.fr\/webshop\/#\/schema\/logo\/image\/","url":"","contentUrl":"","caption":"Webshop Groupe PAYANT"},"image":{"@id":"https:\/\/www.groupepayant.fr\/webshop\/#\/schema\/logo\/image\/"},"sameAs":["https:\/\/www.facebook.com\/GroupePayant\/","https:\/\/www.linkedin.com\/company\/groupe-payant\/","https:\/\/www.youtube.com\/c\/GroupePAYANT","https:\/\/www.instagram.com\/groupepayant\/"]}]}},"builder_content":"","_links":{"self":[{"href":"https:\/\/www.groupepayant.fr\/webshop\/wp-json\/wp\/v2\/product\/9653","targetHints":{"allow":["GET"]}}],"collection":[{"href":"https:\/\/www.groupepayant.fr\/webshop\/wp-json\/wp\/v2\/product"}],"about":[{"href":"https:\/\/www.groupepayant.fr\/webshop\/wp-json\/wp\/v2\/types\/product"}],"replies":[{"embeddable":true,"href":"https:\/\/www.groupepayant.fr\/webshop\/wp-json\/wp\/v2\/comments?post=9653"}],"wp:featuredmedia":[{"embeddable":true,"href":"https:\/\/www.groupepayant.fr\/webshop\/wp-json\/wp\/v2\/media\/13380"}],"wp:attachment":[{"href":"https:\/\/www.groupepayant.fr\/webshop\/wp-json\/wp\/v2\/media?parent=9653"}],"wp:term":[{"taxonomy":"product_brand","embeddable":true,"href":"https:\/\/www.groupepayant.fr\/webshop\/wp-json\/wp\/v2\/product_brand?post=9653"},{"taxonomy":"product_cat","embeddable":true,"href":"https:\/\/www.groupepayant.fr\/webshop\/wp-json\/wp\/v2\/product_cat?post=9653"},{"taxonomy":"product_tag","embeddable":true,"href":"https:\/\/www.groupepayant.fr\/webshop\/wp-json\/wp\/v2\/product_tag?post=9653"}],"curies":[{"name":"wp","href":"https:\/\/api.w.org\/{rel}","templated":true}]}}